{"id":2732,"date":"2015-01-23T16:08:31","date_gmt":"2015-01-23T16:08:31","guid":{"rendered":"https:\/\/www.alabianca.it\/store\/uncategorized\/figli-delle-stelle-ost-giuliano-taviani-2\/"},"modified":"2021-11-12T15:11:45","modified_gmt":"2021-11-12T15:11:45","slug":"figli-delle-stelle-ost-giuliano-taviani","status":"publish","type":"product","link":"https:\/\/www.alabianca.it\/en\/store\/ala-bianca-records-en\/figli-delle-stelle-ost-giuliano-taviani\/","title":{"rendered":"Figli delle stelle OST"},"content":{"rendered":"<div class=\"wpb-content-wrapper\"><p>[vc_row][vc_column][mpc_vc_deco_header type=&#8221;h2&#8243; align=&#8221;left&#8221; text=&#8221;Descrizione&#8221;][vc_column_text]La morte sul lavoro di un giovane portuale di Marghera convince il collega e amico Toni a partecipare a una trasmissione televisiva e a confrontarsi con l&#8217;impopolare ministro Gerardi. Il pudore e la naturale timidezza impediscono al ragazzo di ribattere e di rivendicare il proprio diritto alla sicurezza. Fuggito e inseguito da Maril\u00f9, una giornalista sensibile e disponibile a dare voce ai perdenti, Toni incontra fortuitamente Pepe, istruttore Isef precario col sogno della supplenza, e Ramon, scarcerato disilluso a un passo dall&#8217;infarto. Grandi sognatori, votati a un pi\u00f9 modesto destino, decidono di sequestrare Gerardi e di risarcire coi soldi del riscatto il dolore della vedova di Marghera. Ma niente andr\u00e0 secondo i piani stabiliti: rapito l&#8217;uomo sbagliato, un onesto e incolpevole sottosegretario, fuggiranno sulle montagne sopra Aosta e ripiegheranno dentro un vecchio appartamento. Tra dischi e canzoni vintage diventeranno\u00a0<em>eroi di un sogno<\/em>.<br \/>\nDa molto, troppo tempo, non si vedeva sui nostri schermi una commedia attenta alla concretezza e al dettaglio della realt\u00e0 contemporanea, una commedia, ancora, che contiene l&#8217;idea di stare insieme e di capire che in questo c&#8217;\u00e8 qualcosa di positivo, c&#8217;\u00e8 un progetto e la consapevolezza che il fare serve.\u00a0<em>Figli delle stelle<\/em>, che segna il ritorno di Lucio Pellegrini al cinema dopo liceali &#8220;seriali&#8221; e famiglie disfunzionali, \u00e8 un&#8217;avventura esistenziale dinamica e inconsueta, in cui una banda improbabile di persone che hanno perso il treno e che non hanno compreso bene cosa sia successo decide di fare qualcosa al di sopra e oltre le loro possibilit\u00e0, qualcosa di inatteso che ha il carattere del destino. Il rapimento dell&#8217;onorevole Stella di Tirabassi non diventer\u00e0 tuttavia strumento di riscatto per gli (anti)eroicomici di Pellegrini, che ancora una volta offre ai suoi personaggi lo sguardo benevolo di chi soffre insieme.<br \/>\nCome nelle sue opere precedenti,\u00a0<em><a style=\"color: #0066cc; text-decoration: none;\" href=\"http:\/\/www.mymovies.it\/dizionario\/recensione.asp?id=32812\">E allora mambo<\/a><\/em>\u00a0o\u00a0<em><a style=\"color: #0066cc; text-decoration: none;\" href=\"http:\/\/www.mymovies.it\/dizionario\/recensione.asp?id=29393\">Tandem<\/a><\/em>, la struttura narrativa procede per giri sempre pi\u00f9 stretti, stringendo la banda Brancaleone in una morsa senza via di uscita e dentro un appartamento vintage. Ma se il sequestro na\u00eff di un gruppo che ha tutta l&#8217;aria di appartenere a un&#8217;altra epoca (gli anni Ottanta) non porter\u00e0 alla conquista del paradiso, \u00e8 pur vero che illumina un disagio e dichiara che serve un gesto di volont\u00e0 per cambiare la propria vita e quella degli altri. Pellegrini, come i suoi, procede maldestro lungo una serie di prove e di imprese senza il coraggio di azzardare\u00a0<em>il sorpasso<\/em>, sciogliendo la tensione e la neve e preferendo una riconciliazione davanti al mare.<br \/>\nFigli delle stelle, vitale e imperfetto, \u00e8 un&#8217;opera che si apprezza comunque per il suo progetto, perch\u00e9 cerca una forma che sappia parlare al pubblico, perch\u00e9 non teme di sbagliare tono o di cadere nel banale pur di tenere gli occhi sul presente dai contorni poco piacevoli, perch\u00e9 scopre una ricchezza umana non prevista, come spesso nella vita. Comico e dolente, si allontana dalla commedia di genere, prendendo soluzioni inaspettate e saltando su un piano surreale (forse la parte pi\u00f9 riuscita). Intorno agli sghembi protagonisti che vogliono cambiare il corso della loro vita, il regista coglie i segni inquietanti del paesaggio che ci circonda e i sogni davvero modesti degli italiani di oggi, poeti e calciatori.[\/vc_column_text][\/vc_column][\/vc_row]<\/p>\n<\/div>","protected":false},"excerpt":{"rendered":"<p>[vc_row][vc_column][mpc_vc_deco_header type=&#8221;h2&#8243; align=&#8221;left&#8221; text=&#8221;Descrizione&#8221;][vc_column_text]La morte sul lavoro di un giovane portuale di Marghera convince il collega e amico Toni a partecipare a una trasmissione televisiva e a confrontarsi con l&#8217;impopolare ministro Gerardi. Il pudore e la naturale timidezza impediscono al ragazzo di ribattere e di rivendicare il proprio diritto alla sicurezza. Fuggito e inseguito da [&hellip;]<\/p>\n","protected":false},"featured_media":1833,"template":"","meta":{"_acf_changed":false},"product_brand":[],"product_cat":[778],"product_tag":[790,799],"class_list":{"0":"post-2732","1":"product","2":"type-product","3":"status-publish","4":"has-post-thumbnail","6":"product_cat-ala-bianca-records-en","7":"product_tag-colonna-sonora-en","8":"product_tag-giuliano-taviani-en","9":"pa_genere-colonne-sonore-en","10":"pa_supporto-digitale-en","12":"first","13":"outofstock","14":"taxable","15":"shipping-taxable","16":"product-type-simple"},"acf":[],"yoast_head":"<!-- This site is optimized with the Yoast SEO plugin v27.4 - https:\/\/yoast.com\/product\/yoast-seo-wordpress\/ -->\n<title>Figli delle stelle OST - Alabianca Group<\/title>\n<meta name=\"description\" content=\"Acquista ora Figli delle stelle OST su Alabianca Group Editore e produttore discografico a Modena.\" \/>\n<meta name=\"robots\" content=\"index, follow, max-snippet:-1, max-image-preview:large, max-video-preview:-1\" \/>\n<link rel=\"canonical\" href=\"https:\/\/www.alabianca.it\/en\/store\/ala-bianca-records-en\/figli-delle-stelle-ost-giuliano-taviani\/\" \/>\n<meta property=\"og:locale\" content=\"en_US\" \/>\n<meta property=\"og:type\" content=\"article\" \/>\n<meta property=\"og:title\" content=\"Figli delle stelle OST - Alabianca Group\" \/>\n<meta property=\"og:description\" content=\"Acquista ora Figli delle stelle OST su Alabianca Group Editore e produttore discografico a Modena.\" \/>\n<meta property=\"og:url\" content=\"https:\/\/www.alabianca.it\/en\/store\/ala-bianca-records-en\/figli-delle-stelle-ost-giuliano-taviani\/\" \/>\n<meta property=\"og:site_name\" content=\"Alabianca Group\" \/>\n<meta property=\"article:modified_time\" content=\"2021-11-12T15:11:45+00:00\" \/>\n<meta property=\"og:image\" content=\"https:\/\/www.alabianca.it\/wp-content\/uploads\/2015\/01\/Figli_delle_stel_521c665c1b1ea.jpg\" \/>\n\t<meta property=\"og:image:width\" content=\"500\" \/>\n\t<meta property=\"og:image:height\" content=\"500\" \/>\n\t<meta property=\"og:image:type\" content=\"image\/jpeg\" \/>\n<meta name=\"twitter:card\" content=\"summary_large_image\" \/>\n<meta name=\"twitter:label1\" content=\"Est. reading time\" \/>\n\t<meta name=\"twitter:data1\" content=\"3 minutes\" \/>\n<script type=\"application\/ld+json\" class=\"yoast-schema-graph\">{\"@context\":\"https:\\\/\\\/schema.org\",\"@graph\":[{\"@type\":\"WebPage\",\"@id\":\"https:\\\/\\\/www.alabianca.it\\\/en\\\/store\\\/ala-bianca-records-en\\\/figli-delle-stelle-ost-giuliano-taviani\\\/\",\"url\":\"https:\\\/\\\/www.alabianca.it\\\/en\\\/store\\\/ala-bianca-records-en\\\/figli-delle-stelle-ost-giuliano-taviani\\\/\",\"name\":\"Figli delle stelle OST - Alabianca Group\",\"isPartOf\":{\"@id\":\"https:\\\/\\\/www.alabianca.it\\\/en\\\/#website\"},\"primaryImageOfPage\":{\"@id\":\"https:\\\/\\\/www.alabianca.it\\\/en\\\/store\\\/ala-bianca-records-en\\\/figli-delle-stelle-ost-giuliano-taviani\\\/#primaryimage\"},\"image\":{\"@id\":\"https:\\\/\\\/www.alabianca.it\\\/en\\\/store\\\/ala-bianca-records-en\\\/figli-delle-stelle-ost-giuliano-taviani\\\/#primaryimage\"},\"thumbnailUrl\":\"https:\\\/\\\/www.alabianca.it\\\/wp-content\\\/uploads\\\/2015\\\/01\\\/Figli_delle_stel_521c665c1b1ea.jpg\",\"datePublished\":\"2015-01-23T16:08:31+00:00\",\"dateModified\":\"2021-11-12T15:11:45+00:00\",\"description\":\"Acquista ora Figli delle stelle OST su Alabianca Group Editore e produttore discografico a Modena.\",\"breadcrumb\":{\"@id\":\"https:\\\/\\\/www.alabianca.it\\\/en\\\/store\\\/ala-bianca-records-en\\\/figli-delle-stelle-ost-giuliano-taviani\\\/#breadcrumb\"},\"inLanguage\":\"en-US\",\"potentialAction\":[{\"@type\":\"ReadAction\",\"target\":[\"https:\\\/\\\/www.alabianca.it\\\/en\\\/store\\\/ala-bianca-records-en\\\/figli-delle-stelle-ost-giuliano-taviani\\\/\"]}]},{\"@type\":\"ImageObject\",\"inLanguage\":\"en-US\",\"@id\":\"https:\\\/\\\/www.alabianca.it\\\/en\\\/store\\\/ala-bianca-records-en\\\/figli-delle-stelle-ost-giuliano-taviani\\\/#primaryimage\",\"url\":\"https:\\\/\\\/www.alabianca.it\\\/wp-content\\\/uploads\\\/2015\\\/01\\\/Figli_delle_stel_521c665c1b1ea.jpg\",\"contentUrl\":\"https:\\\/\\\/www.alabianca.it\\\/wp-content\\\/uploads\\\/2015\\\/01\\\/Figli_delle_stel_521c665c1b1ea.jpg\",\"width\":500,\"height\":500},{\"@type\":\"BreadcrumbList\",\"@id\":\"https:\\\/\\\/www.alabianca.it\\\/en\\\/store\\\/ala-bianca-records-en\\\/figli-delle-stelle-ost-giuliano-taviani\\\/#breadcrumb\",\"itemListElement\":[{\"@type\":\"ListItem\",\"position\":1,\"name\":\"Home\",\"item\":\"https:\\\/\\\/www.alabianca.it\\\/en\\\/\"},{\"@type\":\"ListItem\",\"position\":2,\"name\":\"Store\",\"item\":\"https:\\\/\\\/www.alabianca.it\\\/en\\\/store\\\/\"},{\"@type\":\"ListItem\",\"position\":3,\"name\":\"Figli delle stelle OST\"}]},{\"@type\":\"WebSite\",\"@id\":\"https:\\\/\\\/www.alabianca.it\\\/en\\\/#website\",\"url\":\"https:\\\/\\\/www.alabianca.it\\\/en\\\/\",\"name\":\"Alabianca Group\",\"description\":\"Publisher and label\",\"publisher\":{\"@id\":\"https:\\\/\\\/www.alabianca.it\\\/en\\\/#organization\"},\"potentialAction\":[{\"@type\":\"SearchAction\",\"target\":{\"@type\":\"EntryPoint\",\"urlTemplate\":\"https:\\\/\\\/www.alabianca.it\\\/en\\\/?s={search_term_string}\"},\"query-input\":{\"@type\":\"PropertyValueSpecification\",\"valueRequired\":true,\"valueName\":\"search_term_string\"}}],\"inLanguage\":\"en-US\"},{\"@type\":\"Organization\",\"@id\":\"https:\\\/\\\/www.alabianca.it\\\/en\\\/#organization\",\"name\":\"Alabianca Group S.r.l.\",\"url\":\"https:\\\/\\\/www.alabianca.it\\\/en\\\/\",\"logo\":{\"@type\":\"ImageObject\",\"inLanguage\":\"en-US\",\"@id\":\"https:\\\/\\\/www.alabianca.it\\\/en\\\/#\\\/schema\\\/logo\\\/image\\\/\",\"url\":\"https:\\\/\\\/www.alabianca.it\\\/wp-content\\\/uploads\\\/2018\\\/01\\\/alabianca-records-logo-2018-h-3.png\",\"contentUrl\":\"https:\\\/\\\/www.alabianca.it\\\/wp-content\\\/uploads\\\/2018\\\/01\\\/alabianca-records-logo-2018-h-3.png\",\"width\":345,\"height\":133,\"caption\":\"Alabianca Group S.r.l.\"},\"image\":{\"@id\":\"https:\\\/\\\/www.alabianca.it\\\/en\\\/#\\\/schema\\\/logo\\\/image\\\/\"}}]}<\/script>\n<!-- \/ Yoast SEO plugin. -->","yoast_head_json":{"title":"Figli delle stelle OST - Alabianca Group","description":"Acquista ora Figli delle stelle OST su Alabianca Group Editore e produttore discografico a Modena.","robots":{"index":"index","follow":"follow","max-snippet":"max-snippet:-1","max-image-preview":"max-image-preview:large","max-video-preview":"max-video-preview:-1"},"canonical":"https:\/\/www.alabianca.it\/en\/store\/ala-bianca-records-en\/figli-delle-stelle-ost-giuliano-taviani\/","og_locale":"en_US","og_type":"article","og_title":"Figli delle stelle OST - Alabianca Group","og_description":"Acquista ora Figli delle stelle OST su Alabianca Group Editore e produttore discografico a Modena.","og_url":"https:\/\/www.alabianca.it\/en\/store\/ala-bianca-records-en\/figli-delle-stelle-ost-giuliano-taviani\/","og_site_name":"Alabianca Group","article_modified_time":"2021-11-12T15:11:45+00:00","og_image":[{"width":500,"height":500,"url":"https:\/\/www.alabianca.it\/wp-content\/uploads\/2015\/01\/Figli_delle_stel_521c665c1b1ea.jpg","type":"image\/jpeg"}],"twitter_card":"summary_large_image","twitter_misc":{"Est. reading time":"3 minutes"},"schema":{"@context":"https:\/\/schema.org","@graph":[{"@type":"WebPage","@id":"https:\/\/www.alabianca.it\/en\/store\/ala-bianca-records-en\/figli-delle-stelle-ost-giuliano-taviani\/","url":"https:\/\/www.alabianca.it\/en\/store\/ala-bianca-records-en\/figli-delle-stelle-ost-giuliano-taviani\/","name":"Figli delle stelle OST - Alabianca Group","isPartOf":{"@id":"https:\/\/www.alabianca.it\/en\/#website"},"primaryImageOfPage":{"@id":"https:\/\/www.alabianca.it\/en\/store\/ala-bianca-records-en\/figli-delle-stelle-ost-giuliano-taviani\/#primaryimage"},"image":{"@id":"https:\/\/www.alabianca.it\/en\/store\/ala-bianca-records-en\/figli-delle-stelle-ost-giuliano-taviani\/#primaryimage"},"thumbnailUrl":"https:\/\/www.alabianca.it\/wp-content\/uploads\/2015\/01\/Figli_delle_stel_521c665c1b1ea.jpg","datePublished":"2015-01-23T16:08:31+00:00","dateModified":"2021-11-12T15:11:45+00:00","description":"Acquista ora Figli delle stelle OST su Alabianca Group Editore e produttore discografico a Modena.","breadcrumb":{"@id":"https:\/\/www.alabianca.it\/en\/store\/ala-bianca-records-en\/figli-delle-stelle-ost-giuliano-taviani\/#breadcrumb"},"inLanguage":"en-US","potentialAction":[{"@type":"ReadAction","target":["https:\/\/www.alabianca.it\/en\/store\/ala-bianca-records-en\/figli-delle-stelle-ost-giuliano-taviani\/"]}]},{"@type":"ImageObject","inLanguage":"en-US","@id":"https:\/\/www.alabianca.it\/en\/store\/ala-bianca-records-en\/figli-delle-stelle-ost-giuliano-taviani\/#primaryimage","url":"https:\/\/www.alabianca.it\/wp-content\/uploads\/2015\/01\/Figli_delle_stel_521c665c1b1ea.jpg","contentUrl":"https:\/\/www.alabianca.it\/wp-content\/uploads\/2015\/01\/Figli_delle_stel_521c665c1b1ea.jpg","width":500,"height":500},{"@type":"BreadcrumbList","@id":"https:\/\/www.alabianca.it\/en\/store\/ala-bianca-records-en\/figli-delle-stelle-ost-giuliano-taviani\/#breadcrumb","itemListElement":[{"@type":"ListItem","position":1,"name":"Home","item":"https:\/\/www.alabianca.it\/en\/"},{"@type":"ListItem","position":2,"name":"Store","item":"https:\/\/www.alabianca.it\/en\/store\/"},{"@type":"ListItem","position":3,"name":"Figli delle stelle OST"}]},{"@type":"WebSite","@id":"https:\/\/www.alabianca.it\/en\/#website","url":"https:\/\/www.alabianca.it\/en\/","name":"Alabianca Group","description":"Publisher and label","publisher":{"@id":"https:\/\/www.alabianca.it\/en\/#organization"},"potentialAction":[{"@type":"SearchAction","target":{"@type":"EntryPoint","urlTemplate":"https:\/\/www.alabianca.it\/en\/?s={search_term_string}"},"query-input":{"@type":"PropertyValueSpecification","valueRequired":true,"valueName":"search_term_string"}}],"inLanguage":"en-US"},{"@type":"Organization","@id":"https:\/\/www.alabianca.it\/en\/#organization","name":"Alabianca Group S.r.l.","url":"https:\/\/www.alabianca.it\/en\/","logo":{"@type":"ImageObject","inLanguage":"en-US","@id":"https:\/\/www.alabianca.it\/en\/#\/schema\/logo\/image\/","url":"https:\/\/www.alabianca.it\/wp-content\/uploads\/2018\/01\/alabianca-records-logo-2018-h-3.png","contentUrl":"https:\/\/www.alabianca.it\/wp-content\/uploads\/2018\/01\/alabianca-records-logo-2018-h-3.png","width":345,"height":133,"caption":"Alabianca Group S.r.l."},"image":{"@id":"https:\/\/www.alabianca.it\/en\/#\/schema\/logo\/image\/"}}]}},"_links":{"self":[{"href":"https:\/\/www.alabianca.it\/en\/wp-json\/wp\/v2\/product\/2732","targetHints":{"allow":["GET"]}}],"collection":[{"href":"https:\/\/www.alabianca.it\/en\/wp-json\/wp\/v2\/product"}],"about":[{"href":"https:\/\/www.alabianca.it\/en\/wp-json\/wp\/v2\/types\/product"}],"wp:featuredmedia":[{"embeddable":true,"href":"https:\/\/www.alabianca.it\/en\/wp-json\/wp\/v2\/media\/1833"}],"wp:attachment":[{"href":"https:\/\/www.alabianca.it\/en\/wp-json\/wp\/v2\/media?parent=2732"}],"wp:term":[{"taxonomy":"product_brand","embeddable":true,"href":"https:\/\/www.alabianca.it\/en\/wp-json\/wp\/v2\/product_brand?post=2732"},{"taxonomy":"product_cat","embeddable":true,"href":"https:\/\/www.alabianca.it\/en\/wp-json\/wp\/v2\/product_cat?post=2732"},{"taxonomy":"product_tag","embeddable":true,"href":"https:\/\/www.alabianca.it\/en\/wp-json\/wp\/v2\/product_tag?post=2732"}],"curies":[{"name":"wp","href":"https:\/\/api.w.org\/{rel}","templated":true}]}}