{"id":2740,"date":"2015-01-23T16:08:31","date_gmt":"2015-01-23T16:08:31","guid":{"rendered":"https:\/\/www.alabianca.it\/store\/uncategorized\/ali-ha-occhi-azzurri-ost-a-moscianese-e-c-giovannesi-2\/"},"modified":"2018-04-05T16:23:39","modified_gmt":"2018-04-05T16:23:39","slug":"ali-ha-occhi-azzurri-ost-a-moscianese-e-c-giovannesi","status":"publish","type":"product","link":"https:\/\/www.alabianca.it\/en\/store\/ala-bianca-records-en\/ali-ha-occhi-azzurri-ost-a-moscianese-e-c-giovannesi\/","title":{"rendered":"Al\u00ec ha occhi azzurri OST"},"content":{"rendered":"<h3>Al\u00ec ha gli occhi azzurri &#8211; Original Soundtrack nasce dall&#8217;incontro di Andrea Moscianese e Claudio Giovannesi, due musicisti molto diversi tra loro nello stile, ma molto simili nella ricerca dell&#8217;intensit\u00e0 espressiva e dell&#8217;essenzialit\u00e0.<\/h3>\n<p>La musica evoca nel film la poesia dell&#8217;adolescenza, la forza della periferia, il mare d&#8217;inverno e l&#8217;innocenza.Un processo di sintesi e di sottrazione caratterizza questo EP: da una prima stesura del brano si procede eliminando il superfluo, mirando all&#8217;essenziale.\u00a0La title track ne \u00e8 la prova lampante.<br \/>\nGli strumenti utilizzati variano dai pi\u00f9 tradizionali (piano, chitarra, batteria, banjo) ai sinth monofonici (moog) fino al glockenspiel con un sapiente e moderato utilizzo di elettronica.<br \/>\nIl tema principale (Al\u00ec ha gli occhi azzurri) nel corso dell&#8217;EP viene scomposto (Al\u00ec Maschere), ancorato al suolo (Al\u00ec Funk ) e manipolato (Al\u00ec Carillon).L&#8217;unica eccezione \u00e8 rappresentata da un blues dalle tinte dylaniane (Al\u00ec Blues), che azzera qualsiasi tipo d&#8217;intellettualismo e mira a restituire nell&#8217;andamento ritmico la vitalit\u00e0 dei personaggi.<br \/>\nBuon ascolto!<\/p>\n<p><strong>regia:<\/strong> Claudio Giovannesi<br \/>\n<strong>produzione:<\/strong> Acaba Produzioni(Roma) &#8211; Filas- Rai Cinema<br \/>\n<strong>Musiche originali:<\/strong> Andrea Moscianese, Claudio Giovannesi<br \/>\n<strong>C.S.<\/strong> : Ala Bianca<br \/>\n<strong>Licenza Francia:<\/strong> Babe Film\/Bellissima<\/p>\n","protected":false},"excerpt":{"rendered":"<p>Al\u00ec ha gli occhi azzurri &#8211; Original Soundtrack nasce dall&#8217;incontro di Andrea Moscianese e Claudio Giovannesi, due musicisti molto diversi tra loro nello stile, ma molto simili nella ricerca dell&#8217;intensit\u00e0 espressiva e dell&#8217;essenzialit\u00e0. La musica evoca nel film la poesia dell&#8217;adolescenza, la forza della periferia, il mare d&#8217;inverno e l&#8217;innocenza.Un processo di sintesi e di [&hellip;]<\/p>\n","protected":false},"featured_media":1809,"template":"","meta":{"_acf_changed":false},"product_brand":[],"product_cat":[778],"product_tag":[810,790],"class_list":{"0":"post-2740","1":"product","2":"type-product","3":"status-publish","4":"has-post-thumbnail","6":"product_cat-ala-bianca-records-en","7":"product_tag-a-moscianese-e-c-giovannesi-en","8":"product_tag-colonna-sonora-en","9":"pa_genere-colonne-sonore-en","10":"pa_supporto-digitale-en","11":"pa_uscita-2012-en","13":"first","14":"instock","15":"taxable","16":"shipping-taxable","17":"product-type-simple"},"acf":[],"yoast_head":"<!-- This site is optimized with the Yoast SEO plugin v27.4 - https:\/\/yoast.com\/product\/yoast-seo-wordpress\/ -->\n<title>Al\u00ec ha occhi azzurri OST - Alabianca Group<\/title>\n<meta name=\"description\" content=\"Acquista ora Al\u00ec ha occhi azzurri OST su Alabianca Group Editore e produttore discografico a Modena.\" \/>\n<meta name=\"robots\" content=\"index, follow, max-snippet:-1, max-image-preview:large, max-video-preview:-1\" \/>\n<link rel=\"canonical\" href=\"https:\/\/www.alabianca.it\/en\/store\/ala-bianca-records-en\/ali-ha-occhi-azzurri-ost-a-moscianese-e-c-giovannesi\/\" \/>\n<meta property=\"og:locale\" content=\"en_US\" \/>\n<meta property=\"og:type\" content=\"article\" \/>\n<meta property=\"og:title\" content=\"Al\u00ec ha occhi azzurri OST - Alabianca Group\" \/>\n<meta property=\"og:description\" content=\"Acquista ora Al\u00ec ha occhi azzurri OST su Alabianca Group Editore e produttore discografico a Modena.\" \/>\n<meta property=\"og:url\" content=\"https:\/\/www.alabianca.it\/en\/store\/ala-bianca-records-en\/ali-ha-occhi-azzurri-ost-a-moscianese-e-c-giovannesi\/\" \/>\n<meta property=\"og:site_name\" content=\"Alabianca Group\" \/>\n<meta property=\"article:modified_time\" content=\"2018-04-05T16:23:39+00:00\" \/>\n<meta property=\"og:image\" content=\"https:\/\/www.alabianca.it\/wp-content\/uploads\/2015\/01\/Al___ha_occhi_az_50a50fe41846f.jpg\" \/>\n\t<meta property=\"og:image:width\" content=\"282\" \/>\n\t<meta property=\"og:image:height\" content=\"282\" \/>\n\t<meta property=\"og:image:type\" content=\"image\/jpeg\" \/>\n<meta name=\"twitter:card\" content=\"summary_large_image\" \/>\n<meta name=\"twitter:label1\" content=\"Est. reading time\" \/>\n\t<meta name=\"twitter:data1\" content=\"1 minute\" \/>\n<script type=\"application\/ld+json\" class=\"yoast-schema-graph\">{\"@context\":\"https:\\\/\\\/schema.org\",\"@graph\":[{\"@type\":\"WebPage\",\"@id\":\"https:\\\/\\\/www.alabianca.it\\\/en\\\/store\\\/ala-bianca-records-en\\\/ali-ha-occhi-azzurri-ost-a-moscianese-e-c-giovannesi\\\/\",\"url\":\"https:\\\/\\\/www.alabianca.it\\\/en\\\/store\\\/ala-bianca-records-en\\\/ali-ha-occhi-azzurri-ost-a-moscianese-e-c-giovannesi\\\/\",\"name\":\"Al\u00ec ha occhi azzurri OST - Alabianca Group\",\"isPartOf\":{\"@id\":\"https:\\\/\\\/www.alabianca.it\\\/en\\\/#website\"},\"primaryImageOfPage\":{\"@id\":\"https:\\\/\\\/www.alabianca.it\\\/en\\\/store\\\/ala-bianca-records-en\\\/ali-ha-occhi-azzurri-ost-a-moscianese-e-c-giovannesi\\\/#primaryimage\"},\"image\":{\"@id\":\"https:\\\/\\\/www.alabianca.it\\\/en\\\/store\\\/ala-bianca-records-en\\\/ali-ha-occhi-azzurri-ost-a-moscianese-e-c-giovannesi\\\/#primaryimage\"},\"thumbnailUrl\":\"https:\\\/\\\/www.alabianca.it\\\/wp-content\\\/uploads\\\/2015\\\/01\\\/Al___ha_occhi_az_50a50fe41846f.jpg\",\"datePublished\":\"2015-01-23T16:08:31+00:00\",\"dateModified\":\"2018-04-05T16:23:39+00:00\",\"description\":\"Acquista ora Al\u00ec ha occhi azzurri OST su Alabianca Group Editore e produttore discografico a Modena.\",\"breadcrumb\":{\"@id\":\"https:\\\/\\\/www.alabianca.it\\\/en\\\/store\\\/ala-bianca-records-en\\\/ali-ha-occhi-azzurri-ost-a-moscianese-e-c-giovannesi\\\/#breadcrumb\"},\"inLanguage\":\"en-US\",\"potentialAction\":[{\"@type\":\"ReadAction\",\"target\":[\"https:\\\/\\\/www.alabianca.it\\\/en\\\/store\\\/ala-bianca-records-en\\\/ali-ha-occhi-azzurri-ost-a-moscianese-e-c-giovannesi\\\/\"]}]},{\"@type\":\"ImageObject\",\"inLanguage\":\"en-US\",\"@id\":\"https:\\\/\\\/www.alabianca.it\\\/en\\\/store\\\/ala-bianca-records-en\\\/ali-ha-occhi-azzurri-ost-a-moscianese-e-c-giovannesi\\\/#primaryimage\",\"url\":\"https:\\\/\\\/www.alabianca.it\\\/wp-content\\\/uploads\\\/2015\\\/01\\\/Al___ha_occhi_az_50a50fe41846f.jpg\",\"contentUrl\":\"https:\\\/\\\/www.alabianca.it\\\/wp-content\\\/uploads\\\/2015\\\/01\\\/Al___ha_occhi_az_50a50fe41846f.jpg\",\"width\":282,\"height\":282},{\"@type\":\"BreadcrumbList\",\"@id\":\"https:\\\/\\\/www.alabianca.it\\\/en\\\/store\\\/ala-bianca-records-en\\\/ali-ha-occhi-azzurri-ost-a-moscianese-e-c-giovannesi\\\/#breadcrumb\",\"itemListElement\":[{\"@type\":\"ListItem\",\"position\":1,\"name\":\"Home\",\"item\":\"https:\\\/\\\/www.alabianca.it\\\/en\\\/\"},{\"@type\":\"ListItem\",\"position\":2,\"name\":\"Store\",\"item\":\"https:\\\/\\\/www.alabianca.it\\\/en\\\/store\\\/\"},{\"@type\":\"ListItem\",\"position\":3,\"name\":\"Al\u00ec ha occhi azzurri OST\"}]},{\"@type\":\"WebSite\",\"@id\":\"https:\\\/\\\/www.alabianca.it\\\/en\\\/#website\",\"url\":\"https:\\\/\\\/www.alabianca.it\\\/en\\\/\",\"name\":\"Alabianca Group\",\"description\":\"Publisher and label\",\"publisher\":{\"@id\":\"https:\\\/\\\/www.alabianca.it\\\/en\\\/#organization\"},\"potentialAction\":[{\"@type\":\"SearchAction\",\"target\":{\"@type\":\"EntryPoint\",\"urlTemplate\":\"https:\\\/\\\/www.alabianca.it\\\/en\\\/?s={search_term_string}\"},\"query-input\":{\"@type\":\"PropertyValueSpecification\",\"valueRequired\":true,\"valueName\":\"search_term_string\"}}],\"inLanguage\":\"en-US\"},{\"@type\":\"Organization\",\"@id\":\"https:\\\/\\\/www.alabianca.it\\\/en\\\/#organization\",\"name\":\"Alabianca Group S.r.l.\",\"url\":\"https:\\\/\\\/www.alabianca.it\\\/en\\\/\",\"logo\":{\"@type\":\"ImageObject\",\"inLanguage\":\"en-US\",\"@id\":\"https:\\\/\\\/www.alabianca.it\\\/en\\\/#\\\/schema\\\/logo\\\/image\\\/\",\"url\":\"https:\\\/\\\/www.alabianca.it\\\/wp-content\\\/uploads\\\/2018\\\/01\\\/alabianca-records-logo-2018-h-3.png\",\"contentUrl\":\"https:\\\/\\\/www.alabianca.it\\\/wp-content\\\/uploads\\\/2018\\\/01\\\/alabianca-records-logo-2018-h-3.png\",\"width\":345,\"height\":133,\"caption\":\"Alabianca Group S.r.l.\"},\"image\":{\"@id\":\"https:\\\/\\\/www.alabianca.it\\\/en\\\/#\\\/schema\\\/logo\\\/image\\\/\"}}]}<\/script>\n<!-- \/ Yoast SEO plugin. -->","yoast_head_json":{"title":"Al\u00ec ha occhi azzurri OST - Alabianca Group","description":"Acquista ora Al\u00ec ha occhi azzurri OST su Alabianca Group Editore e produttore discografico a Modena.","robots":{"index":"index","follow":"follow","max-snippet":"max-snippet:-1","max-image-preview":"max-image-preview:large","max-video-preview":"max-video-preview:-1"},"canonical":"https:\/\/www.alabianca.it\/en\/store\/ala-bianca-records-en\/ali-ha-occhi-azzurri-ost-a-moscianese-e-c-giovannesi\/","og_locale":"en_US","og_type":"article","og_title":"Al\u00ec ha occhi azzurri OST - Alabianca Group","og_description":"Acquista ora Al\u00ec ha occhi azzurri OST su Alabianca Group Editore e produttore discografico a Modena.","og_url":"https:\/\/www.alabianca.it\/en\/store\/ala-bianca-records-en\/ali-ha-occhi-azzurri-ost-a-moscianese-e-c-giovannesi\/","og_site_name":"Alabianca Group","article_modified_time":"2018-04-05T16:23:39+00:00","og_image":[{"width":282,"height":282,"url":"https:\/\/www.alabianca.it\/wp-content\/uploads\/2015\/01\/Al___ha_occhi_az_50a50fe41846f.jpg","type":"image\/jpeg"}],"twitter_card":"summary_large_image","twitter_misc":{"Est. reading time":"1 minute"},"schema":{"@context":"https:\/\/schema.org","@graph":[{"@type":"WebPage","@id":"https:\/\/www.alabianca.it\/en\/store\/ala-bianca-records-en\/ali-ha-occhi-azzurri-ost-a-moscianese-e-c-giovannesi\/","url":"https:\/\/www.alabianca.it\/en\/store\/ala-bianca-records-en\/ali-ha-occhi-azzurri-ost-a-moscianese-e-c-giovannesi\/","name":"Al\u00ec ha occhi azzurri OST - Alabianca Group","isPartOf":{"@id":"https:\/\/www.alabianca.it\/en\/#website"},"primaryImageOfPage":{"@id":"https:\/\/www.alabianca.it\/en\/store\/ala-bianca-records-en\/ali-ha-occhi-azzurri-ost-a-moscianese-e-c-giovannesi\/#primaryimage"},"image":{"@id":"https:\/\/www.alabianca.it\/en\/store\/ala-bianca-records-en\/ali-ha-occhi-azzurri-ost-a-moscianese-e-c-giovannesi\/#primaryimage"},"thumbnailUrl":"https:\/\/www.alabianca.it\/wp-content\/uploads\/2015\/01\/Al___ha_occhi_az_50a50fe41846f.jpg","datePublished":"2015-01-23T16:08:31+00:00","dateModified":"2018-04-05T16:23:39+00:00","description":"Acquista ora Al\u00ec ha occhi azzurri OST su Alabianca Group Editore e produttore discografico a Modena.","breadcrumb":{"@id":"https:\/\/www.alabianca.it\/en\/store\/ala-bianca-records-en\/ali-ha-occhi-azzurri-ost-a-moscianese-e-c-giovannesi\/#breadcrumb"},"inLanguage":"en-US","potentialAction":[{"@type":"ReadAction","target":["https:\/\/www.alabianca.it\/en\/store\/ala-bianca-records-en\/ali-ha-occhi-azzurri-ost-a-moscianese-e-c-giovannesi\/"]}]},{"@type":"ImageObject","inLanguage":"en-US","@id":"https:\/\/www.alabianca.it\/en\/store\/ala-bianca-records-en\/ali-ha-occhi-azzurri-ost-a-moscianese-e-c-giovannesi\/#primaryimage","url":"https:\/\/www.alabianca.it\/wp-content\/uploads\/2015\/01\/Al___ha_occhi_az_50a50fe41846f.jpg","contentUrl":"https:\/\/www.alabianca.it\/wp-content\/uploads\/2015\/01\/Al___ha_occhi_az_50a50fe41846f.jpg","width":282,"height":282},{"@type":"BreadcrumbList","@id":"https:\/\/www.alabianca.it\/en\/store\/ala-bianca-records-en\/ali-ha-occhi-azzurri-ost-a-moscianese-e-c-giovannesi\/#breadcrumb","itemListElement":[{"@type":"ListItem","position":1,"name":"Home","item":"https:\/\/www.alabianca.it\/en\/"},{"@type":"ListItem","position":2,"name":"Store","item":"https:\/\/www.alabianca.it\/en\/store\/"},{"@type":"ListItem","position":3,"name":"Al\u00ec ha occhi azzurri OST"}]},{"@type":"WebSite","@id":"https:\/\/www.alabianca.it\/en\/#website","url":"https:\/\/www.alabianca.it\/en\/","name":"Alabianca Group","description":"Publisher and label","publisher":{"@id":"https:\/\/www.alabianca.it\/en\/#organization"},"potentialAction":[{"@type":"SearchAction","target":{"@type":"EntryPoint","urlTemplate":"https:\/\/www.alabianca.it\/en\/?s={search_term_string}"},"query-input":{"@type":"PropertyValueSpecification","valueRequired":true,"valueName":"search_term_string"}}],"inLanguage":"en-US"},{"@type":"Organization","@id":"https:\/\/www.alabianca.it\/en\/#organization","name":"Alabianca Group S.r.l.","url":"https:\/\/www.alabianca.it\/en\/","logo":{"@type":"ImageObject","inLanguage":"en-US","@id":"https:\/\/www.alabianca.it\/en\/#\/schema\/logo\/image\/","url":"https:\/\/www.alabianca.it\/wp-content\/uploads\/2018\/01\/alabianca-records-logo-2018-h-3.png","contentUrl":"https:\/\/www.alabianca.it\/wp-content\/uploads\/2018\/01\/alabianca-records-logo-2018-h-3.png","width":345,"height":133,"caption":"Alabianca Group S.r.l."},"image":{"@id":"https:\/\/www.alabianca.it\/en\/#\/schema\/logo\/image\/"}}]}},"_links":{"self":[{"href":"https:\/\/www.alabianca.it\/en\/wp-json\/wp\/v2\/product\/2740","targetHints":{"allow":["GET"]}}],"collection":[{"href":"https:\/\/www.alabianca.it\/en\/wp-json\/wp\/v2\/product"}],"about":[{"href":"https:\/\/www.alabianca.it\/en\/wp-json\/wp\/v2\/types\/product"}],"wp:featuredmedia":[{"embeddable":true,"href":"https:\/\/www.alabianca.it\/en\/wp-json\/wp\/v2\/media\/1809"}],"wp:attachment":[{"href":"https:\/\/www.alabianca.it\/en\/wp-json\/wp\/v2\/media?parent=2740"}],"wp:term":[{"taxonomy":"product_brand","embeddable":true,"href":"https:\/\/www.alabianca.it\/en\/wp-json\/wp\/v2\/product_brand?post=2740"},{"taxonomy":"product_cat","embeddable":true,"href":"https:\/\/www.alabianca.it\/en\/wp-json\/wp\/v2\/product_cat?post=2740"},{"taxonomy":"product_tag","embeddable":true,"href":"https:\/\/www.alabianca.it\/en\/wp-json\/wp\/v2\/product_tag?post=2740"}],"curies":[{"name":"wp","href":"https:\/\/api.w.org\/{rel}","templated":true}]}}