{"id":3268,"date":"2015-01-23T16:07:23","date_gmt":"2015-01-23T16:07:23","guid":{"rendered":"https:\/\/www.alabianca.it\/store\/uncategorized\/mai-di-moda-since-1992-tetes-de-bois-2\/"},"modified":"2021-05-07T14:00:00","modified_gmt":"2021-05-07T14:00:00","slug":"mai-di-moda-since-1992-tetes-de-bois","status":"publish","type":"product","link":"https:\/\/www.alabianca.it\/en\/store\/ala-bianca-records-en\/mai-di-moda-since-1992-tetes-de-bois\/","title":{"rendered":"Tetes De Bois &#8211; Mai di moda &#8211; since 1992"},"content":{"rendered":"<div class=\"wpb-content-wrapper\"><p>[vc_row][vc_column][mpc_vc_deco_header type=&#8221;h2&#8243; align=&#8221;left&#8221; text=&#8221;Descrizione&#8221;][vc_column_text]<\/p>\n<h2>Info<\/h2>\n<p>Ne hanno fatta di strada, nel vero senso della parola. In bici, col loro vecchio ma sempre funzionante camioncino, portando la loro musica e il loro impegno civile in ogni angolo d\u0092Italia, suonando in tutti i luoghi possibili ed immaginabili; dalle vasche delle Otarie del Bioparco di Roma (allora si chiamava ancora Zoo), ai tapis roulant di Berlino, gli svincoli delle statali e i caselli autostradali, davanti ai cancelli delle fabbriche, in cima ai monti ed in fondo alle valli.<br \/>\n\u0093Mai di moda\u0094 celebra tutto questo. Vent\u0092anni in cui i \u00a0T\u00eates de Bois hanno suonato, viaggiato, sognato, costruito, ricordato.MAI DI MODA \u00e8 un doppio CD \u00a0in cui sono raccolti i brani pi\u00f9 significativi della vita del gruppo; occasione tanto pi\u00f9 ghiotta in quanto la maggior parte della produzione discografica della band non \u00e8 pi\u00f9 disponibile in commercio.Un percorso come sempre trasversale, che dribblando l\u0092ortodossia dell\u0092ordine cronologico sceglie una narrazione che naviga tra gli orizzonti esplorati dalla band nel corso degli anni. Dal recente incontro con il cinema e la firma di alcune colonne sonore, alla bicicletta, oggetto\/simbolo dal potenziale rivoluzionario cantato in \u0093Goodbike\u0094(2010), nonch\u00e9 protagonista del progetto (tuttora in corso) del \u0093Palco a Pedali\u0094, eco-concerto alimentato totalmente dal pubblico che pedala sulla propria bicicletta davanti al palco; dall\u0092universo di \u0093Avanti Pop\u0094, dedicato al lavoro e ai lavoratori, che li ha portati davanti ai cancelli della Fiat di Melfi come a quelli della Atesia di Roma con storie dei cassintegrati e le proprie canzoni, al grande amore per la poesia in generale e per l\u0092opera di Le\u00f2 Ferr\u00e9 in particolare che nel 2002, con \u0093Ferr\u00e9, l\u0092amore e la rivolta\u0094, valse ai T\u00eates de Bois la loro prima Targa Tenco come migliori interpreti (la seconda arriv\u00f2 nel 2007, con \u0093Avanti Pop\u0094); dai T\u00eates autori e interpreti del doppio CD \u0093Pace e Male\u0094 (2004) fino a tornare indietro nel tempo al primo lavoro ufficiale \u0093Pezzi di ricambio\u0094 (1997) e prima ancora all\u0092epoca dell\u0092autoproduzione, dei locali e le cantine e del loro primo concerto su un camioncino Fiat 615 acquistato da un rigattiere e piazzato sotto la statua di Giordano Bruno a Campo de\u0092 Fiori a Roma (\u0093E anche se non fosse amore\u0094, 1994).<\/p>\n<p>Nella doppia raccolta sono presenti:Tre inediti:\u00a0\u0093La solitudine delle idee\u0094 contenuta nel docu-film su Pietro Ingrao \u0093Non mi avete convinto\u0094 di Filippo Vendemmiati, presentato alla Mostra del Cinema di Venezia 2012 &#8211; sezione Giornate degli Autori; \u00a0\u0093La canzone di Giovanni Passannante\u0094, brano portante del film \u0093Passannante\u0094 di Sergio Colabona (2011); \u0093Cuore di cane\u0094, tratta da una poesia di Antonio Porta, brano nato dagli stimoli e l\u0092incontro con la rivista letteraria CanGura;<\/p>\n<p>Tre versioni live mai incise su cd:\u0093Il battello ubriaco\u0094 (da una poesia di Arthur Rimbaud); \u0093L\u0092albatros\u0094 (poesia di Charles Baudelaire musicata da Le\u00f2 Ferr\u00e9); \u0093Vomito\u0094, per anni pezzo di chiusura dei live del gruppo.<\/p>\n<p>Inoltre, in alcune delle tracce si ritrova qualche vecchio amico, tra i molti e pregiatissimi artisti che nel corso di questi venti anni hanno collaborato con i T\u00eates de Bois come Francesco Di Giacomo, Daniele Silvestri, Nada, Paolo Rossi, Rocco Papaleo, Antonio Infantino, Ulderico Pesce, Rocco De Rosa, Canio Loguercio, Claudio Santamaria, Monica Demuru, Militant A (Assalti Frontali), Antonio Marangolo.<br \/>\nIl digipack e il booklet sono disegnati anche stavolta dall\u0092illustratrice Marta Dal Prato e sottolineano la preziosit\u00e0 e la ricchezza di un percorso raffinato, raro e fuori dagli schemi come quello vissuto ed ora proposto nella raccolta \u0093Mai di Moda\u0094 dai T\u00eates de Bois.\u00a0[\/vc_column_text][\/vc_column][\/vc_row]<\/p>\n<p><iframe width=260\" height=\"146\" src=\"http:\/\/www.youtube.com\/embed\/LZSOx_a-VYM?rel=0\" frameborder=\"0\" allowfullscreen><\/iframe>&#8221;<\/p>\n<p>https:\/\/itunes.apple.com\/us\/album\/mai-di-moda\/id565905253<\/p>\n<\/div>","protected":false},"excerpt":{"rendered":"<p>CD 1<\/p>\n<ol>\n<li>Avanti Pop\u00a0<\/li>\n<li>Abbasso Nixon\u00a0<\/li>\n<li>Pezzi di cielo\u00a0<\/li>\n<li>La solitudine delle idee (inedito)<\/li>\n<li>La canzone di Giovanni Passannante (inedito)<\/li>\n<li>Gli anarchici\u00a0<\/li>\n<li>Alfonsina e la bici\u00a0<\/li>\n<li>Noi siamo il traffico<\/li>\n<li>La canzone del ciclista<\/li>\n<li>Mia cara miss\u00a0<\/li>\n<li>Lu furastiero\u00a0<\/li>\n<li>Rocco e i suoi fratelli\u00a0<\/li>\n<li>Sa mundana cummedia<\/li>\n<\/ol>\n<p>CD 2<\/p>\n<ol>\n<li>Cuore di cane (inedito)<\/li>\n<li>Ondulava\u00a0<\/li>\n<li>Il battello ubriaco (Le bateau ivre) \u0096 (versione dal vivo)<\/li>\n<li>L\u0092albatros (versione dal vivo)<\/li>\n<li>Non si pu\u00f2 essere seri a diciassette anni\u00a0<\/li>\n<li>Il tuo stile<\/li>\n<li>Sono chi sai<\/li>\n<li>La luna<\/li>\n<li>Io sono allegro<\/li>\n<li>Tute<\/li>\n<li>Amore che vieni amore che vai\u00a0<\/li>\n<li>E cos\u00ec sia<\/li>\n<li>Le rane<\/li>\n<li>Vomito (versione dal vivo)<\/li>\n<li>Caterina<\/li>\n<li>T\u00eates de Bois<\/li>\n<\/ol>\n<p>\n","protected":false},"featured_media":1788,"template":"","meta":{"_acf_changed":false},"product_brand":[],"product_cat":[778],"product_tag":[793],"class_list":{"0":"post-3268","1":"product","2":"type-product","3":"status-publish","4":"has-post-thumbnail","6":"product_cat-ala-bianca-records-en","7":"product_tag-tetes-de-bois-en","8":"pa_genere-canzone-dautore-en","9":"pa_supporto-2-cd-en","10":"pa_uscita-2012-en","12":"first","13":"instock","14":"taxable","15":"shipping-taxable","16":"purchasable","17":"product-type-simple"},"acf":[],"yoast_head":"<!-- This site is optimized with the Yoast SEO plugin v27.5 - https:\/\/yoast.com\/product\/yoast-seo-wordpress\/ -->\n<title>Tetes De Bois - Mai di moda - since 1992 - Alabianca Group<\/title>\n<meta name=\"description\" content=\"Acquista ora Tetes De Bois - Mai di moda - since 1992 su Alabianca Group Editore e produttore discografico a Modena.\" \/>\n<meta name=\"robots\" content=\"index, follow, max-snippet:-1, max-image-preview:large, max-video-preview:-1\" \/>\n<link rel=\"canonical\" href=\"https:\/\/www.alabianca.it\/en\/store\/ala-bianca-records-en\/mai-di-moda-since-1992-tetes-de-bois\/\" \/>\n<meta property=\"og:locale\" content=\"en_US\" \/>\n<meta property=\"og:type\" content=\"article\" \/>\n<meta property=\"og:title\" content=\"Tetes De Bois - Mai di moda - since 1992 - Alabianca Group\" \/>\n<meta property=\"og:description\" content=\"Acquista ora Tetes De Bois - Mai di moda - since 1992 su Alabianca Group Editore e produttore discografico a Modena.\" \/>\n<meta property=\"og:url\" content=\"https:\/\/www.alabianca.it\/en\/store\/ala-bianca-records-en\/mai-di-moda-since-1992-tetes-de-bois\/\" \/>\n<meta property=\"og:site_name\" content=\"Alabianca Group\" \/>\n<meta property=\"article:modified_time\" content=\"2021-05-07T14:00:00+00:00\" \/>\n<meta property=\"og:image\" content=\"https:\/\/www.alabianca.it\/wp-content\/uploads\/2015\/01\/Mai_di_moda___si_505732eb5ad0f.jpg\" \/>\n\t<meta property=\"og:image:width\" content=\"283\" \/>\n\t<meta property=\"og:image:height\" content=\"283\" \/>\n\t<meta property=\"og:image:type\" content=\"image\/jpeg\" \/>\n<meta name=\"twitter:card\" content=\"summary_large_image\" \/>\n<meta name=\"twitter:label1\" content=\"Est. reading time\" \/>\n\t<meta name=\"twitter:data1\" content=\"3 minutes\" \/>\n<script type=\"application\/ld+json\" class=\"yoast-schema-graph\">{\"@context\":\"https:\\\/\\\/schema.org\",\"@graph\":[{\"@type\":\"WebPage\",\"@id\":\"https:\\\/\\\/www.alabianca.it\\\/en\\\/store\\\/ala-bianca-records-en\\\/mai-di-moda-since-1992-tetes-de-bois\\\/\",\"url\":\"https:\\\/\\\/www.alabianca.it\\\/en\\\/store\\\/ala-bianca-records-en\\\/mai-di-moda-since-1992-tetes-de-bois\\\/\",\"name\":\"Tetes De Bois - Mai di moda - since 1992 - Alabianca Group\",\"isPartOf\":{\"@id\":\"https:\\\/\\\/www.alabianca.it\\\/en\\\/#website\"},\"primaryImageOfPage\":{\"@id\":\"https:\\\/\\\/www.alabianca.it\\\/en\\\/store\\\/ala-bianca-records-en\\\/mai-di-moda-since-1992-tetes-de-bois\\\/#primaryimage\"},\"image\":{\"@id\":\"https:\\\/\\\/www.alabianca.it\\\/en\\\/store\\\/ala-bianca-records-en\\\/mai-di-moda-since-1992-tetes-de-bois\\\/#primaryimage\"},\"thumbnailUrl\":\"https:\\\/\\\/www.alabianca.it\\\/wp-content\\\/uploads\\\/2015\\\/01\\\/Mai_di_moda___si_505732eb5ad0f.jpg\",\"datePublished\":\"2015-01-23T16:07:23+00:00\",\"dateModified\":\"2021-05-07T14:00:00+00:00\",\"description\":\"Acquista ora Tetes De Bois - Mai di moda - since 1992 su Alabianca Group Editore e produttore discografico a Modena.\",\"breadcrumb\":{\"@id\":\"https:\\\/\\\/www.alabianca.it\\\/en\\\/store\\\/ala-bianca-records-en\\\/mai-di-moda-since-1992-tetes-de-bois\\\/#breadcrumb\"},\"inLanguage\":\"en-US\",\"potentialAction\":[{\"@type\":\"ReadAction\",\"target\":[\"https:\\\/\\\/www.alabianca.it\\\/en\\\/store\\\/ala-bianca-records-en\\\/mai-di-moda-since-1992-tetes-de-bois\\\/\"]}]},{\"@type\":\"ImageObject\",\"inLanguage\":\"en-US\",\"@id\":\"https:\\\/\\\/www.alabianca.it\\\/en\\\/store\\\/ala-bianca-records-en\\\/mai-di-moda-since-1992-tetes-de-bois\\\/#primaryimage\",\"url\":\"https:\\\/\\\/www.alabianca.it\\\/wp-content\\\/uploads\\\/2015\\\/01\\\/Mai_di_moda___si_505732eb5ad0f.jpg\",\"contentUrl\":\"https:\\\/\\\/www.alabianca.it\\\/wp-content\\\/uploads\\\/2015\\\/01\\\/Mai_di_moda___si_505732eb5ad0f.jpg\",\"width\":283,\"height\":283},{\"@type\":\"BreadcrumbList\",\"@id\":\"https:\\\/\\\/www.alabianca.it\\\/en\\\/store\\\/ala-bianca-records-en\\\/mai-di-moda-since-1992-tetes-de-bois\\\/#breadcrumb\",\"itemListElement\":[{\"@type\":\"ListItem\",\"position\":1,\"name\":\"Home\",\"item\":\"https:\\\/\\\/www.alabianca.it\\\/en\\\/\"},{\"@type\":\"ListItem\",\"position\":2,\"name\":\"Store\",\"item\":\"https:\\\/\\\/www.alabianca.it\\\/en\\\/store\\\/\"},{\"@type\":\"ListItem\",\"position\":3,\"name\":\"Tetes De Bois &#8211; Mai di moda &#8211; since 1992\"}]},{\"@type\":\"WebSite\",\"@id\":\"https:\\\/\\\/www.alabianca.it\\\/en\\\/#website\",\"url\":\"https:\\\/\\\/www.alabianca.it\\\/en\\\/\",\"name\":\"Alabianca Group\",\"description\":\"Publisher and label\",\"publisher\":{\"@id\":\"https:\\\/\\\/www.alabianca.it\\\/en\\\/#organization\"},\"potentialAction\":[{\"@type\":\"SearchAction\",\"target\":{\"@type\":\"EntryPoint\",\"urlTemplate\":\"https:\\\/\\\/www.alabianca.it\\\/en\\\/?s={search_term_string}\"},\"query-input\":{\"@type\":\"PropertyValueSpecification\",\"valueRequired\":true,\"valueName\":\"search_term_string\"}}],\"inLanguage\":\"en-US\"},{\"@type\":\"Organization\",\"@id\":\"https:\\\/\\\/www.alabianca.it\\\/en\\\/#organization\",\"name\":\"Alabianca Group S.r.l.\",\"url\":\"https:\\\/\\\/www.alabianca.it\\\/en\\\/\",\"logo\":{\"@type\":\"ImageObject\",\"inLanguage\":\"en-US\",\"@id\":\"https:\\\/\\\/www.alabianca.it\\\/en\\\/#\\\/schema\\\/logo\\\/image\\\/\",\"url\":\"https:\\\/\\\/www.alabianca.it\\\/wp-content\\\/uploads\\\/2018\\\/01\\\/alabianca-records-logo-2018-h-3.png\",\"contentUrl\":\"https:\\\/\\\/www.alabianca.it\\\/wp-content\\\/uploads\\\/2018\\\/01\\\/alabianca-records-logo-2018-h-3.png\",\"width\":345,\"height\":133,\"caption\":\"Alabianca Group S.r.l.\"},\"image\":{\"@id\":\"https:\\\/\\\/www.alabianca.it\\\/en\\\/#\\\/schema\\\/logo\\\/image\\\/\"}}]}<\/script>\n<!-- \/ Yoast SEO plugin. -->","yoast_head_json":{"title":"Tetes De Bois - Mai di moda - since 1992 - Alabianca Group","description":"Acquista ora Tetes De Bois - Mai di moda - since 1992 su Alabianca Group Editore e produttore discografico a Modena.","robots":{"index":"index","follow":"follow","max-snippet":"max-snippet:-1","max-image-preview":"max-image-preview:large","max-video-preview":"max-video-preview:-1"},"canonical":"https:\/\/www.alabianca.it\/en\/store\/ala-bianca-records-en\/mai-di-moda-since-1992-tetes-de-bois\/","og_locale":"en_US","og_type":"article","og_title":"Tetes De Bois - Mai di moda - since 1992 - Alabianca Group","og_description":"Acquista ora Tetes De Bois - Mai di moda - since 1992 su Alabianca Group Editore e produttore discografico a Modena.","og_url":"https:\/\/www.alabianca.it\/en\/store\/ala-bianca-records-en\/mai-di-moda-since-1992-tetes-de-bois\/","og_site_name":"Alabianca Group","article_modified_time":"2021-05-07T14:00:00+00:00","og_image":[{"width":283,"height":283,"url":"https:\/\/www.alabianca.it\/wp-content\/uploads\/2015\/01\/Mai_di_moda___si_505732eb5ad0f.jpg","type":"image\/jpeg"}],"twitter_card":"summary_large_image","twitter_misc":{"Est. reading time":"3 minutes"},"schema":{"@context":"https:\/\/schema.org","@graph":[{"@type":"WebPage","@id":"https:\/\/www.alabianca.it\/en\/store\/ala-bianca-records-en\/mai-di-moda-since-1992-tetes-de-bois\/","url":"https:\/\/www.alabianca.it\/en\/store\/ala-bianca-records-en\/mai-di-moda-since-1992-tetes-de-bois\/","name":"Tetes De Bois - Mai di moda - since 1992 - Alabianca Group","isPartOf":{"@id":"https:\/\/www.alabianca.it\/en\/#website"},"primaryImageOfPage":{"@id":"https:\/\/www.alabianca.it\/en\/store\/ala-bianca-records-en\/mai-di-moda-since-1992-tetes-de-bois\/#primaryimage"},"image":{"@id":"https:\/\/www.alabianca.it\/en\/store\/ala-bianca-records-en\/mai-di-moda-since-1992-tetes-de-bois\/#primaryimage"},"thumbnailUrl":"https:\/\/www.alabianca.it\/wp-content\/uploads\/2015\/01\/Mai_di_moda___si_505732eb5ad0f.jpg","datePublished":"2015-01-23T16:07:23+00:00","dateModified":"2021-05-07T14:00:00+00:00","description":"Acquista ora Tetes De Bois - Mai di moda - since 1992 su Alabianca Group Editore e produttore discografico a Modena.","breadcrumb":{"@id":"https:\/\/www.alabianca.it\/en\/store\/ala-bianca-records-en\/mai-di-moda-since-1992-tetes-de-bois\/#breadcrumb"},"inLanguage":"en-US","potentialAction":[{"@type":"ReadAction","target":["https:\/\/www.alabianca.it\/en\/store\/ala-bianca-records-en\/mai-di-moda-since-1992-tetes-de-bois\/"]}]},{"@type":"ImageObject","inLanguage":"en-US","@id":"https:\/\/www.alabianca.it\/en\/store\/ala-bianca-records-en\/mai-di-moda-since-1992-tetes-de-bois\/#primaryimage","url":"https:\/\/www.alabianca.it\/wp-content\/uploads\/2015\/01\/Mai_di_moda___si_505732eb5ad0f.jpg","contentUrl":"https:\/\/www.alabianca.it\/wp-content\/uploads\/2015\/01\/Mai_di_moda___si_505732eb5ad0f.jpg","width":283,"height":283},{"@type":"BreadcrumbList","@id":"https:\/\/www.alabianca.it\/en\/store\/ala-bianca-records-en\/mai-di-moda-since-1992-tetes-de-bois\/#breadcrumb","itemListElement":[{"@type":"ListItem","position":1,"name":"Home","item":"https:\/\/www.alabianca.it\/en\/"},{"@type":"ListItem","position":2,"name":"Store","item":"https:\/\/www.alabianca.it\/en\/store\/"},{"@type":"ListItem","position":3,"name":"Tetes De Bois &#8211; Mai di moda &#8211; since 1992"}]},{"@type":"WebSite","@id":"https:\/\/www.alabianca.it\/en\/#website","url":"https:\/\/www.alabianca.it\/en\/","name":"Alabianca Group","description":"Publisher and label","publisher":{"@id":"https:\/\/www.alabianca.it\/en\/#organization"},"potentialAction":[{"@type":"SearchAction","target":{"@type":"EntryPoint","urlTemplate":"https:\/\/www.alabianca.it\/en\/?s={search_term_string}"},"query-input":{"@type":"PropertyValueSpecification","valueRequired":true,"valueName":"search_term_string"}}],"inLanguage":"en-US"},{"@type":"Organization","@id":"https:\/\/www.alabianca.it\/en\/#organization","name":"Alabianca Group S.r.l.","url":"https:\/\/www.alabianca.it\/en\/","logo":{"@type":"ImageObject","inLanguage":"en-US","@id":"https:\/\/www.alabianca.it\/en\/#\/schema\/logo\/image\/","url":"https:\/\/www.alabianca.it\/wp-content\/uploads\/2018\/01\/alabianca-records-logo-2018-h-3.png","contentUrl":"https:\/\/www.alabianca.it\/wp-content\/uploads\/2018\/01\/alabianca-records-logo-2018-h-3.png","width":345,"height":133,"caption":"Alabianca Group S.r.l."},"image":{"@id":"https:\/\/www.alabianca.it\/en\/#\/schema\/logo\/image\/"}}]}},"_links":{"self":[{"href":"https:\/\/www.alabianca.it\/en\/wp-json\/wp\/v2\/product\/3268","targetHints":{"allow":["GET"]}}],"collection":[{"href":"https:\/\/www.alabianca.it\/en\/wp-json\/wp\/v2\/product"}],"about":[{"href":"https:\/\/www.alabianca.it\/en\/wp-json\/wp\/v2\/types\/product"}],"wp:featuredmedia":[{"embeddable":true,"href":"https:\/\/www.alabianca.it\/en\/wp-json\/wp\/v2\/media\/1788"}],"wp:attachment":[{"href":"https:\/\/www.alabianca.it\/en\/wp-json\/wp\/v2\/media?parent=3268"}],"wp:term":[{"taxonomy":"product_brand","embeddable":true,"href":"https:\/\/www.alabianca.it\/en\/wp-json\/wp\/v2\/product_brand?post=3268"},{"taxonomy":"product_cat","embeddable":true,"href":"https:\/\/www.alabianca.it\/en\/wp-json\/wp\/v2\/product_cat?post=3268"},{"taxonomy":"product_tag","embeddable":true,"href":"https:\/\/www.alabianca.it\/en\/wp-json\/wp\/v2\/product_tag?post=3268"}],"curies":[{"name":"wp","href":"https:\/\/api.w.org\/{rel}","templated":true}]}}