{"id":18662,"date":"2021-12-21T11:14:04","date_gmt":"2021-12-21T11:14:04","guid":{"rendered":"https:\/\/www.alabianca.it\/?page_id=18662"},"modified":"2024-10-29T18:17:30","modified_gmt":"2024-10-29T16:17:30","slug":"chi-siamo","status":"publish","type":"page","link":"https:\/\/www.alabianca.it\/it\/chi-siamo\/","title":{"rendered":"Chi Siamo"},"content":{"rendered":"<div class=\"wpb-content-wrapper\"><p>[vc_row][vc_column width=&#8221;1\/6&#8243;][\/vc_column][vc_column width=&#8221;2\/3&#8243;][vc_empty_space height=&#8221;50px&#8221;][vc_column_text css_animation=&#8221;fadeInLeft&#8221;]<\/p>\n<h1><span style=\"color: #01aeee;\">CHI SIAMO<\/span><\/h1>\n<p>[\/vc_column_text][vc_empty_space height=&#8221;50px&#8221;][\/vc_column][vc_column width=&#8221;1\/6&#8243;][\/vc_column][\/vc_row][vc_row css_animation=&#8221;fadeInUp&#8221; overlay_pattern_opacity=&#8221;50&#8243; bg_image_repeat_fb=&#8221;cover&#8221;][vc_column width=&#8221;1\/6&#8243;][\/vc_column][vc_column width=&#8221;2\/3&#8243;][vc_column_text]<strong>Ala Bianca Group srl<\/strong>\u00a0\u00e8 una compagnia di <strong>Edizioni<\/strong> e <strong>Produzioni musicali<\/strong> sorta in Italia nel 1978 come casa editrice musicale.<\/p>\n<p>Nel 1986 Ala Bianca \u00e8 diventata anche <strong>Casa Discografica<\/strong>, con distribuzione <a href=\"https:\/\/emirecords.com\/\"><strong>EMI<\/strong><\/a> per i primi anni e <a href=\"https:\/\/www.wmg.com\/\"><strong>Warner Music<\/strong><\/a> successivamente.<\/p>\n<p>Oggi, il Catalogo Editoriale Originale \u00e8 composto da <strong>oltre 15.000 titoli<\/strong> di <a href=\"https:\/\/www.alabianca.it\/artisti-ala-bianca\/\">autori italiani e stranieri<\/a> di <strong>canzone popolare<\/strong>, <strong>canzone d&#8217;autore<\/strong>, musica <strong>pop-rock<\/strong>, <strong>latina<\/strong> e <strong>dance<\/strong>, con un&#8217;attenzione speciale alla musica per <strong>colonne sonore di film, documentari, serie tv<\/strong>.[\/vc_column_text][\/vc_column][vc_column width=&#8221;1\/6&#8243;][\/vc_column][\/vc_row][vc_row css_animation=&#8221;fadeInUp&#8221; overlay_pattern_opacity=&#8221;50&#8243; bg_image_repeat_fb=&#8221;cover&#8221;][vc_column width=&#8221;1\/6&#8243;][\/vc_column][vc_column width=&#8221;2\/3&#8243;][vc_column_text]Nella\u00a0<strong>seconda met\u00e0 degli anni \u201980\u00a0<\/strong>Ala Bianca crea un\u00a0<strong>world\u00adwide network<\/strong> con partners editoriali in ogni paese del mondo, cedendo in sub edizione l\u2019intero catalogo editoriale al fine di una maggiore divulgazione dello stesso ed una presenza nei data base delle locali societ\u00e0 di collecting dei vari territori. In taluni paesi furono stipulati anche\u00a0<strong>general masters agreements<\/strong>\u00a0licenziando diritti &#8211; master di artisti pubblicati poi da compagnie discografiche locali.<\/p>\n<p>Da allora ad oggi il percorso di Ala Bianca \u2012 artigiano della musica \u2012 \u00e8 stato vario e trasversale con una costante di base: <strong>l\u2019attenzione e la cura per i contenuti<\/strong>.[\/vc_column_text][vc_empty_space height=&#8221;50px&#8221;][\/vc_column][vc_column width=&#8221;1\/6&#8243;][\/vc_column][\/vc_row][vc_row css_animation=&#8221;fadeInUp&#8221; overlay_pattern_opacity=&#8221;50&#8243; bg_image_repeat_fb=&#8221;cover&#8221;][vc_column width=&#8221;1\/3&#8243;][vc_column_text]<\/p>\n<h2><strong><span style=\"color: #00aeed;\">CANZONE POPOLARE<\/span><\/strong><\/h2>\n<p>L\u2019accordo di collaborazione con l\u2019<a href=\"https:\/\/www.iedm.it\/\"><strong>Istituto Ernesto De Martino<\/strong><\/a> e le <strong>Edizioni Musicali Bella Ciao srl<\/strong> ha orientato il lavoro su un genere di enorme <strong>valore storico-culturale<\/strong>, non solo musicale. Un ambito importante e colpevolmente poco, o per nulla, considerato dal mercato.<\/p>\n<p>Ala Bianca ha dato forma a progetti di riscoperta, talvolta addirittura affascinanti.<\/p>\n<p>Duecento anni di<strong> storia d\u2019Italia<\/strong> attraverso la canzone popolare, dai Canti Giacobini del dopo rivoluzione francese e i Canti Garibaldini dell\u2019Unit\u00e0 d\u2019Italia, ai Canti Degli Emigranti dei primi del \u2018900, ai Canti Del Lavoro, ai Canti Della Resistenza, Delle Osterie, Degli Anarchici&#8230; Fino alla contestazione studentesca del \u201868 con <a href=\"https:\/\/www.alabianca.it\/store\/bravo-records\/mio-caro-padrone-contessa-paolo-pietrangeli\/\"><strong><em>Contessa<\/em><\/strong><\/a> e <em>Valle Giulia<\/em>, e oltre, fino ai fatti di Genova del 2001.<\/p>\n<p>Monografie di artisti del canto sociale quali Giovanna Marini, Ivan Della Mea, <strong><a href=\"https:\/\/www.alabianca.it\/artisti\/paolo-pietrangeli\/\">Paolo Pietrangeli<\/a><\/strong>, Fausto Amodei, Gualtiero Bertelli, e molti altri.<\/p>\n<p>Di questo grande patrimonio Ala Bianca ha ri-pubblicato <strong>oltre 100 album in supporto fisico (CD, taluni anche in vinile) e digitale, nella prestigiosa collana <em><a href=\"https:\/\/www.alabianca.it\/etichette\/dischi-del-sole\/\">I dischi del Sole<\/a><\/em><\/strong> ed \u00e8 in atto la digitalizzazione e rimasterizzazione dell\u2019intero archivio sonoro dell\u2019Istituto Ernesto De Martino per future pubblicazioni.<\/p>\n<p>Attraverso una particolare iniziativa denominata <em><strong>Avanti Popolo<\/strong><\/em> furono pubblicate su supporto CD 12 monografie (distribuzione edicola) estrapolate dall\u2019intero catalogo, a contenuto tematico: il \u201968, i canti della resistenza, i canti contro la guerra, i canti del lavoro, uniti a fascicoli cartacei di materiali inediti: scritti, foto, testimonianze storiche.<\/p>\n<p>Nel 2021, in occasione del centesimo anniversario dalla fondazione del <strong>Partito Comunista Italiano<\/strong>, <strong>Ala Bianca<\/strong> e l\u2019<strong>Istituto Ernesto De Martino<\/strong> hanno pubblicato la <a href=\"https:\/\/open.spotify.com\/playlist\/5SXj1HfaLFJriPpgxk5Ah1?si=3bf5c8816cd74c79\">playlist <strong><em>Cento anni di canti comunisti italiani<\/em><\/strong><\/a>. Un vero e proprio viaggio che ripercorre la storia cantata del comunismo in Italia attraverso le pubblicazioni storiche de <a href=\"https:\/\/www.alabianca.it\/etichette\/dischi-del-sole\/\"><em>I Dischi Del Sole<\/em><\/a>.[\/vc_column_text][\/vc_column][vc_column width=&#8221;1\/3&#8243;][vc_column_text]<\/p>\n<h2><span style=\"color: #00aeed;\"><strong>\u00a0CANZONE D\u2019AUTORE<\/strong><\/span><\/h2>\n<p>Nata nei primi anni \u201890, la collaborazione con il <a href=\"https:\/\/clubtenco.it\/\"><strong>Club Tenco<\/strong><\/a> diede origine alla collana di musica d\u2019autore <em><strong>I Dischi del Club Tenco<\/strong><\/em>\u00a0che segn\u00f2 <strong>l\u2019inizio del lavoro di Ala Bianca in ambito cantautorale<\/strong> con gli artisti pi\u00f9 rappresentativi della scena italiana quali\u00a0<strong><a href=\"https:\/\/www.paoloconteofficial.com\/\">Paolo Conte<\/a>, <a href=\"http:\/\/www.fabriziodeandre.it\/\">Fabrizio De Andr\u00e8<\/a>, <a href=\"http:\/\/www.francescoguccini.it\/\">Francesco Guccini<\/a><\/strong>,\u00a0<a href=\"https:\/\/www.alabianca.it\/artisti\/enzo-jannacci\/\"><strong> Enzo Jannacci<\/strong><\/a>, &#8230; l\u2019unica collana di musica d\u2019autore in Italia.<\/p>\n<p>Gli album pubblicati sono tratti dalle registrazioni della <em><strong>Rassegna della canzone d\u2019autore del Club Tenco<\/strong><\/em>\u00a0e raccoglie opere di artisti che hanno partecipato alle omonime <strong>44 edizioni della Rassegna<\/strong>, tenutesi al <strong>Teatro Ariston<\/strong> di San Remo dal 1974 in poi.<\/p>\n<p>Il <a href=\"https:\/\/clubtenco.it\/\">Club Tenco<\/a>, fondato a Sanremo nel 1972 da Amilcare Rambaldi con un gruppo di appassionati della \u2018canzone d\u2019autore\u2019 \u00e8 intitolato allo sfortunato cantautore <strong>Luigi Tenco<\/strong>, suicidatosi nel 1967. Scopo del Club \u00e8 riunire tutti coloro che &#8211; raccogliendo il messaggio del cantautore &#8211; si propongono di valorizzare la \u2018canzone d\u2019autore\u2019, ricercando nella musica leggera dignit\u00e0 artistica e poetico realismo.<\/p>\n<p><a href=\"https:\/\/www.alabianca.it\/etichette\/i-dischi-del-club-tenco\/\"><strong><em>I dischi del Club Tenco<\/em><\/strong><\/a> raccolgono interpretazioni di Francesco Guccini, Roberto Vecchioni, Paolo Conte, Enzo Jannacci, Fabrizio De Andr\u00e8, Pino Daniele, Chico Buarque De Hollanda, Gino Paoli, Roberto Benigni, Paolo Rossi, Vladimir Vitsoskij, Pablo Milanes, e altri.[\/vc_column_text][\/vc_column][vc_column width=&#8221;1\/3&#8243;][vc_column_text]<\/p>\n<h2><strong><span style=\"color: #00aeed;\">DANCE MUSIC<\/span><\/strong><\/h2>\n<p>\u00c8 la seconda met\u00e0 degli anni \u201880. \u00c8 il periodo in cui esplode la \u201cdance Made in Italy\u201d e <strong>Ala Bianca<\/strong>, pur mantenendo ben solida la parte editoriale, esplora questo genere producendo <strong>oltre 1.000 titoli<\/strong> di musica dance, tra cui <strong>varie hits mondiali<\/strong>.<\/p>\n<p>Lavoro e riconoscimenti permettono all\u2019etichetta di crescere, ampliare la visione e le proprie prospettive, intrecciando partnership in Europa, Asia, America latina, Sud Africa, Australia.<\/p>\n<p>Spaziando dalla dance commerciale all&#8217;house, dall&#8217;eurobeat arrivando fino alla techno, all&#8217;underground e all&#8217;hardcore, Ala Bianca d\u00e0 vita a diverse labels.<\/p>\n<p><strong><a href=\"https:\/\/www.alabianca.it\/etichette\/flea-records\/\">Flea Records<\/a><\/strong>, etichetta dedicata all&#8217;eurobeat e alla Hi-NRG, con diversi brani di <strong>King Kong &amp; D.jungle Girls<\/strong>, tra cui <a href=\"https:\/\/www.alabianca.it\/store\/flea-records\/walkie-talkie-king-kong-d-jungle-girls\/\"><em><strong>Walkie Talkie<\/strong><\/em><\/a> e <a href=\"https:\/\/www.alabianca.it\/store\/flea-records\/boom-boom-dollar-king-kong-d-jungle-girls\/\"><em><strong>Boom Boom Dollar<\/strong><\/em><\/a>, o le compilation <em><strong><a href=\"https:\/\/www.alabianca.it\/?s=HITALO+BEAT+MIX\">HITALO BEAT MIX<\/a><\/strong><\/em>.<\/p>\n<p><a href=\"https:\/\/www.alabianca.it\/etichette\/spotsound-records\/\"><strong>Spotsound Records<\/strong><\/a>, dedicata alla techno undergound, con produzioni degli <strong><a href=\"https:\/\/www.alabianca.it\/?s=Unconditional\">Unconditional<\/a><\/strong>, quali <strong><em>Feel so right<\/em><\/strong> o <em><strong>Computer Love<\/strong><\/em>, e di altri successi come <a href=\"https:\/\/www.alabianca.it\/store\/spotsound-records\/sunshine-happiness-nerio-s-dubwork-feat-darryl-pandy\/\"><em><strong>Sunshine &amp; Happiness<\/strong><\/em><\/a> e <a href=\"https:\/\/www.alabianca.it\/store\/spotsound-records\/feel-it-nerio-s-dubwork-feat-darryl-pandy\/\"><em><strong>Feel It<\/strong><\/em><\/a> di <strong>Nerio&#8217;s Dubwork Feat. Darryl Pandy<\/strong>.<\/p>\n<p><a href=\"https:\/\/www.alabianca.it\/etichette\/got-it-records\/\"><strong>Got it Records<\/strong><\/a>, dedicata alla techno commerciale, con la hit internazionale <a href=\"https:\/\/www.alabianca.it\/store\/got-it-records\/no-limit-2-unlimited\/\"><em><strong>No Limit<\/strong><\/em><\/a> dei <strong>2 Unlimited<\/strong>.<\/p>\n<p><strong><a href=\"https:\/\/www.alabianca.it\/etichette\/outta-records\/\">Outta Records<\/a> <\/strong>con <a href=\"https:\/\/www.alabianca.it\/store\/outta-records\/it-s-a-dream-dj-panda\/\"><strong><em>It&#8217;s a dream <\/em><\/strong>di<strong> DJ Panda<\/strong><\/a>; <strong><a href=\"https:\/\/www.alabianca.it\/etichette\/red-gate-records\/\">Red Gate Records<\/a><\/strong> con altre produzioni di <strong>DJ Panda<\/strong> o <strong>Dj Ricci &amp; MC Hair<\/strong>; <strong><a href=\"https:\/\/www.alabianca.it\/etichette\/n-vertigo-records\/\">N-Vertigo Records<\/a><\/strong> con <a href=\"https:\/\/www.alabianca.it\/store\/n-vertigo-records\/n-r-g-g-spott\/\"><strong>N-R-G<\/strong> di <strong>G-spott<\/strong><\/a>; <a href=\"https:\/\/www.alabianca.it\/etichette\/mighty-quinn-records\/\"><strong>Mighty Quinn Records<\/strong><\/a> con <strong>Denis Azor<\/strong> o i <strong>Righeira<\/strong>; fino alla <strong>ASAP Rercords<\/strong>, dedicata alla techno undergorund, la <strong>In Lite Records<\/strong> e la <strong>On Going Records<\/strong>, dedicate alla dance commerciale.[\/vc_column_text][\/vc_column][\/vc_row][vc_row css_animation=&#8221;none&#8221; overlay_pattern_opacity=&#8221;50&#8243; bg_image_repeat_fb=&#8221;cover&#8221;][vc_column width=&#8221;1\/6&#8243;][\/vc_column][vc_column width=&#8221;2\/3&#8243;][vc_column_text css_animation=&#8221;fadeInUp&#8221; css=&#8221;&#8221;]<\/p>\n<h2 style=\"text-align: center;\"><span style=\"color: #00aeed;\"><strong>\u00a0SINCRONIZZAZIONI<\/strong><\/span><\/h2>\n<p style=\"text-align: center;\"><strong>Ala Bianca<\/strong>\u00a0opera nella produzione di <strong>musica inedita per film<\/strong>, <strong>documentari<\/strong>, <strong>serie tv<\/strong> e, a volte, anche <strong>spot pubblicitari<\/strong>.<\/p>\n<p style=\"text-align: center;\">Musica <strong>sincronizzata<\/strong>, spesso colonna sonora dell\u2019intero film, o pi\u00f9\u00a0<strong>brani musicali\u00a0<\/strong>per\u00a0<strong>produzioni audiovisivi <\/strong>varie, anche cortometraggio, video musicale, sito web.<\/p>\n<p>[\/vc_column_text][vc_empty_space][vc_column_text css_animation=&#8221;fadeIn&#8221;]<\/p>\n<p style=\"text-align: center;\">Scopri di pi\u00f9 sulle sincronizzazioni curate da Ala Bianca per<br \/>\ncolonne sonore cinematografiche, docu-film, serie TV e pubblicit\u00e0<\/p>\n<p>[\/vc_column_text][vc_btn title=&#8221;SINCRONIZZAZIONI&#8221; shape=&#8221;round&#8221; color=&#8221;primary&#8221; align=&#8221;center&#8221; css_animation=&#8221;fadeIn&#8221; link=&#8221;url:https%3A%2F%2Fwww.alabianca.it%2Fsincronizzazioni%2F&#8221;][\/vc_column][vc_column width=&#8221;1\/6&#8243;][\/vc_column][\/vc_row][vc_row][vc_column][vc_empty_space height=&#8221;50px&#8221;][\/vc_column][\/vc_row][vc_row][vc_column width=&#8221;1\/4&#8243;][vc_single_image image=&#8221;1904&#8243; img_size=&#8221;full&#8221; alignment=&#8221;right&#8221; el_class=&#8221;size-full&#8221;][vc_column_text]<\/p>\n<p style=\"text-align: left;\">Toni Verona, Foto di Fabrizio Fenucci<\/p>\n<p>[\/vc_column_text][\/vc_column][vc_column width=&#8221;3\/4&#8243;][vc_column_text]<\/p>\n<h3 style=\"text-align: justify;\"><strong>Toni Verona<\/strong><\/h3>\n<p>Ho cominciato ad interessarmi di musica da studente perch\u00e9 mi piacevano le canzoni, ho anche provato a scriverne qualcuna&#8230;<br \/>\nLa musica era la mia grande passione ma ero lontanissimo dal pensarla come attivit\u00e0; invece faccio l\u2019editore da pi\u00f9 di 30 anni.<br \/>\n<strong>Ho trasformato una passione in un lavoro!<\/strong><\/p>\n<p><strong>Nel 1978 ho fondato Ala Bianca<\/strong> assieme ad altri soci e <strong>nel 1985 abbiamo aggiunto l\u2019attivit\u00e0 discografica a quella editoriale<\/strong>.<\/p>\n<p>Mi piaceva e mi esaltava viaggiare, conoscere e seguire cantanti in studio di registrazione e nei concerti, seguire la parte creativa degli autori. Era un mondo di nuvole e favole, un gioco al quale partecipavo istintivamente e con passione, pur cercando un ruolo da protagonista.<\/p>\n<p>Pensai all\u2019editoria per curiosit\u00e0 verso il settore. Mi ero spontaneamente dotato di rudimenti sul diritto d\u2019autore (i miei studi erano altro) e spesso andavo in SIAE a porre quesiti di ogni genere.<\/p>\n<p>Non ho mai creduto di lavorare per cui non mi sono mai chiesto quanto rendesse; <strong>lo facevo perch\u00e9 mi piaceva<\/strong>. Tant\u2019\u00e8 che quando arrivavano le royalties sui dischi venduti ed i rendiconti dei diritti SIAE li consideravo quasi un dono: dal divertimento arrivava un guadagno!<\/p>\n<p>Conoscevo bene il significato del \u2018lavoro\u2019 perch\u00e9 venivo dalla campagna, da genitori agricoltori per i quali il lavoro era un\u2019altra cosa. Fatica e sacrifici, spesso mal compensati; mentre qui giocavo con la musica, divertendomi.[\/vc_column_text][\/vc_column][\/vc_row][vc_row][vc_column][vc_empty_space height=&#8221;50px&#8221;][\/vc_column][\/vc_row][vc_row][vc_column width=&#8221;1\/6&#8243;][\/vc_column][vc_column width=&#8221;2\/3&#8243;][vc_column_text]La <strong>schiavit\u00f9<\/strong> e il <strong>traffico di esseri umani<\/strong> sono un male nascosto della nostra societ\u00e0 globale. Tutti abbiamo il dovere di vigilare sui rischi, per quanto piccoli, in azienda e in senso ampio. Al <strong>personale di Ala Bianca<\/strong> si richiede di segnalare eventuali dubbi e ai responsabili di agire di conseguenza.<\/p>\n<p>Attraverso questa dichiarazione <strong>Ala Bianca si impegna nel prevenire e riconoscere i potenziali rischi della schiavit\u00f9 moderna<\/strong>, correlati alla propria attivit\u00e0 in Italia, e nel mettere in atto misure volte a garantire che non vi sia nessuna forma di schiavit\u00f9 moderna o traffico di esseri umani nella nostra attivit\u00e0.[\/vc_column_text][\/vc_column][vc_column width=&#8221;1\/6&#8243;][\/vc_column][\/vc_row][vc_row][vc_column][vc_empty_space height=&#8221;50px&#8221;][\/vc_column][\/vc_row]<\/p>\n<\/div>","protected":false},"excerpt":{"rendered":"<p>[vc_row][vc_column width=&#8221;1\/6&#8243;][\/vc_column][vc_column width=&#8221;2\/3&#8243;][vc_empty_space height=&#8221;50px&#8221;][vc_column_text css_animation=&#8221;fadeInLeft&#8221;] CHI SIAMO [\/vc_column_text][vc_empty_space height=&#8221;50px&#8221;][\/vc_column][vc_column width=&#8221;1\/6&#8243;][\/vc_column][\/vc_row][vc_row css_animation=&#8221;fadeInUp&#8221; overlay_pattern_opacity=&#8221;50&#8243; bg_image_repeat_fb=&#8221;cover&#8221;][vc_column width=&#8221;1\/6&#8243;][\/vc_column][vc_column width=&#8221;2\/3&#8243;][vc_column_text]Ala Bianca Group srl\u00a0\u00e8 una compagnia di Edizioni e Produzioni musicali sorta in Italia nel 1978 come casa editrice musicale. Nel 1986 Ala Bianca \u00e8 diventata anche Casa Discografica, con distribuzione EMI per i primi anni e Warner Music successivamente. Oggi, [&hellip;]<\/p>\n","protected":false},"author":88,"featured_media":0,"parent":0,"menu_order":0,"comment_status":"closed","ping_status":"closed","template":"","meta":{"_acf_changed":false,"footnotes":""},"class_list":["post-18662","page","type-page","status-publish","hentry"],"acf":[],"yoast_head":"<!-- This site is optimized with the Yoast SEO plugin v27.3 - https:\/\/yoast.com\/product\/yoast-seo-wordpress\/ -->\n<title>Chi Siamo - Ala Bianca Group<\/title>\n<meta name=\"description\" content=\"Scopri di pi\u00f9 su Ala Bianca group, etichetta discografica di edizioni e produzioni musicali, che opera anche in ambito sync e colonne sonore.\" \/>\n<meta name=\"robots\" content=\"index, follow, max-snippet:-1, max-image-preview:large, max-video-preview:-1\" \/>\n<link rel=\"canonical\" href=\"https:\/\/www.alabianca.it\/it\/chi-siamo\/\" \/>\n<meta property=\"og:locale\" content=\"it_IT\" \/>\n<meta property=\"og:type\" content=\"article\" \/>\n<meta property=\"og:title\" content=\"Chi Siamo - Ala Bianca Group\" \/>\n<meta property=\"og:description\" content=\"Scopri di pi\u00f9 su Ala Bianca group, etichetta discografica di edizioni e produzioni musicali, che opera anche in ambito sync e colonne sonore.\" \/>\n<meta property=\"og:url\" content=\"https:\/\/www.alabianca.it\/it\/chi-siamo\/\" \/>\n<meta property=\"og:site_name\" content=\"Ala Bianca Group\" \/>\n<meta property=\"article:modified_time\" content=\"2024-10-29T16:17:30+00:00\" \/>\n<meta name=\"twitter:card\" content=\"summary_large_image\" \/>\n<meta name=\"twitter:label1\" content=\"Tempo di lettura stimato\" \/>\n\t<meta name=\"twitter:data1\" content=\"8 minuti\" \/>\n<script type=\"application\/ld+json\" class=\"yoast-schema-graph\">{\"@context\":\"https:\\\/\\\/schema.org\",\"@graph\":[{\"@type\":\"WebPage\",\"@id\":\"https:\\\/\\\/www.alabianca.it\\\/it\\\/chi-siamo\\\/\",\"url\":\"https:\\\/\\\/www.alabianca.it\\\/it\\\/chi-siamo\\\/\",\"name\":\"Chi Siamo - Ala Bianca Group\",\"isPartOf\":{\"@id\":\"https:\\\/\\\/www.alabianca.it\\\/it\\\/#website\"},\"datePublished\":\"2021-12-21T11:14:04+00:00\",\"dateModified\":\"2024-10-29T16:17:30+00:00\",\"description\":\"Scopri di pi\u00f9 su Ala Bianca group, etichetta discografica di edizioni e produzioni musicali, che opera anche in ambito sync e colonne sonore.\",\"breadcrumb\":{\"@id\":\"https:\\\/\\\/www.alabianca.it\\\/it\\\/chi-siamo\\\/#breadcrumb\"},\"inLanguage\":\"it-IT\",\"potentialAction\":[{\"@type\":\"ReadAction\",\"target\":[\"https:\\\/\\\/www.alabianca.it\\\/it\\\/chi-siamo\\\/\"]}]},{\"@type\":\"BreadcrumbList\",\"@id\":\"https:\\\/\\\/www.alabianca.it\\\/it\\\/chi-siamo\\\/#breadcrumb\",\"itemListElement\":[{\"@type\":\"ListItem\",\"position\":1,\"name\":\"Home\",\"item\":\"https:\\\/\\\/www.alabianca.it\\\/it\\\/\"},{\"@type\":\"ListItem\",\"position\":2,\"name\":\"Chi Siamo\"}]},{\"@type\":\"WebSite\",\"@id\":\"https:\\\/\\\/www.alabianca.it\\\/it\\\/#website\",\"url\":\"https:\\\/\\\/www.alabianca.it\\\/it\\\/\",\"name\":\"Ala Bianca Group\",\"description\":\"Editore e produttore discografico\",\"publisher\":{\"@id\":\"https:\\\/\\\/www.alabianca.it\\\/it\\\/#organization\"},\"potentialAction\":[{\"@type\":\"SearchAction\",\"target\":{\"@type\":\"EntryPoint\",\"urlTemplate\":\"https:\\\/\\\/www.alabianca.it\\\/it\\\/?s={search_term_string}\"},\"query-input\":{\"@type\":\"PropertyValueSpecification\",\"valueRequired\":true,\"valueName\":\"search_term_string\"}}],\"inLanguage\":\"it-IT\"},{\"@type\":\"Organization\",\"@id\":\"https:\\\/\\\/www.alabianca.it\\\/it\\\/#organization\",\"name\":\"Alabianca Group S.r.l.\",\"url\":\"https:\\\/\\\/www.alabianca.it\\\/it\\\/\",\"logo\":{\"@type\":\"ImageObject\",\"inLanguage\":\"it-IT\",\"@id\":\"https:\\\/\\\/www.alabianca.it\\\/it\\\/#\\\/schema\\\/logo\\\/image\\\/\",\"url\":\"https:\\\/\\\/www.alabianca.it\\\/wp-content\\\/uploads\\\/2018\\\/01\\\/alabianca-records-logo-2018-h-3.png\",\"contentUrl\":\"https:\\\/\\\/www.alabianca.it\\\/wp-content\\\/uploads\\\/2018\\\/01\\\/alabianca-records-logo-2018-h-3.png\",\"width\":345,\"height\":133,\"caption\":\"Alabianca Group S.r.l.\"},\"image\":{\"@id\":\"https:\\\/\\\/www.alabianca.it\\\/it\\\/#\\\/schema\\\/logo\\\/image\\\/\"}}]}<\/script>\n<!-- \/ Yoast SEO plugin. -->","yoast_head_json":{"title":"Chi Siamo - Ala Bianca Group","description":"Scopri di pi\u00f9 su Ala Bianca group, etichetta discografica di edizioni e produzioni musicali, che opera anche in ambito sync e colonne sonore.","robots":{"index":"index","follow":"follow","max-snippet":"max-snippet:-1","max-image-preview":"max-image-preview:large","max-video-preview":"max-video-preview:-1"},"canonical":"https:\/\/www.alabianca.it\/it\/chi-siamo\/","og_locale":"it_IT","og_type":"article","og_title":"Chi Siamo - Ala Bianca Group","og_description":"Scopri di pi\u00f9 su Ala Bianca group, etichetta discografica di edizioni e produzioni musicali, che opera anche in ambito sync e colonne sonore.","og_url":"https:\/\/www.alabianca.it\/it\/chi-siamo\/","og_site_name":"Ala Bianca Group","article_modified_time":"2024-10-29T16:17:30+00:00","twitter_card":"summary_large_image","twitter_misc":{"Tempo di lettura stimato":"8 minuti"},"schema":{"@context":"https:\/\/schema.org","@graph":[{"@type":"WebPage","@id":"https:\/\/www.alabianca.it\/it\/chi-siamo\/","url":"https:\/\/www.alabianca.it\/it\/chi-siamo\/","name":"Chi Siamo - Ala Bianca Group","isPartOf":{"@id":"https:\/\/www.alabianca.it\/it\/#website"},"datePublished":"2021-12-21T11:14:04+00:00","dateModified":"2024-10-29T16:17:30+00:00","description":"Scopri di pi\u00f9 su Ala Bianca group, etichetta discografica di edizioni e produzioni musicali, che opera anche in ambito sync e colonne sonore.","breadcrumb":{"@id":"https:\/\/www.alabianca.it\/it\/chi-siamo\/#breadcrumb"},"inLanguage":"it-IT","potentialAction":[{"@type":"ReadAction","target":["https:\/\/www.alabianca.it\/it\/chi-siamo\/"]}]},{"@type":"BreadcrumbList","@id":"https:\/\/www.alabianca.it\/it\/chi-siamo\/#breadcrumb","itemListElement":[{"@type":"ListItem","position":1,"name":"Home","item":"https:\/\/www.alabianca.it\/it\/"},{"@type":"ListItem","position":2,"name":"Chi Siamo"}]},{"@type":"WebSite","@id":"https:\/\/www.alabianca.it\/it\/#website","url":"https:\/\/www.alabianca.it\/it\/","name":"Ala Bianca Group","description":"Editore e produttore discografico","publisher":{"@id":"https:\/\/www.alabianca.it\/it\/#organization"},"potentialAction":[{"@type":"SearchAction","target":{"@type":"EntryPoint","urlTemplate":"https:\/\/www.alabianca.it\/it\/?s={search_term_string}"},"query-input":{"@type":"PropertyValueSpecification","valueRequired":true,"valueName":"search_term_string"}}],"inLanguage":"it-IT"},{"@type":"Organization","@id":"https:\/\/www.alabianca.it\/it\/#organization","name":"Alabianca Group S.r.l.","url":"https:\/\/www.alabianca.it\/it\/","logo":{"@type":"ImageObject","inLanguage":"it-IT","@id":"https:\/\/www.alabianca.it\/it\/#\/schema\/logo\/image\/","url":"https:\/\/www.alabianca.it\/wp-content\/uploads\/2018\/01\/alabianca-records-logo-2018-h-3.png","contentUrl":"https:\/\/www.alabianca.it\/wp-content\/uploads\/2018\/01\/alabianca-records-logo-2018-h-3.png","width":345,"height":133,"caption":"Alabianca Group S.r.l."},"image":{"@id":"https:\/\/www.alabianca.it\/it\/#\/schema\/logo\/image\/"}}]}},"_links":{"self":[{"href":"https:\/\/www.alabianca.it\/it\/wp-json\/wp\/v2\/pages\/18662","targetHints":{"allow":["GET"]}}],"collection":[{"href":"https:\/\/www.alabianca.it\/it\/wp-json\/wp\/v2\/pages"}],"about":[{"href":"https:\/\/www.alabianca.it\/it\/wp-json\/wp\/v2\/types\/page"}],"author":[{"embeddable":true,"href":"https:\/\/www.alabianca.it\/it\/wp-json\/wp\/v2\/users\/88"}],"replies":[{"embeddable":true,"href":"https:\/\/www.alabianca.it\/it\/wp-json\/wp\/v2\/comments?post=18662"}],"version-history":[{"count":15,"href":"https:\/\/www.alabianca.it\/it\/wp-json\/wp\/v2\/pages\/18662\/revisions"}],"predecessor-version":[{"id":20689,"href":"https:\/\/www.alabianca.it\/it\/wp-json\/wp\/v2\/pages\/18662\/revisions\/20689"}],"wp:attachment":[{"href":"https:\/\/www.alabianca.it\/it\/wp-json\/wp\/v2\/media?parent=18662"}],"curies":[{"name":"wp","href":"https:\/\/api.w.org\/{rel}","templated":true}]}}