{"id":1441,"date":"2015-01-23T16:02:40","date_gmt":"2015-01-23T16:02:40","guid":{"rendered":"https:\/\/www.alabianca.it\/?product=milano-3-6-2005-enzo-jannacci"},"modified":"2024-03-14T09:46:55","modified_gmt":"2024-03-14T09:46:55","slug":"enzo-jannacci-milano-3-6-2005","status":"publish","type":"product","link":"https:\/\/www.alabianca.it\/it\/store\/ala-bianca-records\/enzo-jannacci-milano-3-6-2005\/","title":{"rendered":"Enzo Jannacci &#8211; MILANO 3-6-2005"},"content":{"rendered":"<p><i><b>&#8220;Milano 3.6.2005&#8221;<\/b><\/i>\u00a0\u00e8 la quarta ed ultima raccolta di\u00a0<a title=\"Enzo Jannacci\" href=\"https:\/\/it.wikipedia.org\/wiki\/Enzo_Jannacci\">Enzo Jannacci<\/a>.<\/p>\n<p>L&#8217;album \u00e8 stato pubblicato il 22 ottobre 2004 dall&#8217;etichetta modenese <a href=\"https:\/\/www.alabianca.it\/it\/\">Ala Bianca<\/a>.<\/p>\n<p>Il disco contiene alcuni dei pi\u00f9 grandi successi di Jannacci, la maggior parte dei quali cantati in milanese.<br \/>\nIl titolo \u00e8 stato scelto per celebrare il settantesimo compleanno dell&#8217;artista.<\/p>\n<p>&nbsp;<\/p>\n","protected":false},"excerpt":{"rendered":"<p>&#8220;Milano 3.6.2005&#8221;\u00a0\u00e8 la quarta ed ultima raccolta di\u00a0Enzo Jannacci. L&#8217;album \u00e8 stato pubblicato il 22 ottobre 2004 dall&#8217;etichetta modenese Ala Bianca. Il disco contiene alcuni dei pi\u00f9 grandi successi di Jannacci, la maggior parte dei quali cantati in milanese. Il titolo \u00e8 stato scelto per celebrare il settantesimo compleanno dell&#8217;artista. &nbsp;<\/p>\n","protected":false},"featured_media":20439,"template":"","meta":{"_acf_changed":false},"product_brand":[],"product_cat":[437],"product_tag":[558],"class_list":{"0":"post-1441","1":"product","2":"type-product","3":"status-publish","4":"has-post-thumbnail","6":"product_cat-ala-bianca-records","7":"product_tag-enzo-jannacci","8":"pa_genere-canzone-dautore","9":"pa_supporto-cd","10":"pa_uscita-476","12":"first","13":"outofstock","14":"taxable","15":"shipping-taxable","16":"purchasable","17":"product-type-simple"},"acf":[],"yoast_head":"<!-- This site is optimized with the Yoast SEO plugin v27.3 - https:\/\/yoast.com\/product\/yoast-seo-wordpress\/ -->\n<title>Enzo Jannacci - MILANO 3-6-2005 - Ala Bianca Group<\/title>\n<meta name=\"description\" content=\"Acquista ora Enzo Jannacci - Milano 3.6.2005 su Ala Bianca Group - Editore e produttore discografico a Modena. La quarta raccolta dell&#039;artista.\" \/>\n<meta name=\"robots\" content=\"index, follow, max-snippet:-1, max-image-preview:large, max-video-preview:-1\" \/>\n<link rel=\"canonical\" href=\"https:\/\/www.alabianca.it\/it\/store\/ala-bianca-records\/enzo-jannacci-milano-3-6-2005\/\" \/>\n<meta property=\"og:locale\" content=\"it_IT\" \/>\n<meta property=\"og:type\" content=\"article\" \/>\n<meta property=\"og:title\" content=\"Enzo Jannacci - MILANO 3-6-2005 - Ala Bianca Group\" \/>\n<meta property=\"og:description\" content=\"Acquista ora Enzo Jannacci - Milano 3.6.2005 su Ala Bianca Group - Editore e produttore discografico a Modena. La quarta raccolta dell&#039;artista.\" \/>\n<meta property=\"og:url\" content=\"https:\/\/www.alabianca.it\/it\/store\/ala-bianca-records\/enzo-jannacci-milano-3-6-2005\/\" \/>\n<meta property=\"og:site_name\" content=\"Ala Bianca Group\" \/>\n<meta property=\"article:modified_time\" content=\"2024-03-14T09:46:55+00:00\" \/>\n<meta property=\"og:image\" content=\"https:\/\/www.alabianca.it\/wp-content\/uploads\/2015\/01\/full-1-768x768.png\" \/>\n\t<meta property=\"og:image:width\" content=\"768\" \/>\n\t<meta property=\"og:image:height\" content=\"768\" \/>\n\t<meta property=\"og:image:type\" content=\"image\/png\" \/>\n<meta name=\"twitter:card\" content=\"summary_large_image\" \/>\n<meta name=\"twitter:label1\" content=\"Tempo di lettura stimato\" \/>\n\t<meta name=\"twitter:data1\" content=\"1 minuto\" \/>\n<script type=\"application\/ld+json\" class=\"yoast-schema-graph\">{\"@context\":\"https:\\\/\\\/schema.org\",\"@graph\":[{\"@type\":\"WebPage\",\"@id\":\"https:\\\/\\\/www.alabianca.it\\\/it\\\/store\\\/ala-bianca-records\\\/enzo-jannacci-milano-3-6-2005\\\/\",\"url\":\"https:\\\/\\\/www.alabianca.it\\\/it\\\/store\\\/ala-bianca-records\\\/enzo-jannacci-milano-3-6-2005\\\/\",\"name\":\"Enzo Jannacci - MILANO 3-6-2005 - Ala Bianca Group\",\"isPartOf\":{\"@id\":\"https:\\\/\\\/www.alabianca.it\\\/it\\\/#website\"},\"primaryImageOfPage\":{\"@id\":\"https:\\\/\\\/www.alabianca.it\\\/it\\\/store\\\/ala-bianca-records\\\/enzo-jannacci-milano-3-6-2005\\\/#primaryimage\"},\"image\":{\"@id\":\"https:\\\/\\\/www.alabianca.it\\\/it\\\/store\\\/ala-bianca-records\\\/enzo-jannacci-milano-3-6-2005\\\/#primaryimage\"},\"thumbnailUrl\":\"https:\\\/\\\/www.alabianca.it\\\/wp-content\\\/uploads\\\/2015\\\/01\\\/full-1.png\",\"datePublished\":\"2015-01-23T16:02:40+00:00\",\"dateModified\":\"2024-03-14T09:46:55+00:00\",\"description\":\"Acquista ora Enzo Jannacci - Milano 3.6.2005 su Ala Bianca Group - Editore e produttore discografico a Modena. La quarta raccolta dell'artista.\",\"breadcrumb\":{\"@id\":\"https:\\\/\\\/www.alabianca.it\\\/it\\\/store\\\/ala-bianca-records\\\/enzo-jannacci-milano-3-6-2005\\\/#breadcrumb\"},\"inLanguage\":\"it-IT\",\"potentialAction\":[{\"@type\":\"ReadAction\",\"target\":[\"https:\\\/\\\/www.alabianca.it\\\/it\\\/store\\\/ala-bianca-records\\\/enzo-jannacci-milano-3-6-2005\\\/\"]}]},{\"@type\":\"ImageObject\",\"inLanguage\":\"it-IT\",\"@id\":\"https:\\\/\\\/www.alabianca.it\\\/it\\\/store\\\/ala-bianca-records\\\/enzo-jannacci-milano-3-6-2005\\\/#primaryimage\",\"url\":\"https:\\\/\\\/www.alabianca.it\\\/wp-content\\\/uploads\\\/2015\\\/01\\\/full-1.png\",\"contentUrl\":\"https:\\\/\\\/www.alabianca.it\\\/wp-content\\\/uploads\\\/2015\\\/01\\\/full-1.png\",\"width\":1400,\"height\":1400,\"caption\":\"copertina per \\\"Milano 3-6-2005\\\" di Enzo Jannacci. La quarta ed ultima raccolta del cantautore, pubblicata nel 2004 da Ala Bianca per festeggiare il copmpleanno dell'artista.\"},{\"@type\":\"BreadcrumbList\",\"@id\":\"https:\\\/\\\/www.alabianca.it\\\/it\\\/store\\\/ala-bianca-records\\\/enzo-jannacci-milano-3-6-2005\\\/#breadcrumb\",\"itemListElement\":[{\"@type\":\"ListItem\",\"position\":1,\"name\":\"Home\",\"item\":\"https:\\\/\\\/www.alabianca.it\\\/it\\\/\"},{\"@type\":\"ListItem\",\"position\":2,\"name\":\"Store\",\"item\":\"https:\\\/\\\/www.alabianca.it\\\/it\\\/store\\\/\"},{\"@type\":\"ListItem\",\"position\":3,\"name\":\"Enzo Jannacci &#8211; MILANO 3-6-2005\"}]},{\"@type\":\"WebSite\",\"@id\":\"https:\\\/\\\/www.alabianca.it\\\/it\\\/#website\",\"url\":\"https:\\\/\\\/www.alabianca.it\\\/it\\\/\",\"name\":\"Ala Bianca Group\",\"description\":\"Editore e produttore discografico\",\"publisher\":{\"@id\":\"https:\\\/\\\/www.alabianca.it\\\/it\\\/#organization\"},\"potentialAction\":[{\"@type\":\"SearchAction\",\"target\":{\"@type\":\"EntryPoint\",\"urlTemplate\":\"https:\\\/\\\/www.alabianca.it\\\/it\\\/?s={search_term_string}\"},\"query-input\":{\"@type\":\"PropertyValueSpecification\",\"valueRequired\":true,\"valueName\":\"search_term_string\"}}],\"inLanguage\":\"it-IT\"},{\"@type\":\"Organization\",\"@id\":\"https:\\\/\\\/www.alabianca.it\\\/it\\\/#organization\",\"name\":\"Alabianca Group S.r.l.\",\"url\":\"https:\\\/\\\/www.alabianca.it\\\/it\\\/\",\"logo\":{\"@type\":\"ImageObject\",\"inLanguage\":\"it-IT\",\"@id\":\"https:\\\/\\\/www.alabianca.it\\\/it\\\/#\\\/schema\\\/logo\\\/image\\\/\",\"url\":\"https:\\\/\\\/www.alabianca.it\\\/wp-content\\\/uploads\\\/2018\\\/01\\\/alabianca-records-logo-2018-h-3.png\",\"contentUrl\":\"https:\\\/\\\/www.alabianca.it\\\/wp-content\\\/uploads\\\/2018\\\/01\\\/alabianca-records-logo-2018-h-3.png\",\"width\":345,\"height\":133,\"caption\":\"Alabianca Group S.r.l.\"},\"image\":{\"@id\":\"https:\\\/\\\/www.alabianca.it\\\/it\\\/#\\\/schema\\\/logo\\\/image\\\/\"}}]}<\/script>\n<!-- \/ Yoast SEO plugin. -->","yoast_head_json":{"title":"Enzo Jannacci - MILANO 3-6-2005 - Ala Bianca Group","description":"Acquista ora Enzo Jannacci - Milano 3.6.2005 su Ala Bianca Group - Editore e produttore discografico a Modena. La quarta raccolta dell'artista.","robots":{"index":"index","follow":"follow","max-snippet":"max-snippet:-1","max-image-preview":"max-image-preview:large","max-video-preview":"max-video-preview:-1"},"canonical":"https:\/\/www.alabianca.it\/it\/store\/ala-bianca-records\/enzo-jannacci-milano-3-6-2005\/","og_locale":"it_IT","og_type":"article","og_title":"Enzo Jannacci - MILANO 3-6-2005 - Ala Bianca Group","og_description":"Acquista ora Enzo Jannacci - Milano 3.6.2005 su Ala Bianca Group - Editore e produttore discografico a Modena. La quarta raccolta dell'artista.","og_url":"https:\/\/www.alabianca.it\/it\/store\/ala-bianca-records\/enzo-jannacci-milano-3-6-2005\/","og_site_name":"Ala Bianca Group","article_modified_time":"2024-03-14T09:46:55+00:00","og_image":[{"width":768,"height":768,"url":"https:\/\/www.alabianca.it\/wp-content\/uploads\/2015\/01\/full-1-768x768.png","type":"image\/png"}],"twitter_card":"summary_large_image","twitter_misc":{"Tempo di lettura stimato":"1 minuto"},"schema":{"@context":"https:\/\/schema.org","@graph":[{"@type":"WebPage","@id":"https:\/\/www.alabianca.it\/it\/store\/ala-bianca-records\/enzo-jannacci-milano-3-6-2005\/","url":"https:\/\/www.alabianca.it\/it\/store\/ala-bianca-records\/enzo-jannacci-milano-3-6-2005\/","name":"Enzo Jannacci - MILANO 3-6-2005 - Ala Bianca Group","isPartOf":{"@id":"https:\/\/www.alabianca.it\/it\/#website"},"primaryImageOfPage":{"@id":"https:\/\/www.alabianca.it\/it\/store\/ala-bianca-records\/enzo-jannacci-milano-3-6-2005\/#primaryimage"},"image":{"@id":"https:\/\/www.alabianca.it\/it\/store\/ala-bianca-records\/enzo-jannacci-milano-3-6-2005\/#primaryimage"},"thumbnailUrl":"https:\/\/www.alabianca.it\/wp-content\/uploads\/2015\/01\/full-1.png","datePublished":"2015-01-23T16:02:40+00:00","dateModified":"2024-03-14T09:46:55+00:00","description":"Acquista ora Enzo Jannacci - Milano 3.6.2005 su Ala Bianca Group - Editore e produttore discografico a Modena. La quarta raccolta dell'artista.","breadcrumb":{"@id":"https:\/\/www.alabianca.it\/it\/store\/ala-bianca-records\/enzo-jannacci-milano-3-6-2005\/#breadcrumb"},"inLanguage":"it-IT","potentialAction":[{"@type":"ReadAction","target":["https:\/\/www.alabianca.it\/it\/store\/ala-bianca-records\/enzo-jannacci-milano-3-6-2005\/"]}]},{"@type":"ImageObject","inLanguage":"it-IT","@id":"https:\/\/www.alabianca.it\/it\/store\/ala-bianca-records\/enzo-jannacci-milano-3-6-2005\/#primaryimage","url":"https:\/\/www.alabianca.it\/wp-content\/uploads\/2015\/01\/full-1.png","contentUrl":"https:\/\/www.alabianca.it\/wp-content\/uploads\/2015\/01\/full-1.png","width":1400,"height":1400,"caption":"copertina per \"Milano 3-6-2005\" di Enzo Jannacci. La quarta ed ultima raccolta del cantautore, pubblicata nel 2004 da Ala Bianca per festeggiare il copmpleanno dell'artista."},{"@type":"BreadcrumbList","@id":"https:\/\/www.alabianca.it\/it\/store\/ala-bianca-records\/enzo-jannacci-milano-3-6-2005\/#breadcrumb","itemListElement":[{"@type":"ListItem","position":1,"name":"Home","item":"https:\/\/www.alabianca.it\/it\/"},{"@type":"ListItem","position":2,"name":"Store","item":"https:\/\/www.alabianca.it\/it\/store\/"},{"@type":"ListItem","position":3,"name":"Enzo Jannacci &#8211; MILANO 3-6-2005"}]},{"@type":"WebSite","@id":"https:\/\/www.alabianca.it\/it\/#website","url":"https:\/\/www.alabianca.it\/it\/","name":"Ala Bianca Group","description":"Editore e produttore discografico","publisher":{"@id":"https:\/\/www.alabianca.it\/it\/#organization"},"potentialAction":[{"@type":"SearchAction","target":{"@type":"EntryPoint","urlTemplate":"https:\/\/www.alabianca.it\/it\/?s={search_term_string}"},"query-input":{"@type":"PropertyValueSpecification","valueRequired":true,"valueName":"search_term_string"}}],"inLanguage":"it-IT"},{"@type":"Organization","@id":"https:\/\/www.alabianca.it\/it\/#organization","name":"Alabianca Group S.r.l.","url":"https:\/\/www.alabianca.it\/it\/","logo":{"@type":"ImageObject","inLanguage":"it-IT","@id":"https:\/\/www.alabianca.it\/it\/#\/schema\/logo\/image\/","url":"https:\/\/www.alabianca.it\/wp-content\/uploads\/2018\/01\/alabianca-records-logo-2018-h-3.png","contentUrl":"https:\/\/www.alabianca.it\/wp-content\/uploads\/2018\/01\/alabianca-records-logo-2018-h-3.png","width":345,"height":133,"caption":"Alabianca Group S.r.l."},"image":{"@id":"https:\/\/www.alabianca.it\/it\/#\/schema\/logo\/image\/"}}]}},"_links":{"self":[{"href":"https:\/\/www.alabianca.it\/it\/wp-json\/wp\/v2\/product\/1441","targetHints":{"allow":["GET"]}}],"collection":[{"href":"https:\/\/www.alabianca.it\/it\/wp-json\/wp\/v2\/product"}],"about":[{"href":"https:\/\/www.alabianca.it\/it\/wp-json\/wp\/v2\/types\/product"}],"wp:featuredmedia":[{"embeddable":true,"href":"https:\/\/www.alabianca.it\/it\/wp-json\/wp\/v2\/media\/20439"}],"wp:attachment":[{"href":"https:\/\/www.alabianca.it\/it\/wp-json\/wp\/v2\/media?parent=1441"}],"wp:term":[{"taxonomy":"product_brand","embeddable":true,"href":"https:\/\/www.alabianca.it\/it\/wp-json\/wp\/v2\/product_brand?post=1441"},{"taxonomy":"product_cat","embeddable":true,"href":"https:\/\/www.alabianca.it\/it\/wp-json\/wp\/v2\/product_cat?post=1441"},{"taxonomy":"product_tag","embeddable":true,"href":"https:\/\/www.alabianca.it\/it\/wp-json\/wp\/v2\/product_tag?post=1441"}],"curies":[{"name":"wp","href":"https:\/\/api.w.org\/{rel}","templated":true}]}}