{"id":1729,"date":"2015-01-23T16:06:25","date_gmt":"2015-01-23T16:06:25","guid":{"rendered":"https:\/\/www.alabianca.it\/?product=quelli-che-enzo-jannacci"},"modified":"2026-02-09T11:23:22","modified_gmt":"2026-02-09T09:23:22","slug":"enzo-jannacci-quelli-che","status":"publish","type":"product","link":"https:\/\/www.alabianca.it\/it\/store\/ala-bianca-records\/enzo-jannacci-quelli-che\/","title":{"rendered":"Enzo Jannacci &#8211; Quelli che&#8230;"},"content":{"rendered":"<p>La prima ristampa in CD di &#8220;<em>Quelli che&#8230;<\/em>&#8221; di<a href=\"https:\/\/it.wikipedia.org\/wiki\/Enzo_Jannacci\"><strong> Enzo Jannacci<\/strong><\/a>, pubblicata nel 2011 da Ala Bianca con l&#8217;aiuto del figlio di Enzo, Paolo Jannacci.<br \/>\nLa versione in CD ha un notevole miglioramento della qualit\u00e0 audio grazie all&#8217;intervento di Paolo Jannacci che ha pulito, editato, rimasterizzato e aggiustato gli originali. Il CD ha un sonoro perfezionato che dona un&#8217;esperienza di ascolto e una percezione infinitamente migliorate nella qualit\u00e0.<\/p>\n<p>Enzo Jannacci registra il disco a gennaio del 1975 negli studi Regson di Milano.<br \/>\nIl tecnico del suono \u00e8 Gianluigi Pezzera e la copertina del disco \u00e8 di Cesare Montalbetti.<br \/>\n&#8220;Quelli che&#8230;&#8221; \u00e8 il primo disco di Jannacci a racchiudere alcuni brevi monologhi, di cui uno in coppia con il telecronista sportivo <strong>Beppe Viola<\/strong>.<\/p>\n<p><em>&#8220;Quelli che&#8230;&#8221;<\/em> di Enzo Jannacci contiene alcune delle pi\u00f9 belle canzoni del grande cantautore. L&#8217;album fa parte dei suoi pi\u00f9 grandi successi insieme a &#8220;<a href=\"https:\/\/www.alabianca.it\/it\/store\/ala-bianca-records\/enzo-jannacci-foto-ricordo-prima-ristampa\/\"><strong><em>Foto ricordo<\/em><\/strong><\/a>&#8220;, &#8220;<strong><em><a href=\"https:\/\/www.alabianca.it\/it\/store\/ala-bianca-records\/secondo-te-che-gusto-c-e-enzo-jannacci\/\">Secondo te che gusto c&#8217;\u00e8<\/a><\/em><\/strong>&#8221; e &#8220;<strong><em><a href=\"https:\/\/www.alabianca.it\/it\/store\/ala-bianca-records\/o-vivere-o-ridere-enzo-jannacci\/\">O vivere o ridere<\/a><\/em><\/strong>&#8220;, anch&#8217;essi ristampati da Ala Bianca in formato CD.<\/p>\n<h2>Enzo Jannacci: le canzoni<\/h2>\n<p>Una particolarit\u00e0 di questo album \u00e8 che molti dei brani erano gi\u00e0 stati pubblicati in precedenza in versioni differenti.<br \/>\n<i>Vincenzina e la fabbrica,\u00a0<\/i>ad esempio, \u00e8 stata pubblicata qualche mese prima su 45 giri.<br \/>\nIn quella versione aveva un arrangiamento totalmente diverso rispetto a quella dell&#8217;album.<br \/>\n<strong>Dario Fo<\/strong> aveva gi\u00e0 inciso <i>Il bonzo<\/i>\u00a0 nel 1968, con il titolo <i>Ora importa anche a me della mia libert\u00e0. La canzone,<\/i>\u00a0tratta dallo spettacolo con regia di Fo, <i>La passeggiata della domenica, <\/i>\u00e8 ispirata alla morte di Th\u00edch Qu\u1ea3ng \u0110\u1ee9c.<br \/>\n<strong>Cochi e Renato<\/strong> avevano gi\u00e0 inciso <i>L&#8217;arcobaleno<\/i>\u00a0nel 1969 da con un testo leggermente diverso (scritto dai due comici) e con il titolo\u00a0<i>La domenica<\/i>.<br \/>\n<i>Nove di sera<\/i>\u00a0\u00e8 una traduzione di<strong>\u00a0Sergio Bardotti\u00a0<\/strong>di una canzone di\u00a0<strong><a class=\"mw-redirect\" title=\"Chico Buarque\" href=\"https:\/\/it.wikipedia.org\/wiki\/Chico_Buarque\">Chico Buarque<\/a>,<\/strong>\u00a0<i>A televis\u00e3o<\/i>.<br \/>\nLa canzone\u00a0<i>Il monumento<\/i> \u00e8 firmata testo e musica da Jannacci, ma una nota all&#8217;interno del disco segnala diversamente. Jannacci dichiara che il testo, antimilitarista, \u00e8 tratto da un volantino trovato durante l&#8217;inaugurazione di un monumento. Nella realt\u00e0, \u00e8 invece tratto da una poesia di <strong><a title=\"Bertolt Brecht\" href=\"https:\/\/it.wikipedia.org\/wiki\/Bertolt_Brecht\">Bertolt Brecht<\/a><\/strong> (pubblicata tradotta in italiano nel settembre del 1965 dalla rivista Nuovo Canzoniere Italiano).<br \/>\n<i>Televisione<\/i>, costruita sulla falsariga della prima chanson di Jaques Prevert in Paroles, \u00e8 introdotta da una breve riflessione che sintetizza un suo punto di vista riguardo alla televisione.<\/p>\n<h2>Quelli che&#8230;<\/h2>\n<p>La canzone che da il titolo all&#8217;album dura invece quasi nove minuti: su di una base blues da manuale, accompagnata da un sassofono, e i periodi che iniziano tutti con le due parole del titolo. Scorrono, senza un ordine preciso, vizi e costumi, luoghi comuni, contraddizioni e caratteristiche dell&#8217;uomo medio. Ogni strofa si conclude con un intercalare &#8220;oh, yeah&#8221;, a sottolinearne la vena ironica.<br \/>\nLa peculiarit\u00e0 del brano permetter\u00e0 a Jannacci di modificare di volta in volta buona parte del testo durante le sue esecuzioni e re-incisioni, adattandolo con il segno dei tempi.<\/p>\n","protected":false},"excerpt":{"rendered":"<p>La prima ristampa in CD di &#8220;Quelli che&#8230;&#8221; di Enzo Jannacci, pubblicata nel 2011 da Ala Bianca con l&#8217;aiuto del figlio di Enzo, Paolo Jannacci. La versione in CD ha un notevole miglioramento della qualit\u00e0 audio grazie all&#8217;intervento di Paolo Jannacci che ha pulito, editato, rimasterizzato e aggiustato gli originali. Il CD ha un sonoro [&hellip;]<\/p>\n","protected":false},"featured_media":20420,"template":"","meta":{"_acf_changed":false},"product_brand":[],"product_cat":[437],"product_tag":[746,558],"class_list":{"0":"post-1729","1":"product","2":"type-product","3":"status-publish","4":"has-post-thumbnail","6":"product_cat-ala-bianca-records","7":"product_tag-consigliati-da-noi","8":"product_tag-enzo-jannacci","9":"pa_genere-canzone-dautore","10":"pa_supporto-cd","12":"first","13":"outofstock","14":"taxable","15":"shipping-taxable","16":"purchasable","17":"product-type-simple"},"acf":[],"yoast_head":"<!-- This site is optimized with the Yoast SEO plugin v27.3 - https:\/\/yoast.com\/product\/yoast-seo-wordpress\/ -->\n<title>Enzo Jannacci - Quelli che... - Ala Bianca Group<\/title>\n<meta name=\"description\" content=\"Acquista ora Enzo Jannacci - Quelli che... su Ala Bianca Group Editore e produttore discografico a Modena. La prima ristampa in CD dell&#039;album.\" \/>\n<meta name=\"robots\" content=\"index, follow, max-snippet:-1, max-image-preview:large, max-video-preview:-1\" \/>\n<link rel=\"canonical\" href=\"https:\/\/www.alabianca.it\/it\/store\/ala-bianca-records\/enzo-jannacci-quelli-che\/\" \/>\n<meta property=\"og:locale\" content=\"it_IT\" \/>\n<meta property=\"og:type\" content=\"article\" \/>\n<meta property=\"og:title\" content=\"Enzo Jannacci - Quelli che... - Ala Bianca Group\" \/>\n<meta property=\"og:description\" content=\"Acquista ora Enzo Jannacci - Quelli che... su Ala Bianca Group Editore e produttore discografico a Modena. La prima ristampa in CD dell&#039;album.\" \/>\n<meta property=\"og:url\" content=\"https:\/\/www.alabianca.it\/it\/store\/ala-bianca-records\/enzo-jannacci-quelli-che\/\" \/>\n<meta property=\"og:site_name\" content=\"Ala Bianca Group\" \/>\n<meta property=\"article:modified_time\" content=\"2026-02-09T09:23:22+00:00\" \/>\n<meta property=\"og:image\" content=\"https:\/\/www.alabianca.it\/wp-content\/uploads\/2015\/01\/Quelli-che-1024x1024.png\" \/>\n\t<meta property=\"og:image:width\" content=\"1024\" \/>\n\t<meta property=\"og:image:height\" content=\"1024\" \/>\n\t<meta property=\"og:image:type\" content=\"image\/png\" \/>\n<meta name=\"twitter:card\" content=\"summary_large_image\" \/>\n<meta name=\"twitter:label1\" content=\"Tempo di lettura stimato\" \/>\n\t<meta name=\"twitter:data1\" content=\"3 minuti\" \/>\n<script type=\"application\/ld+json\" class=\"yoast-schema-graph\">{\"@context\":\"https:\\\/\\\/schema.org\",\"@graph\":[{\"@type\":\"WebPage\",\"@id\":\"https:\\\/\\\/www.alabianca.it\\\/it\\\/store\\\/ala-bianca-records\\\/enzo-jannacci-quelli-che\\\/\",\"url\":\"https:\\\/\\\/www.alabianca.it\\\/it\\\/store\\\/ala-bianca-records\\\/enzo-jannacci-quelli-che\\\/\",\"name\":\"Enzo Jannacci - Quelli che... - Ala Bianca Group\",\"isPartOf\":{\"@id\":\"https:\\\/\\\/www.alabianca.it\\\/it\\\/#website\"},\"primaryImageOfPage\":{\"@id\":\"https:\\\/\\\/www.alabianca.it\\\/it\\\/store\\\/ala-bianca-records\\\/enzo-jannacci-quelli-che\\\/#primaryimage\"},\"image\":{\"@id\":\"https:\\\/\\\/www.alabianca.it\\\/it\\\/store\\\/ala-bianca-records\\\/enzo-jannacci-quelli-che\\\/#primaryimage\"},\"thumbnailUrl\":\"https:\\\/\\\/www.alabianca.it\\\/wp-content\\\/uploads\\\/2015\\\/01\\\/Quelli-che.png\",\"datePublished\":\"2015-01-23T16:06:25+00:00\",\"dateModified\":\"2026-02-09T09:23:22+00:00\",\"description\":\"Acquista ora Enzo Jannacci - Quelli che... su Ala Bianca Group Editore e produttore discografico a Modena. La prima ristampa in CD dell'album.\",\"breadcrumb\":{\"@id\":\"https:\\\/\\\/www.alabianca.it\\\/it\\\/store\\\/ala-bianca-records\\\/enzo-jannacci-quelli-che\\\/#breadcrumb\"},\"inLanguage\":\"it-IT\",\"potentialAction\":[{\"@type\":\"ReadAction\",\"target\":[\"https:\\\/\\\/www.alabianca.it\\\/it\\\/store\\\/ala-bianca-records\\\/enzo-jannacci-quelli-che\\\/\"]}]},{\"@type\":\"ImageObject\",\"inLanguage\":\"it-IT\",\"@id\":\"https:\\\/\\\/www.alabianca.it\\\/it\\\/store\\\/ala-bianca-records\\\/enzo-jannacci-quelli-che\\\/#primaryimage\",\"url\":\"https:\\\/\\\/www.alabianca.it\\\/wp-content\\\/uploads\\\/2015\\\/01\\\/Quelli-che.png\",\"contentUrl\":\"https:\\\/\\\/www.alabianca.it\\\/wp-content\\\/uploads\\\/2015\\\/01\\\/Quelli-che.png\",\"width\":1425,\"height\":1425,\"caption\":\"Copertina per l'album \\\"Quelli che...\\\" di Enzo Jannacci pubblicato da Ala Bianca con l'aiuto del figlio di Enzo, Paolo Jannacci.\"},{\"@type\":\"BreadcrumbList\",\"@id\":\"https:\\\/\\\/www.alabianca.it\\\/it\\\/store\\\/ala-bianca-records\\\/enzo-jannacci-quelli-che\\\/#breadcrumb\",\"itemListElement\":[{\"@type\":\"ListItem\",\"position\":1,\"name\":\"Home\",\"item\":\"https:\\\/\\\/www.alabianca.it\\\/it\\\/\"},{\"@type\":\"ListItem\",\"position\":2,\"name\":\"Store\",\"item\":\"https:\\\/\\\/www.alabianca.it\\\/it\\\/store\\\/\"},{\"@type\":\"ListItem\",\"position\":3,\"name\":\"Enzo Jannacci &#8211; Quelli che&#8230;\"}]},{\"@type\":\"WebSite\",\"@id\":\"https:\\\/\\\/www.alabianca.it\\\/it\\\/#website\",\"url\":\"https:\\\/\\\/www.alabianca.it\\\/it\\\/\",\"name\":\"Ala Bianca Group\",\"description\":\"Editore e produttore discografico\",\"publisher\":{\"@id\":\"https:\\\/\\\/www.alabianca.it\\\/it\\\/#organization\"},\"potentialAction\":[{\"@type\":\"SearchAction\",\"target\":{\"@type\":\"EntryPoint\",\"urlTemplate\":\"https:\\\/\\\/www.alabianca.it\\\/it\\\/?s={search_term_string}\"},\"query-input\":{\"@type\":\"PropertyValueSpecification\",\"valueRequired\":true,\"valueName\":\"search_term_string\"}}],\"inLanguage\":\"it-IT\"},{\"@type\":\"Organization\",\"@id\":\"https:\\\/\\\/www.alabianca.it\\\/it\\\/#organization\",\"name\":\"Alabianca Group S.r.l.\",\"url\":\"https:\\\/\\\/www.alabianca.it\\\/it\\\/\",\"logo\":{\"@type\":\"ImageObject\",\"inLanguage\":\"it-IT\",\"@id\":\"https:\\\/\\\/www.alabianca.it\\\/it\\\/#\\\/schema\\\/logo\\\/image\\\/\",\"url\":\"https:\\\/\\\/www.alabianca.it\\\/wp-content\\\/uploads\\\/2018\\\/01\\\/alabianca-records-logo-2018-h-3.png\",\"contentUrl\":\"https:\\\/\\\/www.alabianca.it\\\/wp-content\\\/uploads\\\/2018\\\/01\\\/alabianca-records-logo-2018-h-3.png\",\"width\":345,\"height\":133,\"caption\":\"Alabianca Group S.r.l.\"},\"image\":{\"@id\":\"https:\\\/\\\/www.alabianca.it\\\/it\\\/#\\\/schema\\\/logo\\\/image\\\/\"}}]}<\/script>\n<!-- \/ Yoast SEO plugin. -->","yoast_head_json":{"title":"Enzo Jannacci - Quelli che... - Ala Bianca Group","description":"Acquista ora Enzo Jannacci - Quelli che... su Ala Bianca Group Editore e produttore discografico a Modena. La prima ristampa in CD dell'album.","robots":{"index":"index","follow":"follow","max-snippet":"max-snippet:-1","max-image-preview":"max-image-preview:large","max-video-preview":"max-video-preview:-1"},"canonical":"https:\/\/www.alabianca.it\/it\/store\/ala-bianca-records\/enzo-jannacci-quelli-che\/","og_locale":"it_IT","og_type":"article","og_title":"Enzo Jannacci - Quelli che... - Ala Bianca Group","og_description":"Acquista ora Enzo Jannacci - Quelli che... su Ala Bianca Group Editore e produttore discografico a Modena. La prima ristampa in CD dell'album.","og_url":"https:\/\/www.alabianca.it\/it\/store\/ala-bianca-records\/enzo-jannacci-quelli-che\/","og_site_name":"Ala Bianca Group","article_modified_time":"2026-02-09T09:23:22+00:00","og_image":[{"width":1024,"height":1024,"url":"https:\/\/www.alabianca.it\/wp-content\/uploads\/2015\/01\/Quelli-che-1024x1024.png","type":"image\/png"}],"twitter_card":"summary_large_image","twitter_misc":{"Tempo di lettura stimato":"3 minuti"},"schema":{"@context":"https:\/\/schema.org","@graph":[{"@type":"WebPage","@id":"https:\/\/www.alabianca.it\/it\/store\/ala-bianca-records\/enzo-jannacci-quelli-che\/","url":"https:\/\/www.alabianca.it\/it\/store\/ala-bianca-records\/enzo-jannacci-quelli-che\/","name":"Enzo Jannacci - Quelli che... - Ala Bianca Group","isPartOf":{"@id":"https:\/\/www.alabianca.it\/it\/#website"},"primaryImageOfPage":{"@id":"https:\/\/www.alabianca.it\/it\/store\/ala-bianca-records\/enzo-jannacci-quelli-che\/#primaryimage"},"image":{"@id":"https:\/\/www.alabianca.it\/it\/store\/ala-bianca-records\/enzo-jannacci-quelli-che\/#primaryimage"},"thumbnailUrl":"https:\/\/www.alabianca.it\/wp-content\/uploads\/2015\/01\/Quelli-che.png","datePublished":"2015-01-23T16:06:25+00:00","dateModified":"2026-02-09T09:23:22+00:00","description":"Acquista ora Enzo Jannacci - Quelli che... su Ala Bianca Group Editore e produttore discografico a Modena. La prima ristampa in CD dell'album.","breadcrumb":{"@id":"https:\/\/www.alabianca.it\/it\/store\/ala-bianca-records\/enzo-jannacci-quelli-che\/#breadcrumb"},"inLanguage":"it-IT","potentialAction":[{"@type":"ReadAction","target":["https:\/\/www.alabianca.it\/it\/store\/ala-bianca-records\/enzo-jannacci-quelli-che\/"]}]},{"@type":"ImageObject","inLanguage":"it-IT","@id":"https:\/\/www.alabianca.it\/it\/store\/ala-bianca-records\/enzo-jannacci-quelli-che\/#primaryimage","url":"https:\/\/www.alabianca.it\/wp-content\/uploads\/2015\/01\/Quelli-che.png","contentUrl":"https:\/\/www.alabianca.it\/wp-content\/uploads\/2015\/01\/Quelli-che.png","width":1425,"height":1425,"caption":"Copertina per l'album \"Quelli che...\" di Enzo Jannacci pubblicato da Ala Bianca con l'aiuto del figlio di Enzo, Paolo Jannacci."},{"@type":"BreadcrumbList","@id":"https:\/\/www.alabianca.it\/it\/store\/ala-bianca-records\/enzo-jannacci-quelli-che\/#breadcrumb","itemListElement":[{"@type":"ListItem","position":1,"name":"Home","item":"https:\/\/www.alabianca.it\/it\/"},{"@type":"ListItem","position":2,"name":"Store","item":"https:\/\/www.alabianca.it\/it\/store\/"},{"@type":"ListItem","position":3,"name":"Enzo Jannacci &#8211; Quelli che&#8230;"}]},{"@type":"WebSite","@id":"https:\/\/www.alabianca.it\/it\/#website","url":"https:\/\/www.alabianca.it\/it\/","name":"Ala Bianca Group","description":"Editore e produttore discografico","publisher":{"@id":"https:\/\/www.alabianca.it\/it\/#organization"},"potentialAction":[{"@type":"SearchAction","target":{"@type":"EntryPoint","urlTemplate":"https:\/\/www.alabianca.it\/it\/?s={search_term_string}"},"query-input":{"@type":"PropertyValueSpecification","valueRequired":true,"valueName":"search_term_string"}}],"inLanguage":"it-IT"},{"@type":"Organization","@id":"https:\/\/www.alabianca.it\/it\/#organization","name":"Alabianca Group S.r.l.","url":"https:\/\/www.alabianca.it\/it\/","logo":{"@type":"ImageObject","inLanguage":"it-IT","@id":"https:\/\/www.alabianca.it\/it\/#\/schema\/logo\/image\/","url":"https:\/\/www.alabianca.it\/wp-content\/uploads\/2018\/01\/alabianca-records-logo-2018-h-3.png","contentUrl":"https:\/\/www.alabianca.it\/wp-content\/uploads\/2018\/01\/alabianca-records-logo-2018-h-3.png","width":345,"height":133,"caption":"Alabianca Group S.r.l."},"image":{"@id":"https:\/\/www.alabianca.it\/it\/#\/schema\/logo\/image\/"}}]}},"_links":{"self":[{"href":"https:\/\/www.alabianca.it\/it\/wp-json\/wp\/v2\/product\/1729","targetHints":{"allow":["GET"]}}],"collection":[{"href":"https:\/\/www.alabianca.it\/it\/wp-json\/wp\/v2\/product"}],"about":[{"href":"https:\/\/www.alabianca.it\/it\/wp-json\/wp\/v2\/types\/product"}],"wp:featuredmedia":[{"embeddable":true,"href":"https:\/\/www.alabianca.it\/it\/wp-json\/wp\/v2\/media\/20420"}],"wp:attachment":[{"href":"https:\/\/www.alabianca.it\/it\/wp-json\/wp\/v2\/media?parent=1729"}],"wp:term":[{"taxonomy":"product_brand","embeddable":true,"href":"https:\/\/www.alabianca.it\/it\/wp-json\/wp\/v2\/product_brand?post=1729"},{"taxonomy":"product_cat","embeddable":true,"href":"https:\/\/www.alabianca.it\/it\/wp-json\/wp\/v2\/product_cat?post=1729"},{"taxonomy":"product_tag","embeddable":true,"href":"https:\/\/www.alabianca.it\/it\/wp-json\/wp\/v2\/product_tag?post=1729"}],"curies":[{"name":"wp","href":"https:\/\/api.w.org\/{rel}","templated":true}]}}