{"id":1741,"date":"2015-01-23T16:07:23","date_gmt":"2015-01-23T16:07:23","guid":{"rendered":"https:\/\/www.alabianca.it\/?product=remastering-1975-1979-4cd-enzo-jannacci"},"modified":"2026-04-16T15:50:54","modified_gmt":"2026-04-16T13:50:54","slug":"remastering-1975-1979-4cd-enzo-jannacci","status":"publish","type":"product","link":"https:\/\/www.alabianca.it\/it\/store\/ala-bianca-records\/remastering-1975-1979-4cd-enzo-jannacci\/","title":{"rendered":"Enzo Jannacci &#8211; Remastering 1975-1979 [4CD]"},"content":{"rendered":"<div class=\"wpb-content-wrapper\"><p>[vc_row][vc_column][mpc_vc_deco_header type=&#8221;h2&#8243; align=&#8221;left&#8221; text=&#8221;Descrizione&#8221;][vc_column_text]<\/p>\n<h2>E. Deregibus dice:<\/h2>\n<p>Sembrano sassolini le canzoni di Jannacci, messi l\u00ec per non perdersi su una strada di coerenza partita alla fine degli anni Cinquanta. Il fatto \u00e8 che tanti di quei sassolini \u0096 quelli di questi quattro lp &#8211; non c&#8217;erano pi\u00f9. Li abbiamo ritrovati, grazie ad un lavoro certosino del figlio Paolo che li ha riportati in vita.<br \/>\nJannacci \u00e8 fertilissimo in quegli anni, quattro dischi in cinque anni, pubblicati per l&#8217;etichetta Ultima Spiaggia di Nanni Ricordi con musicisti come Tullio De Piscopo, Bruno De Filippi, PaoloTomelleri.<br \/>\nIl primo \u00e8 del 1975, \u0093Quelli che&#8230;\u0094, il pezzo lo conoscono tutti, \u00e8 pi\u00f9 di una canzone, specie da quando \u00e8 stato usato per \u0093Quelli che il calcio\u0094.<\/p>\n<p>C&#8217;\u00e8 anche \u0093Vincenzina e la fabbrica\u0094, doloroso e forte come pochi, gi\u00e0 nella colonna sonora di \u0093Romanzo popolare\u0094 di Monicelli, o &#8220;El me indiriss&#8221; sull&#8217;infanzia del medico-cantautore&#8230;<\/p>\n<p>\u0093O vivere o ridere\u0094 dell&#8217;anno dopo, con cover di \u0093Vivere\u0094 e \u0093Rido\u0094, nel tipico stile del maestro milanese, \u0093Per la moto non si da\u0094 su testo di Dario Fo, ecc.<\/p>\n<p>\u0093Secondo te&#8230; che gusto c&#8217;\u00e8?\u0094, il terzo album in tre anni con il titolo sigla di un programma di Baudo e poi \u0093Rino\u0094, \u0093Libe la&#8217;\u0094 con la zampata di Cochi e Renato, \u0093La costruzione\u0094, traduzione da Chico Buarque de Hollanda e la copertina dell&#8217;album disegnata da Bruno Bozzetto\u0085<\/p>\n<p>Nel 1979 \u0093Foto ricordo\u0094 contiene brani straordinari e pieni di umanit\u00e0 come \u0093Io e te\u0094, \u0093Natalia\u0094, \u0093Mario\u0094 (musica di Pino Donaggio) e poi \u0093Bartali\u0094 e \u0093Sudamerica\u0094 contiane e gli arrangiamenti in buona parte di Luis Enriquez Bacalov.<br \/>\nQuesto e molto altro portan dentro questi dischi del dottore. E non si pu\u00f2 non dare l&#8217;aggettivo di \u0093geniale\u0094 a uno che impasta insieme cos\u00ec tragedia e commedia per sgusciare via dalla retorica.<\/p>\n<p>Quattro grandi album di un grande artista. Non ce ne sono tanti in girooggi. N\u00e9 di grandi album n\u00e9 di grandi artisti.<\/p>\n<h2>E. Jannacci dice:<\/h2>\n<p>Dopo varie disperate ricerche, ho ritrovatoquattro album, che reputo essenziali, per la mia vita e soprattutto per la vostra ed incredibilmente ho scoperto che sono miei.<br \/>\nPerch\u00e9 allora negare a Toni Verona (ultimo vero discografico morente) un prestigio, che non si merita e il piacere di insperati quanto insulsi guadagni?<br \/>\nI long playing in questione sono: \u0093Quelli che\u0094, \u0093Secondo te che gusto c\u0092\u00e8\u0094, \u0093Fotoricordo\u0094 e \u0093O vivere o ridere\u0094.<br \/>\nGrazie a mio figlio Paolo, la qualit\u00e0 dell\u0092 audio \u00e8 migliorata di almeno 10 volte l\u0092originale, che esiste per adesso solo su vinile. Paolo ha prima cotto i master originali su nastro magnetico (nelsenso che li ha messi in un forno speciale, per arrestarne il degrado) poi con il buon Luca Vittori li ha trasferiti in uno studio infine ha pulito, editato, rimasterizzato e aggiustato gli originali, recuperando il reale di quello che volevo esprimere 40 anni fa\u0085<\/p>\n<p>Ma quante canzoni ho scritto?!?<br \/>\nVi auguro un buon ascolto.<\/p>\n<h2>P. Jannacci dice:<\/h2>\n<p>Dopo 35 anni dalla pubblicazione dei 4 album di Enzo nella collana Ultima Spiaggia, fondata da Nanni Ricordi, possiamo finalmente ri-proporre e ri-ascoltare questi album nella perfezione digitale.<br \/>\nAla Bianca, da sempre attenta alla valorizzazione della musica d\u0092autore ed in particolare all\u0092opera di Enzo Jannacci, ripropone questi album in un elegante cofanetto delux limited edition (4 CD)<br \/>\nEnzo Jannacci, grazie alle nuove tecnologie sapientemente utilizzate, ha reso disponibili queste \u0091perle\u0092 restaurate secondo le pi\u00f9 avanzate metodologie di ingegneria del suono.<br \/>\nPrestigiose emissioni grazie ad Enzo Jannacci che le ha rese disponibili permettendone la ri-pubblicazione a cura di Paolo Jannacci e dell\u0092interessamento di Toni Verona\/Ala Bianca.<br \/>\n[\/vc_column_text][\/vc_column][\/vc_row]<\/p>\n<p>http:\/\/itunes.apple.com\/it\/album\/remastering-1975-1979-deluxe\/id486758393?uo=4<\/p>\n<\/div>","protected":false},"excerpt":{"rendered":"<\/p>\n<p><em><strong>Quelli che&#8230;<\/strong><\/em><br \/>01) La Televisiun 0&#039;19\u0094<br \/>02) Quelli che&#8230; 8&#039;13\u0094<br \/>03) El me Indiriss 5&#039;48\u0094<br \/>04) Il Monumento 3&#039;03\u0094<br \/>05) Borsa Valori 1&#039;50\u0094<br \/>06) L&#039;arcobaleno 3&#039;38\u0094<br \/>07) Vincenzina e la Fabbrica 4&#039;06\u0094<br \/>08) Dottore&#8230; 0&#039;48\u0094<br \/>09) Viva la Galera 0\u009221\u0094<br \/>10) Il Bonzo 5\u009135\u0094<br \/>11) 9 di Sera 3\u009250\u0094<br \/>12) Il Karate 1\u009205\u0094<br \/>13) El Marognero 5\u009215\u0094<br \/>14) Il Kenia 1\u009205\u0094<\/p>\n<p><em><strong>O vivere o ridere<\/strong><\/em><br \/>01) Vivere 5&#039;07\u0094<br \/>02) La storia del mago 6&#039;43\u0094<br \/>03) Per la moto non si d\u00e0 3&#039;07\u0094<br \/>04) Statu quo 3&#039;11\u0094<br \/>05) Dagalterun Fandango 3&#039;23\u0094<br \/>06) Senza i Dan\u00e8 3&#039;36\u0094<br \/>07) Tira a camp\u00e0 5&#039;11\u0094<br \/>08) Rido 2&#039;34\u0094<br \/>09) Quando il Sipario&#8230; 3&#039;58\u0094<\/p>\n<p><strong><em>Secondo te&#8230; che gusto c&#039;\u00e8?<\/em><\/strong><br \/>01) Libe L\u00e0 5&#039;55\u0094<br \/>02) Jannacci, Arrenditi 2&#039;52\u0094<br \/>03) Il Panettiere 5&#039;15\u0094<br \/>04) Rino 2&#039;14\u0094<br \/>05) S.O.Selfservice 3&#039;08\u0094<br \/>06) Secondo te&#8230; Che gusto c&#039;\u00e8? 3&#039;33\u0094<br \/>07) Saxophone 3&#039;39\u0094<br \/>08) La costruzione 4&#039;37\u0094<br \/>09) E Sapere 4&#039;15\u0094<\/p>\n<p><em><strong>Foto ricordo<\/strong><\/em><br \/>01) Il Ficus 1&#039;04\u0094<br \/>02) Io e Te 3&#039;09\u0094<br \/>03) Saltimbanchi 4&#039;28\u0094<br \/>04) Natalia 5&#039;04\u0094<br \/>05) Mario 6&#039;25\u0094<br \/>06) Il Labrador 0&#039;13\u0094<br \/>07) Bartali 3&#039;52\u0094<br \/>08) La Poiana 4&#039;12\u0094<br \/>09) Sudamerica 3&#039;35\u0094<br \/>10) Ecco tutto qui 7&#039;20\u0094<br \/>11) Il Sintetizzatore 0&#039;46\u0094<\/p>\n","protected":false},"featured_media":1742,"template":"","meta":{"_acf_changed":false},"product_brand":[],"product_cat":[437],"product_tag":[558],"class_list":{"0":"post-1741","1":"product","2":"type-product","3":"status-publish","4":"has-post-thumbnail","6":"product_cat-ala-bianca-records","7":"product_tag-enzo-jannacci","8":"pa_genere-canzone-dautore","9":"pa_supporto-box-4-cd","11":"first","12":"instock","13":"taxable","14":"shipping-taxable","15":"purchasable","16":"product-type-simple"},"acf":[],"yoast_head":"<!-- This site is optimized with the Yoast SEO plugin v27.5 - https:\/\/yoast.com\/product\/yoast-seo-wordpress\/ -->\n<title>Enzo Jannacci - Remastering 1975-1979 [4CD] - Ala Bianca Group<\/title>\n<meta name=\"description\" content=\"Acquista ora Enzo Jannacci - Remastering 1975-1979 [4CD] su Ala Bianca Group Editore e produttore discografico a Modena.\" \/>\n<meta name=\"robots\" content=\"index, follow, max-snippet:-1, max-image-preview:large, max-video-preview:-1\" \/>\n<link rel=\"canonical\" href=\"https:\/\/www.alabianca.it\/it\/store\/ala-bianca-records\/remastering-1975-1979-4cd-enzo-jannacci\/\" \/>\n<meta property=\"og:locale\" content=\"it_IT\" \/>\n<meta property=\"og:type\" content=\"article\" \/>\n<meta property=\"og:title\" content=\"Enzo Jannacci - Remastering 1975-1979 [4CD] - Ala Bianca Group\" \/>\n<meta property=\"og:description\" content=\"Acquista ora Enzo Jannacci - Remastering 1975-1979 [4CD] su Ala Bianca Group Editore e produttore discografico a Modena.\" \/>\n<meta property=\"og:url\" content=\"https:\/\/www.alabianca.it\/it\/store\/ala-bianca-records\/remastering-1975-1979-4cd-enzo-jannacci\/\" \/>\n<meta property=\"og:site_name\" content=\"Ala Bianca Group\" \/>\n<meta property=\"article:modified_time\" content=\"2026-04-16T13:50:54+00:00\" \/>\n<meta property=\"og:image\" content=\"https:\/\/www.alabianca.it\/wp-content\/uploads\/2015\/01\/Remastering_1975_4ee61f2662699.jpg\" \/>\n\t<meta property=\"og:image:width\" content=\"282\" \/>\n\t<meta property=\"og:image:height\" content=\"282\" \/>\n\t<meta property=\"og:image:type\" content=\"image\/jpeg\" \/>\n<meta name=\"twitter:card\" content=\"summary_large_image\" \/>\n<meta name=\"twitter:label1\" content=\"Tempo di lettura stimato\" \/>\n\t<meta name=\"twitter:data1\" content=\"3 minuti\" \/>\n<script type=\"application\/ld+json\" class=\"yoast-schema-graph\">{\"@context\":\"https:\\\/\\\/schema.org\",\"@graph\":[{\"@type\":\"WebPage\",\"@id\":\"https:\\\/\\\/www.alabianca.it\\\/it\\\/store\\\/ala-bianca-records\\\/remastering-1975-1979-4cd-enzo-jannacci\\\/\",\"url\":\"https:\\\/\\\/www.alabianca.it\\\/it\\\/store\\\/ala-bianca-records\\\/remastering-1975-1979-4cd-enzo-jannacci\\\/\",\"name\":\"Enzo Jannacci - Remastering 1975-1979 [4CD] - Ala Bianca Group\",\"isPartOf\":{\"@id\":\"https:\\\/\\\/www.alabianca.it\\\/it\\\/#website\"},\"primaryImageOfPage\":{\"@id\":\"https:\\\/\\\/www.alabianca.it\\\/it\\\/store\\\/ala-bianca-records\\\/remastering-1975-1979-4cd-enzo-jannacci\\\/#primaryimage\"},\"image\":{\"@id\":\"https:\\\/\\\/www.alabianca.it\\\/it\\\/store\\\/ala-bianca-records\\\/remastering-1975-1979-4cd-enzo-jannacci\\\/#primaryimage\"},\"thumbnailUrl\":\"https:\\\/\\\/www.alabianca.it\\\/wp-content\\\/uploads\\\/2015\\\/01\\\/Remastering_1975_4ee61f2662699.jpg\",\"datePublished\":\"2015-01-23T16:07:23+00:00\",\"dateModified\":\"2026-04-16T13:50:54+00:00\",\"description\":\"Acquista ora Enzo Jannacci - Remastering 1975-1979 [4CD] su Ala Bianca Group Editore e produttore discografico a Modena.\",\"breadcrumb\":{\"@id\":\"https:\\\/\\\/www.alabianca.it\\\/it\\\/store\\\/ala-bianca-records\\\/remastering-1975-1979-4cd-enzo-jannacci\\\/#breadcrumb\"},\"inLanguage\":\"it-IT\",\"potentialAction\":[{\"@type\":\"ReadAction\",\"target\":[\"https:\\\/\\\/www.alabianca.it\\\/it\\\/store\\\/ala-bianca-records\\\/remastering-1975-1979-4cd-enzo-jannacci\\\/\"]}]},{\"@type\":\"ImageObject\",\"inLanguage\":\"it-IT\",\"@id\":\"https:\\\/\\\/www.alabianca.it\\\/it\\\/store\\\/ala-bianca-records\\\/remastering-1975-1979-4cd-enzo-jannacci\\\/#primaryimage\",\"url\":\"https:\\\/\\\/www.alabianca.it\\\/wp-content\\\/uploads\\\/2015\\\/01\\\/Remastering_1975_4ee61f2662699.jpg\",\"contentUrl\":\"https:\\\/\\\/www.alabianca.it\\\/wp-content\\\/uploads\\\/2015\\\/01\\\/Remastering_1975_4ee61f2662699.jpg\",\"width\":282,\"height\":282},{\"@type\":\"BreadcrumbList\",\"@id\":\"https:\\\/\\\/www.alabianca.it\\\/it\\\/store\\\/ala-bianca-records\\\/remastering-1975-1979-4cd-enzo-jannacci\\\/#breadcrumb\",\"itemListElement\":[{\"@type\":\"ListItem\",\"position\":1,\"name\":\"Home\",\"item\":\"https:\\\/\\\/www.alabianca.it\\\/it\\\/\"},{\"@type\":\"ListItem\",\"position\":2,\"name\":\"Store\",\"item\":\"https:\\\/\\\/www.alabianca.it\\\/it\\\/store\\\/\"},{\"@type\":\"ListItem\",\"position\":3,\"name\":\"Enzo Jannacci &#8211; Remastering 1975-1979 [4CD]\"}]},{\"@type\":\"WebSite\",\"@id\":\"https:\\\/\\\/www.alabianca.it\\\/it\\\/#website\",\"url\":\"https:\\\/\\\/www.alabianca.it\\\/it\\\/\",\"name\":\"Ala Bianca Group\",\"description\":\"Editore e produttore discografico\",\"publisher\":{\"@id\":\"https:\\\/\\\/www.alabianca.it\\\/it\\\/#organization\"},\"potentialAction\":[{\"@type\":\"SearchAction\",\"target\":{\"@type\":\"EntryPoint\",\"urlTemplate\":\"https:\\\/\\\/www.alabianca.it\\\/it\\\/?s={search_term_string}\"},\"query-input\":{\"@type\":\"PropertyValueSpecification\",\"valueRequired\":true,\"valueName\":\"search_term_string\"}}],\"inLanguage\":\"it-IT\"},{\"@type\":\"Organization\",\"@id\":\"https:\\\/\\\/www.alabianca.it\\\/it\\\/#organization\",\"name\":\"Alabianca Group S.r.l.\",\"url\":\"https:\\\/\\\/www.alabianca.it\\\/it\\\/\",\"logo\":{\"@type\":\"ImageObject\",\"inLanguage\":\"it-IT\",\"@id\":\"https:\\\/\\\/www.alabianca.it\\\/it\\\/#\\\/schema\\\/logo\\\/image\\\/\",\"url\":\"https:\\\/\\\/www.alabianca.it\\\/wp-content\\\/uploads\\\/2018\\\/01\\\/alabianca-records-logo-2018-h-3.png\",\"contentUrl\":\"https:\\\/\\\/www.alabianca.it\\\/wp-content\\\/uploads\\\/2018\\\/01\\\/alabianca-records-logo-2018-h-3.png\",\"width\":345,\"height\":133,\"caption\":\"Alabianca Group S.r.l.\"},\"image\":{\"@id\":\"https:\\\/\\\/www.alabianca.it\\\/it\\\/#\\\/schema\\\/logo\\\/image\\\/\"}}]}<\/script>\n<!-- \/ Yoast SEO plugin. -->","yoast_head_json":{"title":"Enzo Jannacci - Remastering 1975-1979 [4CD] - Ala Bianca Group","description":"Acquista ora Enzo Jannacci - Remastering 1975-1979 [4CD] su Ala Bianca Group Editore e produttore discografico a Modena.","robots":{"index":"index","follow":"follow","max-snippet":"max-snippet:-1","max-image-preview":"max-image-preview:large","max-video-preview":"max-video-preview:-1"},"canonical":"https:\/\/www.alabianca.it\/it\/store\/ala-bianca-records\/remastering-1975-1979-4cd-enzo-jannacci\/","og_locale":"it_IT","og_type":"article","og_title":"Enzo Jannacci - Remastering 1975-1979 [4CD] - Ala Bianca Group","og_description":"Acquista ora Enzo Jannacci - Remastering 1975-1979 [4CD] su Ala Bianca Group Editore e produttore discografico a Modena.","og_url":"https:\/\/www.alabianca.it\/it\/store\/ala-bianca-records\/remastering-1975-1979-4cd-enzo-jannacci\/","og_site_name":"Ala Bianca Group","article_modified_time":"2026-04-16T13:50:54+00:00","og_image":[{"width":282,"height":282,"url":"https:\/\/www.alabianca.it\/wp-content\/uploads\/2015\/01\/Remastering_1975_4ee61f2662699.jpg","type":"image\/jpeg"}],"twitter_card":"summary_large_image","twitter_misc":{"Tempo di lettura stimato":"3 minuti"},"schema":{"@context":"https:\/\/schema.org","@graph":[{"@type":"WebPage","@id":"https:\/\/www.alabianca.it\/it\/store\/ala-bianca-records\/remastering-1975-1979-4cd-enzo-jannacci\/","url":"https:\/\/www.alabianca.it\/it\/store\/ala-bianca-records\/remastering-1975-1979-4cd-enzo-jannacci\/","name":"Enzo Jannacci - Remastering 1975-1979 [4CD] - Ala Bianca Group","isPartOf":{"@id":"https:\/\/www.alabianca.it\/it\/#website"},"primaryImageOfPage":{"@id":"https:\/\/www.alabianca.it\/it\/store\/ala-bianca-records\/remastering-1975-1979-4cd-enzo-jannacci\/#primaryimage"},"image":{"@id":"https:\/\/www.alabianca.it\/it\/store\/ala-bianca-records\/remastering-1975-1979-4cd-enzo-jannacci\/#primaryimage"},"thumbnailUrl":"https:\/\/www.alabianca.it\/wp-content\/uploads\/2015\/01\/Remastering_1975_4ee61f2662699.jpg","datePublished":"2015-01-23T16:07:23+00:00","dateModified":"2026-04-16T13:50:54+00:00","description":"Acquista ora Enzo Jannacci - Remastering 1975-1979 [4CD] su Ala Bianca Group Editore e produttore discografico a Modena.","breadcrumb":{"@id":"https:\/\/www.alabianca.it\/it\/store\/ala-bianca-records\/remastering-1975-1979-4cd-enzo-jannacci\/#breadcrumb"},"inLanguage":"it-IT","potentialAction":[{"@type":"ReadAction","target":["https:\/\/www.alabianca.it\/it\/store\/ala-bianca-records\/remastering-1975-1979-4cd-enzo-jannacci\/"]}]},{"@type":"ImageObject","inLanguage":"it-IT","@id":"https:\/\/www.alabianca.it\/it\/store\/ala-bianca-records\/remastering-1975-1979-4cd-enzo-jannacci\/#primaryimage","url":"https:\/\/www.alabianca.it\/wp-content\/uploads\/2015\/01\/Remastering_1975_4ee61f2662699.jpg","contentUrl":"https:\/\/www.alabianca.it\/wp-content\/uploads\/2015\/01\/Remastering_1975_4ee61f2662699.jpg","width":282,"height":282},{"@type":"BreadcrumbList","@id":"https:\/\/www.alabianca.it\/it\/store\/ala-bianca-records\/remastering-1975-1979-4cd-enzo-jannacci\/#breadcrumb","itemListElement":[{"@type":"ListItem","position":1,"name":"Home","item":"https:\/\/www.alabianca.it\/it\/"},{"@type":"ListItem","position":2,"name":"Store","item":"https:\/\/www.alabianca.it\/it\/store\/"},{"@type":"ListItem","position":3,"name":"Enzo Jannacci &#8211; Remastering 1975-1979 [4CD]"}]},{"@type":"WebSite","@id":"https:\/\/www.alabianca.it\/it\/#website","url":"https:\/\/www.alabianca.it\/it\/","name":"Ala Bianca Group","description":"Editore e produttore discografico","publisher":{"@id":"https:\/\/www.alabianca.it\/it\/#organization"},"potentialAction":[{"@type":"SearchAction","target":{"@type":"EntryPoint","urlTemplate":"https:\/\/www.alabianca.it\/it\/?s={search_term_string}"},"query-input":{"@type":"PropertyValueSpecification","valueRequired":true,"valueName":"search_term_string"}}],"inLanguage":"it-IT"},{"@type":"Organization","@id":"https:\/\/www.alabianca.it\/it\/#organization","name":"Alabianca Group S.r.l.","url":"https:\/\/www.alabianca.it\/it\/","logo":{"@type":"ImageObject","inLanguage":"it-IT","@id":"https:\/\/www.alabianca.it\/it\/#\/schema\/logo\/image\/","url":"https:\/\/www.alabianca.it\/wp-content\/uploads\/2018\/01\/alabianca-records-logo-2018-h-3.png","contentUrl":"https:\/\/www.alabianca.it\/wp-content\/uploads\/2018\/01\/alabianca-records-logo-2018-h-3.png","width":345,"height":133,"caption":"Alabianca Group S.r.l."},"image":{"@id":"https:\/\/www.alabianca.it\/it\/#\/schema\/logo\/image\/"}}]}},"_links":{"self":[{"href":"https:\/\/www.alabianca.it\/it\/wp-json\/wp\/v2\/product\/1741","targetHints":{"allow":["GET"]}}],"collection":[{"href":"https:\/\/www.alabianca.it\/it\/wp-json\/wp\/v2\/product"}],"about":[{"href":"https:\/\/www.alabianca.it\/it\/wp-json\/wp\/v2\/types\/product"}],"wp:featuredmedia":[{"embeddable":true,"href":"https:\/\/www.alabianca.it\/it\/wp-json\/wp\/v2\/media\/1742"}],"wp:attachment":[{"href":"https:\/\/www.alabianca.it\/it\/wp-json\/wp\/v2\/media?parent=1741"}],"wp:term":[{"taxonomy":"product_brand","embeddable":true,"href":"https:\/\/www.alabianca.it\/it\/wp-json\/wp\/v2\/product_brand?post=1741"},{"taxonomy":"product_cat","embeddable":true,"href":"https:\/\/www.alabianca.it\/it\/wp-json\/wp\/v2\/product_cat?post=1741"},{"taxonomy":"product_tag","embeddable":true,"href":"https:\/\/www.alabianca.it\/it\/wp-json\/wp\/v2\/product_tag?post=1741"}],"curies":[{"name":"wp","href":"https:\/\/api.w.org\/{rel}","templated":true}]}}