{"id":1783,"date":"2015-01-23T16:07:23","date_gmt":"2015-01-23T16:07:23","guid":{"rendered":"https:\/\/www.alabianca.it\/?product=come-non-detto-leonardo-rosi"},"modified":"2015-09-10T15:56:56","modified_gmt":"2015-09-10T15:56:56","slug":"come-non-detto-leonardo-rosi","status":"publish","type":"product","link":"https:\/\/www.alabianca.it\/it\/store\/ala-bianca-records\/come-non-detto-leonardo-rosi\/","title":{"rendered":"Come non detto"},"content":{"rendered":"<div class=\"wpb-content-wrapper\"><p>[vc_row][vc_column][mpc_vc_deco_header type=&#8221;h2&#8243; align=&#8221;left&#8221; text=&#8221;Descrizione&#8221;][vc_column_text]<\/p>\n<h2>info<\/h2>\n<p>Mattia ha un biglietto per Madrid e un fidanzato di Madrid con cui cominciare una nuova vita lontano dall&#8217;Italia e da un segreto che proprio non vuole confessare. Mattia \u00e8 gay e la sua famiglia non lo sa. Lo ignora il padre, allenatore di rugby col vizio delle donne, lo ignora la madre, casalinga dimessa e \u0091dismessa&#8217; dal marito, lo ignora la sorella, coatta convinta con marito meccanico e prole sempre in arrivo. A conoscere la verit\u00e0 su Mattia sono soltanto Stefania, amica di sempre e da sempre, Giacomo, drag queen di notte e \u0091lavandiere&#8217; di giorno, ed Eduard, madrileno romantico e ostinato. Eduard vuole conoscere la famiglia di Mattia senza sapere che il suo amato \u00e8 lontano dall&#8217;aver dichiarato la propria omosessualit\u00e0. Alla vigilia della partenza per\u00f2 Mattia sar\u00e0 costretto a fare i conti con se stesso e la propria identit\u00e0. Intorno al tavolo trover\u00e0 le parole per dirlo e per dirsi.<\/p>\n<p>[\/vc_column_text][\/vc_column][\/vc_row]<\/p>\n<p><iframe width=260\" height=\"146\" src=\"http:\/\/www.youtube.com\/embed\/hcQudPY2AnA?rel=0\" frameborder=\"0\" allowfullscreen><\/iframe>&#8221;<\/p>\n<p>http:\/\/itunes.apple.com\/it\/album\/come-non-detto\/id557522239?uo=4<\/p>\n<\/div>","protected":false},"excerpt":{"rendered":"<p>01 &#8211; Leo Rosi Project &#8211; Between Us<br \/>02 &#8211; Leo Rosi Project &#8211; Bujazz<br \/>03 &#8211; Leo Rosi Project &#8211; Thinking<br \/>04 &#8211; Leo Rosi Project &#8211; Steep Frequence<br \/>05 &#8211; Leo Rosi Project &#8211; Nevermind<br \/>06 &#8211; Mira Leon \u00a0feat. Monica Marziota Valdes &#8211; La Cumbita<br \/>07 &#8211; J. M. Rox &#8211; Every Thing Will Bloom<br \/>08 &#8211; Leo Rosi Project &#8211; Arsenic Noise<br \/>09 &#8211; Leo Rosi Project &#8211; Hypnotic Winds<br \/>10 &#8211; Leo Rosi Project &#8211; Words That Turn Around<br \/>11 &#8211; Suma &#8211; Nobody No One<br \/>12 &#8211; Mokyta &#8211; Muevete Loca<br \/>13 &#8211; Mira Leon &#8211; Hot Ice<br \/>14 &#8211; J. M. Roxv &#8211; Eyes Open Wide<br \/>15 &#8211; Mira Leon feat. Loba &#8211; Back In the Sun<br \/>16 &#8211; Leo Rosi Project &#8211; Unreal Dream<br \/>17 &#8211; Leo Rosi Project &#8211; Indian Space<br \/>18 &#8211; Leo Rosi Project &#8211; Mad Lights Around<br \/>19 &#8211; Leo Rosi Project &#8211; The Spiders Thread<br \/>20 &#8211; 2 Culture In A Room &#8211; Android (Original)<br \/>21 &#8211; Leo Rosi Project &#8211; Android (Synphonic Remix)<br \/>22 &#8211; Leo Rosi Project &#8211; Beneath the Clouds<\/p>\n","protected":false},"featured_media":1784,"template":"","meta":{"_acf_changed":false},"product_brand":[],"product_cat":[437],"product_tag":[714,739],"class_list":{"0":"post-1783","1":"product","2":"type-product","3":"status-publish","4":"has-post-thumbnail","6":"product_cat-ala-bianca-records","7":"product_tag-colonna-sonora","8":"product_tag-leonardo-rosi","9":"pa_genere-colonne-sonore","10":"pa_supporto-digitale","11":"pa_uscita-671","13":"first","14":"instock","15":"taxable","16":"shipping-taxable","17":"product-type-simple"},"acf":[],"yoast_head":"<!-- This site is optimized with the Yoast SEO plugin v27.5 - https:\/\/yoast.com\/product\/yoast-seo-wordpress\/ -->\n<title>Come non detto - Ala Bianca Group<\/title>\n<meta name=\"description\" content=\"Acquista ora Come non detto su Ala Bianca Group Editore e produttore discografico a Modena.\" \/>\n<meta name=\"robots\" content=\"index, follow, max-snippet:-1, max-image-preview:large, max-video-preview:-1\" \/>\n<link rel=\"canonical\" href=\"https:\/\/www.alabianca.it\/it\/store\/ala-bianca-records\/come-non-detto-leonardo-rosi\/\" \/>\n<meta property=\"og:locale\" content=\"it_IT\" \/>\n<meta property=\"og:type\" content=\"article\" \/>\n<meta property=\"og:title\" content=\"Come non detto - Ala Bianca Group\" \/>\n<meta property=\"og:description\" content=\"Acquista ora Come non detto su Ala Bianca Group Editore e produttore discografico a Modena.\" \/>\n<meta property=\"og:url\" content=\"https:\/\/www.alabianca.it\/it\/store\/ala-bianca-records\/come-non-detto-leonardo-rosi\/\" \/>\n<meta property=\"og:site_name\" content=\"Ala Bianca Group\" \/>\n<meta property=\"article:modified_time\" content=\"2015-09-10T15:56:56+00:00\" \/>\n<meta property=\"og:image\" content=\"https:\/\/www.alabianca.it\/wp-content\/uploads\/2015\/01\/Come_non_detto_5048bf5506c40.jpg\" \/>\n\t<meta property=\"og:image:width\" content=\"282\" \/>\n\t<meta property=\"og:image:height\" content=\"282\" \/>\n\t<meta property=\"og:image:type\" content=\"image\/jpeg\" \/>\n<meta name=\"twitter:card\" content=\"summary_large_image\" \/>\n<meta name=\"twitter:label1\" content=\"Tempo di lettura stimato\" \/>\n\t<meta name=\"twitter:data1\" content=\"1 minuto\" \/>\n<script type=\"application\/ld+json\" class=\"yoast-schema-graph\">{\"@context\":\"https:\\\/\\\/schema.org\",\"@graph\":[{\"@type\":\"WebPage\",\"@id\":\"https:\\\/\\\/www.alabianca.it\\\/it\\\/store\\\/ala-bianca-records\\\/come-non-detto-leonardo-rosi\\\/\",\"url\":\"https:\\\/\\\/www.alabianca.it\\\/it\\\/store\\\/ala-bianca-records\\\/come-non-detto-leonardo-rosi\\\/\",\"name\":\"Come non detto - Ala Bianca Group\",\"isPartOf\":{\"@id\":\"https:\\\/\\\/www.alabianca.it\\\/it\\\/#website\"},\"primaryImageOfPage\":{\"@id\":\"https:\\\/\\\/www.alabianca.it\\\/it\\\/store\\\/ala-bianca-records\\\/come-non-detto-leonardo-rosi\\\/#primaryimage\"},\"image\":{\"@id\":\"https:\\\/\\\/www.alabianca.it\\\/it\\\/store\\\/ala-bianca-records\\\/come-non-detto-leonardo-rosi\\\/#primaryimage\"},\"thumbnailUrl\":\"https:\\\/\\\/www.alabianca.it\\\/wp-content\\\/uploads\\\/2015\\\/01\\\/Come_non_detto_5048bf5506c40.jpg\",\"datePublished\":\"2015-01-23T16:07:23+00:00\",\"dateModified\":\"2015-09-10T15:56:56+00:00\",\"description\":\"Acquista ora Come non detto su Ala Bianca Group Editore e produttore discografico a Modena.\",\"breadcrumb\":{\"@id\":\"https:\\\/\\\/www.alabianca.it\\\/it\\\/store\\\/ala-bianca-records\\\/come-non-detto-leonardo-rosi\\\/#breadcrumb\"},\"inLanguage\":\"it-IT\",\"potentialAction\":[{\"@type\":\"ReadAction\",\"target\":[\"https:\\\/\\\/www.alabianca.it\\\/it\\\/store\\\/ala-bianca-records\\\/come-non-detto-leonardo-rosi\\\/\"]}]},{\"@type\":\"ImageObject\",\"inLanguage\":\"it-IT\",\"@id\":\"https:\\\/\\\/www.alabianca.it\\\/it\\\/store\\\/ala-bianca-records\\\/come-non-detto-leonardo-rosi\\\/#primaryimage\",\"url\":\"https:\\\/\\\/www.alabianca.it\\\/wp-content\\\/uploads\\\/2015\\\/01\\\/Come_non_detto_5048bf5506c40.jpg\",\"contentUrl\":\"https:\\\/\\\/www.alabianca.it\\\/wp-content\\\/uploads\\\/2015\\\/01\\\/Come_non_detto_5048bf5506c40.jpg\",\"width\":282,\"height\":282},{\"@type\":\"BreadcrumbList\",\"@id\":\"https:\\\/\\\/www.alabianca.it\\\/it\\\/store\\\/ala-bianca-records\\\/come-non-detto-leonardo-rosi\\\/#breadcrumb\",\"itemListElement\":[{\"@type\":\"ListItem\",\"position\":1,\"name\":\"Home\",\"item\":\"https:\\\/\\\/www.alabianca.it\\\/it\\\/\"},{\"@type\":\"ListItem\",\"position\":2,\"name\":\"Store\",\"item\":\"https:\\\/\\\/www.alabianca.it\\\/it\\\/store\\\/\"},{\"@type\":\"ListItem\",\"position\":3,\"name\":\"Come non detto\"}]},{\"@type\":\"WebSite\",\"@id\":\"https:\\\/\\\/www.alabianca.it\\\/it\\\/#website\",\"url\":\"https:\\\/\\\/www.alabianca.it\\\/it\\\/\",\"name\":\"Ala Bianca Group\",\"description\":\"Editore e produttore discografico\",\"publisher\":{\"@id\":\"https:\\\/\\\/www.alabianca.it\\\/it\\\/#organization\"},\"potentialAction\":[{\"@type\":\"SearchAction\",\"target\":{\"@type\":\"EntryPoint\",\"urlTemplate\":\"https:\\\/\\\/www.alabianca.it\\\/it\\\/?s={search_term_string}\"},\"query-input\":{\"@type\":\"PropertyValueSpecification\",\"valueRequired\":true,\"valueName\":\"search_term_string\"}}],\"inLanguage\":\"it-IT\"},{\"@type\":\"Organization\",\"@id\":\"https:\\\/\\\/www.alabianca.it\\\/it\\\/#organization\",\"name\":\"Alabianca Group S.r.l.\",\"url\":\"https:\\\/\\\/www.alabianca.it\\\/it\\\/\",\"logo\":{\"@type\":\"ImageObject\",\"inLanguage\":\"it-IT\",\"@id\":\"https:\\\/\\\/www.alabianca.it\\\/it\\\/#\\\/schema\\\/logo\\\/image\\\/\",\"url\":\"https:\\\/\\\/www.alabianca.it\\\/wp-content\\\/uploads\\\/2018\\\/01\\\/alabianca-records-logo-2018-h-3.png\",\"contentUrl\":\"https:\\\/\\\/www.alabianca.it\\\/wp-content\\\/uploads\\\/2018\\\/01\\\/alabianca-records-logo-2018-h-3.png\",\"width\":345,\"height\":133,\"caption\":\"Alabianca Group S.r.l.\"},\"image\":{\"@id\":\"https:\\\/\\\/www.alabianca.it\\\/it\\\/#\\\/schema\\\/logo\\\/image\\\/\"}}]}<\/script>\n<!-- \/ Yoast SEO plugin. -->","yoast_head_json":{"title":"Come non detto - Ala Bianca Group","description":"Acquista ora Come non detto su Ala Bianca Group Editore e produttore discografico a Modena.","robots":{"index":"index","follow":"follow","max-snippet":"max-snippet:-1","max-image-preview":"max-image-preview:large","max-video-preview":"max-video-preview:-1"},"canonical":"https:\/\/www.alabianca.it\/it\/store\/ala-bianca-records\/come-non-detto-leonardo-rosi\/","og_locale":"it_IT","og_type":"article","og_title":"Come non detto - Ala Bianca Group","og_description":"Acquista ora Come non detto su Ala Bianca Group Editore e produttore discografico a Modena.","og_url":"https:\/\/www.alabianca.it\/it\/store\/ala-bianca-records\/come-non-detto-leonardo-rosi\/","og_site_name":"Ala Bianca Group","article_modified_time":"2015-09-10T15:56:56+00:00","og_image":[{"width":282,"height":282,"url":"https:\/\/www.alabianca.it\/wp-content\/uploads\/2015\/01\/Come_non_detto_5048bf5506c40.jpg","type":"image\/jpeg"}],"twitter_card":"summary_large_image","twitter_misc":{"Tempo di lettura stimato":"1 minuto"},"schema":{"@context":"https:\/\/schema.org","@graph":[{"@type":"WebPage","@id":"https:\/\/www.alabianca.it\/it\/store\/ala-bianca-records\/come-non-detto-leonardo-rosi\/","url":"https:\/\/www.alabianca.it\/it\/store\/ala-bianca-records\/come-non-detto-leonardo-rosi\/","name":"Come non detto - Ala Bianca Group","isPartOf":{"@id":"https:\/\/www.alabianca.it\/it\/#website"},"primaryImageOfPage":{"@id":"https:\/\/www.alabianca.it\/it\/store\/ala-bianca-records\/come-non-detto-leonardo-rosi\/#primaryimage"},"image":{"@id":"https:\/\/www.alabianca.it\/it\/store\/ala-bianca-records\/come-non-detto-leonardo-rosi\/#primaryimage"},"thumbnailUrl":"https:\/\/www.alabianca.it\/wp-content\/uploads\/2015\/01\/Come_non_detto_5048bf5506c40.jpg","datePublished":"2015-01-23T16:07:23+00:00","dateModified":"2015-09-10T15:56:56+00:00","description":"Acquista ora Come non detto su Ala Bianca Group Editore e produttore discografico a Modena.","breadcrumb":{"@id":"https:\/\/www.alabianca.it\/it\/store\/ala-bianca-records\/come-non-detto-leonardo-rosi\/#breadcrumb"},"inLanguage":"it-IT","potentialAction":[{"@type":"ReadAction","target":["https:\/\/www.alabianca.it\/it\/store\/ala-bianca-records\/come-non-detto-leonardo-rosi\/"]}]},{"@type":"ImageObject","inLanguage":"it-IT","@id":"https:\/\/www.alabianca.it\/it\/store\/ala-bianca-records\/come-non-detto-leonardo-rosi\/#primaryimage","url":"https:\/\/www.alabianca.it\/wp-content\/uploads\/2015\/01\/Come_non_detto_5048bf5506c40.jpg","contentUrl":"https:\/\/www.alabianca.it\/wp-content\/uploads\/2015\/01\/Come_non_detto_5048bf5506c40.jpg","width":282,"height":282},{"@type":"BreadcrumbList","@id":"https:\/\/www.alabianca.it\/it\/store\/ala-bianca-records\/come-non-detto-leonardo-rosi\/#breadcrumb","itemListElement":[{"@type":"ListItem","position":1,"name":"Home","item":"https:\/\/www.alabianca.it\/it\/"},{"@type":"ListItem","position":2,"name":"Store","item":"https:\/\/www.alabianca.it\/it\/store\/"},{"@type":"ListItem","position":3,"name":"Come non detto"}]},{"@type":"WebSite","@id":"https:\/\/www.alabianca.it\/it\/#website","url":"https:\/\/www.alabianca.it\/it\/","name":"Ala Bianca Group","description":"Editore e produttore discografico","publisher":{"@id":"https:\/\/www.alabianca.it\/it\/#organization"},"potentialAction":[{"@type":"SearchAction","target":{"@type":"EntryPoint","urlTemplate":"https:\/\/www.alabianca.it\/it\/?s={search_term_string}"},"query-input":{"@type":"PropertyValueSpecification","valueRequired":true,"valueName":"search_term_string"}}],"inLanguage":"it-IT"},{"@type":"Organization","@id":"https:\/\/www.alabianca.it\/it\/#organization","name":"Alabianca Group S.r.l.","url":"https:\/\/www.alabianca.it\/it\/","logo":{"@type":"ImageObject","inLanguage":"it-IT","@id":"https:\/\/www.alabianca.it\/it\/#\/schema\/logo\/image\/","url":"https:\/\/www.alabianca.it\/wp-content\/uploads\/2018\/01\/alabianca-records-logo-2018-h-3.png","contentUrl":"https:\/\/www.alabianca.it\/wp-content\/uploads\/2018\/01\/alabianca-records-logo-2018-h-3.png","width":345,"height":133,"caption":"Alabianca Group S.r.l."},"image":{"@id":"https:\/\/www.alabianca.it\/it\/#\/schema\/logo\/image\/"}}]}},"_links":{"self":[{"href":"https:\/\/www.alabianca.it\/it\/wp-json\/wp\/v2\/product\/1783","targetHints":{"allow":["GET"]}}],"collection":[{"href":"https:\/\/www.alabianca.it\/it\/wp-json\/wp\/v2\/product"}],"about":[{"href":"https:\/\/www.alabianca.it\/it\/wp-json\/wp\/v2\/types\/product"}],"wp:featuredmedia":[{"embeddable":true,"href":"https:\/\/www.alabianca.it\/it\/wp-json\/wp\/v2\/media\/1784"}],"wp:attachment":[{"href":"https:\/\/www.alabianca.it\/it\/wp-json\/wp\/v2\/media?parent=1783"}],"wp:term":[{"taxonomy":"product_brand","embeddable":true,"href":"https:\/\/www.alabianca.it\/it\/wp-json\/wp\/v2\/product_brand?post=1783"},{"taxonomy":"product_cat","embeddable":true,"href":"https:\/\/www.alabianca.it\/it\/wp-json\/wp\/v2\/product_cat?post=1783"},{"taxonomy":"product_tag","embeddable":true,"href":"https:\/\/www.alabianca.it\/it\/wp-json\/wp\/v2\/product_tag?post=1783"}],"curies":[{"name":"wp","href":"https:\/\/api.w.org\/{rel}","templated":true}]}}