{"id":17840,"date":"2020-10-22T13:40:06","date_gmt":"2020-10-22T13:40:06","guid":{"rendered":"https:\/\/www.alabianca.it\/?post_type=product&#038;p=17840"},"modified":"2021-11-12T14:57:46","modified_gmt":"2021-11-12T14:57:46","slug":"paolo-pietrangeli-amore-amore-amore-amore-un-c","status":"publish","type":"product","link":"https:\/\/www.alabianca.it\/it\/store\/bravo-records\/paolo-pietrangeli-amore-amore-amore-amore-un-c\/","title":{"rendered":"Paolo Pietrangeli &#8211; Amore Amore Amore, Amore Un C&#8230;"},"content":{"rendered":"<h2><b><i>\u201cAMORE AMORE AMORE, AMORE UN C\u2026\u201d, l&#8217;addio alla discografia di Paolo Pietrangeli.<\/i><\/b><\/h2>\n<p><b><i>Una speciale stampa in vinile che raccoglie tredici brani dell\u2019autore di \u201cContessa\u201d e \u201cValle giulia\u201d, di cui tre inediti. In omaggio un live del 1995 a Roma.<\/i><\/b><\/p>\n<p><span style=\"font-weight: 400;\">\u00c8 da sempre considerato il cantore dei rapporti politici e sociali, dal \u201868 in poi, di \u201cContessa\u201d, \u201cValle Giulia\u201d e tante altre, ma Paolo Pietrangeli stavolta ci fa scoprire un\u2019altra faccia della sua poetica, quella che parla di amore, che indaga i rapporti uomo-donna. E lo fa con un nuovo disco, che \u00e8 particolarmente importante anche per un altro motivo: sar\u00e0 il suo ultimo. Un addio alla discografia, ad un mondo musicale cos\u00ec diverso da quello in cui aveva iniziato. Per questo simbolicamente il lavoro sar\u00e0 pubblicato solo in vinile (oltre che in digitale).<\/span><\/p>\n<p><span style=\"font-weight: 400;\">Il titolo dell\u2019album \u00e8 tutto un programma, \u201cAmore amore amore, amore un c\u2026\u201d, e fa capire che all\u2019interno non manca l\u2019inconfondibile, aguzza ironia dell\u2019artista romano, cos\u00ec come il suo lucido sguardo al mondo intorno. In tutto tredici canzoni, delle quali tre inedite, tra cui la traccia che ha dato lo spunto per il titolo dell\u2019album, \u201cAmore un cazzo\u201d.<\/span><\/p>\n","protected":false},"excerpt":{"rendered":"<p><b><i>\u201cAMORE AMORE AMORE, AMORE UN C\u2026\u201d, l&#8217;addio alla discografia di Paolo Pietrangeli.<\/i><\/b><\/p>\n<p><b><i>Una speciale stampa in vinile che raccoglie tredici brani dell\u2019autore di \u201cContessa\u201d e \u201cValle giulia\u201d, di cui tre inediti. In omaggio un live del 1995 a Roma.<\/i><\/b><\/p>\n<p><span style=\"font-weight: 400;\">Paolo Pietrangeli stavolta ci fa scoprire un\u2019altra faccia della sua poetica, quella che parla di amore. E lo fa con un nuovo disco, che \u00e8 particolarmente importante anche per un altro motivo: sar\u00e0 il suo ultimo.\u00a0<\/span><\/p>\n<p><span style=\"font-weight: 400;\">All\u2019interno non manca l\u2019inconfondibile, aguzza ironia dell\u2019artista romano, cos\u00ec come il suo lucido sguardo al mondo intorno.<\/span><\/p>\n","protected":false},"featured_media":17835,"template":"","meta":{"_acf_changed":false},"product_brand":[],"product_cat":[473],"product_tag":[],"class_list":{"0":"post-17840","1":"product","2":"type-product","3":"status-publish","4":"has-post-thumbnail","6":"product_cat-bravo-records","7":"pa_artista-paolo-pietrangeli","8":"pa_genere-canzone-dautore","9":"pa_supporto-vinile","11":"first","12":"instock","13":"taxable","14":"shipping-taxable","15":"purchasable","16":"product-type-simple"},"acf":[],"yoast_head":"<!-- This site is optimized with the Yoast SEO plugin v27.3 - https:\/\/yoast.com\/product\/yoast-seo-wordpress\/ -->\n<title>Paolo Pietrangeli - Amore Amore Amore, Amore Un C... | Ala Bianca Group<\/title>\n<meta name=\"description\" content=\"Acquista ora Paolo Pietrangeli - Amore Amore Amore, Amore Un C... su Ala Bianca Group Editore e produttore discografico a Modena.\" \/>\n<meta name=\"robots\" content=\"index, follow, max-snippet:-1, max-image-preview:large, max-video-preview:-1\" \/>\n<link rel=\"canonical\" href=\"https:\/\/www.alabianca.it\/it\/store\/bravo-records\/paolo-pietrangeli-amore-amore-amore-amore-un-c\/\" \/>\n<meta property=\"og:locale\" content=\"it_IT\" \/>\n<meta property=\"og:type\" content=\"article\" \/>\n<meta property=\"og:title\" content=\"Paolo Pietrangeli - Amore Amore Amore, Amore Un C... | Ala Bianca Group\" \/>\n<meta property=\"og:description\" content=\"Acquista ora Paolo Pietrangeli - Amore Amore Amore, Amore Un C... su Ala Bianca Group Editore e produttore discografico a Modena.\" \/>\n<meta property=\"og:url\" content=\"https:\/\/www.alabianca.it\/it\/store\/bravo-records\/paolo-pietrangeli-amore-amore-amore-amore-un-c\/\" \/>\n<meta property=\"og:site_name\" content=\"Ala Bianca Group\" \/>\n<meta property=\"article:modified_time\" content=\"2021-11-12T14:57:46+00:00\" \/>\n<meta property=\"og:image\" content=\"https:\/\/www.alabianca.it\/wp-content\/uploads\/2020\/10\/Cover_Pietrangeli_amore-un-scaled.jpg\" \/>\n\t<meta property=\"og:image:width\" content=\"2560\" \/>\n\t<meta property=\"og:image:height\" content=\"2545\" \/>\n\t<meta property=\"og:image:type\" content=\"image\/jpeg\" \/>\n<meta name=\"twitter:card\" content=\"summary_large_image\" \/>\n<meta name=\"twitter:label1\" content=\"Tempo di lettura stimato\" \/>\n\t<meta name=\"twitter:data1\" content=\"1 minuto\" \/>\n<script type=\"application\/ld+json\" class=\"yoast-schema-graph\">{\"@context\":\"https:\\\/\\\/schema.org\",\"@graph\":[{\"@type\":\"WebPage\",\"@id\":\"https:\\\/\\\/www.alabianca.it\\\/it\\\/store\\\/bravo-records\\\/paolo-pietrangeli-amore-amore-amore-amore-un-c\\\/\",\"url\":\"https:\\\/\\\/www.alabianca.it\\\/it\\\/store\\\/bravo-records\\\/paolo-pietrangeli-amore-amore-amore-amore-un-c\\\/\",\"name\":\"Paolo Pietrangeli - Amore Amore Amore, Amore Un C... | Ala Bianca Group\",\"isPartOf\":{\"@id\":\"https:\\\/\\\/www.alabianca.it\\\/it\\\/#website\"},\"primaryImageOfPage\":{\"@id\":\"https:\\\/\\\/www.alabianca.it\\\/it\\\/store\\\/bravo-records\\\/paolo-pietrangeli-amore-amore-amore-amore-un-c\\\/#primaryimage\"},\"image\":{\"@id\":\"https:\\\/\\\/www.alabianca.it\\\/it\\\/store\\\/bravo-records\\\/paolo-pietrangeli-amore-amore-amore-amore-un-c\\\/#primaryimage\"},\"thumbnailUrl\":\"https:\\\/\\\/www.alabianca.it\\\/wp-content\\\/uploads\\\/2020\\\/10\\\/Cover_Pietrangeli_amore-un-scaled.jpg\",\"datePublished\":\"2020-10-22T13:40:06+00:00\",\"dateModified\":\"2021-11-12T14:57:46+00:00\",\"description\":\"Acquista ora Paolo Pietrangeli - Amore Amore Amore, Amore Un C... su Ala Bianca Group Editore e produttore discografico a Modena.\",\"breadcrumb\":{\"@id\":\"https:\\\/\\\/www.alabianca.it\\\/it\\\/store\\\/bravo-records\\\/paolo-pietrangeli-amore-amore-amore-amore-un-c\\\/#breadcrumb\"},\"inLanguage\":\"it-IT\",\"potentialAction\":[{\"@type\":\"ReadAction\",\"target\":[\"https:\\\/\\\/www.alabianca.it\\\/it\\\/store\\\/bravo-records\\\/paolo-pietrangeli-amore-amore-amore-amore-un-c\\\/\"]}]},{\"@type\":\"ImageObject\",\"inLanguage\":\"it-IT\",\"@id\":\"https:\\\/\\\/www.alabianca.it\\\/it\\\/store\\\/bravo-records\\\/paolo-pietrangeli-amore-amore-amore-amore-un-c\\\/#primaryimage\",\"url\":\"https:\\\/\\\/www.alabianca.it\\\/wp-content\\\/uploads\\\/2020\\\/10\\\/Cover_Pietrangeli_amore-un-scaled.jpg\",\"contentUrl\":\"https:\\\/\\\/www.alabianca.it\\\/wp-content\\\/uploads\\\/2020\\\/10\\\/Cover_Pietrangeli_amore-un-scaled.jpg\",\"width\":2560,\"height\":2545,\"caption\":\"copertina amore amore amore un...c paolo pietrangeli\"},{\"@type\":\"BreadcrumbList\",\"@id\":\"https:\\\/\\\/www.alabianca.it\\\/it\\\/store\\\/bravo-records\\\/paolo-pietrangeli-amore-amore-amore-amore-un-c\\\/#breadcrumb\",\"itemListElement\":[{\"@type\":\"ListItem\",\"position\":1,\"name\":\"Home\",\"item\":\"https:\\\/\\\/www.alabianca.it\\\/it\\\/\"},{\"@type\":\"ListItem\",\"position\":2,\"name\":\"Store\",\"item\":\"https:\\\/\\\/www.alabianca.it\\\/it\\\/store\\\/\"},{\"@type\":\"ListItem\",\"position\":3,\"name\":\"Paolo Pietrangeli &#8211; Amore Amore Amore, Amore Un C&#8230;\"}]},{\"@type\":\"WebSite\",\"@id\":\"https:\\\/\\\/www.alabianca.it\\\/it\\\/#website\",\"url\":\"https:\\\/\\\/www.alabianca.it\\\/it\\\/\",\"name\":\"Ala Bianca Group\",\"description\":\"Editore e produttore discografico\",\"publisher\":{\"@id\":\"https:\\\/\\\/www.alabianca.it\\\/it\\\/#organization\"},\"potentialAction\":[{\"@type\":\"SearchAction\",\"target\":{\"@type\":\"EntryPoint\",\"urlTemplate\":\"https:\\\/\\\/www.alabianca.it\\\/it\\\/?s={search_term_string}\"},\"query-input\":{\"@type\":\"PropertyValueSpecification\",\"valueRequired\":true,\"valueName\":\"search_term_string\"}}],\"inLanguage\":\"it-IT\"},{\"@type\":\"Organization\",\"@id\":\"https:\\\/\\\/www.alabianca.it\\\/it\\\/#organization\",\"name\":\"Alabianca Group S.r.l.\",\"url\":\"https:\\\/\\\/www.alabianca.it\\\/it\\\/\",\"logo\":{\"@type\":\"ImageObject\",\"inLanguage\":\"it-IT\",\"@id\":\"https:\\\/\\\/www.alabianca.it\\\/it\\\/#\\\/schema\\\/logo\\\/image\\\/\",\"url\":\"https:\\\/\\\/www.alabianca.it\\\/wp-content\\\/uploads\\\/2018\\\/01\\\/alabianca-records-logo-2018-h-3.png\",\"contentUrl\":\"https:\\\/\\\/www.alabianca.it\\\/wp-content\\\/uploads\\\/2018\\\/01\\\/alabianca-records-logo-2018-h-3.png\",\"width\":345,\"height\":133,\"caption\":\"Alabianca Group S.r.l.\"},\"image\":{\"@id\":\"https:\\\/\\\/www.alabianca.it\\\/it\\\/#\\\/schema\\\/logo\\\/image\\\/\"}}]}<\/script>\n<!-- \/ Yoast SEO plugin. -->","yoast_head_json":{"title":"Paolo Pietrangeli - Amore Amore Amore, Amore Un C... | Ala Bianca Group","description":"Acquista ora Paolo Pietrangeli - Amore Amore Amore, Amore Un C... su Ala Bianca Group Editore e produttore discografico a Modena.","robots":{"index":"index","follow":"follow","max-snippet":"max-snippet:-1","max-image-preview":"max-image-preview:large","max-video-preview":"max-video-preview:-1"},"canonical":"https:\/\/www.alabianca.it\/it\/store\/bravo-records\/paolo-pietrangeli-amore-amore-amore-amore-un-c\/","og_locale":"it_IT","og_type":"article","og_title":"Paolo Pietrangeli - Amore Amore Amore, Amore Un C... | Ala Bianca Group","og_description":"Acquista ora Paolo Pietrangeli - Amore Amore Amore, Amore Un C... su Ala Bianca Group Editore e produttore discografico a Modena.","og_url":"https:\/\/www.alabianca.it\/it\/store\/bravo-records\/paolo-pietrangeli-amore-amore-amore-amore-un-c\/","og_site_name":"Ala Bianca Group","article_modified_time":"2021-11-12T14:57:46+00:00","og_image":[{"width":2560,"height":2545,"url":"https:\/\/www.alabianca.it\/wp-content\/uploads\/2020\/10\/Cover_Pietrangeli_amore-un-scaled.jpg","type":"image\/jpeg"}],"twitter_card":"summary_large_image","twitter_misc":{"Tempo di lettura stimato":"1 minuto"},"schema":{"@context":"https:\/\/schema.org","@graph":[{"@type":"WebPage","@id":"https:\/\/www.alabianca.it\/it\/store\/bravo-records\/paolo-pietrangeli-amore-amore-amore-amore-un-c\/","url":"https:\/\/www.alabianca.it\/it\/store\/bravo-records\/paolo-pietrangeli-amore-amore-amore-amore-un-c\/","name":"Paolo Pietrangeli - Amore Amore Amore, Amore Un C... | Ala Bianca Group","isPartOf":{"@id":"https:\/\/www.alabianca.it\/it\/#website"},"primaryImageOfPage":{"@id":"https:\/\/www.alabianca.it\/it\/store\/bravo-records\/paolo-pietrangeli-amore-amore-amore-amore-un-c\/#primaryimage"},"image":{"@id":"https:\/\/www.alabianca.it\/it\/store\/bravo-records\/paolo-pietrangeli-amore-amore-amore-amore-un-c\/#primaryimage"},"thumbnailUrl":"https:\/\/www.alabianca.it\/wp-content\/uploads\/2020\/10\/Cover_Pietrangeli_amore-un-scaled.jpg","datePublished":"2020-10-22T13:40:06+00:00","dateModified":"2021-11-12T14:57:46+00:00","description":"Acquista ora Paolo Pietrangeli - Amore Amore Amore, Amore Un C... su Ala Bianca Group Editore e produttore discografico a Modena.","breadcrumb":{"@id":"https:\/\/www.alabianca.it\/it\/store\/bravo-records\/paolo-pietrangeli-amore-amore-amore-amore-un-c\/#breadcrumb"},"inLanguage":"it-IT","potentialAction":[{"@type":"ReadAction","target":["https:\/\/www.alabianca.it\/it\/store\/bravo-records\/paolo-pietrangeli-amore-amore-amore-amore-un-c\/"]}]},{"@type":"ImageObject","inLanguage":"it-IT","@id":"https:\/\/www.alabianca.it\/it\/store\/bravo-records\/paolo-pietrangeli-amore-amore-amore-amore-un-c\/#primaryimage","url":"https:\/\/www.alabianca.it\/wp-content\/uploads\/2020\/10\/Cover_Pietrangeli_amore-un-scaled.jpg","contentUrl":"https:\/\/www.alabianca.it\/wp-content\/uploads\/2020\/10\/Cover_Pietrangeli_amore-un-scaled.jpg","width":2560,"height":2545,"caption":"copertina amore amore amore un...c paolo pietrangeli"},{"@type":"BreadcrumbList","@id":"https:\/\/www.alabianca.it\/it\/store\/bravo-records\/paolo-pietrangeli-amore-amore-amore-amore-un-c\/#breadcrumb","itemListElement":[{"@type":"ListItem","position":1,"name":"Home","item":"https:\/\/www.alabianca.it\/it\/"},{"@type":"ListItem","position":2,"name":"Store","item":"https:\/\/www.alabianca.it\/it\/store\/"},{"@type":"ListItem","position":3,"name":"Paolo Pietrangeli &#8211; Amore Amore Amore, Amore Un C&#8230;"}]},{"@type":"WebSite","@id":"https:\/\/www.alabianca.it\/it\/#website","url":"https:\/\/www.alabianca.it\/it\/","name":"Ala Bianca Group","description":"Editore e produttore discografico","publisher":{"@id":"https:\/\/www.alabianca.it\/it\/#organization"},"potentialAction":[{"@type":"SearchAction","target":{"@type":"EntryPoint","urlTemplate":"https:\/\/www.alabianca.it\/it\/?s={search_term_string}"},"query-input":{"@type":"PropertyValueSpecification","valueRequired":true,"valueName":"search_term_string"}}],"inLanguage":"it-IT"},{"@type":"Organization","@id":"https:\/\/www.alabianca.it\/it\/#organization","name":"Alabianca Group S.r.l.","url":"https:\/\/www.alabianca.it\/it\/","logo":{"@type":"ImageObject","inLanguage":"it-IT","@id":"https:\/\/www.alabianca.it\/it\/#\/schema\/logo\/image\/","url":"https:\/\/www.alabianca.it\/wp-content\/uploads\/2018\/01\/alabianca-records-logo-2018-h-3.png","contentUrl":"https:\/\/www.alabianca.it\/wp-content\/uploads\/2018\/01\/alabianca-records-logo-2018-h-3.png","width":345,"height":133,"caption":"Alabianca Group S.r.l."},"image":{"@id":"https:\/\/www.alabianca.it\/it\/#\/schema\/logo\/image\/"}}]}},"_links":{"self":[{"href":"https:\/\/www.alabianca.it\/it\/wp-json\/wp\/v2\/product\/17840","targetHints":{"allow":["GET"]}}],"collection":[{"href":"https:\/\/www.alabianca.it\/it\/wp-json\/wp\/v2\/product"}],"about":[{"href":"https:\/\/www.alabianca.it\/it\/wp-json\/wp\/v2\/types\/product"}],"wp:featuredmedia":[{"embeddable":true,"href":"https:\/\/www.alabianca.it\/it\/wp-json\/wp\/v2\/media\/17835"}],"wp:attachment":[{"href":"https:\/\/www.alabianca.it\/it\/wp-json\/wp\/v2\/media?parent=17840"}],"wp:term":[{"taxonomy":"product_brand","embeddable":true,"href":"https:\/\/www.alabianca.it\/it\/wp-json\/wp\/v2\/product_brand?post=17840"},{"taxonomy":"product_cat","embeddable":true,"href":"https:\/\/www.alabianca.it\/it\/wp-json\/wp\/v2\/product_cat?post=17840"},{"taxonomy":"product_tag","embeddable":true,"href":"https:\/\/www.alabianca.it\/it\/wp-json\/wp\/v2\/product_tag?post=17840"}],"curies":[{"name":"wp","href":"https:\/\/api.w.org\/{rel}","templated":true}]}}