{"id":1795,"date":"2015-01-23T16:07:23","date_gmt":"2015-01-23T16:07:23","guid":{"rendered":"https:\/\/www.alabianca.it\/?product=uninverse-denise"},"modified":"2026-04-08T16:56:48","modified_gmt":"2026-04-08T14:56:48","slug":"uninverse-denise","status":"publish","type":"product","link":"https:\/\/www.alabianca.it\/it\/store\/pop-rock\/al-kemi-records\/uninverse-denise\/","title":{"rendered":"Denise &#8211; Uninverse"},"content":{"rendered":"<div class=\"wpb-content-wrapper\"><p>[vc_row][vc_column][mpc_vc_deco_header type=&#8221;h2&#8243; align=&#8221;left&#8221; text=&#8221;Descrizione&#8221;][vc_column_text]<\/p>\n<h2>Info<\/h2>\n<p>\u0093Tutto \u00e8 il contrario di tutto\u0094: il leitmotiv che si snoda, traccia dopo traccia, nel nuovo lavoro di Denise.\u00a0\u0091Uninverse\u0092, registrato al Solo studio di Vercelli, arriva a due anni di distanza dall\u0092esordio della giovane artista salernitana che aveva stupito con il primo lavoro discografico, il precedente \u0091dodo, do!\u0092 .Una nuova produzione artistica: Roberto Vernetti\/Cristian Milani\/Michele Clivati, nuove sonorit\u00e0 che tendono pi\u00f9 al pop, ma si mischiano al rock ed a una buona dose di elettronica.Denise \u00e8 cresciuta e si sente. Dalla fanciullesca Alice nel Paese dei suoi amici immaginari, si trasforma in una ragazza adulta, decisa.\u00a0La nuova Denise tende ad essere pi\u00f9 \u0091fata ribelle\u0092 e con la sua voce pi\u00f9 matura si esprime sorprendendo.Queste dieci tracce dell\u0092album sono intrise di suoni diversi che si mischiano fluidamente l\u0092uno nell\u0092altro costruendo un sovra-mondo nel quale sarebbe bello vivere.\u00c8 la terra fiabesca di Denise, il suo Universo.<br \/>\nDenise in questo album canta che tutto pu\u00f2 essere sovvertito, il reale pu\u00f2 essere irreale e viceversa, e che sogno e fantasia possono essere la realt\u00e0 stessa.<br \/>\nCon Denise (voce e keyboards), hanno suonato in studio: Alessandro Di Liegro (chitarre) che \u00a0ha anche collaborato alla composizione dei brani, Antonio Pappacoda (batteria), Alessandro de Crescenzo (chitarre) e \u00a0Felice Calenda (basso).<br \/>\nOspite nel disco, voce e pianoforte, Marco Guazzone in: \u00a0\u0093Sailors\u0094, \u0093Halfman\u0094 \u0093Mantra\u0094 e nell&#8217;ultima traccia \u0093Lighthouse Keeper\u0094. L&#8217;artwork del disco \u00e8 a cura di Francesco Galdo e Denise.[\/vc_column_text][\/vc_column][\/vc_row]<\/p>\n<p><iframe width=260\" height=\"146\" src=\"http:\/\/www.youtube.com\/embed\/U9afdGHkyag?rel=0\" frameborder=\"0\" allowfullscreen><\/iframe>&#8221;<\/p>\n<p>https:\/\/itunes.apple.com\/us\/album\/uninverse\/id567763945<\/p>\n<\/div>","protected":false},"excerpt":{"rendered":"<\/p>\n<ol>\n<li>Parrots<\/li>\n<li>Mouthless<\/li>\n<li>Rain<\/li>\n<li>Piggy Poggy<\/li>\n<li>Mantra ofUniverse<\/li>\n<li>Sailors<\/li>\n<li>Superpop<\/li>\n<li>Pillow<\/li>\n<li>Halfman<\/li>\n<li>Lighthouse Keeper<\/li>\n<\/ol>\n<p>\n","protected":false},"featured_media":1796,"template":"","meta":{"_acf_changed":false},"product_brand":[],"product_cat":[635],"product_tag":[652],"class_list":{"0":"post-1795","1":"product","2":"type-product","3":"status-publish","4":"has-post-thumbnail","6":"product_cat-al-kemi-records","7":"product_tag-denise","8":"pa_genere-nuove-tendenze","9":"pa_supporto-cd","10":"pa_uscita-671","12":"first","13":"instock","14":"taxable","15":"shipping-taxable","16":"purchasable","17":"product-type-simple"},"acf":[],"yoast_head":"<!-- This site is optimized with the Yoast SEO plugin v27.4 - https:\/\/yoast.com\/product\/yoast-seo-wordpress\/ -->\n<title>Denise - Uninverse - Ala Bianca Group<\/title>\n<meta name=\"description\" content=\"Acquista ora Denise - Uninverse su Ala Bianca Group Editore e produttore discografico a Modena.\" \/>\n<meta name=\"robots\" content=\"index, follow, max-snippet:-1, max-image-preview:large, max-video-preview:-1\" \/>\n<link rel=\"canonical\" href=\"https:\/\/www.alabianca.it\/it\/store\/pop-rock\/al-kemi-records\/uninverse-denise\/\" \/>\n<meta property=\"og:locale\" content=\"it_IT\" \/>\n<meta property=\"og:type\" content=\"article\" \/>\n<meta property=\"og:title\" content=\"Denise - Uninverse - Ala Bianca Group\" \/>\n<meta property=\"og:description\" content=\"Acquista ora Denise - Uninverse su Ala Bianca Group Editore e produttore discografico a Modena.\" \/>\n<meta property=\"og:url\" content=\"https:\/\/www.alabianca.it\/it\/store\/pop-rock\/al-kemi-records\/uninverse-denise\/\" \/>\n<meta property=\"og:site_name\" content=\"Ala Bianca Group\" \/>\n<meta property=\"article:modified_time\" content=\"2026-04-08T14:56:48+00:00\" \/>\n<meta property=\"og:image\" content=\"https:\/\/www.alabianca.it\/wp-content\/uploads\/2015\/01\/Universe_5065a059e62c2.jpg\" \/>\n\t<meta property=\"og:image:width\" content=\"282\" \/>\n\t<meta property=\"og:image:height\" content=\"282\" \/>\n\t<meta property=\"og:image:type\" content=\"image\/jpeg\" \/>\n<meta name=\"twitter:card\" content=\"summary_large_image\" \/>\n<meta name=\"twitter:label1\" content=\"Tempo di lettura stimato\" \/>\n\t<meta name=\"twitter:data1\" content=\"1 minuto\" \/>\n<script type=\"application\/ld+json\" class=\"yoast-schema-graph\">{\"@context\":\"https:\\\/\\\/schema.org\",\"@graph\":[{\"@type\":\"WebPage\",\"@id\":\"https:\\\/\\\/www.alabianca.it\\\/it\\\/store\\\/pop-rock\\\/al-kemi-records\\\/uninverse-denise\\\/\",\"url\":\"https:\\\/\\\/www.alabianca.it\\\/it\\\/store\\\/pop-rock\\\/al-kemi-records\\\/uninverse-denise\\\/\",\"name\":\"Denise - Uninverse - Ala Bianca Group\",\"isPartOf\":{\"@id\":\"https:\\\/\\\/www.alabianca.it\\\/it\\\/#website\"},\"primaryImageOfPage\":{\"@id\":\"https:\\\/\\\/www.alabianca.it\\\/it\\\/store\\\/pop-rock\\\/al-kemi-records\\\/uninverse-denise\\\/#primaryimage\"},\"image\":{\"@id\":\"https:\\\/\\\/www.alabianca.it\\\/it\\\/store\\\/pop-rock\\\/al-kemi-records\\\/uninverse-denise\\\/#primaryimage\"},\"thumbnailUrl\":\"https:\\\/\\\/www.alabianca.it\\\/wp-content\\\/uploads\\\/2015\\\/01\\\/Universe_5065a059e62c2.jpg\",\"datePublished\":\"2015-01-23T16:07:23+00:00\",\"dateModified\":\"2026-04-08T14:56:48+00:00\",\"description\":\"Acquista ora Denise - Uninverse su Ala Bianca Group Editore e produttore discografico a Modena.\",\"breadcrumb\":{\"@id\":\"https:\\\/\\\/www.alabianca.it\\\/it\\\/store\\\/pop-rock\\\/al-kemi-records\\\/uninverse-denise\\\/#breadcrumb\"},\"inLanguage\":\"it-IT\",\"potentialAction\":[{\"@type\":\"ReadAction\",\"target\":[\"https:\\\/\\\/www.alabianca.it\\\/it\\\/store\\\/pop-rock\\\/al-kemi-records\\\/uninverse-denise\\\/\"]}]},{\"@type\":\"ImageObject\",\"inLanguage\":\"it-IT\",\"@id\":\"https:\\\/\\\/www.alabianca.it\\\/it\\\/store\\\/pop-rock\\\/al-kemi-records\\\/uninverse-denise\\\/#primaryimage\",\"url\":\"https:\\\/\\\/www.alabianca.it\\\/wp-content\\\/uploads\\\/2015\\\/01\\\/Universe_5065a059e62c2.jpg\",\"contentUrl\":\"https:\\\/\\\/www.alabianca.it\\\/wp-content\\\/uploads\\\/2015\\\/01\\\/Universe_5065a059e62c2.jpg\",\"width\":282,\"height\":282},{\"@type\":\"BreadcrumbList\",\"@id\":\"https:\\\/\\\/www.alabianca.it\\\/it\\\/store\\\/pop-rock\\\/al-kemi-records\\\/uninverse-denise\\\/#breadcrumb\",\"itemListElement\":[{\"@type\":\"ListItem\",\"position\":1,\"name\":\"Home\",\"item\":\"https:\\\/\\\/www.alabianca.it\\\/it\\\/\"},{\"@type\":\"ListItem\",\"position\":2,\"name\":\"Store\",\"item\":\"https:\\\/\\\/www.alabianca.it\\\/it\\\/store\\\/\"},{\"@type\":\"ListItem\",\"position\":3,\"name\":\"Denise &#8211; Uninverse\"}]},{\"@type\":\"WebSite\",\"@id\":\"https:\\\/\\\/www.alabianca.it\\\/it\\\/#website\",\"url\":\"https:\\\/\\\/www.alabianca.it\\\/it\\\/\",\"name\":\"Ala Bianca Group\",\"description\":\"Editore e produttore discografico\",\"publisher\":{\"@id\":\"https:\\\/\\\/www.alabianca.it\\\/it\\\/#organization\"},\"potentialAction\":[{\"@type\":\"SearchAction\",\"target\":{\"@type\":\"EntryPoint\",\"urlTemplate\":\"https:\\\/\\\/www.alabianca.it\\\/it\\\/?s={search_term_string}\"},\"query-input\":{\"@type\":\"PropertyValueSpecification\",\"valueRequired\":true,\"valueName\":\"search_term_string\"}}],\"inLanguage\":\"it-IT\"},{\"@type\":\"Organization\",\"@id\":\"https:\\\/\\\/www.alabianca.it\\\/it\\\/#organization\",\"name\":\"Alabianca Group S.r.l.\",\"url\":\"https:\\\/\\\/www.alabianca.it\\\/it\\\/\",\"logo\":{\"@type\":\"ImageObject\",\"inLanguage\":\"it-IT\",\"@id\":\"https:\\\/\\\/www.alabianca.it\\\/it\\\/#\\\/schema\\\/logo\\\/image\\\/\",\"url\":\"https:\\\/\\\/www.alabianca.it\\\/wp-content\\\/uploads\\\/2018\\\/01\\\/alabianca-records-logo-2018-h-3.png\",\"contentUrl\":\"https:\\\/\\\/www.alabianca.it\\\/wp-content\\\/uploads\\\/2018\\\/01\\\/alabianca-records-logo-2018-h-3.png\",\"width\":345,\"height\":133,\"caption\":\"Alabianca Group S.r.l.\"},\"image\":{\"@id\":\"https:\\\/\\\/www.alabianca.it\\\/it\\\/#\\\/schema\\\/logo\\\/image\\\/\"}}]}<\/script>\n<!-- \/ Yoast SEO plugin. -->","yoast_head_json":{"title":"Denise - Uninverse - Ala Bianca Group","description":"Acquista ora Denise - Uninverse su Ala Bianca Group Editore e produttore discografico a Modena.","robots":{"index":"index","follow":"follow","max-snippet":"max-snippet:-1","max-image-preview":"max-image-preview:large","max-video-preview":"max-video-preview:-1"},"canonical":"https:\/\/www.alabianca.it\/it\/store\/pop-rock\/al-kemi-records\/uninverse-denise\/","og_locale":"it_IT","og_type":"article","og_title":"Denise - Uninverse - Ala Bianca Group","og_description":"Acquista ora Denise - Uninverse su Ala Bianca Group Editore e produttore discografico a Modena.","og_url":"https:\/\/www.alabianca.it\/it\/store\/pop-rock\/al-kemi-records\/uninverse-denise\/","og_site_name":"Ala Bianca Group","article_modified_time":"2026-04-08T14:56:48+00:00","og_image":[{"width":282,"height":282,"url":"https:\/\/www.alabianca.it\/wp-content\/uploads\/2015\/01\/Universe_5065a059e62c2.jpg","type":"image\/jpeg"}],"twitter_card":"summary_large_image","twitter_misc":{"Tempo di lettura stimato":"1 minuto"},"schema":{"@context":"https:\/\/schema.org","@graph":[{"@type":"WebPage","@id":"https:\/\/www.alabianca.it\/it\/store\/pop-rock\/al-kemi-records\/uninverse-denise\/","url":"https:\/\/www.alabianca.it\/it\/store\/pop-rock\/al-kemi-records\/uninverse-denise\/","name":"Denise - Uninverse - Ala Bianca Group","isPartOf":{"@id":"https:\/\/www.alabianca.it\/it\/#website"},"primaryImageOfPage":{"@id":"https:\/\/www.alabianca.it\/it\/store\/pop-rock\/al-kemi-records\/uninverse-denise\/#primaryimage"},"image":{"@id":"https:\/\/www.alabianca.it\/it\/store\/pop-rock\/al-kemi-records\/uninverse-denise\/#primaryimage"},"thumbnailUrl":"https:\/\/www.alabianca.it\/wp-content\/uploads\/2015\/01\/Universe_5065a059e62c2.jpg","datePublished":"2015-01-23T16:07:23+00:00","dateModified":"2026-04-08T14:56:48+00:00","description":"Acquista ora Denise - Uninverse su Ala Bianca Group Editore e produttore discografico a Modena.","breadcrumb":{"@id":"https:\/\/www.alabianca.it\/it\/store\/pop-rock\/al-kemi-records\/uninverse-denise\/#breadcrumb"},"inLanguage":"it-IT","potentialAction":[{"@type":"ReadAction","target":["https:\/\/www.alabianca.it\/it\/store\/pop-rock\/al-kemi-records\/uninverse-denise\/"]}]},{"@type":"ImageObject","inLanguage":"it-IT","@id":"https:\/\/www.alabianca.it\/it\/store\/pop-rock\/al-kemi-records\/uninverse-denise\/#primaryimage","url":"https:\/\/www.alabianca.it\/wp-content\/uploads\/2015\/01\/Universe_5065a059e62c2.jpg","contentUrl":"https:\/\/www.alabianca.it\/wp-content\/uploads\/2015\/01\/Universe_5065a059e62c2.jpg","width":282,"height":282},{"@type":"BreadcrumbList","@id":"https:\/\/www.alabianca.it\/it\/store\/pop-rock\/al-kemi-records\/uninverse-denise\/#breadcrumb","itemListElement":[{"@type":"ListItem","position":1,"name":"Home","item":"https:\/\/www.alabianca.it\/it\/"},{"@type":"ListItem","position":2,"name":"Store","item":"https:\/\/www.alabianca.it\/it\/store\/"},{"@type":"ListItem","position":3,"name":"Denise &#8211; Uninverse"}]},{"@type":"WebSite","@id":"https:\/\/www.alabianca.it\/it\/#website","url":"https:\/\/www.alabianca.it\/it\/","name":"Ala Bianca Group","description":"Editore e produttore discografico","publisher":{"@id":"https:\/\/www.alabianca.it\/it\/#organization"},"potentialAction":[{"@type":"SearchAction","target":{"@type":"EntryPoint","urlTemplate":"https:\/\/www.alabianca.it\/it\/?s={search_term_string}"},"query-input":{"@type":"PropertyValueSpecification","valueRequired":true,"valueName":"search_term_string"}}],"inLanguage":"it-IT"},{"@type":"Organization","@id":"https:\/\/www.alabianca.it\/it\/#organization","name":"Alabianca Group S.r.l.","url":"https:\/\/www.alabianca.it\/it\/","logo":{"@type":"ImageObject","inLanguage":"it-IT","@id":"https:\/\/www.alabianca.it\/it\/#\/schema\/logo\/image\/","url":"https:\/\/www.alabianca.it\/wp-content\/uploads\/2018\/01\/alabianca-records-logo-2018-h-3.png","contentUrl":"https:\/\/www.alabianca.it\/wp-content\/uploads\/2018\/01\/alabianca-records-logo-2018-h-3.png","width":345,"height":133,"caption":"Alabianca Group S.r.l."},"image":{"@id":"https:\/\/www.alabianca.it\/it\/#\/schema\/logo\/image\/"}}]}},"_links":{"self":[{"href":"https:\/\/www.alabianca.it\/it\/wp-json\/wp\/v2\/product\/1795","targetHints":{"allow":["GET"]}}],"collection":[{"href":"https:\/\/www.alabianca.it\/it\/wp-json\/wp\/v2\/product"}],"about":[{"href":"https:\/\/www.alabianca.it\/it\/wp-json\/wp\/v2\/types\/product"}],"wp:featuredmedia":[{"embeddable":true,"href":"https:\/\/www.alabianca.it\/it\/wp-json\/wp\/v2\/media\/1796"}],"wp:attachment":[{"href":"https:\/\/www.alabianca.it\/it\/wp-json\/wp\/v2\/media?parent=1795"}],"wp:term":[{"taxonomy":"product_brand","embeddable":true,"href":"https:\/\/www.alabianca.it\/it\/wp-json\/wp\/v2\/product_brand?post=1795"},{"taxonomy":"product_cat","embeddable":true,"href":"https:\/\/www.alabianca.it\/it\/wp-json\/wp\/v2\/product_cat?post=1795"},{"taxonomy":"product_tag","embeddable":true,"href":"https:\/\/www.alabianca.it\/it\/wp-json\/wp\/v2\/product_tag?post=1795"}],"curies":[{"name":"wp","href":"https:\/\/api.w.org\/{rel}","templated":true}]}}