{"id":1804,"date":"2015-01-23T16:08:31","date_gmt":"2015-01-23T16:08:31","guid":{"rendered":"https:\/\/www.alabianca.it\/?product=rain-denise"},"modified":"2024-03-11T08:59:15","modified_gmt":"2024-03-11T08:59:15","slug":"rain-denise","status":"publish","type":"product","link":"https:\/\/www.alabianca.it\/it\/store\/ala-bianca-records\/rain-denise\/","title":{"rendered":"Denise &#8211; Rain"},"content":{"rendered":"<p><em><strong>Rain<\/strong><\/em> \u00e8 il singolo di <a href=\"https:\/\/it.wikipedia.org\/wiki\/Denise_(cantante)\"><em><strong>Denise<\/strong><\/em><\/a> che anticipa l&#8217;album <em><strong><a href=\"https:\/\/www.alabianca.it\/it\/store\/pop-rock\/al-kemi-records\/uninverse-denise\/\">Universe<\/a>.<\/strong><\/em><\/p>\n<p><strong>Denise <\/strong>\u00e8 da molti considerata la rivelazione della musica indipendente italiana. Con il suo album d\u2019esordio <strong><a href=\"https:\/\/www.alabianca.it\/it\/store\/pop-rock\/al-kemi-records\/dodo-do-denise\/\">Dodo, do<\/a>!<\/strong>\u00a0uscito a fine 2010 e prodotto da\u00a0<strong>Gianni Maroccolo<\/strong>,\u00a0aveva suscitato un inatteso ed esaltante interesse nel mercato della discografia, dei live e dei media, tanto da attirare l\u2019attenzione di Radio Deejay, MTV, RadioRai2.<br \/>\nDenise ha registrato <strong>Rain <\/strong>al Solo studio sotto una nuova produzione artistica, quella di\u00a0<strong>Roberto Vernetti<\/strong>,\u00a0<strong>Cristian Milani<\/strong>\u00a0e\u00a0<strong>Michele Clivati.<\/strong><br \/>\nUn disco ricco di novit\u00e0 che\u00a0arriva a due anni di distanza dall\u2019esordio e\u00a0che sar\u00e0 nei negozi il\u00a030 ottobre.<br \/>\nDue anni in cui Denise \u00e8 cresciuta e si \u00e8 trasformata dalla fanciullesca Alice nel Paese dei suoi amici immaginari, in una ragazza adulta, decisa, che sa ci\u00f2 che vuole.<\/p>\n<p>Suoni diversi che si mischiano l\u2019uno dentro l\u2019altro, armonie che si snodano tra le parole dell\u2019artista e ci permettono di immergerci a pieno nel suo Universo, dove, come lei stessa afferma:\u00a0<em>tutto \u00e8 il contrario di tutto<\/em>.<\/p>\n","protected":false},"excerpt":{"rendered":"<p>Rain \u00e8 il singolo di Denise che anticipa l&#8217;album Universe. Denise \u00e8 da molti considerata la rivelazione della musica indipendente italiana. Con il suo album d\u2019esordio Dodo, do!\u00a0uscito a fine 2010 e prodotto da\u00a0Gianni Maroccolo,\u00a0aveva suscitato un inatteso ed esaltante interesse nel mercato della discografia, dei live e dei media, tanto da attirare l\u2019attenzione di [&hellip;]<\/p>\n","protected":false},"featured_media":20586,"template":"","meta":{"_acf_changed":false},"product_brand":[],"product_cat":[437],"product_tag":[652],"class_list":{"0":"post-1804","1":"product","2":"type-product","3":"status-publish","4":"has-post-thumbnail","6":"product_cat-ala-bianca-records","7":"product_tag-denise","8":"pa_genere-nuove-tendenze","9":"pa_supporto-digitale","10":"pa_uscita-671","12":"first","13":"instock","14":"taxable","15":"shipping-taxable","16":"product-type-simple"},"acf":[],"yoast_head":"<!-- This site is optimized with the Yoast SEO plugin v27.5 - https:\/\/yoast.com\/product\/yoast-seo-wordpress\/ -->\n<title>Denise - Rain - Ala Bianca Group<\/title>\n<meta name=\"description\" content=\"Acquista ora Denise - Rain su Ala Bianca Group Editore e produttore discografico a Modena. Il nuovo singolo che anticipa l&#039;album.\" \/>\n<meta name=\"robots\" content=\"index, follow, max-snippet:-1, max-image-preview:large, max-video-preview:-1\" \/>\n<link rel=\"canonical\" href=\"https:\/\/www.alabianca.it\/it\/store\/ala-bianca-records\/rain-denise\/\" \/>\n<meta property=\"og:locale\" content=\"it_IT\" \/>\n<meta property=\"og:type\" content=\"article\" \/>\n<meta property=\"og:title\" content=\"Denise - Rain - Ala Bianca Group\" \/>\n<meta property=\"og:description\" content=\"Acquista ora Denise - Rain su Ala Bianca Group Editore e produttore discografico a Modena. Il nuovo singolo che anticipa l&#039;album.\" \/>\n<meta property=\"og:url\" content=\"https:\/\/www.alabianca.it\/it\/store\/ala-bianca-records\/rain-denise\/\" \/>\n<meta property=\"og:site_name\" content=\"Ala Bianca Group\" \/>\n<meta property=\"article:modified_time\" content=\"2024-03-11T08:59:15+00:00\" \/>\n<meta property=\"og:image\" content=\"https:\/\/www.alabianca.it\/wp-content\/uploads\/2015\/01\/Rain-1024x1024.png\" \/>\n\t<meta property=\"og:image:width\" content=\"1024\" \/>\n\t<meta property=\"og:image:height\" content=\"1024\" \/>\n\t<meta property=\"og:image:type\" content=\"image\/png\" \/>\n<meta name=\"twitter:card\" content=\"summary_large_image\" \/>\n<meta name=\"twitter:label1\" content=\"Tempo di lettura stimato\" \/>\n\t<meta name=\"twitter:data1\" content=\"2 minuti\" \/>\n<script type=\"application\/ld+json\" class=\"yoast-schema-graph\">{\"@context\":\"https:\\\/\\\/schema.org\",\"@graph\":[{\"@type\":\"WebPage\",\"@id\":\"https:\\\/\\\/www.alabianca.it\\\/it\\\/store\\\/ala-bianca-records\\\/rain-denise\\\/\",\"url\":\"https:\\\/\\\/www.alabianca.it\\\/it\\\/store\\\/ala-bianca-records\\\/rain-denise\\\/\",\"name\":\"Denise - Rain - Ala Bianca Group\",\"isPartOf\":{\"@id\":\"https:\\\/\\\/www.alabianca.it\\\/it\\\/#website\"},\"primaryImageOfPage\":{\"@id\":\"https:\\\/\\\/www.alabianca.it\\\/it\\\/store\\\/ala-bianca-records\\\/rain-denise\\\/#primaryimage\"},\"image\":{\"@id\":\"https:\\\/\\\/www.alabianca.it\\\/it\\\/store\\\/ala-bianca-records\\\/rain-denise\\\/#primaryimage\"},\"thumbnailUrl\":\"https:\\\/\\\/www.alabianca.it\\\/wp-content\\\/uploads\\\/2015\\\/01\\\/Rain.png\",\"datePublished\":\"2015-01-23T16:08:31+00:00\",\"dateModified\":\"2024-03-11T08:59:15+00:00\",\"description\":\"Acquista ora Denise - Rain su Ala Bianca Group Editore e produttore discografico a Modena. Il nuovo singolo che anticipa l'album.\",\"breadcrumb\":{\"@id\":\"https:\\\/\\\/www.alabianca.it\\\/it\\\/store\\\/ala-bianca-records\\\/rain-denise\\\/#breadcrumb\"},\"inLanguage\":\"it-IT\",\"potentialAction\":[{\"@type\":\"ReadAction\",\"target\":[\"https:\\\/\\\/www.alabianca.it\\\/it\\\/store\\\/ala-bianca-records\\\/rain-denise\\\/\"]}]},{\"@type\":\"ImageObject\",\"inLanguage\":\"it-IT\",\"@id\":\"https:\\\/\\\/www.alabianca.it\\\/it\\\/store\\\/ala-bianca-records\\\/rain-denise\\\/#primaryimage\",\"url\":\"https:\\\/\\\/www.alabianca.it\\\/wp-content\\\/uploads\\\/2015\\\/01\\\/Rain.png\",\"contentUrl\":\"https:\\\/\\\/www.alabianca.it\\\/wp-content\\\/uploads\\\/2015\\\/01\\\/Rain.png\",\"width\":1450,\"height\":1450,\"caption\":\"cover per rain denise\"},{\"@type\":\"BreadcrumbList\",\"@id\":\"https:\\\/\\\/www.alabianca.it\\\/it\\\/store\\\/ala-bianca-records\\\/rain-denise\\\/#breadcrumb\",\"itemListElement\":[{\"@type\":\"ListItem\",\"position\":1,\"name\":\"Home\",\"item\":\"https:\\\/\\\/www.alabianca.it\\\/it\\\/\"},{\"@type\":\"ListItem\",\"position\":2,\"name\":\"Store\",\"item\":\"https:\\\/\\\/www.alabianca.it\\\/it\\\/store\\\/\"},{\"@type\":\"ListItem\",\"position\":3,\"name\":\"Denise &#8211; Rain\"}]},{\"@type\":\"WebSite\",\"@id\":\"https:\\\/\\\/www.alabianca.it\\\/it\\\/#website\",\"url\":\"https:\\\/\\\/www.alabianca.it\\\/it\\\/\",\"name\":\"Ala Bianca Group\",\"description\":\"Editore e produttore discografico\",\"publisher\":{\"@id\":\"https:\\\/\\\/www.alabianca.it\\\/it\\\/#organization\"},\"potentialAction\":[{\"@type\":\"SearchAction\",\"target\":{\"@type\":\"EntryPoint\",\"urlTemplate\":\"https:\\\/\\\/www.alabianca.it\\\/it\\\/?s={search_term_string}\"},\"query-input\":{\"@type\":\"PropertyValueSpecification\",\"valueRequired\":true,\"valueName\":\"search_term_string\"}}],\"inLanguage\":\"it-IT\"},{\"@type\":\"Organization\",\"@id\":\"https:\\\/\\\/www.alabianca.it\\\/it\\\/#organization\",\"name\":\"Alabianca Group S.r.l.\",\"url\":\"https:\\\/\\\/www.alabianca.it\\\/it\\\/\",\"logo\":{\"@type\":\"ImageObject\",\"inLanguage\":\"it-IT\",\"@id\":\"https:\\\/\\\/www.alabianca.it\\\/it\\\/#\\\/schema\\\/logo\\\/image\\\/\",\"url\":\"https:\\\/\\\/www.alabianca.it\\\/wp-content\\\/uploads\\\/2018\\\/01\\\/alabianca-records-logo-2018-h-3.png\",\"contentUrl\":\"https:\\\/\\\/www.alabianca.it\\\/wp-content\\\/uploads\\\/2018\\\/01\\\/alabianca-records-logo-2018-h-3.png\",\"width\":345,\"height\":133,\"caption\":\"Alabianca Group S.r.l.\"},\"image\":{\"@id\":\"https:\\\/\\\/www.alabianca.it\\\/it\\\/#\\\/schema\\\/logo\\\/image\\\/\"}}]}<\/script>\n<!-- \/ Yoast SEO plugin. -->","yoast_head_json":{"title":"Denise - Rain - Ala Bianca Group","description":"Acquista ora Denise - Rain su Ala Bianca Group Editore e produttore discografico a Modena. Il nuovo singolo che anticipa l'album.","robots":{"index":"index","follow":"follow","max-snippet":"max-snippet:-1","max-image-preview":"max-image-preview:large","max-video-preview":"max-video-preview:-1"},"canonical":"https:\/\/www.alabianca.it\/it\/store\/ala-bianca-records\/rain-denise\/","og_locale":"it_IT","og_type":"article","og_title":"Denise - Rain - Ala Bianca Group","og_description":"Acquista ora Denise - Rain su Ala Bianca Group Editore e produttore discografico a Modena. Il nuovo singolo che anticipa l'album.","og_url":"https:\/\/www.alabianca.it\/it\/store\/ala-bianca-records\/rain-denise\/","og_site_name":"Ala Bianca Group","article_modified_time":"2024-03-11T08:59:15+00:00","og_image":[{"width":1024,"height":1024,"url":"https:\/\/www.alabianca.it\/wp-content\/uploads\/2015\/01\/Rain-1024x1024.png","type":"image\/png"}],"twitter_card":"summary_large_image","twitter_misc":{"Tempo di lettura stimato":"2 minuti"},"schema":{"@context":"https:\/\/schema.org","@graph":[{"@type":"WebPage","@id":"https:\/\/www.alabianca.it\/it\/store\/ala-bianca-records\/rain-denise\/","url":"https:\/\/www.alabianca.it\/it\/store\/ala-bianca-records\/rain-denise\/","name":"Denise - Rain - Ala Bianca Group","isPartOf":{"@id":"https:\/\/www.alabianca.it\/it\/#website"},"primaryImageOfPage":{"@id":"https:\/\/www.alabianca.it\/it\/store\/ala-bianca-records\/rain-denise\/#primaryimage"},"image":{"@id":"https:\/\/www.alabianca.it\/it\/store\/ala-bianca-records\/rain-denise\/#primaryimage"},"thumbnailUrl":"https:\/\/www.alabianca.it\/wp-content\/uploads\/2015\/01\/Rain.png","datePublished":"2015-01-23T16:08:31+00:00","dateModified":"2024-03-11T08:59:15+00:00","description":"Acquista ora Denise - Rain su Ala Bianca Group Editore e produttore discografico a Modena. Il nuovo singolo che anticipa l'album.","breadcrumb":{"@id":"https:\/\/www.alabianca.it\/it\/store\/ala-bianca-records\/rain-denise\/#breadcrumb"},"inLanguage":"it-IT","potentialAction":[{"@type":"ReadAction","target":["https:\/\/www.alabianca.it\/it\/store\/ala-bianca-records\/rain-denise\/"]}]},{"@type":"ImageObject","inLanguage":"it-IT","@id":"https:\/\/www.alabianca.it\/it\/store\/ala-bianca-records\/rain-denise\/#primaryimage","url":"https:\/\/www.alabianca.it\/wp-content\/uploads\/2015\/01\/Rain.png","contentUrl":"https:\/\/www.alabianca.it\/wp-content\/uploads\/2015\/01\/Rain.png","width":1450,"height":1450,"caption":"cover per rain denise"},{"@type":"BreadcrumbList","@id":"https:\/\/www.alabianca.it\/it\/store\/ala-bianca-records\/rain-denise\/#breadcrumb","itemListElement":[{"@type":"ListItem","position":1,"name":"Home","item":"https:\/\/www.alabianca.it\/it\/"},{"@type":"ListItem","position":2,"name":"Store","item":"https:\/\/www.alabianca.it\/it\/store\/"},{"@type":"ListItem","position":3,"name":"Denise &#8211; Rain"}]},{"@type":"WebSite","@id":"https:\/\/www.alabianca.it\/it\/#website","url":"https:\/\/www.alabianca.it\/it\/","name":"Ala Bianca Group","description":"Editore e produttore discografico","publisher":{"@id":"https:\/\/www.alabianca.it\/it\/#organization"},"potentialAction":[{"@type":"SearchAction","target":{"@type":"EntryPoint","urlTemplate":"https:\/\/www.alabianca.it\/it\/?s={search_term_string}"},"query-input":{"@type":"PropertyValueSpecification","valueRequired":true,"valueName":"search_term_string"}}],"inLanguage":"it-IT"},{"@type":"Organization","@id":"https:\/\/www.alabianca.it\/it\/#organization","name":"Alabianca Group S.r.l.","url":"https:\/\/www.alabianca.it\/it\/","logo":{"@type":"ImageObject","inLanguage":"it-IT","@id":"https:\/\/www.alabianca.it\/it\/#\/schema\/logo\/image\/","url":"https:\/\/www.alabianca.it\/wp-content\/uploads\/2018\/01\/alabianca-records-logo-2018-h-3.png","contentUrl":"https:\/\/www.alabianca.it\/wp-content\/uploads\/2018\/01\/alabianca-records-logo-2018-h-3.png","width":345,"height":133,"caption":"Alabianca Group S.r.l."},"image":{"@id":"https:\/\/www.alabianca.it\/it\/#\/schema\/logo\/image\/"}}]}},"_links":{"self":[{"href":"https:\/\/www.alabianca.it\/it\/wp-json\/wp\/v2\/product\/1804","targetHints":{"allow":["GET"]}}],"collection":[{"href":"https:\/\/www.alabianca.it\/it\/wp-json\/wp\/v2\/product"}],"about":[{"href":"https:\/\/www.alabianca.it\/it\/wp-json\/wp\/v2\/types\/product"}],"wp:featuredmedia":[{"embeddable":true,"href":"https:\/\/www.alabianca.it\/it\/wp-json\/wp\/v2\/media\/20586"}],"wp:attachment":[{"href":"https:\/\/www.alabianca.it\/it\/wp-json\/wp\/v2\/media?parent=1804"}],"wp:term":[{"taxonomy":"product_brand","embeddable":true,"href":"https:\/\/www.alabianca.it\/it\/wp-json\/wp\/v2\/product_brand?post=1804"},{"taxonomy":"product_cat","embeddable":true,"href":"https:\/\/www.alabianca.it\/it\/wp-json\/wp\/v2\/product_cat?post=1804"},{"taxonomy":"product_tag","embeddable":true,"href":"https:\/\/www.alabianca.it\/it\/wp-json\/wp\/v2\/product_tag?post=1804"}],"curies":[{"name":"wp","href":"https:\/\/api.w.org\/{rel}","templated":true}]}}