{"id":1813,"date":"2015-01-23T16:08:31","date_gmt":"2015-01-23T16:08:31","guid":{"rendered":"https:\/\/www.alabianca.it\/?product=allegra-paolo-jannacci"},"modified":"2024-12-14T21:04:00","modified_gmt":"2024-12-14T19:04:00","slug":"allegra-paolo-jannacci","status":"publish","type":"product","link":"https:\/\/www.alabianca.it\/it\/store\/bravo-records\/allegra-paolo-jannacci\/","title":{"rendered":"Paolo Jannacci &#8211; Allegra"},"content":{"rendered":"<p><a href=\"https:\/\/it.wikipedia.org\/wiki\/Paolo_Jannacci\"><strong>Paolo Jannacci<\/strong><\/a> concepisce <i><b>Allegra<\/b><\/i>\u00a0in un momento d\u0092amore verso la figlia.<\/p>\n<p>Stilisticamente &#8220;<i><b>Allegra <\/b><\/i>&#8221; \u00e8 un disco che evolve dal precedente.<br \/>\nIl trio jazz di <b>Paolo Jannacci <\/b>(piano-fisa) <b>Stefano Bagnoli <\/b>(batteria) , <b>Marco Ricci<\/b>(basso) \u00e8 molto consolidato ed \u00e8 attento a dar voce e spazio a nuove sonorit\u00e0 e collaborazioni nei seguenti brani dell\u0092album:<\/p>\n<p>&#8220;<i><b>Aurora<\/b><\/i><i> &#8221; <\/i>splendido suono di violoncello (<b>Sandro Laffranchini<\/b>) ed archi pieni e rigorosi dell<b>&#8216;Orchestra Concertante<\/b> di Milano;<br \/>\n&#8220;<i><b>La vita scorre<\/b><\/i>&#8220;, la chitarra di <b>Bebo Ferra<\/b>(gi\u00e0 sentito con Paolo Fresu Devil quartet);<br \/>\n&#8220;<i><b>Chim chim cher-ee<\/b><\/i><b>&#8220;<\/b>, dall&#8217;indimenticabile Mary Poppins, <b>Enrico Intra<\/b> duetta con Paolo Jannacci creando incredibili sfumature sonore e ritmiche.<br \/>\nIl M\u00b0 Intra ed il M\u00b0 Jannacci regalano poi un inedito \u0093<i><b>\u00c9coutez mon ami<\/b><\/i>\u0094 esplorando la purezza della musica e della creazione.<br \/>\n\u0093<i><b>Parigi\u0094, <\/b><\/i>un Paolo Conte rivisto dalla tromba di <b>Marco Brioschi<\/b> che conferisce poesia e relax al brano.<\/p>\n<p>Il trio emana sonorit\u00e0, lirismo ed intensa poliritmicit\u00e0.<br \/>\nJannacci sviluppa un autentico interplay con gli ospiti, un rapporto artistico \u0091palpabile\u0092.<br \/>\nLe immagini sono dominanti. Ogni brano \u00e8 un quadro e si &#8220;sentono&#8221; colori precisi(le foto sono di <b>Simone Galbiati)<\/b>.<\/p>\n<p>La maturit\u00e0 stilistica di Paolo Jannacci risalta particolarmente ne la \u0091<i><b>Mazurka\u0092<\/b><\/i><b> di F. Chopin<\/b> e nei brani piano-solo, oltre che nella splendida e sognante &#8220;<i><b>Over the Rainbow<\/b><\/i>&#8220;.<\/p>\n<p>Il disco \u00e8 registrato, mixato e masterizzato rispettando l&#8217;eccellenza del supporto tecnologico digitale(un plauso quindi anche a <b>Celeste Frigo<\/b>, ingegnere del suono).<\/p>\n<p><i><b>&#8220;Splendida Serata<\/b><\/i><i>&#8220;,<\/i> bonus track, scritto e composto da Paolo Jannacci, interpretato da <b>Sergio Cocchi<\/b>, \u00e8 una parentesi Jannacciana, una vena di follia che si discosta dal resto del disco(parla di un venditore di maglioni\u0085, sembra suonino gli EarthWind&amp;Fire&#8230;)<\/p>\n<p>Forse valeva la pena di aspettare 5 anni !!!<\/p>\n","protected":false},"excerpt":{"rendered":"<p>01 <b>ALLEGRA<\/b> (p.jannacci)<\/p>\n<p>02 <b>I COLORI DEL LAGO<\/b> (s.bagnoli)<\/p>\n<p>03 <b>FRANCESE<\/b> (p.jannacci)<\/p>\n<p>04 <b>AURORA<\/b> (p.jannacci)<\/p>\n<p>05 <b>LA VITA SCORRE<\/b> (p.Jannacci)<\/p>\n<p>06 <b>OVER THE RAINBOW<\/b> (harold arlen)<\/p>\n<p>07 <b>LATINAMENTE<\/b> (p.jannacci)<\/p>\n<p>08 <b>\u00c9COUTEZ MON AMI <\/b>(e.intra\/p.jannacci)<b> <\/b><\/p>\n<p>09 <b>CHIM CHIM CHER-EE<\/b> (r\/r. sherman)<\/p>\n<p>10 <b>PARIGI <\/b>(p.conte)<\/p>\n<p>11 <b>MAZURKA op.68n.2<\/b> (f.chopin)<\/p>\n<p>12 <b>CIAO <\/b>(m.ricci)<\/p>\n<p>13 <b>SOMEONE TO WATCH OVER ME<\/b> \/ <b>OVER THE RAINBOW<\/b>(g.gershwin\/h.arlen),medley piano solo<\/p>\n<p>14 <b>ALLEGRA<\/b> (p.jannacci), piano solo<\/p>\n<p>bonus track:<\/p>\n<p>15 <b>SPLENDIDA SERATA<\/b> (p.jannacci), lead vocal <b>Sergio Cocchi<\/b>;backround vocal <b>Claudia D\u0092Ulisse<\/b><\/p>\n<p>&nbsp;<\/p>\n","protected":false},"featured_media":20520,"template":"","meta":{"_acf_changed":false},"product_brand":[],"product_cat":[473],"product_tag":[572],"class_list":{"0":"post-1813","1":"product","2":"type-product","3":"status-publish","4":"has-post-thumbnail","6":"product_cat-bravo-records","7":"product_tag-paolo-jannacci","8":"pa_genere-rocksoulfunkyjazzfolk","9":"pa_supporto-cd","10":"pa_uscita-690","12":"first","13":"instock","14":"taxable","15":"shipping-taxable","16":"purchasable","17":"product-type-simple"},"acf":[],"yoast_head":"<!-- This site is optimized with the Yoast SEO plugin v27.5 - https:\/\/yoast.com\/product\/yoast-seo-wordpress\/ -->\n<title>Paolo Jannacci - Allegra - Ala Bianca Group<\/title>\n<meta name=\"description\" content=\"Acquista ora Paolo Jannacci - Allegra su Ala Bianca Group - Editore e produttore discografico a Modena. Il nuovo disco del cantautore.\" \/>\n<meta name=\"robots\" content=\"index, follow, max-snippet:-1, max-image-preview:large, max-video-preview:-1\" \/>\n<link rel=\"canonical\" href=\"https:\/\/www.alabianca.it\/it\/store\/bravo-records\/allegra-paolo-jannacci\/\" \/>\n<meta property=\"og:locale\" content=\"it_IT\" \/>\n<meta property=\"og:type\" content=\"article\" \/>\n<meta property=\"og:title\" content=\"Paolo Jannacci - Allegra - Ala Bianca Group\" \/>\n<meta property=\"og:description\" content=\"Acquista ora Paolo Jannacci - Allegra su Ala Bianca Group - Editore e produttore discografico a Modena. Il nuovo disco del cantautore.\" \/>\n<meta property=\"og:url\" content=\"https:\/\/www.alabianca.it\/it\/store\/bravo-records\/allegra-paolo-jannacci\/\" \/>\n<meta property=\"og:site_name\" content=\"Ala Bianca Group\" \/>\n<meta property=\"article:modified_time\" content=\"2024-12-14T19:04:00+00:00\" \/>\n<meta property=\"og:image\" content=\"https:\/\/www.alabianca.it\/wp-content\/uploads\/2015\/01\/Allegra-1024x1024.png\" \/>\n\t<meta property=\"og:image:width\" content=\"1024\" \/>\n\t<meta property=\"og:image:height\" content=\"1024\" \/>\n\t<meta property=\"og:image:type\" content=\"image\/png\" \/>\n<meta name=\"twitter:card\" content=\"summary_large_image\" \/>\n<meta name=\"twitter:label1\" content=\"Tempo di lettura stimato\" \/>\n\t<meta name=\"twitter:data1\" content=\"2 minuti\" \/>\n<script type=\"application\/ld+json\" class=\"yoast-schema-graph\">{\"@context\":\"https:\\\/\\\/schema.org\",\"@graph\":[{\"@type\":\"WebPage\",\"@id\":\"https:\\\/\\\/www.alabianca.it\\\/it\\\/store\\\/bravo-records\\\/allegra-paolo-jannacci\\\/\",\"url\":\"https:\\\/\\\/www.alabianca.it\\\/it\\\/store\\\/bravo-records\\\/allegra-paolo-jannacci\\\/\",\"name\":\"Paolo Jannacci - Allegra - Ala Bianca Group\",\"isPartOf\":{\"@id\":\"https:\\\/\\\/www.alabianca.it\\\/it\\\/#website\"},\"primaryImageOfPage\":{\"@id\":\"https:\\\/\\\/www.alabianca.it\\\/it\\\/store\\\/bravo-records\\\/allegra-paolo-jannacci\\\/#primaryimage\"},\"image\":{\"@id\":\"https:\\\/\\\/www.alabianca.it\\\/it\\\/store\\\/bravo-records\\\/allegra-paolo-jannacci\\\/#primaryimage\"},\"thumbnailUrl\":\"https:\\\/\\\/www.alabianca.it\\\/wp-content\\\/uploads\\\/2015\\\/01\\\/Allegra.png\",\"datePublished\":\"2015-01-23T16:08:31+00:00\",\"dateModified\":\"2024-12-14T19:04:00+00:00\",\"description\":\"Acquista ora Paolo Jannacci - Allegra su Ala Bianca Group - Editore e produttore discografico a Modena. Il nuovo disco del cantautore.\",\"breadcrumb\":{\"@id\":\"https:\\\/\\\/www.alabianca.it\\\/it\\\/store\\\/bravo-records\\\/allegra-paolo-jannacci\\\/#breadcrumb\"},\"inLanguage\":\"it-IT\",\"potentialAction\":[{\"@type\":\"ReadAction\",\"target\":[\"https:\\\/\\\/www.alabianca.it\\\/it\\\/store\\\/bravo-records\\\/allegra-paolo-jannacci\\\/\"]}]},{\"@type\":\"ImageObject\",\"inLanguage\":\"it-IT\",\"@id\":\"https:\\\/\\\/www.alabianca.it\\\/it\\\/store\\\/bravo-records\\\/allegra-paolo-jannacci\\\/#primaryimage\",\"url\":\"https:\\\/\\\/www.alabianca.it\\\/wp-content\\\/uploads\\\/2015\\\/01\\\/Allegra.png\",\"contentUrl\":\"https:\\\/\\\/www.alabianca.it\\\/wp-content\\\/uploads\\\/2015\\\/01\\\/Allegra.png\",\"width\":1450,\"height\":1450,\"caption\":\"Cover per allegra di Paolo jannacci\"},{\"@type\":\"BreadcrumbList\",\"@id\":\"https:\\\/\\\/www.alabianca.it\\\/it\\\/store\\\/bravo-records\\\/allegra-paolo-jannacci\\\/#breadcrumb\",\"itemListElement\":[{\"@type\":\"ListItem\",\"position\":1,\"name\":\"Home\",\"item\":\"https:\\\/\\\/www.alabianca.it\\\/it\\\/\"},{\"@type\":\"ListItem\",\"position\":2,\"name\":\"Store\",\"item\":\"https:\\\/\\\/www.alabianca.it\\\/it\\\/store\\\/\"},{\"@type\":\"ListItem\",\"position\":3,\"name\":\"Paolo Jannacci &#8211; Allegra\"}]},{\"@type\":\"WebSite\",\"@id\":\"https:\\\/\\\/www.alabianca.it\\\/it\\\/#website\",\"url\":\"https:\\\/\\\/www.alabianca.it\\\/it\\\/\",\"name\":\"Ala Bianca Group\",\"description\":\"Editore e produttore discografico\",\"publisher\":{\"@id\":\"https:\\\/\\\/www.alabianca.it\\\/it\\\/#organization\"},\"potentialAction\":[{\"@type\":\"SearchAction\",\"target\":{\"@type\":\"EntryPoint\",\"urlTemplate\":\"https:\\\/\\\/www.alabianca.it\\\/it\\\/?s={search_term_string}\"},\"query-input\":{\"@type\":\"PropertyValueSpecification\",\"valueRequired\":true,\"valueName\":\"search_term_string\"}}],\"inLanguage\":\"it-IT\"},{\"@type\":\"Organization\",\"@id\":\"https:\\\/\\\/www.alabianca.it\\\/it\\\/#organization\",\"name\":\"Alabianca Group S.r.l.\",\"url\":\"https:\\\/\\\/www.alabianca.it\\\/it\\\/\",\"logo\":{\"@type\":\"ImageObject\",\"inLanguage\":\"it-IT\",\"@id\":\"https:\\\/\\\/www.alabianca.it\\\/it\\\/#\\\/schema\\\/logo\\\/image\\\/\",\"url\":\"https:\\\/\\\/www.alabianca.it\\\/wp-content\\\/uploads\\\/2018\\\/01\\\/alabianca-records-logo-2018-h-3.png\",\"contentUrl\":\"https:\\\/\\\/www.alabianca.it\\\/wp-content\\\/uploads\\\/2018\\\/01\\\/alabianca-records-logo-2018-h-3.png\",\"width\":345,\"height\":133,\"caption\":\"Alabianca Group S.r.l.\"},\"image\":{\"@id\":\"https:\\\/\\\/www.alabianca.it\\\/it\\\/#\\\/schema\\\/logo\\\/image\\\/\"}}]}<\/script>\n<!-- \/ Yoast SEO plugin. -->","yoast_head_json":{"title":"Paolo Jannacci - Allegra - Ala Bianca Group","description":"Acquista ora Paolo Jannacci - Allegra su Ala Bianca Group - Editore e produttore discografico a Modena. Il nuovo disco del cantautore.","robots":{"index":"index","follow":"follow","max-snippet":"max-snippet:-1","max-image-preview":"max-image-preview:large","max-video-preview":"max-video-preview:-1"},"canonical":"https:\/\/www.alabianca.it\/it\/store\/bravo-records\/allegra-paolo-jannacci\/","og_locale":"it_IT","og_type":"article","og_title":"Paolo Jannacci - Allegra - Ala Bianca Group","og_description":"Acquista ora Paolo Jannacci - Allegra su Ala Bianca Group - Editore e produttore discografico a Modena. Il nuovo disco del cantautore.","og_url":"https:\/\/www.alabianca.it\/it\/store\/bravo-records\/allegra-paolo-jannacci\/","og_site_name":"Ala Bianca Group","article_modified_time":"2024-12-14T19:04:00+00:00","og_image":[{"width":1024,"height":1024,"url":"https:\/\/www.alabianca.it\/wp-content\/uploads\/2015\/01\/Allegra-1024x1024.png","type":"image\/png"}],"twitter_card":"summary_large_image","twitter_misc":{"Tempo di lettura stimato":"2 minuti"},"schema":{"@context":"https:\/\/schema.org","@graph":[{"@type":"WebPage","@id":"https:\/\/www.alabianca.it\/it\/store\/bravo-records\/allegra-paolo-jannacci\/","url":"https:\/\/www.alabianca.it\/it\/store\/bravo-records\/allegra-paolo-jannacci\/","name":"Paolo Jannacci - Allegra - Ala Bianca Group","isPartOf":{"@id":"https:\/\/www.alabianca.it\/it\/#website"},"primaryImageOfPage":{"@id":"https:\/\/www.alabianca.it\/it\/store\/bravo-records\/allegra-paolo-jannacci\/#primaryimage"},"image":{"@id":"https:\/\/www.alabianca.it\/it\/store\/bravo-records\/allegra-paolo-jannacci\/#primaryimage"},"thumbnailUrl":"https:\/\/www.alabianca.it\/wp-content\/uploads\/2015\/01\/Allegra.png","datePublished":"2015-01-23T16:08:31+00:00","dateModified":"2024-12-14T19:04:00+00:00","description":"Acquista ora Paolo Jannacci - Allegra su Ala Bianca Group - Editore e produttore discografico a Modena. Il nuovo disco del cantautore.","breadcrumb":{"@id":"https:\/\/www.alabianca.it\/it\/store\/bravo-records\/allegra-paolo-jannacci\/#breadcrumb"},"inLanguage":"it-IT","potentialAction":[{"@type":"ReadAction","target":["https:\/\/www.alabianca.it\/it\/store\/bravo-records\/allegra-paolo-jannacci\/"]}]},{"@type":"ImageObject","inLanguage":"it-IT","@id":"https:\/\/www.alabianca.it\/it\/store\/bravo-records\/allegra-paolo-jannacci\/#primaryimage","url":"https:\/\/www.alabianca.it\/wp-content\/uploads\/2015\/01\/Allegra.png","contentUrl":"https:\/\/www.alabianca.it\/wp-content\/uploads\/2015\/01\/Allegra.png","width":1450,"height":1450,"caption":"Cover per allegra di Paolo jannacci"},{"@type":"BreadcrumbList","@id":"https:\/\/www.alabianca.it\/it\/store\/bravo-records\/allegra-paolo-jannacci\/#breadcrumb","itemListElement":[{"@type":"ListItem","position":1,"name":"Home","item":"https:\/\/www.alabianca.it\/it\/"},{"@type":"ListItem","position":2,"name":"Store","item":"https:\/\/www.alabianca.it\/it\/store\/"},{"@type":"ListItem","position":3,"name":"Paolo Jannacci &#8211; Allegra"}]},{"@type":"WebSite","@id":"https:\/\/www.alabianca.it\/it\/#website","url":"https:\/\/www.alabianca.it\/it\/","name":"Ala Bianca Group","description":"Editore e produttore discografico","publisher":{"@id":"https:\/\/www.alabianca.it\/it\/#organization"},"potentialAction":[{"@type":"SearchAction","target":{"@type":"EntryPoint","urlTemplate":"https:\/\/www.alabianca.it\/it\/?s={search_term_string}"},"query-input":{"@type":"PropertyValueSpecification","valueRequired":true,"valueName":"search_term_string"}}],"inLanguage":"it-IT"},{"@type":"Organization","@id":"https:\/\/www.alabianca.it\/it\/#organization","name":"Alabianca Group S.r.l.","url":"https:\/\/www.alabianca.it\/it\/","logo":{"@type":"ImageObject","inLanguage":"it-IT","@id":"https:\/\/www.alabianca.it\/it\/#\/schema\/logo\/image\/","url":"https:\/\/www.alabianca.it\/wp-content\/uploads\/2018\/01\/alabianca-records-logo-2018-h-3.png","contentUrl":"https:\/\/www.alabianca.it\/wp-content\/uploads\/2018\/01\/alabianca-records-logo-2018-h-3.png","width":345,"height":133,"caption":"Alabianca Group S.r.l."},"image":{"@id":"https:\/\/www.alabianca.it\/it\/#\/schema\/logo\/image\/"}}]}},"_links":{"self":[{"href":"https:\/\/www.alabianca.it\/it\/wp-json\/wp\/v2\/product\/1813","targetHints":{"allow":["GET"]}}],"collection":[{"href":"https:\/\/www.alabianca.it\/it\/wp-json\/wp\/v2\/product"}],"about":[{"href":"https:\/\/www.alabianca.it\/it\/wp-json\/wp\/v2\/types\/product"}],"wp:featuredmedia":[{"embeddable":true,"href":"https:\/\/www.alabianca.it\/it\/wp-json\/wp\/v2\/media\/20520"}],"wp:attachment":[{"href":"https:\/\/www.alabianca.it\/it\/wp-json\/wp\/v2\/media?parent=1813"}],"wp:term":[{"taxonomy":"product_brand","embeddable":true,"href":"https:\/\/www.alabianca.it\/it\/wp-json\/wp\/v2\/product_brand?post=1813"},{"taxonomy":"product_cat","embeddable":true,"href":"https:\/\/www.alabianca.it\/it\/wp-json\/wp\/v2\/product_cat?post=1813"},{"taxonomy":"product_tag","embeddable":true,"href":"https:\/\/www.alabianca.it\/it\/wp-json\/wp\/v2\/product_tag?post=1813"}],"curies":[{"name":"wp","href":"https:\/\/api.w.org\/{rel}","templated":true}]}}