{"id":1822,"date":"2015-01-23T16:08:31","date_gmt":"2015-01-23T16:08:31","guid":{"rendered":"https:\/\/www.alabianca.it\/?product=due-il-contrario-di-uno-bastian-contrario"},"modified":"2024-03-12T11:45:01","modified_gmt":"2024-03-12T11:45:01","slug":"bastian-contrario-due-il-contrario-di-uno","status":"publish","type":"product","link":"https:\/\/www.alabianca.it\/it\/store\/pop-rock\/al-kemi-records\/bastian-contrario-due-il-contrario-di-uno\/","title":{"rendered":"Bastian Contrario &#8211; Due il contrario di uno"},"content":{"rendered":"<p><strong>Due il contrario di uno <\/strong>di \u00e8 il primo album dei <strong>Bastian Contrario<\/strong>, una &#8216;two-man-band&#8217; campana.<br \/>\nL&#8217;album esce nel 2012, prodotto da Gianni Maroccolo per Al-Kemi records.<\/p>\n<p style=\"margin-bottom: 0cm;\" align=\"LEFT\">Il disco ha atmosfere folk e testi intensi, ispirati da un volume di racconti di<strong> Erri De Luca<\/strong>, in cui i personaggi sono portati a sfidare la vita per diventare almeno due, dove il due rappresenta simbolicamente l\u2019unione, il contrario esatto di uno (la solitudine).<\/p>\n<p align=\"LEFT\">Il primo album dei due artisti \u00e8 battezzato &#8216;Due il contrario di uno&#8217; riprendendo il lavoro di De Luca nel quale la musica prende origine da tamburi, trombe, tromboni, archi, fisarmonica, basso e chitarra con orchestrazioni e testi intimistici.<br \/>\nL&#8217; obiettivo \u00e8 quello di ottenere la massima espressivit\u00e0 con gli strumenti a disposizione.<br \/>\nQuesto ha portato il duo a sperimentare anche qualche sistema un po&#8217; pi\u00f9 &#8216;casalingo&#8217;.<br \/>\nAvevano bisogno, ad esempio, di creare un suono di fisarmonica pi\u00f9 lungo e regolare, come una sorta di organo, ma purtroppo il mantice non lo permetteva. Hanno cos\u00ec avuto la geniale idea di attaccare la fisarmonica ad un&#8217;aspirapolvere&#8221;, creano cos\u00ec l&#8217;esatto suono che cercavano.<\/p>\n<p align=\"LEFT\">L&#8217;album contiene alcune delle pi\u00f9 celebri composizioni del duo campano, come &#8220;<em>Parla tu per me<\/em>&#8220;, brano dalla matrice folk-sinfonica.<br \/>\nIl brano \u201c<em>Oggi non \u00e8<\/em>\u201d \u00e8 una collaborazione con il cantante <strong>Marcello Colasurdo<\/strong> (del <strong>Gruppo Operaio &#8216;E Zezi<\/strong>), voce ed anima della cultura popolare partenopea.<br \/>\nI brani &#8220;<em>Elogio all\u2019arte della felicit<\/em>\u00e0\u201d e \u201c<em>Bella \u00e8 la vita<\/em>\u201d danno dei chiari consigli per vivere giorno per giorno senza trascurare ci\u00f2 che accade intorno a noi.<br \/>\nLa poesia prende vita con i brani \u201cAnnina\u201d e \u201cParla tu per me\u201d, una mescolanza di strumenti e sentimenti che ti colpiscono e smuovono dentro.<br \/>\nNon dimentichiamoci di \u201c<em>Amore distratto<\/em>\u201d con le sue stanze sul rapporto a due e la speranzosa \u201c<em>Oggi non \u00e8<\/em>\u201d.<\/p>\n","protected":false},"excerpt":{"rendered":"<p style=\"margin-bottom: 0cm;\" align=\"LEFT\"><span style=\"font-family: TimesNewRomanPSMT, serif;\"><span style=\"font-size: small;\">01 Amore distratto<br \/>\n<\/span><\/span><span style=\"font-size: small; font-family: TimesNewRomanPSMT, serif;\">02 Elogio all&#8217;arte della felicit\u00e0<br \/>\n<\/span><span style=\"font-size: small; font-family: TimesNewRomanPSMT, serif;\">03 Oggi non \u00e8<br \/>\n<\/span><span style=\"font-size: small; font-family: TimesNewRomanPSMT, serif;\">04 Due<br \/>\n<\/span><span style=\"font-size: small; font-family: TimesNewRomanPSMT, serif;\">05 Annina<br \/>\n<\/span><span style=\"font-size: small; font-family: TimesNewRomanPSMT, serif;\">06 Bella \u00e8 la vita<br \/>\n<\/span><span style=\"font-size: small; font-family: TimesNewRomanPSMT, serif;\">07 Parlando canta<br \/>\n<\/span><span style=\"font-family: TimesNewRomanPSMT, serif; font-size: small;\">08 Proprio tempo<br \/>\n<\/span><span style=\"font-size: small; font-family: TimesNewRomanPSMT, serif;\">09 Ieri oggi domani<br \/>\n<\/span><span style=\"font-size: small; font-family: TimesNewRomanPSMT, serif;\">10 Parla tu per me<\/span><\/p>\n<p>&nbsp;<\/p>\n","protected":false},"featured_media":20602,"template":"","meta":{"_acf_changed":false},"product_brand":[],"product_cat":[635],"product_tag":[696],"class_list":{"0":"post-1822","1":"product","2":"type-product","3":"status-publish","4":"has-post-thumbnail","6":"product_cat-al-kemi-records","7":"product_tag-bastian-contrario","8":"pa_genere-nuove-tendenze","9":"pa_supporto-cd","11":"first","12":"instock","13":"taxable","14":"shipping-taxable","15":"purchasable","16":"product-type-simple"},"acf":[],"yoast_head":"<!-- This site is optimized with the Yoast SEO plugin v27.3 - https:\/\/yoast.com\/product\/yoast-seo-wordpress\/ -->\n<title>Bastian Contrario - Due il contrario di uno - Ala Bianca Group<\/title>\n<meta name=\"description\" content=\"Acquista ora &quot;Due il contrario di uno&quot; su Ala Bianca Group - Il primo Album di Bastian Contrario prodotto da Gianni Maroccolo per Al-Kemi Records\" \/>\n<meta name=\"robots\" content=\"index, follow, max-snippet:-1, max-image-preview:large, max-video-preview:-1\" \/>\n<link rel=\"canonical\" href=\"https:\/\/www.alabianca.it\/it\/store\/pop-rock\/al-kemi-records\/bastian-contrario-due-il-contrario-di-uno\/\" \/>\n<meta property=\"og:locale\" content=\"it_IT\" \/>\n<meta property=\"og:type\" content=\"article\" \/>\n<meta property=\"og:title\" content=\"Bastian Contrario - Due il contrario di uno - Ala Bianca Group\" \/>\n<meta property=\"og:description\" content=\"Acquista ora &quot;Due il contrario di uno&quot; su Ala Bianca Group - Il primo Album di Bastian Contrario prodotto da Gianni Maroccolo per Al-Kemi Records\" \/>\n<meta property=\"og:url\" content=\"https:\/\/www.alabianca.it\/it\/store\/pop-rock\/al-kemi-records\/bastian-contrario-due-il-contrario-di-uno\/\" \/>\n<meta property=\"og:site_name\" content=\"Ala Bianca Group\" \/>\n<meta property=\"article:modified_time\" content=\"2024-03-12T11:45:01+00:00\" \/>\n<meta property=\"og:image\" content=\"https:\/\/www.alabianca.it\/wp-content\/uploads\/2015\/01\/Due-il-contrario-di-uno-1024x1024.png\" \/>\n\t<meta property=\"og:image:width\" content=\"1024\" \/>\n\t<meta property=\"og:image:height\" content=\"1024\" \/>\n\t<meta property=\"og:image:type\" content=\"image\/png\" \/>\n<meta name=\"twitter:card\" content=\"summary_large_image\" \/>\n<meta name=\"twitter:label1\" content=\"Tempo di lettura stimato\" \/>\n\t<meta name=\"twitter:data1\" content=\"2 minuti\" \/>\n<script type=\"application\/ld+json\" class=\"yoast-schema-graph\">{\"@context\":\"https:\\\/\\\/schema.org\",\"@graph\":[{\"@type\":\"WebPage\",\"@id\":\"https:\\\/\\\/www.alabianca.it\\\/it\\\/store\\\/pop-rock\\\/al-kemi-records\\\/bastian-contrario-due-il-contrario-di-uno\\\/\",\"url\":\"https:\\\/\\\/www.alabianca.it\\\/it\\\/store\\\/pop-rock\\\/al-kemi-records\\\/bastian-contrario-due-il-contrario-di-uno\\\/\",\"name\":\"Bastian Contrario - Due il contrario di uno - Ala Bianca Group\",\"isPartOf\":{\"@id\":\"https:\\\/\\\/www.alabianca.it\\\/it\\\/#website\"},\"primaryImageOfPage\":{\"@id\":\"https:\\\/\\\/www.alabianca.it\\\/it\\\/store\\\/pop-rock\\\/al-kemi-records\\\/bastian-contrario-due-il-contrario-di-uno\\\/#primaryimage\"},\"image\":{\"@id\":\"https:\\\/\\\/www.alabianca.it\\\/it\\\/store\\\/pop-rock\\\/al-kemi-records\\\/bastian-contrario-due-il-contrario-di-uno\\\/#primaryimage\"},\"thumbnailUrl\":\"https:\\\/\\\/www.alabianca.it\\\/wp-content\\\/uploads\\\/2015\\\/01\\\/Due-il-contrario-di-uno.png\",\"datePublished\":\"2015-01-23T16:08:31+00:00\",\"dateModified\":\"2024-03-12T11:45:01+00:00\",\"description\":\"Acquista ora \\\"Due il contrario di uno\\\" su Ala Bianca Group - Il primo Album di Bastian Contrario prodotto da Gianni Maroccolo per Al-Kemi Records\",\"breadcrumb\":{\"@id\":\"https:\\\/\\\/www.alabianca.it\\\/it\\\/store\\\/pop-rock\\\/al-kemi-records\\\/bastian-contrario-due-il-contrario-di-uno\\\/#breadcrumb\"},\"inLanguage\":\"it-IT\",\"potentialAction\":[{\"@type\":\"ReadAction\",\"target\":[\"https:\\\/\\\/www.alabianca.it\\\/it\\\/store\\\/pop-rock\\\/al-kemi-records\\\/bastian-contrario-due-il-contrario-di-uno\\\/\"]}]},{\"@type\":\"ImageObject\",\"inLanguage\":\"it-IT\",\"@id\":\"https:\\\/\\\/www.alabianca.it\\\/it\\\/store\\\/pop-rock\\\/al-kemi-records\\\/bastian-contrario-due-il-contrario-di-uno\\\/#primaryimage\",\"url\":\"https:\\\/\\\/www.alabianca.it\\\/wp-content\\\/uploads\\\/2015\\\/01\\\/Due-il-contrario-di-uno.png\",\"contentUrl\":\"https:\\\/\\\/www.alabianca.it\\\/wp-content\\\/uploads\\\/2015\\\/01\\\/Due-il-contrario-di-uno.png\",\"width\":1450,\"height\":1450,\"caption\":\"Cover per \\\"Due il contrario di uno\\\" di Bastian Contrario, il primo album del gruppo prodotto da Gianni Maroccolo e pubblicato da Ala Bianca.\"},{\"@type\":\"BreadcrumbList\",\"@id\":\"https:\\\/\\\/www.alabianca.it\\\/it\\\/store\\\/pop-rock\\\/al-kemi-records\\\/bastian-contrario-due-il-contrario-di-uno\\\/#breadcrumb\",\"itemListElement\":[{\"@type\":\"ListItem\",\"position\":1,\"name\":\"Home\",\"item\":\"https:\\\/\\\/www.alabianca.it\\\/it\\\/\"},{\"@type\":\"ListItem\",\"position\":2,\"name\":\"Store\",\"item\":\"https:\\\/\\\/www.alabianca.it\\\/it\\\/store\\\/\"},{\"@type\":\"ListItem\",\"position\":3,\"name\":\"Bastian Contrario &#8211; Due il contrario di uno\"}]},{\"@type\":\"WebSite\",\"@id\":\"https:\\\/\\\/www.alabianca.it\\\/it\\\/#website\",\"url\":\"https:\\\/\\\/www.alabianca.it\\\/it\\\/\",\"name\":\"Ala Bianca Group\",\"description\":\"Editore e produttore discografico\",\"publisher\":{\"@id\":\"https:\\\/\\\/www.alabianca.it\\\/it\\\/#organization\"},\"potentialAction\":[{\"@type\":\"SearchAction\",\"target\":{\"@type\":\"EntryPoint\",\"urlTemplate\":\"https:\\\/\\\/www.alabianca.it\\\/it\\\/?s={search_term_string}\"},\"query-input\":{\"@type\":\"PropertyValueSpecification\",\"valueRequired\":true,\"valueName\":\"search_term_string\"}}],\"inLanguage\":\"it-IT\"},{\"@type\":\"Organization\",\"@id\":\"https:\\\/\\\/www.alabianca.it\\\/it\\\/#organization\",\"name\":\"Alabianca Group S.r.l.\",\"url\":\"https:\\\/\\\/www.alabianca.it\\\/it\\\/\",\"logo\":{\"@type\":\"ImageObject\",\"inLanguage\":\"it-IT\",\"@id\":\"https:\\\/\\\/www.alabianca.it\\\/it\\\/#\\\/schema\\\/logo\\\/image\\\/\",\"url\":\"https:\\\/\\\/www.alabianca.it\\\/wp-content\\\/uploads\\\/2018\\\/01\\\/alabianca-records-logo-2018-h-3.png\",\"contentUrl\":\"https:\\\/\\\/www.alabianca.it\\\/wp-content\\\/uploads\\\/2018\\\/01\\\/alabianca-records-logo-2018-h-3.png\",\"width\":345,\"height\":133,\"caption\":\"Alabianca Group S.r.l.\"},\"image\":{\"@id\":\"https:\\\/\\\/www.alabianca.it\\\/it\\\/#\\\/schema\\\/logo\\\/image\\\/\"}}]}<\/script>\n<!-- \/ Yoast SEO plugin. -->","yoast_head_json":{"title":"Bastian Contrario - Due il contrario di uno - Ala Bianca Group","description":"Acquista ora \"Due il contrario di uno\" su Ala Bianca Group - Il primo Album di Bastian Contrario prodotto da Gianni Maroccolo per Al-Kemi Records","robots":{"index":"index","follow":"follow","max-snippet":"max-snippet:-1","max-image-preview":"max-image-preview:large","max-video-preview":"max-video-preview:-1"},"canonical":"https:\/\/www.alabianca.it\/it\/store\/pop-rock\/al-kemi-records\/bastian-contrario-due-il-contrario-di-uno\/","og_locale":"it_IT","og_type":"article","og_title":"Bastian Contrario - Due il contrario di uno - Ala Bianca Group","og_description":"Acquista ora \"Due il contrario di uno\" su Ala Bianca Group - Il primo Album di Bastian Contrario prodotto da Gianni Maroccolo per Al-Kemi Records","og_url":"https:\/\/www.alabianca.it\/it\/store\/pop-rock\/al-kemi-records\/bastian-contrario-due-il-contrario-di-uno\/","og_site_name":"Ala Bianca Group","article_modified_time":"2024-03-12T11:45:01+00:00","og_image":[{"width":1024,"height":1024,"url":"https:\/\/www.alabianca.it\/wp-content\/uploads\/2015\/01\/Due-il-contrario-di-uno-1024x1024.png","type":"image\/png"}],"twitter_card":"summary_large_image","twitter_misc":{"Tempo di lettura stimato":"2 minuti"},"schema":{"@context":"https:\/\/schema.org","@graph":[{"@type":"WebPage","@id":"https:\/\/www.alabianca.it\/it\/store\/pop-rock\/al-kemi-records\/bastian-contrario-due-il-contrario-di-uno\/","url":"https:\/\/www.alabianca.it\/it\/store\/pop-rock\/al-kemi-records\/bastian-contrario-due-il-contrario-di-uno\/","name":"Bastian Contrario - Due il contrario di uno - Ala Bianca Group","isPartOf":{"@id":"https:\/\/www.alabianca.it\/it\/#website"},"primaryImageOfPage":{"@id":"https:\/\/www.alabianca.it\/it\/store\/pop-rock\/al-kemi-records\/bastian-contrario-due-il-contrario-di-uno\/#primaryimage"},"image":{"@id":"https:\/\/www.alabianca.it\/it\/store\/pop-rock\/al-kemi-records\/bastian-contrario-due-il-contrario-di-uno\/#primaryimage"},"thumbnailUrl":"https:\/\/www.alabianca.it\/wp-content\/uploads\/2015\/01\/Due-il-contrario-di-uno.png","datePublished":"2015-01-23T16:08:31+00:00","dateModified":"2024-03-12T11:45:01+00:00","description":"Acquista ora \"Due il contrario di uno\" su Ala Bianca Group - Il primo Album di Bastian Contrario prodotto da Gianni Maroccolo per Al-Kemi Records","breadcrumb":{"@id":"https:\/\/www.alabianca.it\/it\/store\/pop-rock\/al-kemi-records\/bastian-contrario-due-il-contrario-di-uno\/#breadcrumb"},"inLanguage":"it-IT","potentialAction":[{"@type":"ReadAction","target":["https:\/\/www.alabianca.it\/it\/store\/pop-rock\/al-kemi-records\/bastian-contrario-due-il-contrario-di-uno\/"]}]},{"@type":"ImageObject","inLanguage":"it-IT","@id":"https:\/\/www.alabianca.it\/it\/store\/pop-rock\/al-kemi-records\/bastian-contrario-due-il-contrario-di-uno\/#primaryimage","url":"https:\/\/www.alabianca.it\/wp-content\/uploads\/2015\/01\/Due-il-contrario-di-uno.png","contentUrl":"https:\/\/www.alabianca.it\/wp-content\/uploads\/2015\/01\/Due-il-contrario-di-uno.png","width":1450,"height":1450,"caption":"Cover per \"Due il contrario di uno\" di Bastian Contrario, il primo album del gruppo prodotto da Gianni Maroccolo e pubblicato da Ala Bianca."},{"@type":"BreadcrumbList","@id":"https:\/\/www.alabianca.it\/it\/store\/pop-rock\/al-kemi-records\/bastian-contrario-due-il-contrario-di-uno\/#breadcrumb","itemListElement":[{"@type":"ListItem","position":1,"name":"Home","item":"https:\/\/www.alabianca.it\/it\/"},{"@type":"ListItem","position":2,"name":"Store","item":"https:\/\/www.alabianca.it\/it\/store\/"},{"@type":"ListItem","position":3,"name":"Bastian Contrario &#8211; Due il contrario di uno"}]},{"@type":"WebSite","@id":"https:\/\/www.alabianca.it\/it\/#website","url":"https:\/\/www.alabianca.it\/it\/","name":"Ala Bianca Group","description":"Editore e produttore discografico","publisher":{"@id":"https:\/\/www.alabianca.it\/it\/#organization"},"potentialAction":[{"@type":"SearchAction","target":{"@type":"EntryPoint","urlTemplate":"https:\/\/www.alabianca.it\/it\/?s={search_term_string}"},"query-input":{"@type":"PropertyValueSpecification","valueRequired":true,"valueName":"search_term_string"}}],"inLanguage":"it-IT"},{"@type":"Organization","@id":"https:\/\/www.alabianca.it\/it\/#organization","name":"Alabianca Group S.r.l.","url":"https:\/\/www.alabianca.it\/it\/","logo":{"@type":"ImageObject","inLanguage":"it-IT","@id":"https:\/\/www.alabianca.it\/it\/#\/schema\/logo\/image\/","url":"https:\/\/www.alabianca.it\/wp-content\/uploads\/2018\/01\/alabianca-records-logo-2018-h-3.png","contentUrl":"https:\/\/www.alabianca.it\/wp-content\/uploads\/2018\/01\/alabianca-records-logo-2018-h-3.png","width":345,"height":133,"caption":"Alabianca Group S.r.l."},"image":{"@id":"https:\/\/www.alabianca.it\/it\/#\/schema\/logo\/image\/"}}]}},"_links":{"self":[{"href":"https:\/\/www.alabianca.it\/it\/wp-json\/wp\/v2\/product\/1822","targetHints":{"allow":["GET"]}}],"collection":[{"href":"https:\/\/www.alabianca.it\/it\/wp-json\/wp\/v2\/product"}],"about":[{"href":"https:\/\/www.alabianca.it\/it\/wp-json\/wp\/v2\/types\/product"}],"wp:featuredmedia":[{"embeddable":true,"href":"https:\/\/www.alabianca.it\/it\/wp-json\/wp\/v2\/media\/20602"}],"wp:attachment":[{"href":"https:\/\/www.alabianca.it\/it\/wp-json\/wp\/v2\/media?parent=1822"}],"wp:term":[{"taxonomy":"product_brand","embeddable":true,"href":"https:\/\/www.alabianca.it\/it\/wp-json\/wp\/v2\/product_brand?post=1822"},{"taxonomy":"product_cat","embeddable":true,"href":"https:\/\/www.alabianca.it\/it\/wp-json\/wp\/v2\/product_cat?post=1822"},{"taxonomy":"product_tag","embeddable":true,"href":"https:\/\/www.alabianca.it\/it\/wp-json\/wp\/v2\/product_tag?post=1822"}],"curies":[{"name":"wp","href":"https:\/\/api.w.org\/{rel}","templated":true}]}}