{"id":19908,"date":"2023-01-18T15:53:31","date_gmt":"2023-01-18T15:53:31","guid":{"rendered":"https:\/\/www.alabianca.it\/?post_type=product&#038;p=19908"},"modified":"2023-01-18T15:53:31","modified_gmt":"2023-01-18T15:53:31","slug":"edda-illusion-lp-nero","status":"publish","type":"product","link":"https:\/\/www.alabianca.it\/it\/store\/pop-rock\/al-kemi-records\/edda-illusion-lp-nero\/","title":{"rendered":"EDDA \u2013 Illusion (LP nero)"},"content":{"rendered":"<p><em><strong>Illusion<\/strong><\/em>\u00a0il sesto album in studio di\u00a0<strong><a href=\"https:\/\/www.alabianca.it\/artisti\/edda\/\">Edda<\/a><\/strong>, prodotto da\u00a0<strong><a href=\"https:\/\/www.alabianca.it\/artisti\/gianni-maroccolo\/\">Gianni Maroccolo<\/a><\/strong>, uscito il 23 settembre 2022 su label <a href=\"https:\/\/www.alabianca.it\/etichette\/pop-rock\/al-kemi-records\/\">Al-Kemi Records<\/a>\/<a href=\"https:\/\/www.alabianca.it\/chi-siamo\/\">Ala Bianca<\/a>, con distribuzione <a href=\"http:\/\/www.warnermusic.it\/\">Warner<\/a>\/<a href=\"https:\/\/fuga.com\/\">Fuga<\/a>.<\/p>\n<p>Anticipato da\u00a0<em><strong>Lia\u00a0<\/strong><\/em>(<a href=\"https:\/\/www.alabianca.it\/notizie\/lia-il-primo-brano-dellalbum-di-edda-prodotto-da-gianni-maroccolo\/\">ve ne abbiamo parlato qui<\/a>), brano che lo stesso Edda definisce \u201callergico\u201d,\u00a0<em><strong>Illusion<\/strong><\/em>\u00a0rappresenta un nuovo viaggio artistico che si distanzia dall\u2019ultima uscita dell\u2019artista,\u00a0<em><strong>Fru Fru\u00a0<\/strong><\/em>(2019) e in cui il cantautore milanese indossa abiti nuovi, cuciti con maestria dalla produzione artistica di Gianni Maroccolo, una delle pi\u00f9 importanti figure del rock italiano.<\/p>\n<p>In\u00a0<em><strong>Illusion<\/strong><\/em>\u00a0l\u2019unica e ineffabile vocalit\u00e0 di Edda incontra le sonorit\u00e0 distese di Maroccolo e le unisce a testi tanto arguti quanto struggenti, liberando cos\u00ec la sua espressivit\u00e0 pura in uno spazio sonoro denso e apertissimo.<\/p>\n<p>&nbsp;<\/p>\n<blockquote><p><em>Questo disco nasce dall\u2019incontro karmico con Gianni Maroccolo e la sua visione musicale.<\/em><\/p>\n<p><em>Un cantante come me che inspiegabilmente ha un grande gusto estetico, vorrebbe sempre qualcuno che lo vestisse in modo che, quando si guarda allo specchio, possa vedere se stesso e non un altro.<\/em><\/p><\/blockquote>\n<p>&nbsp;<\/p>\n<p>La collaborazione con Maroccolo, gia\u0300 collaudata nel disco-regalo pubblicato in piena pandemia\u00a0<a href=\"https:\/\/open.spotify.com\/album\/73THlrb1JyXhrkSGKYQ3ED?si=VFKMPsqoSfqHL0U4iGUWZg\"><strong><em>Noio; volevam suonar<\/em><\/strong><\/a>\u00a0(2020), toglie il velo dell\u2019effimero e mostra il nuovo Edda lasciando spazio infinito a voci e chitarre, liberando l\u2019espressione pura dell\u2019artista dagli schemi precedenti.<\/p>\n<p>Nascono cosi\u0300 melodie distanti (<strong><em>Trema<\/em><\/strong>), malinconiche (<strong><em>Lia<\/em><\/strong>) e a volte vivaci, quasi irrispettose (<strong><em>Carlo Magno<\/em><\/strong>), unite a testi tanto salaci quanto struggenti, in uno spazio sonoro denso e apertissimo.<\/p>\n<p>Un album che lo stesso Stefano fatica a descrivere, e che va vissuto e seguito come stratificazione di suoni e canti impreziositi dal sapiente uso della voce. Come racconta Gianni Maroccolo:<\/p>\n<p>&nbsp;<\/p>\n<blockquote><p><em>No, non \u00e8 \u201cillusione\u201d!<br \/>\n<\/em><em>Questo disco \u00e8 pura magia. Umana, spirituale, musicale, artistica.<\/em><\/p>\n<p><em>\u00c8 vero in ogni singola nota e parola. Trasuda purezza, quella un po\u2019 ingenua che riconosci solo nei grandi Artisti e negli esseri umani Illuminati.<\/em><\/p>\n<p><em>Collaborare da anni con Stefano ha significato per me scoprire una persona meravigliosa, ma anche avere a che fare con un Artista talentuoso a livello compositivo. Ha una scrittura di altissimo spessore (sia a livello melodico\/armonico che di liriche), una vocalit\u00e0 fuori dal comune, e un chitarrismo unico.<\/em><\/p>\n<p><em>\u00c8 visionario e profondo, ironico e amorevole, ma sempre e comunque mai assimilabile n\u00e9 omologabile a nessuno.<\/em><\/p>\n<p><em>Edda \u00e8 Edda: prendere o lasciare!<\/em><br \/>\n<em>Lo adoro anche per questo. Seguirlo nei suoi viaggi non \u00e8 stato facile ma ne \u00e8 valsa la pena.<\/em><br \/>\n<em>Lui ha realizzato il disco che desiderava da tempo; io ho prodotto il disco che desideravo da una vita.<\/em><\/p><\/blockquote>\n","protected":false},"excerpt":{"rendered":"<p>Illusion\u00a0il sesto album in studio di\u00a0Edda, prodotto da\u00a0Gianni Maroccolo, uscito il 23 settembre 2022 su label Al-Kemi Records\/Ala Bianca, con distribuzione Warner\/Fuga. Anticipato da\u00a0Lia\u00a0(ve ne abbiamo parlato qui), brano che lo stesso Edda definisce \u201callergico\u201d,\u00a0Illusion\u00a0rappresenta un nuovo viaggio artistico che si distanzia dall\u2019ultima uscita dell\u2019artista,\u00a0Fru Fru\u00a0(2019) e in cui il cantautore milanese indossa abiti nuovi, [&hellip;]<\/p>\n","protected":false},"featured_media":19909,"template":"","meta":{"_acf_changed":false},"product_brand":[],"product_cat":[635],"product_tag":[],"class_list":{"0":"post-19908","1":"product","2":"type-product","3":"status-publish","4":"has-post-thumbnail","6":"product_cat-al-kemi-records","7":"pa_artista-edda","8":"pa_etichetta-al-kemi-records","9":"pa_supporto-vinile","11":"first","12":"instock","13":"taxable","14":"shipping-taxable","15":"purchasable","16":"product-type-simple"},"acf":[],"yoast_head":"<!-- This site is optimized with the Yoast SEO plugin v27.4 - https:\/\/yoast.com\/product\/yoast-seo-wordpress\/ -->\n<title>EDDA \u2013 Illusion (LP nero) - Ala Bianca Group<\/title>\n<meta name=\"description\" content=\"Acquista ora &quot;Illusion&quot;,\u00a0il sesto album in studio di\u00a0Edda, prodotto da\u00a0Gianni Maroccolo, in uscita per Ala Bianca \/ Al-kemi Records.\" \/>\n<meta name=\"robots\" content=\"index, follow, max-snippet:-1, max-image-preview:large, max-video-preview:-1\" \/>\n<link rel=\"canonical\" href=\"https:\/\/www.alabianca.it\/it\/store\/pop-rock\/al-kemi-records\/edda-illusion-lp-nero\/\" \/>\n<meta property=\"og:locale\" content=\"it_IT\" \/>\n<meta property=\"og:type\" content=\"article\" \/>\n<meta property=\"og:title\" content=\"EDDA \u2013 Illusion (LP nero) - Ala Bianca Group\" \/>\n<meta property=\"og:description\" content=\"Acquista ora &quot;Illusion&quot;,\u00a0il sesto album in studio di\u00a0Edda, prodotto da\u00a0Gianni Maroccolo, in uscita per Ala Bianca \/ Al-kemi Records.\" \/>\n<meta property=\"og:url\" content=\"https:\/\/www.alabianca.it\/it\/store\/pop-rock\/al-kemi-records\/edda-illusion-lp-nero\/\" \/>\n<meta property=\"og:site_name\" content=\"Ala Bianca Group\" \/>\n<meta property=\"og:image\" content=\"https:\/\/www.alabianca.it\/wp-content\/uploads\/2023\/01\/edda_illusion_1080x1080px.jpg\" \/>\n\t<meta property=\"og:image:width\" content=\"1080\" \/>\n\t<meta property=\"og:image:height\" content=\"1080\" \/>\n\t<meta property=\"og:image:type\" content=\"image\/jpeg\" \/>\n<meta name=\"twitter:card\" content=\"summary_large_image\" \/>\n<meta name=\"twitter:label1\" content=\"Tempo di lettura stimato\" \/>\n\t<meta name=\"twitter:data1\" content=\"3 minuti\" \/>\n<script type=\"application\/ld+json\" class=\"yoast-schema-graph\">{\"@context\":\"https:\\\/\\\/schema.org\",\"@graph\":[{\"@type\":\"WebPage\",\"@id\":\"https:\\\/\\\/www.alabianca.it\\\/it\\\/store\\\/pop-rock\\\/al-kemi-records\\\/edda-illusion-lp-nero\\\/\",\"url\":\"https:\\\/\\\/www.alabianca.it\\\/it\\\/store\\\/pop-rock\\\/al-kemi-records\\\/edda-illusion-lp-nero\\\/\",\"name\":\"EDDA \u2013 Illusion (LP nero) - Ala Bianca Group\",\"isPartOf\":{\"@id\":\"https:\\\/\\\/www.alabianca.it\\\/it\\\/#website\"},\"primaryImageOfPage\":{\"@id\":\"https:\\\/\\\/www.alabianca.it\\\/it\\\/store\\\/pop-rock\\\/al-kemi-records\\\/edda-illusion-lp-nero\\\/#primaryimage\"},\"image\":{\"@id\":\"https:\\\/\\\/www.alabianca.it\\\/it\\\/store\\\/pop-rock\\\/al-kemi-records\\\/edda-illusion-lp-nero\\\/#primaryimage\"},\"thumbnailUrl\":\"https:\\\/\\\/www.alabianca.it\\\/wp-content\\\/uploads\\\/2023\\\/01\\\/edda_illusion_1080x1080px.jpg\",\"datePublished\":\"2023-01-18T15:53:31+00:00\",\"description\":\"Acquista ora \\\"Illusion\\\",\u00a0il sesto album in studio di\u00a0Edda, prodotto da\u00a0Gianni Maroccolo, in uscita per Ala Bianca \\\/ Al-kemi Records.\",\"breadcrumb\":{\"@id\":\"https:\\\/\\\/www.alabianca.it\\\/it\\\/store\\\/pop-rock\\\/al-kemi-records\\\/edda-illusion-lp-nero\\\/#breadcrumb\"},\"inLanguage\":\"it-IT\",\"potentialAction\":[{\"@type\":\"ReadAction\",\"target\":[\"https:\\\/\\\/www.alabianca.it\\\/it\\\/store\\\/pop-rock\\\/al-kemi-records\\\/edda-illusion-lp-nero\\\/\"]}]},{\"@type\":\"ImageObject\",\"inLanguage\":\"it-IT\",\"@id\":\"https:\\\/\\\/www.alabianca.it\\\/it\\\/store\\\/pop-rock\\\/al-kemi-records\\\/edda-illusion-lp-nero\\\/#primaryimage\",\"url\":\"https:\\\/\\\/www.alabianca.it\\\/wp-content\\\/uploads\\\/2023\\\/01\\\/edda_illusion_1080x1080px.jpg\",\"contentUrl\":\"https:\\\/\\\/www.alabianca.it\\\/wp-content\\\/uploads\\\/2023\\\/01\\\/edda_illusion_1080x1080px.jpg\",\"width\":1080,\"height\":1080,\"caption\":\"Illusion EDDA Gianni Maroccolo Ala Bianca Al-kemi Records\"},{\"@type\":\"BreadcrumbList\",\"@id\":\"https:\\\/\\\/www.alabianca.it\\\/it\\\/store\\\/pop-rock\\\/al-kemi-records\\\/edda-illusion-lp-nero\\\/#breadcrumb\",\"itemListElement\":[{\"@type\":\"ListItem\",\"position\":1,\"name\":\"Home\",\"item\":\"https:\\\/\\\/www.alabianca.it\\\/it\\\/\"},{\"@type\":\"ListItem\",\"position\":2,\"name\":\"Store\",\"item\":\"https:\\\/\\\/www.alabianca.it\\\/it\\\/store\\\/\"},{\"@type\":\"ListItem\",\"position\":3,\"name\":\"EDDA \u2013 Illusion (LP nero)\"}]},{\"@type\":\"WebSite\",\"@id\":\"https:\\\/\\\/www.alabianca.it\\\/it\\\/#website\",\"url\":\"https:\\\/\\\/www.alabianca.it\\\/it\\\/\",\"name\":\"Ala Bianca Group\",\"description\":\"Editore e produttore discografico\",\"publisher\":{\"@id\":\"https:\\\/\\\/www.alabianca.it\\\/it\\\/#organization\"},\"potentialAction\":[{\"@type\":\"SearchAction\",\"target\":{\"@type\":\"EntryPoint\",\"urlTemplate\":\"https:\\\/\\\/www.alabianca.it\\\/it\\\/?s={search_term_string}\"},\"query-input\":{\"@type\":\"PropertyValueSpecification\",\"valueRequired\":true,\"valueName\":\"search_term_string\"}}],\"inLanguage\":\"it-IT\"},{\"@type\":\"Organization\",\"@id\":\"https:\\\/\\\/www.alabianca.it\\\/it\\\/#organization\",\"name\":\"Alabianca Group S.r.l.\",\"url\":\"https:\\\/\\\/www.alabianca.it\\\/it\\\/\",\"logo\":{\"@type\":\"ImageObject\",\"inLanguage\":\"it-IT\",\"@id\":\"https:\\\/\\\/www.alabianca.it\\\/it\\\/#\\\/schema\\\/logo\\\/image\\\/\",\"url\":\"https:\\\/\\\/www.alabianca.it\\\/wp-content\\\/uploads\\\/2018\\\/01\\\/alabianca-records-logo-2018-h-3.png\",\"contentUrl\":\"https:\\\/\\\/www.alabianca.it\\\/wp-content\\\/uploads\\\/2018\\\/01\\\/alabianca-records-logo-2018-h-3.png\",\"width\":345,\"height\":133,\"caption\":\"Alabianca Group S.r.l.\"},\"image\":{\"@id\":\"https:\\\/\\\/www.alabianca.it\\\/it\\\/#\\\/schema\\\/logo\\\/image\\\/\"}}]}<\/script>\n<!-- \/ Yoast SEO plugin. -->","yoast_head_json":{"title":"EDDA \u2013 Illusion (LP nero) - Ala Bianca Group","description":"Acquista ora \"Illusion\",\u00a0il sesto album in studio di\u00a0Edda, prodotto da\u00a0Gianni Maroccolo, in uscita per Ala Bianca \/ Al-kemi Records.","robots":{"index":"index","follow":"follow","max-snippet":"max-snippet:-1","max-image-preview":"max-image-preview:large","max-video-preview":"max-video-preview:-1"},"canonical":"https:\/\/www.alabianca.it\/it\/store\/pop-rock\/al-kemi-records\/edda-illusion-lp-nero\/","og_locale":"it_IT","og_type":"article","og_title":"EDDA \u2013 Illusion (LP nero) - Ala Bianca Group","og_description":"Acquista ora \"Illusion\",\u00a0il sesto album in studio di\u00a0Edda, prodotto da\u00a0Gianni Maroccolo, in uscita per Ala Bianca \/ Al-kemi Records.","og_url":"https:\/\/www.alabianca.it\/it\/store\/pop-rock\/al-kemi-records\/edda-illusion-lp-nero\/","og_site_name":"Ala Bianca Group","og_image":[{"width":1080,"height":1080,"url":"https:\/\/www.alabianca.it\/wp-content\/uploads\/2023\/01\/edda_illusion_1080x1080px.jpg","type":"image\/jpeg"}],"twitter_card":"summary_large_image","twitter_misc":{"Tempo di lettura stimato":"3 minuti"},"schema":{"@context":"https:\/\/schema.org","@graph":[{"@type":"WebPage","@id":"https:\/\/www.alabianca.it\/it\/store\/pop-rock\/al-kemi-records\/edda-illusion-lp-nero\/","url":"https:\/\/www.alabianca.it\/it\/store\/pop-rock\/al-kemi-records\/edda-illusion-lp-nero\/","name":"EDDA \u2013 Illusion (LP nero) - Ala Bianca Group","isPartOf":{"@id":"https:\/\/www.alabianca.it\/it\/#website"},"primaryImageOfPage":{"@id":"https:\/\/www.alabianca.it\/it\/store\/pop-rock\/al-kemi-records\/edda-illusion-lp-nero\/#primaryimage"},"image":{"@id":"https:\/\/www.alabianca.it\/it\/store\/pop-rock\/al-kemi-records\/edda-illusion-lp-nero\/#primaryimage"},"thumbnailUrl":"https:\/\/www.alabianca.it\/wp-content\/uploads\/2023\/01\/edda_illusion_1080x1080px.jpg","datePublished":"2023-01-18T15:53:31+00:00","description":"Acquista ora \"Illusion\",\u00a0il sesto album in studio di\u00a0Edda, prodotto da\u00a0Gianni Maroccolo, in uscita per Ala Bianca \/ Al-kemi Records.","breadcrumb":{"@id":"https:\/\/www.alabianca.it\/it\/store\/pop-rock\/al-kemi-records\/edda-illusion-lp-nero\/#breadcrumb"},"inLanguage":"it-IT","potentialAction":[{"@type":"ReadAction","target":["https:\/\/www.alabianca.it\/it\/store\/pop-rock\/al-kemi-records\/edda-illusion-lp-nero\/"]}]},{"@type":"ImageObject","inLanguage":"it-IT","@id":"https:\/\/www.alabianca.it\/it\/store\/pop-rock\/al-kemi-records\/edda-illusion-lp-nero\/#primaryimage","url":"https:\/\/www.alabianca.it\/wp-content\/uploads\/2023\/01\/edda_illusion_1080x1080px.jpg","contentUrl":"https:\/\/www.alabianca.it\/wp-content\/uploads\/2023\/01\/edda_illusion_1080x1080px.jpg","width":1080,"height":1080,"caption":"Illusion EDDA Gianni Maroccolo Ala Bianca Al-kemi Records"},{"@type":"BreadcrumbList","@id":"https:\/\/www.alabianca.it\/it\/store\/pop-rock\/al-kemi-records\/edda-illusion-lp-nero\/#breadcrumb","itemListElement":[{"@type":"ListItem","position":1,"name":"Home","item":"https:\/\/www.alabianca.it\/it\/"},{"@type":"ListItem","position":2,"name":"Store","item":"https:\/\/www.alabianca.it\/it\/store\/"},{"@type":"ListItem","position":3,"name":"EDDA \u2013 Illusion (LP nero)"}]},{"@type":"WebSite","@id":"https:\/\/www.alabianca.it\/it\/#website","url":"https:\/\/www.alabianca.it\/it\/","name":"Ala Bianca Group","description":"Editore e produttore discografico","publisher":{"@id":"https:\/\/www.alabianca.it\/it\/#organization"},"potentialAction":[{"@type":"SearchAction","target":{"@type":"EntryPoint","urlTemplate":"https:\/\/www.alabianca.it\/it\/?s={search_term_string}"},"query-input":{"@type":"PropertyValueSpecification","valueRequired":true,"valueName":"search_term_string"}}],"inLanguage":"it-IT"},{"@type":"Organization","@id":"https:\/\/www.alabianca.it\/it\/#organization","name":"Alabianca Group S.r.l.","url":"https:\/\/www.alabianca.it\/it\/","logo":{"@type":"ImageObject","inLanguage":"it-IT","@id":"https:\/\/www.alabianca.it\/it\/#\/schema\/logo\/image\/","url":"https:\/\/www.alabianca.it\/wp-content\/uploads\/2018\/01\/alabianca-records-logo-2018-h-3.png","contentUrl":"https:\/\/www.alabianca.it\/wp-content\/uploads\/2018\/01\/alabianca-records-logo-2018-h-3.png","width":345,"height":133,"caption":"Alabianca Group S.r.l."},"image":{"@id":"https:\/\/www.alabianca.it\/it\/#\/schema\/logo\/image\/"}}]}},"_links":{"self":[{"href":"https:\/\/www.alabianca.it\/it\/wp-json\/wp\/v2\/product\/19908","targetHints":{"allow":["GET"]}}],"collection":[{"href":"https:\/\/www.alabianca.it\/it\/wp-json\/wp\/v2\/product"}],"about":[{"href":"https:\/\/www.alabianca.it\/it\/wp-json\/wp\/v2\/types\/product"}],"wp:featuredmedia":[{"embeddable":true,"href":"https:\/\/www.alabianca.it\/it\/wp-json\/wp\/v2\/media\/19909"}],"wp:attachment":[{"href":"https:\/\/www.alabianca.it\/it\/wp-json\/wp\/v2\/media?parent=19908"}],"wp:term":[{"taxonomy":"product_brand","embeddable":true,"href":"https:\/\/www.alabianca.it\/it\/wp-json\/wp\/v2\/product_brand?post=19908"},{"taxonomy":"product_cat","embeddable":true,"href":"https:\/\/www.alabianca.it\/it\/wp-json\/wp\/v2\/product_cat?post=19908"},{"taxonomy":"product_tag","embeddable":true,"href":"https:\/\/www.alabianca.it\/it\/wp-json\/wp\/v2\/product_tag?post=19908"}],"curies":[{"name":"wp","href":"https:\/\/api.w.org\/{rel}","templated":true}]}}