{"id":21015,"date":"2025-04-07T18:25:02","date_gmt":"2025-04-07T16:25:02","guid":{"rendered":"https:\/\/www.alabianca.it\/?post_type=product&#038;p=21015"},"modified":"2026-04-08T16:56:50","modified_gmt":"2026-04-08T14:56:50","slug":"cristiano-godano-stammi-accanto","status":"publish","type":"product","link":"https:\/\/www.alabianca.it\/it\/store\/pop-rock\/al-kemi-records\/cristiano-godano-stammi-accanto\/","title":{"rendered":"Cristiano Godano &#8211; &#8220;Stammi accanto&#8221;"},"content":{"rendered":"<h2><em>Stammi Accanto<\/em>\u00a0\u00e8 il nuovo album solista di\u00a0<a href=\"https:\/\/www.alabianca.it\/it\/artisti\/cristiano-godano\/\">Cristiano Godano<\/a>.<\/h2>\n<h4><strong>Otto tracce inedite con la partecipazione di Samuele Bersani nel brano \u201c<em>Dentro la ferita<\/em>\u201d.<\/strong><\/h4>\n<p><em>\u201cStammi accanto\u201d \u00e8 un disco puro, e non cerca colpi ad effetto perch\u00e9 \u00e8 fiducioso nella musica: forse proprio per questo, di questi tempi, potrebbe quasi apparire alieno.<\/em><\/p>\n<p><em>Il contesto sociale in cui viviamo \u00e8 nuovamente sfibrato, estenuato, impaurito, incredulo per tutto quello che sta accadendo, fantasmi della guerra inclusi, e la dignitosa vulnerabilit\u00e0 di \u201cStammi accanto\u201d, nato nel periodo della pandemia, \u00e8 tornata a sembrarmi plausibile e adeguata.<\/em><\/p>\n<p><em>Servono il coraggio della fragilit\u00e0 e della sensibilit\u00e0, serve non aver paura di riconoscersi deboli e impauriti, serve tenere in vita la speranza dopo aver preso consapevolezza che in sua assenza ci ritroveremmo immobili e irrigiditi nell\u2019angoscia.<\/em><\/p>\n<p style=\"text-align: right;\">Cristiano Godano<\/p>\n<p><strong>\u201c<em>Stammi accanto<\/em>\u201d,\u00a0<\/strong>(etichetta Al-Kemi Records di Ala Bianca Group \/ distribuzione fisico Warner Music \/ distribuzione digital Fuga) con testi e musica di Cristiano Godano, prodotto insieme a Luca Rossi (Ustmam\u00f2, ecc.), \u00e8 composto da<strong>\u00a0otto brani inediti tra cui\u00a0<em>\u201cDentro la ferita\u201d<\/em>\u00a0con Samuele Bersani.<\/strong><\/p>\n<p>&nbsp;<\/p>\n<p>Disponibile in formato <strong data-start=\"485\" data-end=\"491\">CD<\/strong> e <strong data-start=\"494\" data-end=\"504\">vinile<\/strong>.<\/p>\n","protected":false},"excerpt":{"rendered":"<p><strong data-start=\"136\" data-end=\"187\">Cristiano Godano \u2013 Stammi Accanto (CD \/ Vinile)<\/strong><br data-start=\"187\" data-end=\"190\" \/><em data-start=\"190\" data-end=\"206\">Stammi Accanto<\/em> \u00e8 il nuovo album solista di Cristiano Godano, composto da 8 brani inediti. Contiene il brano <em data-start=\"300\" data-end=\"320\">\u201cDentro la ferita\u201d<\/em>, che vede la partecipazione di Samuele Bersani. Un disco intenso e autentico, nato durante la pandemia e carico di emozione e riflessione.<br data-start=\"459\" data-end=\"462\" \/>Disponibile in formato <strong data-start=\"485\" data-end=\"491\">CD<\/strong> e <strong data-start=\"494\" data-end=\"504\">vinile<\/strong>.<\/p>\n","protected":false},"featured_media":20996,"template":"","meta":{"_acf_changed":false},"product_brand":[],"product_cat":[635],"product_tag":[],"class_list":{"0":"post-21015","1":"product","2":"type-product","3":"status-publish","4":"has-post-thumbnail","6":"product_cat-al-kemi-records","7":"pa_artista-cristiano-godano","8":"pa_etichetta-al-kemi-records","9":"pa_genere-cantautore","10":"pa_supporto-cd","11":"pa_supporto-vinile","13":"first","14":"instock","15":"taxable","16":"shipping-taxable","17":"purchasable","18":"product-type-variable"},"acf":[],"yoast_head":"<!-- This site is optimized with the Yoast SEO plugin v27.5 - https:\/\/yoast.com\/product\/yoast-seo-wordpress\/ -->\n<title>Cristiano Godano - &quot;Stammi accanto&quot; - Ala Bianca Group<\/title>\n<meta name=\"description\" content=\"Acquista ora in CD o Vinile Stammi accanto, il nuovo album solista di Cristiano Godano in uscita per Al-kemi Records\/Ala Bianca\" \/>\n<meta name=\"robots\" content=\"index, follow, max-snippet:-1, max-image-preview:large, max-video-preview:-1\" \/>\n<link rel=\"canonical\" href=\"https:\/\/www.alabianca.it\/it\/store\/pop-rock\/al-kemi-records\/cristiano-godano-stammi-accanto\/\" \/>\n<meta property=\"og:locale\" content=\"it_IT\" \/>\n<meta property=\"og:type\" content=\"article\" \/>\n<meta property=\"og:title\" content=\"Cristiano Godano - &quot;Stammi accanto&quot; - Ala Bianca Group\" \/>\n<meta property=\"og:description\" content=\"Acquista ora in CD o Vinile Stammi accanto, il nuovo album solista di Cristiano Godano in uscita per Al-kemi Records\/Ala Bianca\" \/>\n<meta property=\"og:url\" content=\"https:\/\/www.alabianca.it\/it\/store\/pop-rock\/al-kemi-records\/cristiano-godano-stammi-accanto\/\" \/>\n<meta property=\"og:site_name\" content=\"Ala Bianca Group\" \/>\n<meta property=\"article:modified_time\" content=\"2026-04-08T14:56:50+00:00\" \/>\n<meta property=\"og:image\" content=\"https:\/\/www.alabianca.it\/wp-content\/uploads\/2025\/04\/Cristiano-Godano-Stammi-Accanto-cover-1080x1080px.png\" \/>\n\t<meta property=\"og:image:width\" content=\"1080\" \/>\n\t<meta property=\"og:image:height\" content=\"1080\" \/>\n\t<meta property=\"og:image:type\" content=\"image\/png\" \/>\n<meta name=\"twitter:card\" content=\"summary_large_image\" \/>\n<meta name=\"twitter:label1\" content=\"Tempo di lettura stimato\" \/>\n\t<meta name=\"twitter:data1\" content=\"2 minuti\" \/>\n<script type=\"application\/ld+json\" class=\"yoast-schema-graph\">{\"@context\":\"https:\\\/\\\/schema.org\",\"@graph\":[{\"@type\":\"WebPage\",\"@id\":\"https:\\\/\\\/www.alabianca.it\\\/it\\\/store\\\/pop-rock\\\/al-kemi-records\\\/cristiano-godano-stammi-accanto\\\/\",\"url\":\"https:\\\/\\\/www.alabianca.it\\\/it\\\/store\\\/pop-rock\\\/al-kemi-records\\\/cristiano-godano-stammi-accanto\\\/\",\"name\":\"Cristiano Godano - \\\"Stammi accanto\\\" - Ala Bianca Group\",\"isPartOf\":{\"@id\":\"https:\\\/\\\/www.alabianca.it\\\/it\\\/#website\"},\"primaryImageOfPage\":{\"@id\":\"https:\\\/\\\/www.alabianca.it\\\/it\\\/store\\\/pop-rock\\\/al-kemi-records\\\/cristiano-godano-stammi-accanto\\\/#primaryimage\"},\"image\":{\"@id\":\"https:\\\/\\\/www.alabianca.it\\\/it\\\/store\\\/pop-rock\\\/al-kemi-records\\\/cristiano-godano-stammi-accanto\\\/#primaryimage\"},\"thumbnailUrl\":\"https:\\\/\\\/www.alabianca.it\\\/wp-content\\\/uploads\\\/2025\\\/04\\\/Cristiano-Godano-Stammi-Accanto-cover-1080x1080px.png\",\"datePublished\":\"2025-04-07T16:25:02+00:00\",\"dateModified\":\"2026-04-08T14:56:50+00:00\",\"description\":\"Acquista ora in CD o Vinile Stammi accanto, il nuovo album solista di Cristiano Godano in uscita per Al-kemi Records\\\/Ala Bianca\",\"breadcrumb\":{\"@id\":\"https:\\\/\\\/www.alabianca.it\\\/it\\\/store\\\/pop-rock\\\/al-kemi-records\\\/cristiano-godano-stammi-accanto\\\/#breadcrumb\"},\"inLanguage\":\"it-IT\",\"potentialAction\":[{\"@type\":\"ReadAction\",\"target\":[\"https:\\\/\\\/www.alabianca.it\\\/it\\\/store\\\/pop-rock\\\/al-kemi-records\\\/cristiano-godano-stammi-accanto\\\/\"]}]},{\"@type\":\"ImageObject\",\"inLanguage\":\"it-IT\",\"@id\":\"https:\\\/\\\/www.alabianca.it\\\/it\\\/store\\\/pop-rock\\\/al-kemi-records\\\/cristiano-godano-stammi-accanto\\\/#primaryimage\",\"url\":\"https:\\\/\\\/www.alabianca.it\\\/wp-content\\\/uploads\\\/2025\\\/04\\\/Cristiano-Godano-Stammi-Accanto-cover-1080x1080px.png\",\"contentUrl\":\"https:\\\/\\\/www.alabianca.it\\\/wp-content\\\/uploads\\\/2025\\\/04\\\/Cristiano-Godano-Stammi-Accanto-cover-1080x1080px.png\",\"width\":1080,\"height\":1080,\"caption\":\"\u00c8 disponibile in digitale, CD e vinile \u201cStammi accanto\u201d (etichetta Al-Kemi Records di Ala Bianca Group \\\/ distribuzione fisico Warner Music \\\/ distribuzione digital Fuga), il nuovo album di inediti di CRISTIANO GODANO.\"},{\"@type\":\"BreadcrumbList\",\"@id\":\"https:\\\/\\\/www.alabianca.it\\\/it\\\/store\\\/pop-rock\\\/al-kemi-records\\\/cristiano-godano-stammi-accanto\\\/#breadcrumb\",\"itemListElement\":[{\"@type\":\"ListItem\",\"position\":1,\"name\":\"Home\",\"item\":\"https:\\\/\\\/www.alabianca.it\\\/it\\\/\"},{\"@type\":\"ListItem\",\"position\":2,\"name\":\"Store\",\"item\":\"https:\\\/\\\/www.alabianca.it\\\/it\\\/store\\\/\"},{\"@type\":\"ListItem\",\"position\":3,\"name\":\"Cristiano Godano &#8211; &#8220;Stammi accanto&#8221;\"}]},{\"@type\":\"WebSite\",\"@id\":\"https:\\\/\\\/www.alabianca.it\\\/it\\\/#website\",\"url\":\"https:\\\/\\\/www.alabianca.it\\\/it\\\/\",\"name\":\"Ala Bianca Group\",\"description\":\"Editore e produttore discografico\",\"publisher\":{\"@id\":\"https:\\\/\\\/www.alabianca.it\\\/it\\\/#organization\"},\"potentialAction\":[{\"@type\":\"SearchAction\",\"target\":{\"@type\":\"EntryPoint\",\"urlTemplate\":\"https:\\\/\\\/www.alabianca.it\\\/it\\\/?s={search_term_string}\"},\"query-input\":{\"@type\":\"PropertyValueSpecification\",\"valueRequired\":true,\"valueName\":\"search_term_string\"}}],\"inLanguage\":\"it-IT\"},{\"@type\":\"Organization\",\"@id\":\"https:\\\/\\\/www.alabianca.it\\\/it\\\/#organization\",\"name\":\"Alabianca Group S.r.l.\",\"url\":\"https:\\\/\\\/www.alabianca.it\\\/it\\\/\",\"logo\":{\"@type\":\"ImageObject\",\"inLanguage\":\"it-IT\",\"@id\":\"https:\\\/\\\/www.alabianca.it\\\/it\\\/#\\\/schema\\\/logo\\\/image\\\/\",\"url\":\"https:\\\/\\\/www.alabianca.it\\\/wp-content\\\/uploads\\\/2018\\\/01\\\/alabianca-records-logo-2018-h-3.png\",\"contentUrl\":\"https:\\\/\\\/www.alabianca.it\\\/wp-content\\\/uploads\\\/2018\\\/01\\\/alabianca-records-logo-2018-h-3.png\",\"width\":345,\"height\":133,\"caption\":\"Alabianca Group S.r.l.\"},\"image\":{\"@id\":\"https:\\\/\\\/www.alabianca.it\\\/it\\\/#\\\/schema\\\/logo\\\/image\\\/\"}}]}<\/script>\n<!-- \/ Yoast SEO plugin. -->","yoast_head_json":{"title":"Cristiano Godano - \"Stammi accanto\" - Ala Bianca Group","description":"Acquista ora in CD o Vinile Stammi accanto, il nuovo album solista di Cristiano Godano in uscita per Al-kemi Records\/Ala Bianca","robots":{"index":"index","follow":"follow","max-snippet":"max-snippet:-1","max-image-preview":"max-image-preview:large","max-video-preview":"max-video-preview:-1"},"canonical":"https:\/\/www.alabianca.it\/it\/store\/pop-rock\/al-kemi-records\/cristiano-godano-stammi-accanto\/","og_locale":"it_IT","og_type":"article","og_title":"Cristiano Godano - \"Stammi accanto\" - Ala Bianca Group","og_description":"Acquista ora in CD o Vinile Stammi accanto, il nuovo album solista di Cristiano Godano in uscita per Al-kemi Records\/Ala Bianca","og_url":"https:\/\/www.alabianca.it\/it\/store\/pop-rock\/al-kemi-records\/cristiano-godano-stammi-accanto\/","og_site_name":"Ala Bianca Group","article_modified_time":"2026-04-08T14:56:50+00:00","og_image":[{"width":1080,"height":1080,"url":"https:\/\/www.alabianca.it\/wp-content\/uploads\/2025\/04\/Cristiano-Godano-Stammi-Accanto-cover-1080x1080px.png","type":"image\/png"}],"twitter_card":"summary_large_image","twitter_misc":{"Tempo di lettura stimato":"2 minuti"},"schema":{"@context":"https:\/\/schema.org","@graph":[{"@type":"WebPage","@id":"https:\/\/www.alabianca.it\/it\/store\/pop-rock\/al-kemi-records\/cristiano-godano-stammi-accanto\/","url":"https:\/\/www.alabianca.it\/it\/store\/pop-rock\/al-kemi-records\/cristiano-godano-stammi-accanto\/","name":"Cristiano Godano - \"Stammi accanto\" - Ala Bianca Group","isPartOf":{"@id":"https:\/\/www.alabianca.it\/it\/#website"},"primaryImageOfPage":{"@id":"https:\/\/www.alabianca.it\/it\/store\/pop-rock\/al-kemi-records\/cristiano-godano-stammi-accanto\/#primaryimage"},"image":{"@id":"https:\/\/www.alabianca.it\/it\/store\/pop-rock\/al-kemi-records\/cristiano-godano-stammi-accanto\/#primaryimage"},"thumbnailUrl":"https:\/\/www.alabianca.it\/wp-content\/uploads\/2025\/04\/Cristiano-Godano-Stammi-Accanto-cover-1080x1080px.png","datePublished":"2025-04-07T16:25:02+00:00","dateModified":"2026-04-08T14:56:50+00:00","description":"Acquista ora in CD o Vinile Stammi accanto, il nuovo album solista di Cristiano Godano in uscita per Al-kemi Records\/Ala Bianca","breadcrumb":{"@id":"https:\/\/www.alabianca.it\/it\/store\/pop-rock\/al-kemi-records\/cristiano-godano-stammi-accanto\/#breadcrumb"},"inLanguage":"it-IT","potentialAction":[{"@type":"ReadAction","target":["https:\/\/www.alabianca.it\/it\/store\/pop-rock\/al-kemi-records\/cristiano-godano-stammi-accanto\/"]}]},{"@type":"ImageObject","inLanguage":"it-IT","@id":"https:\/\/www.alabianca.it\/it\/store\/pop-rock\/al-kemi-records\/cristiano-godano-stammi-accanto\/#primaryimage","url":"https:\/\/www.alabianca.it\/wp-content\/uploads\/2025\/04\/Cristiano-Godano-Stammi-Accanto-cover-1080x1080px.png","contentUrl":"https:\/\/www.alabianca.it\/wp-content\/uploads\/2025\/04\/Cristiano-Godano-Stammi-Accanto-cover-1080x1080px.png","width":1080,"height":1080,"caption":"\u00c8 disponibile in digitale, CD e vinile \u201cStammi accanto\u201d (etichetta Al-Kemi Records di Ala Bianca Group \/ distribuzione fisico Warner Music \/ distribuzione digital Fuga), il nuovo album di inediti di CRISTIANO GODANO."},{"@type":"BreadcrumbList","@id":"https:\/\/www.alabianca.it\/it\/store\/pop-rock\/al-kemi-records\/cristiano-godano-stammi-accanto\/#breadcrumb","itemListElement":[{"@type":"ListItem","position":1,"name":"Home","item":"https:\/\/www.alabianca.it\/it\/"},{"@type":"ListItem","position":2,"name":"Store","item":"https:\/\/www.alabianca.it\/it\/store\/"},{"@type":"ListItem","position":3,"name":"Cristiano Godano &#8211; &#8220;Stammi accanto&#8221;"}]},{"@type":"WebSite","@id":"https:\/\/www.alabianca.it\/it\/#website","url":"https:\/\/www.alabianca.it\/it\/","name":"Ala Bianca Group","description":"Editore e produttore discografico","publisher":{"@id":"https:\/\/www.alabianca.it\/it\/#organization"},"potentialAction":[{"@type":"SearchAction","target":{"@type":"EntryPoint","urlTemplate":"https:\/\/www.alabianca.it\/it\/?s={search_term_string}"},"query-input":{"@type":"PropertyValueSpecification","valueRequired":true,"valueName":"search_term_string"}}],"inLanguage":"it-IT"},{"@type":"Organization","@id":"https:\/\/www.alabianca.it\/it\/#organization","name":"Alabianca Group S.r.l.","url":"https:\/\/www.alabianca.it\/it\/","logo":{"@type":"ImageObject","inLanguage":"it-IT","@id":"https:\/\/www.alabianca.it\/it\/#\/schema\/logo\/image\/","url":"https:\/\/www.alabianca.it\/wp-content\/uploads\/2018\/01\/alabianca-records-logo-2018-h-3.png","contentUrl":"https:\/\/www.alabianca.it\/wp-content\/uploads\/2018\/01\/alabianca-records-logo-2018-h-3.png","width":345,"height":133,"caption":"Alabianca Group S.r.l."},"image":{"@id":"https:\/\/www.alabianca.it\/it\/#\/schema\/logo\/image\/"}}]}},"_links":{"self":[{"href":"https:\/\/www.alabianca.it\/it\/wp-json\/wp\/v2\/product\/21015","targetHints":{"allow":["GET"]}}],"collection":[{"href":"https:\/\/www.alabianca.it\/it\/wp-json\/wp\/v2\/product"}],"about":[{"href":"https:\/\/www.alabianca.it\/it\/wp-json\/wp\/v2\/types\/product"}],"wp:featuredmedia":[{"embeddable":true,"href":"https:\/\/www.alabianca.it\/it\/wp-json\/wp\/v2\/media\/20996"}],"wp:attachment":[{"href":"https:\/\/www.alabianca.it\/it\/wp-json\/wp\/v2\/media?parent=21015"}],"wp:term":[{"taxonomy":"product_brand","embeddable":true,"href":"https:\/\/www.alabianca.it\/it\/wp-json\/wp\/v2\/product_brand?post=21015"},{"taxonomy":"product_cat","embeddable":true,"href":"https:\/\/www.alabianca.it\/it\/wp-json\/wp\/v2\/product_cat?post=21015"},{"taxonomy":"product_tag","embeddable":true,"href":"https:\/\/www.alabianca.it\/it\/wp-json\/wp\/v2\/product_tag?post=21015"}],"curies":[{"name":"wp","href":"https:\/\/api.w.org\/{rel}","templated":true}]}}