{"id":2371,"date":"2015-03-11T21:53:05","date_gmt":"2015-03-11T21:53:05","guid":{"rendered":"https:\/\/www.alabianca.it\/?post_type=product&#038;p=2371"},"modified":"2024-03-07T10:57:22","modified_gmt":"2024-03-07T10:57:22","slug":"vdb23nulla-e-andato-perso","status":"publish","type":"product","link":"https:\/\/www.alabianca.it\/it\/store\/pop-rock\/al-kemi-records\/vdb23nulla-e-andato-perso\/","title":{"rendered":"Gianni Maroccolo, Claudio Rocchi &#8211; Vdb23\/Nulla \u00e8 andato perso CD"},"content":{"rendered":"<p>\u201cVdb23\/nulla \u00e8 andato perso\u201d di <a href=\"https:\/\/it.wikipedia.org\/wiki\/Gianni_Maroccolo\">Gianni Maroccolo<\/a> e <a href=\"https:\/\/it.wikipedia.org\/wiki\/Claudio_Rocchi\">Claudio Rocchi<\/a> esce nei negozi dopo una prima pubblicazione limitata nel 2013, prodotta grazie al crowdfunding.<br \/>\n\u00c8un progetto davvero speciale sia per il grande valore artistico sia perch\u00e8 \u00e8 l\u2019ultimo disco a cui ha lavorato Rocchi scomparso nell\u2019estate del 2013.<\/p>\n<p>Il disco \u00e8 stato autoprodotto dagli stessi Maroccolo e Rocchi, e contiene contributi di svariati artisti della scena musicale italiana, legati alla storia musicale di Gianni Maroccolo, quali ad esempio\u00a0<strong>Piero Pel\u00f9<\/strong>\u00a0e\u00a0<strong>Ghigo Renzulli\u00a0<\/strong>dei\u00a0<strong>Litfiba<\/strong>\u00a0e\u00a0<strong>Massimo Zamboni<\/strong>\u00a0dei\u00a0<strong>CCCP &#8211; Fedeli alla linea\/Consorzio Suonatori Indipendenti<\/strong>.<\/p>\n<p>Finanziato tramite\u00a0crowdfunding, l&#8217;album non \u00e8 stato inizialmente disponibile sul mercato discografico ordinario, ma soltanto ai sottoscrittori del progetto sul sito www.musicraiser.com.<br \/>\nNel gennaio 2015 Maroccolo ha annunciato l&#8217;uscita dell&#8217;album anche nei negozi e in tutti i portali digitali.<br \/>\nLa ristampa, in confezione digipack, \u00e8 stata pubblicata e curata da Alkemi\/Ala Bianca e distribuita da Warner.<\/p>\n<p>\u00c8 l&#8217;ultima opera discografica di\u00a0Claudio Rocchi, deceduto il 18 giugno 2013, prima della pubblicazione dell&#8217;album.<\/p>\n","protected":false},"excerpt":{"rendered":"<p>\u201cVdb23\/nulla \u00e8 andato perso\u201d di Gianni Maroccolo e Claudio Rocchi esce nei negozi dopo una prima pubblicazione limitata nel 2013, prodotta grazie al crowdfunding. \u00c8un progetto davvero speciale sia per il grande valore artistico sia perch\u00e8 \u00e8 l\u2019ultimo disco a cui ha lavorato Rocchi scomparso nell\u2019estate del 2013. Il disco \u00e8 stato autoprodotto dagli stessi [&hellip;]<\/p>\n","protected":false},"featured_media":2367,"template":"","meta":{"_acf_changed":false},"product_brand":[],"product_cat":[635],"product_tag":[752,754,751,753],"class_list":{"0":"post-2371","1":"product","2":"type-product","3":"status-publish","4":"has-post-thumbnail","6":"product_cat-al-kemi-records","7":"product_tag-claudio-rocchi","8":"product_tag-claudio-rocchi-gianni-maroccolo","9":"product_tag-gianni-maroccolo","10":"product_tag-gianni-maroccolo-claudio-rocchi","11":"pa_artista-claudio-rocchi","12":"pa_artista-gianni-maroccolo","13":"pa_etichetta-al-kemi-records","14":"pa_uscita-756","16":"first","17":"outofstock","18":"taxable","19":"shipping-taxable","20":"purchasable","21":"product-type-simple"},"acf":[],"yoast_head":"<!-- This site is optimized with the Yoast SEO plugin v27.4 - https:\/\/yoast.com\/product\/yoast-seo-wordpress\/ -->\n<title>Gianni Maroccolo, Claudio Rocchi - Vdb23\/Nulla \u00e8 andato perso CD - Ala Bianca Group<\/title>\n<meta name=\"description\" content=\"Acquista ora Gianni Maroccolo, Claudio Rocchi - Vdb23\/Nulla \u00e8 andato perso CD su Ala Bianca Group Editore e produttore discografico a Modena.\" \/>\n<meta name=\"robots\" content=\"index, follow, max-snippet:-1, max-image-preview:large, max-video-preview:-1\" \/>\n<link rel=\"canonical\" href=\"https:\/\/www.alabianca.it\/it\/store\/pop-rock\/al-kemi-records\/vdb23nulla-e-andato-perso\/\" \/>\n<meta property=\"og:locale\" content=\"it_IT\" \/>\n<meta property=\"og:type\" content=\"article\" \/>\n<meta property=\"og:title\" content=\"Gianni Maroccolo, Claudio Rocchi - Vdb23\/Nulla \u00e8 andato perso CD - Ala Bianca Group\" \/>\n<meta property=\"og:description\" content=\"Acquista ora Gianni Maroccolo, Claudio Rocchi - Vdb23\/Nulla \u00e8 andato perso CD su Ala Bianca Group Editore e produttore discografico a Modena.\" \/>\n<meta property=\"og:url\" content=\"https:\/\/www.alabianca.it\/it\/store\/pop-rock\/al-kemi-records\/vdb23nulla-e-andato-perso\/\" \/>\n<meta property=\"og:site_name\" content=\"Ala Bianca Group\" \/>\n<meta property=\"article:modified_time\" content=\"2024-03-07T10:57:22+00:00\" \/>\n<meta property=\"og:image\" content=\"https:\/\/www.alabianca.it\/wp-content\/uploads\/2015\/01\/nullaandatoperso.jpg\" \/>\n\t<meta property=\"og:image:width\" content=\"655\" \/>\n\t<meta property=\"og:image:height\" content=\"655\" \/>\n\t<meta property=\"og:image:type\" content=\"image\/jpeg\" \/>\n<meta name=\"twitter:card\" content=\"summary_large_image\" \/>\n<meta name=\"twitter:label1\" content=\"Tempo di lettura stimato\" \/>\n\t<meta name=\"twitter:data1\" content=\"2 minuti\" \/>\n<script type=\"application\/ld+json\" class=\"yoast-schema-graph\">{\"@context\":\"https:\\\/\\\/schema.org\",\"@graph\":[{\"@type\":\"WebPage\",\"@id\":\"https:\\\/\\\/www.alabianca.it\\\/it\\\/store\\\/pop-rock\\\/al-kemi-records\\\/vdb23nulla-e-andato-perso\\\/\",\"url\":\"https:\\\/\\\/www.alabianca.it\\\/it\\\/store\\\/pop-rock\\\/al-kemi-records\\\/vdb23nulla-e-andato-perso\\\/\",\"name\":\"Gianni Maroccolo, Claudio Rocchi - Vdb23\\\/Nulla \u00e8 andato perso CD - Ala Bianca Group\",\"isPartOf\":{\"@id\":\"https:\\\/\\\/www.alabianca.it\\\/it\\\/#website\"},\"primaryImageOfPage\":{\"@id\":\"https:\\\/\\\/www.alabianca.it\\\/it\\\/store\\\/pop-rock\\\/al-kemi-records\\\/vdb23nulla-e-andato-perso\\\/#primaryimage\"},\"image\":{\"@id\":\"https:\\\/\\\/www.alabianca.it\\\/it\\\/store\\\/pop-rock\\\/al-kemi-records\\\/vdb23nulla-e-andato-perso\\\/#primaryimage\"},\"thumbnailUrl\":\"https:\\\/\\\/www.alabianca.it\\\/wp-content\\\/uploads\\\/2015\\\/01\\\/nullaandatoperso.jpg\",\"datePublished\":\"2015-03-11T21:53:05+00:00\",\"dateModified\":\"2024-03-07T10:57:22+00:00\",\"description\":\"Acquista ora Gianni Maroccolo, Claudio Rocchi - Vdb23\\\/Nulla \u00e8 andato perso CD su Ala Bianca Group Editore e produttore discografico a Modena.\",\"breadcrumb\":{\"@id\":\"https:\\\/\\\/www.alabianca.it\\\/it\\\/store\\\/pop-rock\\\/al-kemi-records\\\/vdb23nulla-e-andato-perso\\\/#breadcrumb\"},\"inLanguage\":\"it-IT\",\"potentialAction\":[{\"@type\":\"ReadAction\",\"target\":[\"https:\\\/\\\/www.alabianca.it\\\/it\\\/store\\\/pop-rock\\\/al-kemi-records\\\/vdb23nulla-e-andato-perso\\\/\"]}]},{\"@type\":\"ImageObject\",\"inLanguage\":\"it-IT\",\"@id\":\"https:\\\/\\\/www.alabianca.it\\\/it\\\/store\\\/pop-rock\\\/al-kemi-records\\\/vdb23nulla-e-andato-perso\\\/#primaryimage\",\"url\":\"https:\\\/\\\/www.alabianca.it\\\/wp-content\\\/uploads\\\/2015\\\/01\\\/nullaandatoperso.jpg\",\"contentUrl\":\"https:\\\/\\\/www.alabianca.it\\\/wp-content\\\/uploads\\\/2015\\\/01\\\/nullaandatoperso.jpg\",\"width\":655,\"height\":655,\"caption\":\"civer Vdb23\\\/Nulla \u00e8 andato perso\"},{\"@type\":\"BreadcrumbList\",\"@id\":\"https:\\\/\\\/www.alabianca.it\\\/it\\\/store\\\/pop-rock\\\/al-kemi-records\\\/vdb23nulla-e-andato-perso\\\/#breadcrumb\",\"itemListElement\":[{\"@type\":\"ListItem\",\"position\":1,\"name\":\"Home\",\"item\":\"https:\\\/\\\/www.alabianca.it\\\/it\\\/\"},{\"@type\":\"ListItem\",\"position\":2,\"name\":\"Store\",\"item\":\"https:\\\/\\\/www.alabianca.it\\\/it\\\/store\\\/\"},{\"@type\":\"ListItem\",\"position\":3,\"name\":\"Gianni Maroccolo, Claudio Rocchi &#8211; Vdb23\\\/Nulla \u00e8 andato perso CD\"}]},{\"@type\":\"WebSite\",\"@id\":\"https:\\\/\\\/www.alabianca.it\\\/it\\\/#website\",\"url\":\"https:\\\/\\\/www.alabianca.it\\\/it\\\/\",\"name\":\"Ala Bianca Group\",\"description\":\"Editore e produttore discografico\",\"publisher\":{\"@id\":\"https:\\\/\\\/www.alabianca.it\\\/it\\\/#organization\"},\"potentialAction\":[{\"@type\":\"SearchAction\",\"target\":{\"@type\":\"EntryPoint\",\"urlTemplate\":\"https:\\\/\\\/www.alabianca.it\\\/it\\\/?s={search_term_string}\"},\"query-input\":{\"@type\":\"PropertyValueSpecification\",\"valueRequired\":true,\"valueName\":\"search_term_string\"}}],\"inLanguage\":\"it-IT\"},{\"@type\":\"Organization\",\"@id\":\"https:\\\/\\\/www.alabianca.it\\\/it\\\/#organization\",\"name\":\"Alabianca Group S.r.l.\",\"url\":\"https:\\\/\\\/www.alabianca.it\\\/it\\\/\",\"logo\":{\"@type\":\"ImageObject\",\"inLanguage\":\"it-IT\",\"@id\":\"https:\\\/\\\/www.alabianca.it\\\/it\\\/#\\\/schema\\\/logo\\\/image\\\/\",\"url\":\"https:\\\/\\\/www.alabianca.it\\\/wp-content\\\/uploads\\\/2018\\\/01\\\/alabianca-records-logo-2018-h-3.png\",\"contentUrl\":\"https:\\\/\\\/www.alabianca.it\\\/wp-content\\\/uploads\\\/2018\\\/01\\\/alabianca-records-logo-2018-h-3.png\",\"width\":345,\"height\":133,\"caption\":\"Alabianca Group S.r.l.\"},\"image\":{\"@id\":\"https:\\\/\\\/www.alabianca.it\\\/it\\\/#\\\/schema\\\/logo\\\/image\\\/\"}}]}<\/script>\n<!-- \/ Yoast SEO plugin. -->","yoast_head_json":{"title":"Gianni Maroccolo, Claudio Rocchi - Vdb23\/Nulla \u00e8 andato perso CD - Ala Bianca Group","description":"Acquista ora Gianni Maroccolo, Claudio Rocchi - Vdb23\/Nulla \u00e8 andato perso CD su Ala Bianca Group Editore e produttore discografico a Modena.","robots":{"index":"index","follow":"follow","max-snippet":"max-snippet:-1","max-image-preview":"max-image-preview:large","max-video-preview":"max-video-preview:-1"},"canonical":"https:\/\/www.alabianca.it\/it\/store\/pop-rock\/al-kemi-records\/vdb23nulla-e-andato-perso\/","og_locale":"it_IT","og_type":"article","og_title":"Gianni Maroccolo, Claudio Rocchi - Vdb23\/Nulla \u00e8 andato perso CD - Ala Bianca Group","og_description":"Acquista ora Gianni Maroccolo, Claudio Rocchi - Vdb23\/Nulla \u00e8 andato perso CD su Ala Bianca Group Editore e produttore discografico a Modena.","og_url":"https:\/\/www.alabianca.it\/it\/store\/pop-rock\/al-kemi-records\/vdb23nulla-e-andato-perso\/","og_site_name":"Ala Bianca Group","article_modified_time":"2024-03-07T10:57:22+00:00","og_image":[{"width":655,"height":655,"url":"https:\/\/www.alabianca.it\/wp-content\/uploads\/2015\/01\/nullaandatoperso.jpg","type":"image\/jpeg"}],"twitter_card":"summary_large_image","twitter_misc":{"Tempo di lettura stimato":"2 minuti"},"schema":{"@context":"https:\/\/schema.org","@graph":[{"@type":"WebPage","@id":"https:\/\/www.alabianca.it\/it\/store\/pop-rock\/al-kemi-records\/vdb23nulla-e-andato-perso\/","url":"https:\/\/www.alabianca.it\/it\/store\/pop-rock\/al-kemi-records\/vdb23nulla-e-andato-perso\/","name":"Gianni Maroccolo, Claudio Rocchi - Vdb23\/Nulla \u00e8 andato perso CD - Ala Bianca Group","isPartOf":{"@id":"https:\/\/www.alabianca.it\/it\/#website"},"primaryImageOfPage":{"@id":"https:\/\/www.alabianca.it\/it\/store\/pop-rock\/al-kemi-records\/vdb23nulla-e-andato-perso\/#primaryimage"},"image":{"@id":"https:\/\/www.alabianca.it\/it\/store\/pop-rock\/al-kemi-records\/vdb23nulla-e-andato-perso\/#primaryimage"},"thumbnailUrl":"https:\/\/www.alabianca.it\/wp-content\/uploads\/2015\/01\/nullaandatoperso.jpg","datePublished":"2015-03-11T21:53:05+00:00","dateModified":"2024-03-07T10:57:22+00:00","description":"Acquista ora Gianni Maroccolo, Claudio Rocchi - Vdb23\/Nulla \u00e8 andato perso CD su Ala Bianca Group Editore e produttore discografico a Modena.","breadcrumb":{"@id":"https:\/\/www.alabianca.it\/it\/store\/pop-rock\/al-kemi-records\/vdb23nulla-e-andato-perso\/#breadcrumb"},"inLanguage":"it-IT","potentialAction":[{"@type":"ReadAction","target":["https:\/\/www.alabianca.it\/it\/store\/pop-rock\/al-kemi-records\/vdb23nulla-e-andato-perso\/"]}]},{"@type":"ImageObject","inLanguage":"it-IT","@id":"https:\/\/www.alabianca.it\/it\/store\/pop-rock\/al-kemi-records\/vdb23nulla-e-andato-perso\/#primaryimage","url":"https:\/\/www.alabianca.it\/wp-content\/uploads\/2015\/01\/nullaandatoperso.jpg","contentUrl":"https:\/\/www.alabianca.it\/wp-content\/uploads\/2015\/01\/nullaandatoperso.jpg","width":655,"height":655,"caption":"civer Vdb23\/Nulla \u00e8 andato perso"},{"@type":"BreadcrumbList","@id":"https:\/\/www.alabianca.it\/it\/store\/pop-rock\/al-kemi-records\/vdb23nulla-e-andato-perso\/#breadcrumb","itemListElement":[{"@type":"ListItem","position":1,"name":"Home","item":"https:\/\/www.alabianca.it\/it\/"},{"@type":"ListItem","position":2,"name":"Store","item":"https:\/\/www.alabianca.it\/it\/store\/"},{"@type":"ListItem","position":3,"name":"Gianni Maroccolo, Claudio Rocchi &#8211; Vdb23\/Nulla \u00e8 andato perso CD"}]},{"@type":"WebSite","@id":"https:\/\/www.alabianca.it\/it\/#website","url":"https:\/\/www.alabianca.it\/it\/","name":"Ala Bianca Group","description":"Editore e produttore discografico","publisher":{"@id":"https:\/\/www.alabianca.it\/it\/#organization"},"potentialAction":[{"@type":"SearchAction","target":{"@type":"EntryPoint","urlTemplate":"https:\/\/www.alabianca.it\/it\/?s={search_term_string}"},"query-input":{"@type":"PropertyValueSpecification","valueRequired":true,"valueName":"search_term_string"}}],"inLanguage":"it-IT"},{"@type":"Organization","@id":"https:\/\/www.alabianca.it\/it\/#organization","name":"Alabianca Group S.r.l.","url":"https:\/\/www.alabianca.it\/it\/","logo":{"@type":"ImageObject","inLanguage":"it-IT","@id":"https:\/\/www.alabianca.it\/it\/#\/schema\/logo\/image\/","url":"https:\/\/www.alabianca.it\/wp-content\/uploads\/2018\/01\/alabianca-records-logo-2018-h-3.png","contentUrl":"https:\/\/www.alabianca.it\/wp-content\/uploads\/2018\/01\/alabianca-records-logo-2018-h-3.png","width":345,"height":133,"caption":"Alabianca Group S.r.l."},"image":{"@id":"https:\/\/www.alabianca.it\/it\/#\/schema\/logo\/image\/"}}]}},"_links":{"self":[{"href":"https:\/\/www.alabianca.it\/it\/wp-json\/wp\/v2\/product\/2371","targetHints":{"allow":["GET"]}}],"collection":[{"href":"https:\/\/www.alabianca.it\/it\/wp-json\/wp\/v2\/product"}],"about":[{"href":"https:\/\/www.alabianca.it\/it\/wp-json\/wp\/v2\/types\/product"}],"wp:featuredmedia":[{"embeddable":true,"href":"https:\/\/www.alabianca.it\/it\/wp-json\/wp\/v2\/media\/2367"}],"wp:attachment":[{"href":"https:\/\/www.alabianca.it\/it\/wp-json\/wp\/v2\/media?parent=2371"}],"wp:term":[{"taxonomy":"product_brand","embeddable":true,"href":"https:\/\/www.alabianca.it\/it\/wp-json\/wp\/v2\/product_brand?post=2371"},{"taxonomy":"product_cat","embeddable":true,"href":"https:\/\/www.alabianca.it\/it\/wp-json\/wp\/v2\/product_cat?post=2371"},{"taxonomy":"product_tag","embeddable":true,"href":"https:\/\/www.alabianca.it\/it\/wp-json\/wp\/v2\/product_tag?post=2371"}],"curies":[{"name":"wp","href":"https:\/\/api.w.org\/{rel}","templated":true}]}}