{"id":4427,"date":"2016-04-14T15:37:31","date_gmt":"2016-04-14T15:37:31","guid":{"rendered":"https:\/\/www.alabianca.it\/?post_type=product&#038;p=4427"},"modified":"2024-03-06T09:23:50","modified_gmt":"2024-03-06T09:23:50","slug":"petrina-be-blind","status":"publish","type":"product","link":"https:\/\/www.alabianca.it\/it\/store\/ala-bianca-records\/petrina-be-blind\/","title":{"rendered":"Petrina &#8211; Be Blind"},"content":{"rendered":"<p><em><strong>Be Blind<\/strong><\/em> \u00e8 il nuovo album di <strong>Debora Petrina<\/strong>, in uscita il 29 aprile.<br \/>\nDopo il precedente album <strong>\u201c<a href=\"https:\/\/www.alabianca.it\/it\/store\/ala-bianca-records\/petrina-petrina\/\">Petrina<\/a>\u201d<\/strong>, salutato dalla critica come una delle uscite pi\u00f9 interessanti del 2013,<strong>Debora Petrina<\/strong>\u00a0 con <strong>\u201cBe Blind\u201d<\/strong> si addentra coma mai prima in territori rock, aggiungendo un nuovo tassello di spessore al suo percorso artistico.<\/p>\n<p>In BE BLIND Petrina mette a fuoco il suo percorso di autrice e compositrice orchestrando un\u2019opera compatta e coesa. In quest&#8217;opera il genere pop-rock viene declinato in chiave del tutto personale, assemblando dentro di s\u00e9 suggestioni della psichedelia, del funky, del prog, della wave, dell&#8217;elettronica, della musica classica e corale. \u00c8 un&#8217;opera intensa e inquieta, spesso dalle tinte scure, la cui forza espressiva sta nella fusione di ricerca e immediatezza, densit\u00e0 e semplicit\u00e0.<br \/>\nBE BLIND \u00e8 un&#8217;esortazione provocatoria ad essere ciechi nella comprensione di una realt\u00e0 sempre pi\u00f9 complessa, sia nelle relazioni personali mediate da strumenti\/schermi\/barriere, sia nella lettura confusa o distorta delle vicende politiche e sociali che determinano la nostra vita.<br \/>\nMa \u00e8 anche una possibile via di fuga, una cecit\u00e0 visionaria che permette di vedere al di l\u00e0 delle cose.<\/p>\n<p>L&#8217;introduzione <em>electro<\/em> di &#8220;November 10th&#8221; dischiude una progressione che culmina in uno sfacelo di tastiere e un coro monastico.<br \/>\nIl pianoforte psicanalitico di &#8220;<em><strong>Wild Boar&#8221;<\/strong><\/em> dischiude un ritornello contagioso, su archi ondeggianti e boccacce che tendono a dilaniarlo: sono i suoi &#8220;usuali&#8221; arrangiamenti mutanti.<br \/>\nCi\u00f2 che davvero dissolve i fantasmini pop dell&#8217;album predecessore \u00e8 la progressione che fa da cuore all&#8217;opera. &#8220;<strong><em>Supercharged Machine<\/em><\/strong>&#8220;\u00e8 la canzone pi\u00f9 violenta della carriera di Petrina. Il rigurgito post-hard-rock di &#8220;<em><strong>Miles<\/strong><\/em>&#8221; si specchiano in &#8220;<strong><em>Paper Debris<\/em><\/strong>&#8220;, una delle sue pi\u00f9 libere e deliranti.<br \/>\nHa invece una tiritera distorta mista a <em>ballad<\/em> da camera &#8220;<strong><em>Frog Song<\/em><\/strong>&#8220;.<br \/>\n\u00c8 una sequenza al cardiopalma, per intensit\u00e0 e febbrilit\u00e0.<\/p>\n","protected":false},"excerpt":{"rendered":"<p>Il nuovo album di Debora Petrina, in uscita il 29 aprile. Dopo il precedente album <strong>\u201cPetrina\u201d<\/strong> (Alabianca\/Warner), salutato dalla critica come una delle uscite pi\u00f9 interessanti del 2013, dopo aver pubblicato l\u2019album d\u2019ispirazione Jazz <strong>\u201cRoses of the Day\u201d<\/strong> (Tuk Voice, 2015), contenente l\u2019omonimo brano frutto della sua reinterpretazione della composizione di <strong>John Cage<\/strong> \u201cExperiences n.2\u201d, \u00a0e dopo aver\u00a0 aperto il suo 2016 partecipando la progetto di <strong>Paolo Fresu \u201cJazz Italiano Live\u201d<\/strong> (pubblicato da La Repubblica\/L\u2019Espresso), <strong>Debora Petrina<\/strong>\u00a0 con <strong>\u201cBe Blind\u201d<\/strong> si addentra coma mai prima in territori rock, aggiungendo un nuovo tassello di spessore al suo percorso artistico.<\/p>\n<p><em>&#8220;Tra i musicisti pi\u00f9 talentuosi del circuito off italiano&#8221;<\/em> (Rockerilla)<\/p>\n<p><em>&#8220;Restiamo Stupefatti dalla disinvoltura con cui affronta generi musicali diversi con un livello qualitativo costante ed elevato&#8221;<\/em> (Blow UP)<\/p>\n<p><em>&#8220;Un lavoro curato nei minimi particolari\u00a0che mette una freccia rispetto ai ben pi\u00f9 accomodanti precedenti album\u00a0e conferma Petrina come una delle voci pi\u00f9 talentuose, curiose e interessanti del panorama femminile nostrano&#8221;<\/em> (SentireAscoltare)<\/p>\n<p>&nbsp;<\/p>\n<p>&nbsp;<\/p>\n","protected":false},"featured_media":4411,"template":"","meta":{"_acf_changed":false},"product_brand":[],"product_cat":[437],"product_tag":[694],"class_list":{"0":"post-4427","1":"product","2":"type-product","3":"status-publish","4":"has-post-thumbnail","6":"product_cat-ala-bianca-records","7":"product_tag-petrina","8":"pa_artista-petrina","10":"first","11":"instock","12":"taxable","13":"shipping-taxable","14":"purchasable","15":"product-type-simple"},"acf":[],"yoast_head":"<!-- This site is optimized with the Yoast SEO plugin v27.3 - https:\/\/yoast.com\/product\/yoast-seo-wordpress\/ -->\n<title>Petrina - Be Blind - Ala Bianca Group<\/title>\n<meta name=\"description\" content=\"Acquista ora Petrina - Be Blind su Ala Bianca Group Editore e produttore discografico a Modena. Il nuovo album di Petrina.\" \/>\n<meta name=\"robots\" content=\"index, follow, max-snippet:-1, max-image-preview:large, max-video-preview:-1\" \/>\n<link rel=\"canonical\" href=\"https:\/\/www.alabianca.it\/it\/store\/ala-bianca-records\/petrina-be-blind\/\" \/>\n<meta property=\"og:locale\" content=\"it_IT\" \/>\n<meta property=\"og:type\" content=\"article\" \/>\n<meta property=\"og:title\" content=\"Petrina - Be Blind - Ala Bianca Group\" \/>\n<meta property=\"og:description\" content=\"Acquista ora Petrina - Be Blind su Ala Bianca Group Editore e produttore discografico a Modena. Il nuovo album di Petrina.\" \/>\n<meta property=\"og:url\" content=\"https:\/\/www.alabianca.it\/it\/store\/ala-bianca-records\/petrina-be-blind\/\" \/>\n<meta property=\"og:site_name\" content=\"Ala Bianca Group\" \/>\n<meta property=\"article:modified_time\" content=\"2024-03-06T09:23:50+00:00\" \/>\n<meta property=\"og:image\" content=\"https:\/\/www.alabianca.it\/wp-content\/uploads\/2016\/03\/petrina-cover.jpg\" \/>\n\t<meta property=\"og:image:width\" content=\"1104\" \/>\n\t<meta property=\"og:image:height\" content=\"1018\" \/>\n\t<meta property=\"og:image:type\" content=\"image\/jpeg\" \/>\n<meta name=\"twitter:card\" content=\"summary_large_image\" \/>\n<meta name=\"twitter:label1\" content=\"Tempo di lettura stimato\" \/>\n\t<meta name=\"twitter:data1\" content=\"2 minuti\" \/>\n<script type=\"application\/ld+json\" class=\"yoast-schema-graph\">{\"@context\":\"https:\\\/\\\/schema.org\",\"@graph\":[{\"@type\":\"WebPage\",\"@id\":\"https:\\\/\\\/www.alabianca.it\\\/it\\\/store\\\/ala-bianca-records\\\/petrina-be-blind\\\/\",\"url\":\"https:\\\/\\\/www.alabianca.it\\\/it\\\/store\\\/ala-bianca-records\\\/petrina-be-blind\\\/\",\"name\":\"Petrina - Be Blind - Ala Bianca Group\",\"isPartOf\":{\"@id\":\"https:\\\/\\\/www.alabianca.it\\\/it\\\/#website\"},\"primaryImageOfPage\":{\"@id\":\"https:\\\/\\\/www.alabianca.it\\\/it\\\/store\\\/ala-bianca-records\\\/petrina-be-blind\\\/#primaryimage\"},\"image\":{\"@id\":\"https:\\\/\\\/www.alabianca.it\\\/it\\\/store\\\/ala-bianca-records\\\/petrina-be-blind\\\/#primaryimage\"},\"thumbnailUrl\":\"https:\\\/\\\/www.alabianca.it\\\/wp-content\\\/uploads\\\/2016\\\/03\\\/petrina-cover.jpg\",\"datePublished\":\"2016-04-14T15:37:31+00:00\",\"dateModified\":\"2024-03-06T09:23:50+00:00\",\"description\":\"Acquista ora Petrina - Be Blind su Ala Bianca Group Editore e produttore discografico a Modena. Il nuovo album di Petrina.\",\"breadcrumb\":{\"@id\":\"https:\\\/\\\/www.alabianca.it\\\/it\\\/store\\\/ala-bianca-records\\\/petrina-be-blind\\\/#breadcrumb\"},\"inLanguage\":\"it-IT\",\"potentialAction\":[{\"@type\":\"ReadAction\",\"target\":[\"https:\\\/\\\/www.alabianca.it\\\/it\\\/store\\\/ala-bianca-records\\\/petrina-be-blind\\\/\"]}]},{\"@type\":\"ImageObject\",\"inLanguage\":\"it-IT\",\"@id\":\"https:\\\/\\\/www.alabianca.it\\\/it\\\/store\\\/ala-bianca-records\\\/petrina-be-blind\\\/#primaryimage\",\"url\":\"https:\\\/\\\/www.alabianca.it\\\/wp-content\\\/uploads\\\/2016\\\/03\\\/petrina-cover.jpg\",\"contentUrl\":\"https:\\\/\\\/www.alabianca.it\\\/wp-content\\\/uploads\\\/2016\\\/03\\\/petrina-cover.jpg\",\"width\":1104,\"height\":1018},{\"@type\":\"BreadcrumbList\",\"@id\":\"https:\\\/\\\/www.alabianca.it\\\/it\\\/store\\\/ala-bianca-records\\\/petrina-be-blind\\\/#breadcrumb\",\"itemListElement\":[{\"@type\":\"ListItem\",\"position\":1,\"name\":\"Home\",\"item\":\"https:\\\/\\\/www.alabianca.it\\\/it\\\/\"},{\"@type\":\"ListItem\",\"position\":2,\"name\":\"Store\",\"item\":\"https:\\\/\\\/www.alabianca.it\\\/it\\\/store\\\/\"},{\"@type\":\"ListItem\",\"position\":3,\"name\":\"Petrina &#8211; Be Blind\"}]},{\"@type\":\"WebSite\",\"@id\":\"https:\\\/\\\/www.alabianca.it\\\/it\\\/#website\",\"url\":\"https:\\\/\\\/www.alabianca.it\\\/it\\\/\",\"name\":\"Ala Bianca Group\",\"description\":\"Editore e produttore discografico\",\"publisher\":{\"@id\":\"https:\\\/\\\/www.alabianca.it\\\/it\\\/#organization\"},\"potentialAction\":[{\"@type\":\"SearchAction\",\"target\":{\"@type\":\"EntryPoint\",\"urlTemplate\":\"https:\\\/\\\/www.alabianca.it\\\/it\\\/?s={search_term_string}\"},\"query-input\":{\"@type\":\"PropertyValueSpecification\",\"valueRequired\":true,\"valueName\":\"search_term_string\"}}],\"inLanguage\":\"it-IT\"},{\"@type\":\"Organization\",\"@id\":\"https:\\\/\\\/www.alabianca.it\\\/it\\\/#organization\",\"name\":\"Alabianca Group S.r.l.\",\"url\":\"https:\\\/\\\/www.alabianca.it\\\/it\\\/\",\"logo\":{\"@type\":\"ImageObject\",\"inLanguage\":\"it-IT\",\"@id\":\"https:\\\/\\\/www.alabianca.it\\\/it\\\/#\\\/schema\\\/logo\\\/image\\\/\",\"url\":\"https:\\\/\\\/www.alabianca.it\\\/wp-content\\\/uploads\\\/2018\\\/01\\\/alabianca-records-logo-2018-h-3.png\",\"contentUrl\":\"https:\\\/\\\/www.alabianca.it\\\/wp-content\\\/uploads\\\/2018\\\/01\\\/alabianca-records-logo-2018-h-3.png\",\"width\":345,\"height\":133,\"caption\":\"Alabianca Group S.r.l.\"},\"image\":{\"@id\":\"https:\\\/\\\/www.alabianca.it\\\/it\\\/#\\\/schema\\\/logo\\\/image\\\/\"}}]}<\/script>\n<!-- \/ Yoast SEO plugin. -->","yoast_head_json":{"title":"Petrina - Be Blind - Ala Bianca Group","description":"Acquista ora Petrina - Be Blind su Ala Bianca Group Editore e produttore discografico a Modena. Il nuovo album di Petrina.","robots":{"index":"index","follow":"follow","max-snippet":"max-snippet:-1","max-image-preview":"max-image-preview:large","max-video-preview":"max-video-preview:-1"},"canonical":"https:\/\/www.alabianca.it\/it\/store\/ala-bianca-records\/petrina-be-blind\/","og_locale":"it_IT","og_type":"article","og_title":"Petrina - Be Blind - Ala Bianca Group","og_description":"Acquista ora Petrina - Be Blind su Ala Bianca Group Editore e produttore discografico a Modena. Il nuovo album di Petrina.","og_url":"https:\/\/www.alabianca.it\/it\/store\/ala-bianca-records\/petrina-be-blind\/","og_site_name":"Ala Bianca Group","article_modified_time":"2024-03-06T09:23:50+00:00","og_image":[{"width":1104,"height":1018,"url":"https:\/\/www.alabianca.it\/wp-content\/uploads\/2016\/03\/petrina-cover.jpg","type":"image\/jpeg"}],"twitter_card":"summary_large_image","twitter_misc":{"Tempo di lettura stimato":"2 minuti"},"schema":{"@context":"https:\/\/schema.org","@graph":[{"@type":"WebPage","@id":"https:\/\/www.alabianca.it\/it\/store\/ala-bianca-records\/petrina-be-blind\/","url":"https:\/\/www.alabianca.it\/it\/store\/ala-bianca-records\/petrina-be-blind\/","name":"Petrina - Be Blind - Ala Bianca Group","isPartOf":{"@id":"https:\/\/www.alabianca.it\/it\/#website"},"primaryImageOfPage":{"@id":"https:\/\/www.alabianca.it\/it\/store\/ala-bianca-records\/petrina-be-blind\/#primaryimage"},"image":{"@id":"https:\/\/www.alabianca.it\/it\/store\/ala-bianca-records\/petrina-be-blind\/#primaryimage"},"thumbnailUrl":"https:\/\/www.alabianca.it\/wp-content\/uploads\/2016\/03\/petrina-cover.jpg","datePublished":"2016-04-14T15:37:31+00:00","dateModified":"2024-03-06T09:23:50+00:00","description":"Acquista ora Petrina - Be Blind su Ala Bianca Group Editore e produttore discografico a Modena. Il nuovo album di Petrina.","breadcrumb":{"@id":"https:\/\/www.alabianca.it\/it\/store\/ala-bianca-records\/petrina-be-blind\/#breadcrumb"},"inLanguage":"it-IT","potentialAction":[{"@type":"ReadAction","target":["https:\/\/www.alabianca.it\/it\/store\/ala-bianca-records\/petrina-be-blind\/"]}]},{"@type":"ImageObject","inLanguage":"it-IT","@id":"https:\/\/www.alabianca.it\/it\/store\/ala-bianca-records\/petrina-be-blind\/#primaryimage","url":"https:\/\/www.alabianca.it\/wp-content\/uploads\/2016\/03\/petrina-cover.jpg","contentUrl":"https:\/\/www.alabianca.it\/wp-content\/uploads\/2016\/03\/petrina-cover.jpg","width":1104,"height":1018},{"@type":"BreadcrumbList","@id":"https:\/\/www.alabianca.it\/it\/store\/ala-bianca-records\/petrina-be-blind\/#breadcrumb","itemListElement":[{"@type":"ListItem","position":1,"name":"Home","item":"https:\/\/www.alabianca.it\/it\/"},{"@type":"ListItem","position":2,"name":"Store","item":"https:\/\/www.alabianca.it\/it\/store\/"},{"@type":"ListItem","position":3,"name":"Petrina &#8211; Be Blind"}]},{"@type":"WebSite","@id":"https:\/\/www.alabianca.it\/it\/#website","url":"https:\/\/www.alabianca.it\/it\/","name":"Ala Bianca Group","description":"Editore e produttore discografico","publisher":{"@id":"https:\/\/www.alabianca.it\/it\/#organization"},"potentialAction":[{"@type":"SearchAction","target":{"@type":"EntryPoint","urlTemplate":"https:\/\/www.alabianca.it\/it\/?s={search_term_string}"},"query-input":{"@type":"PropertyValueSpecification","valueRequired":true,"valueName":"search_term_string"}}],"inLanguage":"it-IT"},{"@type":"Organization","@id":"https:\/\/www.alabianca.it\/it\/#organization","name":"Alabianca Group S.r.l.","url":"https:\/\/www.alabianca.it\/it\/","logo":{"@type":"ImageObject","inLanguage":"it-IT","@id":"https:\/\/www.alabianca.it\/it\/#\/schema\/logo\/image\/","url":"https:\/\/www.alabianca.it\/wp-content\/uploads\/2018\/01\/alabianca-records-logo-2018-h-3.png","contentUrl":"https:\/\/www.alabianca.it\/wp-content\/uploads\/2018\/01\/alabianca-records-logo-2018-h-3.png","width":345,"height":133,"caption":"Alabianca Group S.r.l."},"image":{"@id":"https:\/\/www.alabianca.it\/it\/#\/schema\/logo\/image\/"}}]}},"_links":{"self":[{"href":"https:\/\/www.alabianca.it\/it\/wp-json\/wp\/v2\/product\/4427","targetHints":{"allow":["GET"]}}],"collection":[{"href":"https:\/\/www.alabianca.it\/it\/wp-json\/wp\/v2\/product"}],"about":[{"href":"https:\/\/www.alabianca.it\/it\/wp-json\/wp\/v2\/types\/product"}],"wp:featuredmedia":[{"embeddable":true,"href":"https:\/\/www.alabianca.it\/it\/wp-json\/wp\/v2\/media\/4411"}],"wp:attachment":[{"href":"https:\/\/www.alabianca.it\/it\/wp-json\/wp\/v2\/media?parent=4427"}],"wp:term":[{"taxonomy":"product_brand","embeddable":true,"href":"https:\/\/www.alabianca.it\/it\/wp-json\/wp\/v2\/product_brand?post=4427"},{"taxonomy":"product_cat","embeddable":true,"href":"https:\/\/www.alabianca.it\/it\/wp-json\/wp\/v2\/product_cat?post=4427"},{"taxonomy":"product_tag","embeddable":true,"href":"https:\/\/www.alabianca.it\/it\/wp-json\/wp\/v2\/product_tag?post=4427"}],"curies":[{"name":"wp","href":"https:\/\/api.w.org\/{rel}","templated":true}]}}