{"id":4782,"date":"2017-03-21T11:38:31","date_gmt":"2017-03-21T11:38:31","guid":{"rendered":"https:\/\/www.alabianca.it\/?post_type=product&#038;p=4782"},"modified":"2024-03-05T11:02:23","modified_gmt":"2024-03-05T11:02:23","slug":"ofeliadorme-secret-fires","status":"publish","type":"product","link":"https:\/\/www.alabianca.it\/it\/store\/pop-rock\/al-kemi-records\/ofeliadorme-secret-fires\/","title":{"rendered":"Ofeliadorme &#8211; Secret Fires"},"content":{"rendered":"<p class=\"western\">Il 17 marzo 2017 \u00e8 uscito \u201c<b>Secret Fires<\/b>\u201d, terzo album della formazione bolognese <a href=\"https:\/\/it.wikipedia.org\/wiki\/Ofeliadorme\"><strong>Ofeliadorme<\/strong><\/a>.<br \/>\nOtto tracce registrate e prodotte da <strong>Howie B<\/strong> con il sound engineer Joe Hirst tra la campagna del Galles e Londra nel giugno 2015.<br \/>\nUna produzione internazionale che conferma il trio come una delle proposte pi\u00f9 raffinate del panorama indipendente italiano ed europeo.<\/p>\n<p class=\"western\">La colonna portante di questa band \u00e8 la voce eterea, energica e vibrante di <b>Francesca Bono<\/b>.<br \/>\n<b>Ofeliadorme\u00a0<\/b>ci porta in una dimensione onirica leggiadra e palpitante nella quale \u00e8 tanto bello inebriarsi.<\/p>\n<p class=\"western\">Con sonorit\u00e0 che portano il pensiero ad artisti come\u00a0<b>Birthh<\/b>, la\u00a0<b>Free Dominguez<\/b>\u00a0di\u00a0<b>Indigo Blue<\/b>,\u00a0<b>Zola Jesus<\/b>\u00a0o ancora\u00a0<b>Bat For Lashes\u00a0<\/b>i nostri\u00a0<b>Ofeliadorme\u00a0<\/b>ci conducono in un viaggio alla scoperta dell\u2019ignoto, un viaggio metafisico e trascendentale che comincia appena premiamo il tasto play. Non mancano anche sonorit\u00e0\u00a0<b>ambient<\/b> in questo disco.<\/p>\n<p>&#8220;<em>Secret Fires<\/em>\u201d parla di evoluzione e di mutamento, ma anche di solitudine e mancanza di comunicazione. E\u2019 un album dedicato a tutti quelli che ancora credono nel potere trascendente dell\u2019immaginazione.<br \/>\nQuesto \u00e8 un disco importante con il quale d\u2019ora in poi Francesca Bono, Michele Postpischl e Tato Izzia si dovranno confrontare.<br \/>\nUn disco solido non soltanto dal punto di vista delle professionalit\u00e0 applicate a contorno, dunque, ma qualcosa che risponde a una fusione a freddo tra professionalit\u00e0 e ispirazione, precisa visione artistica e un grande controllo sulla voce da parte di Francesca, che non ha smorzato lo slancio pop a un disco di spessore e senza praticamente cali di intensit\u00e0 nei suoi 37 minuti di durata.<\/p>\n<p>Di certo, &#8220;Secret Fires&#8221; non \u00e8 un lavoro &#8220;facile&#8221;, anzi \u00e8 forse pi\u00f9 ostico rispetto ai due album che l&#8217;hanno preceduto. Richiede ascolti, attenzione, pazienza. \u00c8 per\u00f2 quello di pi\u00f9 alto spessore, un&#8217;opera che si schiude pian piano. Un gioiellino al solito destinato pi\u00f9 a un pubblico internazionale che a quello dell&#8217;indie italiano.<\/p>\n","protected":false},"excerpt":{"rendered":"<p>Il 17 marzo 2017 \u00e8 uscito \u201cSecret Fires\u201d, terzo album della formazione bolognese Ofeliadorme. Otto tracce registrate e prodotte da Howie B con il sound engineer Joe Hirst tra la campagna del Galles e Londra nel giugno 2015. Una produzione internazionale che conferma il trio come una delle proposte pi\u00f9 raffinate del panorama indipendente italiano [&hellip;]<\/p>\n","protected":false},"featured_media":4774,"template":"","meta":{"_acf_changed":false},"product_brand":[],"product_cat":[635],"product_tag":[1291,1290],"class_list":{"0":"post-4782","1":"product","2":"type-product","3":"status-publish","4":"has-post-thumbnail","6":"product_cat-al-kemi-records","7":"product_tag-howie-b","8":"product_tag-ofeliadorme","9":"pa_artista-ofeliadorme","10":"pa_supporto-cd","11":"pa_supporto-vinile","13":"first","14":"instock","15":"taxable","16":"shipping-taxable","17":"purchasable","18":"product-type-variable"},"acf":[],"yoast_head":"<!-- This site is optimized with the Yoast SEO plugin v27.4 - https:\/\/yoast.com\/product\/yoast-seo-wordpress\/ -->\n<title>Ofeliadorme - Secret Fires - Ala Bianca Group<\/title>\n<meta name=\"description\" content=\"Acquista ora Ofeliadorme - Secret Fires su Ala Bianca Group Editore e produttore discografico a Modena. Il terzo album del collettivo bolognese.\" \/>\n<meta name=\"robots\" content=\"index, follow, max-snippet:-1, max-image-preview:large, max-video-preview:-1\" \/>\n<link rel=\"canonical\" href=\"https:\/\/www.alabianca.it\/it\/store\/pop-rock\/al-kemi-records\/ofeliadorme-secret-fires\/\" \/>\n<meta property=\"og:locale\" content=\"it_IT\" \/>\n<meta property=\"og:type\" content=\"article\" \/>\n<meta property=\"og:title\" content=\"Ofeliadorme - Secret Fires - Ala Bianca Group\" \/>\n<meta property=\"og:description\" content=\"Acquista ora Ofeliadorme - Secret Fires su Ala Bianca Group Editore e produttore discografico a Modena. Il terzo album del collettivo bolognese.\" \/>\n<meta property=\"og:url\" content=\"https:\/\/www.alabianca.it\/it\/store\/pop-rock\/al-kemi-records\/ofeliadorme-secret-fires\/\" \/>\n<meta property=\"og:site_name\" content=\"Ala Bianca Group\" \/>\n<meta property=\"article:modified_time\" content=\"2024-03-05T11:02:23+00:00\" \/>\n<meta property=\"og:image\" content=\"https:\/\/www.alabianca.it\/wp-content\/uploads\/2017\/03\/Ofeliadorme-Secret-Fire-cover.jpg\" \/>\n\t<meta property=\"og:image:width\" content=\"960\" \/>\n\t<meta property=\"og:image:height\" content=\"960\" \/>\n\t<meta property=\"og:image:type\" content=\"image\/jpeg\" \/>\n<meta name=\"twitter:card\" content=\"summary_large_image\" \/>\n<meta name=\"twitter:label1\" content=\"Tempo di lettura stimato\" \/>\n\t<meta name=\"twitter:data1\" content=\"2 minuti\" \/>\n<script type=\"application\/ld+json\" class=\"yoast-schema-graph\">{\"@context\":\"https:\\\/\\\/schema.org\",\"@graph\":[{\"@type\":\"WebPage\",\"@id\":\"https:\\\/\\\/www.alabianca.it\\\/it\\\/store\\\/pop-rock\\\/al-kemi-records\\\/ofeliadorme-secret-fires\\\/\",\"url\":\"https:\\\/\\\/www.alabianca.it\\\/it\\\/store\\\/pop-rock\\\/al-kemi-records\\\/ofeliadorme-secret-fires\\\/\",\"name\":\"Ofeliadorme - Secret Fires - Ala Bianca Group\",\"isPartOf\":{\"@id\":\"https:\\\/\\\/www.alabianca.it\\\/it\\\/#website\"},\"primaryImageOfPage\":{\"@id\":\"https:\\\/\\\/www.alabianca.it\\\/it\\\/store\\\/pop-rock\\\/al-kemi-records\\\/ofeliadorme-secret-fires\\\/#primaryimage\"},\"image\":{\"@id\":\"https:\\\/\\\/www.alabianca.it\\\/it\\\/store\\\/pop-rock\\\/al-kemi-records\\\/ofeliadorme-secret-fires\\\/#primaryimage\"},\"thumbnailUrl\":\"https:\\\/\\\/www.alabianca.it\\\/wp-content\\\/uploads\\\/2017\\\/03\\\/Ofeliadorme-Secret-Fire-cover.jpg\",\"datePublished\":\"2017-03-21T11:38:31+00:00\",\"dateModified\":\"2024-03-05T11:02:23+00:00\",\"description\":\"Acquista ora Ofeliadorme - Secret Fires su Ala Bianca Group Editore e produttore discografico a Modena. Il terzo album del collettivo bolognese.\",\"breadcrumb\":{\"@id\":\"https:\\\/\\\/www.alabianca.it\\\/it\\\/store\\\/pop-rock\\\/al-kemi-records\\\/ofeliadorme-secret-fires\\\/#breadcrumb\"},\"inLanguage\":\"it-IT\",\"potentialAction\":[{\"@type\":\"ReadAction\",\"target\":[\"https:\\\/\\\/www.alabianca.it\\\/it\\\/store\\\/pop-rock\\\/al-kemi-records\\\/ofeliadorme-secret-fires\\\/\"]}]},{\"@type\":\"ImageObject\",\"inLanguage\":\"it-IT\",\"@id\":\"https:\\\/\\\/www.alabianca.it\\\/it\\\/store\\\/pop-rock\\\/al-kemi-records\\\/ofeliadorme-secret-fires\\\/#primaryimage\",\"url\":\"https:\\\/\\\/www.alabianca.it\\\/wp-content\\\/uploads\\\/2017\\\/03\\\/Ofeliadorme-Secret-Fire-cover.jpg\",\"contentUrl\":\"https:\\\/\\\/www.alabianca.it\\\/wp-content\\\/uploads\\\/2017\\\/03\\\/Ofeliadorme-Secret-Fire-cover.jpg\",\"width\":960,\"height\":960,\"caption\":\"Cover ofeliadorme secret fires\"},{\"@type\":\"BreadcrumbList\",\"@id\":\"https:\\\/\\\/www.alabianca.it\\\/it\\\/store\\\/pop-rock\\\/al-kemi-records\\\/ofeliadorme-secret-fires\\\/#breadcrumb\",\"itemListElement\":[{\"@type\":\"ListItem\",\"position\":1,\"name\":\"Home\",\"item\":\"https:\\\/\\\/www.alabianca.it\\\/it\\\/\"},{\"@type\":\"ListItem\",\"position\":2,\"name\":\"Store\",\"item\":\"https:\\\/\\\/www.alabianca.it\\\/it\\\/store\\\/\"},{\"@type\":\"ListItem\",\"position\":3,\"name\":\"Ofeliadorme &#8211; Secret Fires\"}]},{\"@type\":\"WebSite\",\"@id\":\"https:\\\/\\\/www.alabianca.it\\\/it\\\/#website\",\"url\":\"https:\\\/\\\/www.alabianca.it\\\/it\\\/\",\"name\":\"Ala Bianca Group\",\"description\":\"Editore e produttore discografico\",\"publisher\":{\"@id\":\"https:\\\/\\\/www.alabianca.it\\\/it\\\/#organization\"},\"potentialAction\":[{\"@type\":\"SearchAction\",\"target\":{\"@type\":\"EntryPoint\",\"urlTemplate\":\"https:\\\/\\\/www.alabianca.it\\\/it\\\/?s={search_term_string}\"},\"query-input\":{\"@type\":\"PropertyValueSpecification\",\"valueRequired\":true,\"valueName\":\"search_term_string\"}}],\"inLanguage\":\"it-IT\"},{\"@type\":\"Organization\",\"@id\":\"https:\\\/\\\/www.alabianca.it\\\/it\\\/#organization\",\"name\":\"Alabianca Group S.r.l.\",\"url\":\"https:\\\/\\\/www.alabianca.it\\\/it\\\/\",\"logo\":{\"@type\":\"ImageObject\",\"inLanguage\":\"it-IT\",\"@id\":\"https:\\\/\\\/www.alabianca.it\\\/it\\\/#\\\/schema\\\/logo\\\/image\\\/\",\"url\":\"https:\\\/\\\/www.alabianca.it\\\/wp-content\\\/uploads\\\/2018\\\/01\\\/alabianca-records-logo-2018-h-3.png\",\"contentUrl\":\"https:\\\/\\\/www.alabianca.it\\\/wp-content\\\/uploads\\\/2018\\\/01\\\/alabianca-records-logo-2018-h-3.png\",\"width\":345,\"height\":133,\"caption\":\"Alabianca Group S.r.l.\"},\"image\":{\"@id\":\"https:\\\/\\\/www.alabianca.it\\\/it\\\/#\\\/schema\\\/logo\\\/image\\\/\"}}]}<\/script>\n<!-- \/ Yoast SEO plugin. -->","yoast_head_json":{"title":"Ofeliadorme - Secret Fires - Ala Bianca Group","description":"Acquista ora Ofeliadorme - Secret Fires su Ala Bianca Group Editore e produttore discografico a Modena. Il terzo album del collettivo bolognese.","robots":{"index":"index","follow":"follow","max-snippet":"max-snippet:-1","max-image-preview":"max-image-preview:large","max-video-preview":"max-video-preview:-1"},"canonical":"https:\/\/www.alabianca.it\/it\/store\/pop-rock\/al-kemi-records\/ofeliadorme-secret-fires\/","og_locale":"it_IT","og_type":"article","og_title":"Ofeliadorme - Secret Fires - Ala Bianca Group","og_description":"Acquista ora Ofeliadorme - Secret Fires su Ala Bianca Group Editore e produttore discografico a Modena. Il terzo album del collettivo bolognese.","og_url":"https:\/\/www.alabianca.it\/it\/store\/pop-rock\/al-kemi-records\/ofeliadorme-secret-fires\/","og_site_name":"Ala Bianca Group","article_modified_time":"2024-03-05T11:02:23+00:00","og_image":[{"width":960,"height":960,"url":"https:\/\/www.alabianca.it\/wp-content\/uploads\/2017\/03\/Ofeliadorme-Secret-Fire-cover.jpg","type":"image\/jpeg"}],"twitter_card":"summary_large_image","twitter_misc":{"Tempo di lettura stimato":"2 minuti"},"schema":{"@context":"https:\/\/schema.org","@graph":[{"@type":"WebPage","@id":"https:\/\/www.alabianca.it\/it\/store\/pop-rock\/al-kemi-records\/ofeliadorme-secret-fires\/","url":"https:\/\/www.alabianca.it\/it\/store\/pop-rock\/al-kemi-records\/ofeliadorme-secret-fires\/","name":"Ofeliadorme - Secret Fires - Ala Bianca Group","isPartOf":{"@id":"https:\/\/www.alabianca.it\/it\/#website"},"primaryImageOfPage":{"@id":"https:\/\/www.alabianca.it\/it\/store\/pop-rock\/al-kemi-records\/ofeliadorme-secret-fires\/#primaryimage"},"image":{"@id":"https:\/\/www.alabianca.it\/it\/store\/pop-rock\/al-kemi-records\/ofeliadorme-secret-fires\/#primaryimage"},"thumbnailUrl":"https:\/\/www.alabianca.it\/wp-content\/uploads\/2017\/03\/Ofeliadorme-Secret-Fire-cover.jpg","datePublished":"2017-03-21T11:38:31+00:00","dateModified":"2024-03-05T11:02:23+00:00","description":"Acquista ora Ofeliadorme - Secret Fires su Ala Bianca Group Editore e produttore discografico a Modena. Il terzo album del collettivo bolognese.","breadcrumb":{"@id":"https:\/\/www.alabianca.it\/it\/store\/pop-rock\/al-kemi-records\/ofeliadorme-secret-fires\/#breadcrumb"},"inLanguage":"it-IT","potentialAction":[{"@type":"ReadAction","target":["https:\/\/www.alabianca.it\/it\/store\/pop-rock\/al-kemi-records\/ofeliadorme-secret-fires\/"]}]},{"@type":"ImageObject","inLanguage":"it-IT","@id":"https:\/\/www.alabianca.it\/it\/store\/pop-rock\/al-kemi-records\/ofeliadorme-secret-fires\/#primaryimage","url":"https:\/\/www.alabianca.it\/wp-content\/uploads\/2017\/03\/Ofeliadorme-Secret-Fire-cover.jpg","contentUrl":"https:\/\/www.alabianca.it\/wp-content\/uploads\/2017\/03\/Ofeliadorme-Secret-Fire-cover.jpg","width":960,"height":960,"caption":"Cover ofeliadorme secret fires"},{"@type":"BreadcrumbList","@id":"https:\/\/www.alabianca.it\/it\/store\/pop-rock\/al-kemi-records\/ofeliadorme-secret-fires\/#breadcrumb","itemListElement":[{"@type":"ListItem","position":1,"name":"Home","item":"https:\/\/www.alabianca.it\/it\/"},{"@type":"ListItem","position":2,"name":"Store","item":"https:\/\/www.alabianca.it\/it\/store\/"},{"@type":"ListItem","position":3,"name":"Ofeliadorme &#8211; Secret Fires"}]},{"@type":"WebSite","@id":"https:\/\/www.alabianca.it\/it\/#website","url":"https:\/\/www.alabianca.it\/it\/","name":"Ala Bianca Group","description":"Editore e produttore discografico","publisher":{"@id":"https:\/\/www.alabianca.it\/it\/#organization"},"potentialAction":[{"@type":"SearchAction","target":{"@type":"EntryPoint","urlTemplate":"https:\/\/www.alabianca.it\/it\/?s={search_term_string}"},"query-input":{"@type":"PropertyValueSpecification","valueRequired":true,"valueName":"search_term_string"}}],"inLanguage":"it-IT"},{"@type":"Organization","@id":"https:\/\/www.alabianca.it\/it\/#organization","name":"Alabianca Group S.r.l.","url":"https:\/\/www.alabianca.it\/it\/","logo":{"@type":"ImageObject","inLanguage":"it-IT","@id":"https:\/\/www.alabianca.it\/it\/#\/schema\/logo\/image\/","url":"https:\/\/www.alabianca.it\/wp-content\/uploads\/2018\/01\/alabianca-records-logo-2018-h-3.png","contentUrl":"https:\/\/www.alabianca.it\/wp-content\/uploads\/2018\/01\/alabianca-records-logo-2018-h-3.png","width":345,"height":133,"caption":"Alabianca Group S.r.l."},"image":{"@id":"https:\/\/www.alabianca.it\/it\/#\/schema\/logo\/image\/"}}]}},"_links":{"self":[{"href":"https:\/\/www.alabianca.it\/it\/wp-json\/wp\/v2\/product\/4782","targetHints":{"allow":["GET"]}}],"collection":[{"href":"https:\/\/www.alabianca.it\/it\/wp-json\/wp\/v2\/product"}],"about":[{"href":"https:\/\/www.alabianca.it\/it\/wp-json\/wp\/v2\/types\/product"}],"wp:featuredmedia":[{"embeddable":true,"href":"https:\/\/www.alabianca.it\/it\/wp-json\/wp\/v2\/media\/4774"}],"wp:attachment":[{"href":"https:\/\/www.alabianca.it\/it\/wp-json\/wp\/v2\/media?parent=4782"}],"wp:term":[{"taxonomy":"product_brand","embeddable":true,"href":"https:\/\/www.alabianca.it\/it\/wp-json\/wp\/v2\/product_brand?post=4782"},{"taxonomy":"product_cat","embeddable":true,"href":"https:\/\/www.alabianca.it\/it\/wp-json\/wp\/v2\/product_cat?post=4782"},{"taxonomy":"product_tag","embeddable":true,"href":"https:\/\/www.alabianca.it\/it\/wp-json\/wp\/v2\/product_tag?post=4782"}],"curies":[{"name":"wp","href":"https:\/\/api.w.org\/{rel}","templated":true}]}}