{"id":4789,"date":"2017-03-24T12:51:18","date_gmt":"2017-03-24T12:51:18","guid":{"rendered":"https:\/\/www.alabianca.it\/?post_type=product&#038;p=4789"},"modified":"2024-02-29T12:02:28","modified_gmt":"2024-02-29T12:02:28","slug":"paolo-jannacci-hard-playing","status":"publish","type":"product","link":"https:\/\/www.alabianca.it\/it\/store\/ala-bianca-records\/paolo-jannacci-hard-playing\/","title":{"rendered":"Paolo Jannacci &#8211; Hard Playing"},"content":{"rendered":"<p><span style=\"font-weight: 400;\">A quattro anni di distanza dal suo precedente lavoro, <\/span><b>Paolo Jannacci<\/b><span style=\"font-weight: 400;\"> torna sulle scene discografiche con un nuovo album, &#8220;<\/span><b><i>Hard playing<\/i><\/b><span style=\"font-weight: 400;\">&#8220;.<br \/>\n<\/span><span style=\"font-weight: 400;\">Il disco \u00e8 interamente dedicato al jazz e spazia da sonorit\u00e0 jazz contemporanee ad altre pi\u00f9 retr\u00f2, talvolta sfociando anche in sonorit\u00e0 pi\u00f9 sperimentali.<br \/>\n<\/span><span style=\"font-weight: 400;\">&#8220;Hard playing&#8221; \u00e8 composto e suonato da un quartetto guidato da Paolo Jannacci, che si \u00e8 occupato anche della produzione dei brani. Accanto al pianista troviamo la batteria di <\/span><b>Stefano Bagnoli<\/b><span style=\"font-weight: 400;\">, il contrabbasso di <\/span><b>Marco Ricci<\/b><span style=\"font-weight: 400;\"> e la tromba di <\/span><b>Daniele Moretto<\/b><span style=\"font-weight: 400;\">.<br \/>\n<\/span><span style=\"font-weight: 400;\">L &#8216;alchimia che lega tra loro i musicisti si sente parecchio: c&#8217;\u00e8 un bel dialogo tra i vari strumenti coinvolti nelle registrazioni dei brani e trapela una bella energia.<\/span><\/p>\n<p><span style=\"font-weight: 400;\">&#8220;Hard playing&#8221; contiene un totale di nove tracce. <\/span><span style=\"font-weight: 400;\"><br \/>\n<\/span><span style=\"font-weight: 400;\">Sette sono brani inediti, gli altri due sono rivisitazioni di pezzi noti al pubblico jazz. <\/span><span style=\"font-weight: 400;\"><br \/>\n<\/span><span style=\"font-weight: 400;\">Uno di questi \u00e8 &#8220;<\/span><i><span style=\"font-weight: 400;\">You must believe in spring<\/span><\/i><span style=\"font-weight: 400;\">&#8220;, il brano scritto da <\/span><b>Alan Bergman<\/b><span style=\"font-weight: 400;\">, <\/span><b>Marilyn<\/b> <b>Bergman<\/b><span style=\"font-weight: 400;\">, <\/span><b>Jacques Demy<\/b><span style=\"font-weight: 400;\"> e <\/span><b>Michel Legrand<\/b><span style=\"font-weight: 400;\"> per la colonna sonora del film &#8220;<\/span><i><span style=\"font-weight: 400;\">Josephine<\/span><\/i><span style=\"font-weight: 400;\">&#8221; del 1967. Era cantato dal personaggio di <\/span><b>Maxcence<\/b><span style=\"font-weight: 400;\">, interpretato da <\/span><b>Jacques Perrin<\/b><span style=\"font-weight: 400;\">. L&#8217;altra cover presente nel disco \u00e8 quella di &#8220;<\/span><i><span style=\"font-weight: 400;\">Who can I turn to<\/span><\/i><span style=\"font-weight: 400;\">&#8220;, cover del brano scritto da<\/span><b> Leslie Bricusse<\/b><span style=\"font-weight: 400;\"> e <\/span><b>Anthony Newley <\/b><span style=\"font-weight: 400;\">e presente nella colonna sonora del musical &#8220;<\/span><i><span style=\"font-weight: 400;\">The roar of the greasepaint<\/span><\/i><span style=\"font-weight: 400;\">&#8220;, del 1964, inciso nello stesso anno da Shirley Bassey e poi da voci come quella di Dionne Warwick, Tony Bennett e Barbra Streisand.<\/span><\/p>\n<p><span style=\"font-weight: 400;\">Il disco contiene anche un dvd con la registrazione video dello spettacolo &#8220;In concerto con Enzo&#8221;, dedicato al padre e alle sue canzoni. Ospiti di Jannacci sono <\/span><b>Paolo Tomelleri<\/b><span style=\"font-weight: 400;\"> al clarinetto, Sergio Farina alla chitarra e J-Ax nel brano &#8220;<\/span><i><span style=\"font-weight: 400;\">Desolato<\/span><\/i><span style=\"font-weight: 400;\">&#8220;.<\/span><\/p>\n","protected":false},"excerpt":{"rendered":"<p>A quattro anni di distanza dal suo precedente lavoro, Paolo Jannacci torna sulle scene discografiche con un nuovo album, &#8220;Hard playing&#8220;. Il disco \u00e8 interamente dedicato al jazz e spazia da sonorit\u00e0 jazz contemporanee ad altre pi\u00f9 retr\u00f2, talvolta sfociando anche in sonorit\u00e0 pi\u00f9 sperimentali. &#8220;Hard playing&#8221; \u00e8 composto e suonato da un quartetto guidato [&hellip;]<\/p>\n","protected":false},"featured_media":4780,"template":"","meta":{"_acf_changed":false},"product_brand":[],"product_cat":[437],"product_tag":[572],"class_list":{"0":"post-4789","1":"product","2":"type-product","3":"status-publish","4":"has-post-thumbnail","6":"product_cat-ala-bianca-records","7":"product_tag-paolo-jannacci","8":"pa_artista-paolo-jannacci","9":"pa_supporto-cddvd","11":"first","12":"instock","13":"taxable","14":"shipping-taxable","15":"purchasable","16":"product-type-simple"},"acf":[],"yoast_head":"<!-- This site is optimized with the Yoast SEO plugin v27.5 - https:\/\/yoast.com\/product\/yoast-seo-wordpress\/ -->\n<title>Paolo Jannacci - Hard Playing - Ala Bianca Group<\/title>\n<meta name=\"description\" content=\"Acquista ora Paolo Jannacci - Hard Playing su Ala Bianca Group Editore e produttore discografico a Modena. Il nuovo album di Paolo Jannacci.\" \/>\n<meta name=\"robots\" content=\"index, follow, max-snippet:-1, max-image-preview:large, max-video-preview:-1\" \/>\n<link rel=\"canonical\" href=\"https:\/\/www.alabianca.it\/it\/store\/ala-bianca-records\/paolo-jannacci-hard-playing\/\" \/>\n<meta property=\"og:locale\" content=\"it_IT\" \/>\n<meta property=\"og:type\" content=\"article\" \/>\n<meta property=\"og:title\" content=\"Paolo Jannacci - Hard Playing - Ala Bianca Group\" \/>\n<meta property=\"og:description\" content=\"Acquista ora Paolo Jannacci - Hard Playing su Ala Bianca Group Editore e produttore discografico a Modena. Il nuovo album di Paolo Jannacci.\" \/>\n<meta property=\"og:url\" content=\"https:\/\/www.alabianca.it\/it\/store\/ala-bianca-records\/paolo-jannacci-hard-playing\/\" \/>\n<meta property=\"og:site_name\" content=\"Ala Bianca Group\" \/>\n<meta property=\"article:modified_time\" content=\"2024-02-29T12:02:28+00:00\" \/>\n<meta property=\"og:image\" content=\"https:\/\/www.alabianca.it\/wp-content\/uploads\/2017\/02\/paolo-jannacci-hard-playing-quadrato.jpg\" \/>\n\t<meta property=\"og:image:width\" content=\"1000\" \/>\n\t<meta property=\"og:image:height\" content=\"1000\" \/>\n\t<meta property=\"og:image:type\" content=\"image\/jpeg\" \/>\n<meta name=\"twitter:card\" content=\"summary_large_image\" \/>\n<meta name=\"twitter:label1\" content=\"Tempo di lettura stimato\" \/>\n\t<meta name=\"twitter:data1\" content=\"2 minuti\" \/>\n<script type=\"application\/ld+json\" class=\"yoast-schema-graph\">{\"@context\":\"https:\\\/\\\/schema.org\",\"@graph\":[{\"@type\":\"WebPage\",\"@id\":\"https:\\\/\\\/www.alabianca.it\\\/it\\\/store\\\/ala-bianca-records\\\/paolo-jannacci-hard-playing\\\/\",\"url\":\"https:\\\/\\\/www.alabianca.it\\\/it\\\/store\\\/ala-bianca-records\\\/paolo-jannacci-hard-playing\\\/\",\"name\":\"Paolo Jannacci - Hard Playing - Ala Bianca Group\",\"isPartOf\":{\"@id\":\"https:\\\/\\\/www.alabianca.it\\\/it\\\/#website\"},\"primaryImageOfPage\":{\"@id\":\"https:\\\/\\\/www.alabianca.it\\\/it\\\/store\\\/ala-bianca-records\\\/paolo-jannacci-hard-playing\\\/#primaryimage\"},\"image\":{\"@id\":\"https:\\\/\\\/www.alabianca.it\\\/it\\\/store\\\/ala-bianca-records\\\/paolo-jannacci-hard-playing\\\/#primaryimage\"},\"thumbnailUrl\":\"https:\\\/\\\/www.alabianca.it\\\/wp-content\\\/uploads\\\/2017\\\/02\\\/paolo-jannacci-hard-playing-quadrato.jpg\",\"datePublished\":\"2017-03-24T12:51:18+00:00\",\"dateModified\":\"2024-02-29T12:02:28+00:00\",\"description\":\"Acquista ora Paolo Jannacci - Hard Playing su Ala Bianca Group Editore e produttore discografico a Modena. Il nuovo album di Paolo Jannacci.\",\"breadcrumb\":{\"@id\":\"https:\\\/\\\/www.alabianca.it\\\/it\\\/store\\\/ala-bianca-records\\\/paolo-jannacci-hard-playing\\\/#breadcrumb\"},\"inLanguage\":\"it-IT\",\"potentialAction\":[{\"@type\":\"ReadAction\",\"target\":[\"https:\\\/\\\/www.alabianca.it\\\/it\\\/store\\\/ala-bianca-records\\\/paolo-jannacci-hard-playing\\\/\"]}]},{\"@type\":\"ImageObject\",\"inLanguage\":\"it-IT\",\"@id\":\"https:\\\/\\\/www.alabianca.it\\\/it\\\/store\\\/ala-bianca-records\\\/paolo-jannacci-hard-playing\\\/#primaryimage\",\"url\":\"https:\\\/\\\/www.alabianca.it\\\/wp-content\\\/uploads\\\/2017\\\/02\\\/paolo-jannacci-hard-playing-quadrato.jpg\",\"contentUrl\":\"https:\\\/\\\/www.alabianca.it\\\/wp-content\\\/uploads\\\/2017\\\/02\\\/paolo-jannacci-hard-playing-quadrato.jpg\",\"width\":1000,\"height\":1000},{\"@type\":\"BreadcrumbList\",\"@id\":\"https:\\\/\\\/www.alabianca.it\\\/it\\\/store\\\/ala-bianca-records\\\/paolo-jannacci-hard-playing\\\/#breadcrumb\",\"itemListElement\":[{\"@type\":\"ListItem\",\"position\":1,\"name\":\"Home\",\"item\":\"https:\\\/\\\/www.alabianca.it\\\/it\\\/\"},{\"@type\":\"ListItem\",\"position\":2,\"name\":\"Store\",\"item\":\"https:\\\/\\\/www.alabianca.it\\\/it\\\/store\\\/\"},{\"@type\":\"ListItem\",\"position\":3,\"name\":\"Paolo Jannacci &#8211; Hard Playing\"}]},{\"@type\":\"WebSite\",\"@id\":\"https:\\\/\\\/www.alabianca.it\\\/it\\\/#website\",\"url\":\"https:\\\/\\\/www.alabianca.it\\\/it\\\/\",\"name\":\"Ala Bianca Group\",\"description\":\"Editore e produttore discografico\",\"publisher\":{\"@id\":\"https:\\\/\\\/www.alabianca.it\\\/it\\\/#organization\"},\"potentialAction\":[{\"@type\":\"SearchAction\",\"target\":{\"@type\":\"EntryPoint\",\"urlTemplate\":\"https:\\\/\\\/www.alabianca.it\\\/it\\\/?s={search_term_string}\"},\"query-input\":{\"@type\":\"PropertyValueSpecification\",\"valueRequired\":true,\"valueName\":\"search_term_string\"}}],\"inLanguage\":\"it-IT\"},{\"@type\":\"Organization\",\"@id\":\"https:\\\/\\\/www.alabianca.it\\\/it\\\/#organization\",\"name\":\"Alabianca Group S.r.l.\",\"url\":\"https:\\\/\\\/www.alabianca.it\\\/it\\\/\",\"logo\":{\"@type\":\"ImageObject\",\"inLanguage\":\"it-IT\",\"@id\":\"https:\\\/\\\/www.alabianca.it\\\/it\\\/#\\\/schema\\\/logo\\\/image\\\/\",\"url\":\"https:\\\/\\\/www.alabianca.it\\\/wp-content\\\/uploads\\\/2018\\\/01\\\/alabianca-records-logo-2018-h-3.png\",\"contentUrl\":\"https:\\\/\\\/www.alabianca.it\\\/wp-content\\\/uploads\\\/2018\\\/01\\\/alabianca-records-logo-2018-h-3.png\",\"width\":345,\"height\":133,\"caption\":\"Alabianca Group S.r.l.\"},\"image\":{\"@id\":\"https:\\\/\\\/www.alabianca.it\\\/it\\\/#\\\/schema\\\/logo\\\/image\\\/\"}}]}<\/script>\n<!-- \/ Yoast SEO plugin. -->","yoast_head_json":{"title":"Paolo Jannacci - Hard Playing - Ala Bianca Group","description":"Acquista ora Paolo Jannacci - Hard Playing su Ala Bianca Group Editore e produttore discografico a Modena. Il nuovo album di Paolo Jannacci.","robots":{"index":"index","follow":"follow","max-snippet":"max-snippet:-1","max-image-preview":"max-image-preview:large","max-video-preview":"max-video-preview:-1"},"canonical":"https:\/\/www.alabianca.it\/it\/store\/ala-bianca-records\/paolo-jannacci-hard-playing\/","og_locale":"it_IT","og_type":"article","og_title":"Paolo Jannacci - Hard Playing - Ala Bianca Group","og_description":"Acquista ora Paolo Jannacci - Hard Playing su Ala Bianca Group Editore e produttore discografico a Modena. Il nuovo album di Paolo Jannacci.","og_url":"https:\/\/www.alabianca.it\/it\/store\/ala-bianca-records\/paolo-jannacci-hard-playing\/","og_site_name":"Ala Bianca Group","article_modified_time":"2024-02-29T12:02:28+00:00","og_image":[{"width":1000,"height":1000,"url":"https:\/\/www.alabianca.it\/wp-content\/uploads\/2017\/02\/paolo-jannacci-hard-playing-quadrato.jpg","type":"image\/jpeg"}],"twitter_card":"summary_large_image","twitter_misc":{"Tempo di lettura stimato":"2 minuti"},"schema":{"@context":"https:\/\/schema.org","@graph":[{"@type":"WebPage","@id":"https:\/\/www.alabianca.it\/it\/store\/ala-bianca-records\/paolo-jannacci-hard-playing\/","url":"https:\/\/www.alabianca.it\/it\/store\/ala-bianca-records\/paolo-jannacci-hard-playing\/","name":"Paolo Jannacci - Hard Playing - Ala Bianca Group","isPartOf":{"@id":"https:\/\/www.alabianca.it\/it\/#website"},"primaryImageOfPage":{"@id":"https:\/\/www.alabianca.it\/it\/store\/ala-bianca-records\/paolo-jannacci-hard-playing\/#primaryimage"},"image":{"@id":"https:\/\/www.alabianca.it\/it\/store\/ala-bianca-records\/paolo-jannacci-hard-playing\/#primaryimage"},"thumbnailUrl":"https:\/\/www.alabianca.it\/wp-content\/uploads\/2017\/02\/paolo-jannacci-hard-playing-quadrato.jpg","datePublished":"2017-03-24T12:51:18+00:00","dateModified":"2024-02-29T12:02:28+00:00","description":"Acquista ora Paolo Jannacci - Hard Playing su Ala Bianca Group Editore e produttore discografico a Modena. Il nuovo album di Paolo Jannacci.","breadcrumb":{"@id":"https:\/\/www.alabianca.it\/it\/store\/ala-bianca-records\/paolo-jannacci-hard-playing\/#breadcrumb"},"inLanguage":"it-IT","potentialAction":[{"@type":"ReadAction","target":["https:\/\/www.alabianca.it\/it\/store\/ala-bianca-records\/paolo-jannacci-hard-playing\/"]}]},{"@type":"ImageObject","inLanguage":"it-IT","@id":"https:\/\/www.alabianca.it\/it\/store\/ala-bianca-records\/paolo-jannacci-hard-playing\/#primaryimage","url":"https:\/\/www.alabianca.it\/wp-content\/uploads\/2017\/02\/paolo-jannacci-hard-playing-quadrato.jpg","contentUrl":"https:\/\/www.alabianca.it\/wp-content\/uploads\/2017\/02\/paolo-jannacci-hard-playing-quadrato.jpg","width":1000,"height":1000},{"@type":"BreadcrumbList","@id":"https:\/\/www.alabianca.it\/it\/store\/ala-bianca-records\/paolo-jannacci-hard-playing\/#breadcrumb","itemListElement":[{"@type":"ListItem","position":1,"name":"Home","item":"https:\/\/www.alabianca.it\/it\/"},{"@type":"ListItem","position":2,"name":"Store","item":"https:\/\/www.alabianca.it\/it\/store\/"},{"@type":"ListItem","position":3,"name":"Paolo Jannacci &#8211; Hard Playing"}]},{"@type":"WebSite","@id":"https:\/\/www.alabianca.it\/it\/#website","url":"https:\/\/www.alabianca.it\/it\/","name":"Ala Bianca Group","description":"Editore e produttore discografico","publisher":{"@id":"https:\/\/www.alabianca.it\/it\/#organization"},"potentialAction":[{"@type":"SearchAction","target":{"@type":"EntryPoint","urlTemplate":"https:\/\/www.alabianca.it\/it\/?s={search_term_string}"},"query-input":{"@type":"PropertyValueSpecification","valueRequired":true,"valueName":"search_term_string"}}],"inLanguage":"it-IT"},{"@type":"Organization","@id":"https:\/\/www.alabianca.it\/it\/#organization","name":"Alabianca Group S.r.l.","url":"https:\/\/www.alabianca.it\/it\/","logo":{"@type":"ImageObject","inLanguage":"it-IT","@id":"https:\/\/www.alabianca.it\/it\/#\/schema\/logo\/image\/","url":"https:\/\/www.alabianca.it\/wp-content\/uploads\/2018\/01\/alabianca-records-logo-2018-h-3.png","contentUrl":"https:\/\/www.alabianca.it\/wp-content\/uploads\/2018\/01\/alabianca-records-logo-2018-h-3.png","width":345,"height":133,"caption":"Alabianca Group S.r.l."},"image":{"@id":"https:\/\/www.alabianca.it\/it\/#\/schema\/logo\/image\/"}}]}},"_links":{"self":[{"href":"https:\/\/www.alabianca.it\/it\/wp-json\/wp\/v2\/product\/4789","targetHints":{"allow":["GET"]}}],"collection":[{"href":"https:\/\/www.alabianca.it\/it\/wp-json\/wp\/v2\/product"}],"about":[{"href":"https:\/\/www.alabianca.it\/it\/wp-json\/wp\/v2\/types\/product"}],"wp:featuredmedia":[{"embeddable":true,"href":"https:\/\/www.alabianca.it\/it\/wp-json\/wp\/v2\/media\/4780"}],"wp:attachment":[{"href":"https:\/\/www.alabianca.it\/it\/wp-json\/wp\/v2\/media?parent=4789"}],"wp:term":[{"taxonomy":"product_brand","embeddable":true,"href":"https:\/\/www.alabianca.it\/it\/wp-json\/wp\/v2\/product_brand?post=4789"},{"taxonomy":"product_cat","embeddable":true,"href":"https:\/\/www.alabianca.it\/it\/wp-json\/wp\/v2\/product_cat?post=4789"},{"taxonomy":"product_tag","embeddable":true,"href":"https:\/\/www.alabianca.it\/it\/wp-json\/wp\/v2\/product_tag?post=4789"}],"curies":[{"name":"wp","href":"https:\/\/api.w.org\/{rel}","templated":true}]}}