{"id":5877,"date":"2018-05-11T15:20:12","date_gmt":"2018-05-11T15:20:12","guid":{"rendered":"https:\/\/www.alabianca.it\/?post_type=product&#038;p=5877"},"modified":"2024-02-28T11:19:39","modified_gmt":"2024-02-28T11:19:39","slug":"iacampo-fructus","status":"publish","type":"product","link":"https:\/\/www.alabianca.it\/it\/store\/ala-bianca-records\/iacampo-fructus\/","title":{"rendered":"Iacampo &#8211; Fructus"},"content":{"rendered":"<p><span style=\"font-weight: 400;\"><em><strong>Fructus<\/strong><\/em> \u00e8 il nuovo album di <a href=\"https:\/\/it.wikipedia.org\/wiki\/GoodMorningBoy\"><strong>Iacampo<\/strong><\/a>, splendido e di grande impatto emotivo.<\/span><\/p>\n<p><span style=\"font-weight: 400;\">Fructus si muove attorno a tre grandi nuclei tematici. Da una parte c\u2019\u00e8 il senso di sacralit\u00e0 verso l\u2019atto creativo, poetico, musicale. <\/span><span style=\"font-weight: 400;\"><br \/>\n<\/span><span style=\"font-weight: 400;\">Se per Dostoevskij \u201cla bellezza salver\u00e0 il mondo\u201d, per Iacampo baster\u00e0 una buona canzone.<\/span><\/p>\n<h2>Iacampo e Fructus: il messaggio dell&#8217;album<\/h2>\n<p><span style=\"font-weight: 400;\">Il cantautore si paragona a un campo desertificato che aspetta di essere reso fecondo dall\u2019arrivo di una melodia, di una canzone.<br \/>\nQuesto avviene gi\u00e0 nella prima traccia dell\u2019album, <em>Fiore del deserto,<\/em> che vede la presenza in apertura anche della voce della figlia del cantautore.\u00a0<\/span><\/p>\n<p><span style=\"font-weight: 400;\">L\u2019atto magico della poesia salva il mondo perch\u00e9 rende, appunto, fecondo il terreno non solo del cantautore ma di tutti gli ascoltatori.<\/span><\/p>\n<p><span style=\"font-weight: 400;\">L\u2019arrivo della nuova canzone porta ad avere un \u201ccuore aperto\u201d, ad avere l\u2019animo predisposto ad accogliere l\u2019amore. Questo \u00e8 il nucleo tematico forte del disco.<br \/>\n<\/span><span style=\"font-weight: 400;\"> E solo in questo modo l\u2019Amore pu\u00f2 giungere come forza che ci costringe a cambiare, a compiere un salto coscienziale.<br \/>\n<\/span><span style=\"font-weight: 400;\">Ecco, allora, arrivare la vita nuova, quella in cui i nostri Demoni interiori saranno finalmente azzittiti.<\/span><\/p>\n<p><span style=\"font-weight: 400;\"><em>Fructus<\/em>, insomma, si presenta su due fronti. Da una parte \u00e8 l\u2019album della Sacralit\u00e0 (la Sacralit\u00e0 della canzone, la Sacralit\u00e0 dell\u2019amore e la Sacralit\u00e0 della nuova esistenza).\u00a0 Dall&#8217;altra parte \u00e8 l\u2019album della rinascita, della possibilit\u00e0 di costruire una nuova esistenza.<br \/>\nUn album primaverile, di una primavera che gi\u00e0 tende all\u2019estate.<br \/>\nNon fosse che poi il rischio di tornare nelle zone d\u2019Ombra \u00e8 sempre dietro l\u2019angolo. E\u2019 questione di un attimo.\u00a0<\/span><\/p>\n<p><span style=\"font-weight: 400;\"><em>Anni luce<\/em> \u00e8 l\u2019unico brano totalmente in acustico ed \u00e8 anche un pezzo in cui l\u2019ottimismo sembra svanire.<br \/>\nUna sorta di Angelo giunge in volo richiamato dal grido di dolore, con la consapevolezza che per\u00f2 porter\u00e0 altra incomprensione, altro nero da attraversare e fuoco dove poter risorgere o bruciare inesorabilmente.<\/span><\/p>\n","protected":false},"excerpt":{"rendered":"<p>Fructus \u00e8 il nuovo album di Iacampo, splendido e di grande impatto emotivo. Fructus si muove attorno a tre grandi nuclei tematici. Da una parte c\u2019\u00e8 il senso di sacralit\u00e0 verso l\u2019atto creativo, poetico, musicale. Se per Dostoevskij \u201cla bellezza salver\u00e0 il mondo\u201d, per Iacampo baster\u00e0 una buona canzone. Iacampo e Fructus: il messaggio dell&#8217;album [&hellip;]<\/p>\n","protected":false},"featured_media":5880,"template":"","meta":{"_acf_changed":false},"product_brand":[],"product_cat":[437],"product_tag":[1522],"class_list":{"0":"post-5877","1":"product","2":"type-product","3":"status-publish","4":"has-post-thumbnail","6":"product_cat-ala-bianca-records","7":"product_tag-iacampo","8":"pa_artista-iacampo","9":"pa_genere-canzone-dautore","10":"pa_supporto-cd","11":"pa_supporto-vinile","13":"first","14":"instock","15":"taxable","16":"shipping-taxable","17":"purchasable","18":"product-type-variable"},"acf":[],"yoast_head":"<!-- This site is optimized with the Yoast SEO plugin v27.4 - https:\/\/yoast.com\/product\/yoast-seo-wordpress\/ -->\n<title>Iacampo - Fructus - Ala Bianca Group<\/title>\n<meta name=\"description\" content=\"Acquista ora Iacampo - Fructus su Ala Bianca Group Editore e produttore discografico a Modena. Nuovo album di Marco Iacampo.\" \/>\n<meta name=\"robots\" content=\"index, follow, max-snippet:-1, max-image-preview:large, max-video-preview:-1\" \/>\n<link rel=\"canonical\" href=\"https:\/\/www.alabianca.it\/it\/store\/ala-bianca-records\/iacampo-fructus\/\" \/>\n<meta property=\"og:locale\" content=\"it_IT\" \/>\n<meta property=\"og:type\" content=\"article\" \/>\n<meta property=\"og:title\" content=\"Iacampo - Fructus - Ala Bianca Group\" \/>\n<meta property=\"og:description\" content=\"Acquista ora Iacampo - Fructus su Ala Bianca Group Editore e produttore discografico a Modena. Nuovo album di Marco Iacampo.\" \/>\n<meta property=\"og:url\" content=\"https:\/\/www.alabianca.it\/it\/store\/ala-bianca-records\/iacampo-fructus\/\" \/>\n<meta property=\"og:site_name\" content=\"Ala Bianca Group\" \/>\n<meta property=\"article:modified_time\" content=\"2024-02-28T11:19:39+00:00\" \/>\n<meta property=\"og:image\" content=\"https:\/\/www.alabianca.it\/wp-content\/uploads\/2018\/05\/iacampo-fructus.jpg\" \/>\n\t<meta property=\"og:image:width\" content=\"1000\" \/>\n\t<meta property=\"og:image:height\" content=\"1000\" \/>\n\t<meta property=\"og:image:type\" content=\"image\/jpeg\" \/>\n<meta name=\"twitter:card\" content=\"summary_large_image\" \/>\n<meta name=\"twitter:label1\" content=\"Tempo di lettura stimato\" \/>\n\t<meta name=\"twitter:data1\" content=\"2 minuti\" \/>\n<script type=\"application\/ld+json\" class=\"yoast-schema-graph\">{\"@context\":\"https:\\\/\\\/schema.org\",\"@graph\":[{\"@type\":\"WebPage\",\"@id\":\"https:\\\/\\\/www.alabianca.it\\\/it\\\/store\\\/ala-bianca-records\\\/iacampo-fructus\\\/\",\"url\":\"https:\\\/\\\/www.alabianca.it\\\/it\\\/store\\\/ala-bianca-records\\\/iacampo-fructus\\\/\",\"name\":\"Iacampo - Fructus - Ala Bianca Group\",\"isPartOf\":{\"@id\":\"https:\\\/\\\/www.alabianca.it\\\/it\\\/#website\"},\"primaryImageOfPage\":{\"@id\":\"https:\\\/\\\/www.alabianca.it\\\/it\\\/store\\\/ala-bianca-records\\\/iacampo-fructus\\\/#primaryimage\"},\"image\":{\"@id\":\"https:\\\/\\\/www.alabianca.it\\\/it\\\/store\\\/ala-bianca-records\\\/iacampo-fructus\\\/#primaryimage\"},\"thumbnailUrl\":\"https:\\\/\\\/www.alabianca.it\\\/wp-content\\\/uploads\\\/2018\\\/05\\\/iacampo-fructus.jpg\",\"datePublished\":\"2018-05-11T15:20:12+00:00\",\"dateModified\":\"2024-02-28T11:19:39+00:00\",\"description\":\"Acquista ora Iacampo - Fructus su Ala Bianca Group Editore e produttore discografico a Modena. Nuovo album di Marco Iacampo.\",\"breadcrumb\":{\"@id\":\"https:\\\/\\\/www.alabianca.it\\\/it\\\/store\\\/ala-bianca-records\\\/iacampo-fructus\\\/#breadcrumb\"},\"inLanguage\":\"it-IT\",\"potentialAction\":[{\"@type\":\"ReadAction\",\"target\":[\"https:\\\/\\\/www.alabianca.it\\\/it\\\/store\\\/ala-bianca-records\\\/iacampo-fructus\\\/\"]}]},{\"@type\":\"ImageObject\",\"inLanguage\":\"it-IT\",\"@id\":\"https:\\\/\\\/www.alabianca.it\\\/it\\\/store\\\/ala-bianca-records\\\/iacampo-fructus\\\/#primaryimage\",\"url\":\"https:\\\/\\\/www.alabianca.it\\\/wp-content\\\/uploads\\\/2018\\\/05\\\/iacampo-fructus.jpg\",\"contentUrl\":\"https:\\\/\\\/www.alabianca.it\\\/wp-content\\\/uploads\\\/2018\\\/05\\\/iacampo-fructus.jpg\",\"width\":1000,\"height\":1000,\"caption\":\"over per l'album di Iacampo, Fructus\"},{\"@type\":\"BreadcrumbList\",\"@id\":\"https:\\\/\\\/www.alabianca.it\\\/it\\\/store\\\/ala-bianca-records\\\/iacampo-fructus\\\/#breadcrumb\",\"itemListElement\":[{\"@type\":\"ListItem\",\"position\":1,\"name\":\"Home\",\"item\":\"https:\\\/\\\/www.alabianca.it\\\/it\\\/\"},{\"@type\":\"ListItem\",\"position\":2,\"name\":\"Store\",\"item\":\"https:\\\/\\\/www.alabianca.it\\\/it\\\/store\\\/\"},{\"@type\":\"ListItem\",\"position\":3,\"name\":\"Iacampo &#8211; Fructus\"}]},{\"@type\":\"WebSite\",\"@id\":\"https:\\\/\\\/www.alabianca.it\\\/it\\\/#website\",\"url\":\"https:\\\/\\\/www.alabianca.it\\\/it\\\/\",\"name\":\"Ala Bianca Group\",\"description\":\"Editore e produttore discografico\",\"publisher\":{\"@id\":\"https:\\\/\\\/www.alabianca.it\\\/it\\\/#organization\"},\"potentialAction\":[{\"@type\":\"SearchAction\",\"target\":{\"@type\":\"EntryPoint\",\"urlTemplate\":\"https:\\\/\\\/www.alabianca.it\\\/it\\\/?s={search_term_string}\"},\"query-input\":{\"@type\":\"PropertyValueSpecification\",\"valueRequired\":true,\"valueName\":\"search_term_string\"}}],\"inLanguage\":\"it-IT\"},{\"@type\":\"Organization\",\"@id\":\"https:\\\/\\\/www.alabianca.it\\\/it\\\/#organization\",\"name\":\"Alabianca Group S.r.l.\",\"url\":\"https:\\\/\\\/www.alabianca.it\\\/it\\\/\",\"logo\":{\"@type\":\"ImageObject\",\"inLanguage\":\"it-IT\",\"@id\":\"https:\\\/\\\/www.alabianca.it\\\/it\\\/#\\\/schema\\\/logo\\\/image\\\/\",\"url\":\"https:\\\/\\\/www.alabianca.it\\\/wp-content\\\/uploads\\\/2018\\\/01\\\/alabianca-records-logo-2018-h-3.png\",\"contentUrl\":\"https:\\\/\\\/www.alabianca.it\\\/wp-content\\\/uploads\\\/2018\\\/01\\\/alabianca-records-logo-2018-h-3.png\",\"width\":345,\"height\":133,\"caption\":\"Alabianca Group S.r.l.\"},\"image\":{\"@id\":\"https:\\\/\\\/www.alabianca.it\\\/it\\\/#\\\/schema\\\/logo\\\/image\\\/\"}}]}<\/script>\n<!-- \/ Yoast SEO plugin. -->","yoast_head_json":{"title":"Iacampo - Fructus - Ala Bianca Group","description":"Acquista ora Iacampo - Fructus su Ala Bianca Group Editore e produttore discografico a Modena. Nuovo album di Marco Iacampo.","robots":{"index":"index","follow":"follow","max-snippet":"max-snippet:-1","max-image-preview":"max-image-preview:large","max-video-preview":"max-video-preview:-1"},"canonical":"https:\/\/www.alabianca.it\/it\/store\/ala-bianca-records\/iacampo-fructus\/","og_locale":"it_IT","og_type":"article","og_title":"Iacampo - Fructus - Ala Bianca Group","og_description":"Acquista ora Iacampo - Fructus su Ala Bianca Group Editore e produttore discografico a Modena. Nuovo album di Marco Iacampo.","og_url":"https:\/\/www.alabianca.it\/it\/store\/ala-bianca-records\/iacampo-fructus\/","og_site_name":"Ala Bianca Group","article_modified_time":"2024-02-28T11:19:39+00:00","og_image":[{"width":1000,"height":1000,"url":"https:\/\/www.alabianca.it\/wp-content\/uploads\/2018\/05\/iacampo-fructus.jpg","type":"image\/jpeg"}],"twitter_card":"summary_large_image","twitter_misc":{"Tempo di lettura stimato":"2 minuti"},"schema":{"@context":"https:\/\/schema.org","@graph":[{"@type":"WebPage","@id":"https:\/\/www.alabianca.it\/it\/store\/ala-bianca-records\/iacampo-fructus\/","url":"https:\/\/www.alabianca.it\/it\/store\/ala-bianca-records\/iacampo-fructus\/","name":"Iacampo - Fructus - Ala Bianca Group","isPartOf":{"@id":"https:\/\/www.alabianca.it\/it\/#website"},"primaryImageOfPage":{"@id":"https:\/\/www.alabianca.it\/it\/store\/ala-bianca-records\/iacampo-fructus\/#primaryimage"},"image":{"@id":"https:\/\/www.alabianca.it\/it\/store\/ala-bianca-records\/iacampo-fructus\/#primaryimage"},"thumbnailUrl":"https:\/\/www.alabianca.it\/wp-content\/uploads\/2018\/05\/iacampo-fructus.jpg","datePublished":"2018-05-11T15:20:12+00:00","dateModified":"2024-02-28T11:19:39+00:00","description":"Acquista ora Iacampo - Fructus su Ala Bianca Group Editore e produttore discografico a Modena. Nuovo album di Marco Iacampo.","breadcrumb":{"@id":"https:\/\/www.alabianca.it\/it\/store\/ala-bianca-records\/iacampo-fructus\/#breadcrumb"},"inLanguage":"it-IT","potentialAction":[{"@type":"ReadAction","target":["https:\/\/www.alabianca.it\/it\/store\/ala-bianca-records\/iacampo-fructus\/"]}]},{"@type":"ImageObject","inLanguage":"it-IT","@id":"https:\/\/www.alabianca.it\/it\/store\/ala-bianca-records\/iacampo-fructus\/#primaryimage","url":"https:\/\/www.alabianca.it\/wp-content\/uploads\/2018\/05\/iacampo-fructus.jpg","contentUrl":"https:\/\/www.alabianca.it\/wp-content\/uploads\/2018\/05\/iacampo-fructus.jpg","width":1000,"height":1000,"caption":"over per l'album di Iacampo, Fructus"},{"@type":"BreadcrumbList","@id":"https:\/\/www.alabianca.it\/it\/store\/ala-bianca-records\/iacampo-fructus\/#breadcrumb","itemListElement":[{"@type":"ListItem","position":1,"name":"Home","item":"https:\/\/www.alabianca.it\/it\/"},{"@type":"ListItem","position":2,"name":"Store","item":"https:\/\/www.alabianca.it\/it\/store\/"},{"@type":"ListItem","position":3,"name":"Iacampo &#8211; Fructus"}]},{"@type":"WebSite","@id":"https:\/\/www.alabianca.it\/it\/#website","url":"https:\/\/www.alabianca.it\/it\/","name":"Ala Bianca Group","description":"Editore e produttore discografico","publisher":{"@id":"https:\/\/www.alabianca.it\/it\/#organization"},"potentialAction":[{"@type":"SearchAction","target":{"@type":"EntryPoint","urlTemplate":"https:\/\/www.alabianca.it\/it\/?s={search_term_string}"},"query-input":{"@type":"PropertyValueSpecification","valueRequired":true,"valueName":"search_term_string"}}],"inLanguage":"it-IT"},{"@type":"Organization","@id":"https:\/\/www.alabianca.it\/it\/#organization","name":"Alabianca Group S.r.l.","url":"https:\/\/www.alabianca.it\/it\/","logo":{"@type":"ImageObject","inLanguage":"it-IT","@id":"https:\/\/www.alabianca.it\/it\/#\/schema\/logo\/image\/","url":"https:\/\/www.alabianca.it\/wp-content\/uploads\/2018\/01\/alabianca-records-logo-2018-h-3.png","contentUrl":"https:\/\/www.alabianca.it\/wp-content\/uploads\/2018\/01\/alabianca-records-logo-2018-h-3.png","width":345,"height":133,"caption":"Alabianca Group S.r.l."},"image":{"@id":"https:\/\/www.alabianca.it\/it\/#\/schema\/logo\/image\/"}}]}},"_links":{"self":[{"href":"https:\/\/www.alabianca.it\/it\/wp-json\/wp\/v2\/product\/5877","targetHints":{"allow":["GET"]}}],"collection":[{"href":"https:\/\/www.alabianca.it\/it\/wp-json\/wp\/v2\/product"}],"about":[{"href":"https:\/\/www.alabianca.it\/it\/wp-json\/wp\/v2\/types\/product"}],"wp:featuredmedia":[{"embeddable":true,"href":"https:\/\/www.alabianca.it\/it\/wp-json\/wp\/v2\/media\/5880"}],"wp:attachment":[{"href":"https:\/\/www.alabianca.it\/it\/wp-json\/wp\/v2\/media?parent=5877"}],"wp:term":[{"taxonomy":"product_brand","embeddable":true,"href":"https:\/\/www.alabianca.it\/it\/wp-json\/wp\/v2\/product_brand?post=5877"},{"taxonomy":"product_cat","embeddable":true,"href":"https:\/\/www.alabianca.it\/it\/wp-json\/wp\/v2\/product_cat?post=5877"},{"taxonomy":"product_tag","embeddable":true,"href":"https:\/\/www.alabianca.it\/it\/wp-json\/wp\/v2\/product_tag?post=5877"}],"curies":[{"name":"wp","href":"https:\/\/api.w.org\/{rel}","templated":true}]}}